{"id":3242,"date":"2026-01-15T14:56:28","date_gmt":"2026-01-15T13:56:28","guid":{"rendered":"https:\/\/www.collegelafraternite.com\/sainte-ursule\/?page_id=3242"},"modified":"2026-01-15T14:56:49","modified_gmt":"2026-01-15T13:56:49","slug":"croque-local","status":"publish","type":"page","link":"https:\/\/www.collegelafraternite.com\/sainte-ursule\/ecoschool\/croque-local\/","title":{"rendered":"Croque local"},"content":{"rendered":"\n<p><span data-olk-copy-source=\"MessageBody\">Grande distribution de pommes pour sensibiliser \u00e0 une consommation responsable et \u00e0 la diminution des d\u00e9chets.<\/span><\/p>\n\n\n\t<div class='ngg-imagebrowser'\n         id='ngg-imagebrowser-ae46c190aabf82d1ca8e5c0090d5d4f1-3242'\n         data-nextgen-gallery-id=\"ae46c190aabf82d1ca8e5c0090d5d4f1\">\n\n        <h3>20260113_105329<\/h3>\n\n        <div id=\"ngg-image-0\" class=\"pic\" >\n\n        <a href='https:\/\/www.collegelafraternite.com\/sainte-ursule\/wp-content\/gallery\/croque-local-2026\/20260113_105329.jpg'\n           title=' '\n           data-src=\"https:\/\/www.collegelafraternite.com\/sainte-ursule\/wp-content\/gallery\/croque-local-2026\/20260113_105329.jpg\"\n           data-thumbnail=\"https:\/\/www.collegelafraternite.com\/sainte-ursule\/wp-content\/gallery\/croque-local-2026\/thumbs\/thumbs_20260113_105329.jpg\"\n           data-image-id=\"787\"\n           data-title=\"20260113_105329\"\n           data-description=\" \"\n           class=\"ngg-simplelightbox\" rel=\"ae46c190aabf82d1ca8e5c0090d5d4f1\">\n            <img title='20260113_105329'\n                 alt='20260113_105329'\n                 src='https:\/\/www.collegelafraternite.com\/sainte-ursule\/wp-content\/gallery\/croque-local-2026\/20260113_105329.jpg'\/>\n        <\/a>\n\n        <\/div> \n\n        <div class='ngg-imagebrowser-nav'>\n\n            <div class='back'>\n                <a class='ngg-browser-prev'\n                   id='ngg-prev-799'\n                   href='https:\/\/www.collegelafraternite.com\/sainte-ursule\/ecoschool\/croque-local\/nggallery\/image\/20260113_110438\/'>\n                    &#9668; Retour                <\/a>\n            <\/div>\n\n            <div class='next'>\n                <a class='ngg-browser-next'\n                   id='ngg-next-788'\n                   href='https:\/\/www.collegelafraternite.com\/sainte-ursule\/ecoschool\/croque-local\/nggallery\/image\/20260113_105425\/'>\n                    Suivant                    &#9658;\n                <\/a>\n            <\/div>\n\n            <div class='counter'>\n                Image                1                parmi                13            <\/div>\n\n            <div class='ngg-imagebrowser-desc'>\n                <p> <\/p>\n            <\/div>\n\n        <\/div>\n    <\/div>\n\n\n<p>&nbsp;<\/p>\n","protected":false},"excerpt":{"rendered":"<p>Grande distribution de pommes pour sensibiliser \u00e0 une consommation responsable et \u00e0 la diminution des d\u00e9chets. &nbsp;<\/p>\n","protected":false},"author":1,"featured_media":0,"parent":1576,"menu_order":0,"comment_status":"closed","ping_status":"closed","template":"page-fullwidth.php","meta":{"ngg_post_thumbnail":0},"_links":{"self":[{"href":"https:\/\/www.collegelafraternite.com\/sainte-ursule\/wp-json\/wp\/v2\/pages\/3242"}],"collection":[{"href":"https:\/\/www.collegelafraternite.com\/sainte-ursule\/wp-json\/wp\/v2\/pages"}],"about":[{"href":"https:\/\/www.collegelafraternite.com\/sainte-ursule\/wp-json\/wp\/v2\/types\/page"}],"author":[{"embeddable":true,"href":"https:\/\/www.collegelafraternite.com\/sainte-ursule\/wp-json\/wp\/v2\/users\/1"}],"replies":[{"embeddable":true,"href":"https:\/\/www.collegelafraternite.com\/sainte-ursule\/wp-json\/wp\/v2\/comments?post=3242"}],"version-history":[{"count":2,"href":"https:\/\/www.collegelafraternite.com\/sainte-ursule\/wp-json\/wp\/v2\/pages\/3242\/revisions"}],"predecessor-version":[{"id":3258,"href":"https:\/\/www.collegelafraternite.com\/sainte-ursule\/wp-json\/wp\/v2\/pages\/3242\/revisions\/3258"}],"up":[{"embeddable":true,"href":"https:\/\/www.collegelafraternite.com\/sainte-ursule\/wp-json\/wp\/v2\/pages\/1576"}],"wp:attachment":[{"href":"https:\/\/www.collegelafraternite.com\/sainte-ursule\/wp-json\/wp\/v2\/media?parent=3242"}],"curies":[{"name":"wp","href":"https:\/\/api.w.org\/{rel}","templated":true}]}}