{"id":3228,"date":"2026-01-15T14:40:39","date_gmt":"2026-01-15T13:40:39","guid":{"rendered":"https:\/\/www.collegelafraternite.com\/sainte-ursule\/?page_id=3228"},"modified":"2026-01-15T14:45:38","modified_gmt":"2026-01-15T13:45:38","slug":"24-25","status":"publish","type":"page","link":"https:\/\/www.collegelafraternite.com\/sainte-ursule\/bibliotheque\/24-25\/","title":{"rendered":"Archives 2024-2025"},"content":{"rendered":"\n<div dir=\"auto\" data-olk-copy-source=\"MessageBody\">&nbsp;<\/div>\n<div dir=\"auto\">\n<h5>Les \u00e9l\u00e8ves de 2Cc d\u00e9couvrent la po\u00e9sie au Poetik Bazar.<\/h5>\n \n<figure class=\"wp-block-image size-large is-resized\"><img loading=\"lazy\" class=\"wp-image-3012\" src=\"https:\/\/www.collegelafraternite.com\/sainte-ursule\/wp-content\/uploads\/2024\/12\/InCollage_20241202_160056007-626x1024.jpg\" alt=\"\" width=\"477\" height=\"781\" srcset=\"https:\/\/www.collegelafraternite.com\/sainte-ursule\/wp-content\/uploads\/2024\/12\/InCollage_20241202_160056007-626x1024.jpg 626w, https:\/\/www.collegelafraternite.com\/sainte-ursule\/wp-content\/uploads\/2024\/12\/InCollage_20241202_160056007-183x300.jpg 183w, https:\/\/www.collegelafraternite.com\/sainte-ursule\/wp-content\/uploads\/2024\/12\/InCollage_20241202_160056007-768x1256.jpg 768w, https:\/\/www.collegelafraternite.com\/sainte-ursule\/wp-content\/uploads\/2024\/12\/InCollage_20241202_160056007-939x1536.jpg 939w, https:\/\/www.collegelafraternite.com\/sainte-ursule\/wp-content\/uploads\/2024\/12\/InCollage_20241202_160056007-1252x2048.jpg 1252w, https:\/\/www.collegelafraternite.com\/sainte-ursule\/wp-content\/uploads\/2024\/12\/InCollage_20241202_160056007.jpg 1365w\" sizes=\"(max-width: 477px) 100vw, 477px\" \/><\/figure>\n \n<h5>Ce 14 novembre, Ziza est venue nous raconter des histoires sur la mythologie grecque&nbsp;<\/h5>\n \n<figure class=\"wp-block-image size-large is-resized\"><img loading=\"lazy\" class=\"wp-image-3011\" src=\"https:\/\/www.collegelafraternite.com\/sainte-ursule\/wp-content\/uploads\/2024\/12\/InCollage_20241202_152754510-1-626x1024.jpg\" alt=\"\" width=\"464\" height=\"760\" srcset=\"https:\/\/www.collegelafraternite.com\/sainte-ursule\/wp-content\/uploads\/2024\/12\/InCollage_20241202_152754510-1-626x1024.jpg 626w, https:\/\/www.collegelafraternite.com\/sainte-ursule\/wp-content\/uploads\/2024\/12\/InCollage_20241202_152754510-1-183x300.jpg 183w, https:\/\/www.collegelafraternite.com\/sainte-ursule\/wp-content\/uploads\/2024\/12\/InCollage_20241202_152754510-1-768x1256.jpg 768w, https:\/\/www.collegelafraternite.com\/sainte-ursule\/wp-content\/uploads\/2024\/12\/InCollage_20241202_152754510-1-939x1536.jpg 939w, https:\/\/www.collegelafraternite.com\/sainte-ursule\/wp-content\/uploads\/2024\/12\/InCollage_20241202_152754510-1-1252x2048.jpg 1252w, https:\/\/www.collegelafraternite.com\/sainte-ursule\/wp-content\/uploads\/2024\/12\/InCollage_20241202_152754510-1.jpg 1365w\" sizes=\"(max-width: 464px) 100vw, 464px\" \/><\/figure>\n<\/div>\n","protected":false},"excerpt":{"rendered":"","protected":false},"author":1,"featured_media":0,"parent":2748,"menu_order":0,"comment_status":"closed","ping_status":"closed","template":"page-fullwidth.php","meta":{"ngg_post_thumbnail":0},"_links":{"self":[{"href":"https:\/\/www.collegelafraternite.com\/sainte-ursule\/wp-json\/wp\/v2\/pages\/3228"}],"collection":[{"href":"https:\/\/www.collegelafraternite.com\/sainte-ursule\/wp-json\/wp\/v2\/pages"}],"about":[{"href":"https:\/\/www.collegelafraternite.com\/sainte-ursule\/wp-json\/wp\/v2\/types\/page"}],"author":[{"embeddable":true,"href":"https:\/\/www.collegelafraternite.com\/sainte-ursule\/wp-json\/wp\/v2\/users\/1"}],"replies":[{"embeddable":true,"href":"https:\/\/www.collegelafraternite.com\/sainte-ursule\/wp-json\/wp\/v2\/comments?post=3228"}],"version-history":[{"count":4,"href":"https:\/\/www.collegelafraternite.com\/sainte-ursule\/wp-json\/wp\/v2\/pages\/3228\/revisions"}],"predecessor-version":[{"id":3235,"href":"https:\/\/www.collegelafraternite.com\/sainte-ursule\/wp-json\/wp\/v2\/pages\/3228\/revisions\/3235"}],"up":[{"embeddable":true,"href":"https:\/\/www.collegelafraternite.com\/sainte-ursule\/wp-json\/wp\/v2\/pages\/2748"}],"wp:attachment":[{"href":"https:\/\/www.collegelafraternite.com\/sainte-ursule\/wp-json\/wp\/v2\/media?parent=3228"}],"curies":[{"name":"wp","href":"https:\/\/api.w.org\/{rel}","templated":true}]}}