{"id":3212,"date":"2025-12-12T10:07:58","date_gmt":"2025-12-12T09:07:58","guid":{"rendered":"https:\/\/www.collegelafraternite.com\/sainte-ursule\/?page_id=3212"},"modified":"2025-12-12T10:07:59","modified_gmt":"2025-12-12T09:07:59","slug":"mobimix","status":"publish","type":"page","link":"https:\/\/www.collegelafraternite.com\/sainte-ursule\/ecoschool\/mobimix\/","title":{"rendered":"Mobimix"},"content":{"rendered":"\n<p>Le 4 d\u00e9cembre, les classes de 2C ont particip\u00e9 \u00e0 un grand jeu organis\u00e9 sur le th\u00e8me de la mobilit\u00e9.<\/p>\n<p>Voici les photos de ce grand jeu :<\/p>\n<p>&nbsp;<\/p>\n\n\n\n\n\n\t<div class='ngg-imagebrowser'\n         id='ngg-imagebrowser-2166f7bea4f4fe24eed3e376cef9efb4-3212'\n         data-nextgen-gallery-id=\"2166f7bea4f4fe24eed3e376cef9efb4\">\n\n        <h3>IMG-20251210-WA0037<\/h3>\n\n        <div id=\"ngg-image-0\" class=\"pic\" >\n\n        <a href='https:\/\/www.collegelafraternite.com\/sainte-ursule\/wp-content\/gallery\/mobimix-04-12\/IMG-20251210-WA0037.jpg'\n           title=' '\n           data-src=\"https:\/\/www.collegelafraternite.com\/sainte-ursule\/wp-content\/gallery\/mobimix-04-12\/IMG-20251210-WA0037.jpg\"\n           data-thumbnail=\"https:\/\/www.collegelafraternite.com\/sainte-ursule\/wp-content\/gallery\/mobimix-04-12\/thumbs\/thumbs_IMG-20251210-WA0037.jpg\"\n           data-image-id=\"775\"\n           data-title=\"IMG-20251210-WA0037\"\n           data-description=\" \"\n           class=\"ngg-simplelightbox\" rel=\"2166f7bea4f4fe24eed3e376cef9efb4\">\n            <img title='IMG-20251210-WA0037'\n                 alt='IMG-20251210-WA0037'\n                 src='https:\/\/www.collegelafraternite.com\/sainte-ursule\/wp-content\/gallery\/mobimix-04-12\/IMG-20251210-WA0037.jpg'\/>\n        <\/a>\n\n        <\/div> \n\n        <div class='ngg-imagebrowser-nav'>\n\n            <div class='back'>\n                <a class='ngg-browser-prev'\n                   id='ngg-prev-762'\n                   href='https:\/\/www.collegelafraternite.com\/sainte-ursule\/ecoschool\/mobimix\/nggallery\/image\/img-20251210-wa0024\/'>\n                    &#9668; Retour                <\/a>\n            <\/div>\n\n            <div class='next'>\n                <a class='ngg-browser-next'\n                   id='ngg-next-764'\n                   href='https:\/\/www.collegelafraternite.com\/sainte-ursule\/ecoschool\/mobimix\/nggallery\/image\/img-20251210-wa0026\/'>\n                    Suivant                    &#9658;\n                <\/a>\n            <\/div>\n\n            <div class='counter'>\n                Image                1                parmi                48            <\/div>\n\n            <div class='ngg-imagebrowser-desc'>\n                <p> <\/p>\n            <\/div>\n\n        <\/div>\n    <\/div>\n\n\n","protected":false},"excerpt":{"rendered":"<p>Le 4 d\u00e9cembre, les classes de 2C ont particip\u00e9 \u00e0 un grand jeu organis\u00e9 sur le th\u00e8me de la mobilit\u00e9. Voici les photos de ce grand jeu : &nbsp;<\/p>\n","protected":false},"author":1,"featured_media":0,"parent":1576,"menu_order":0,"comment_status":"closed","ping_status":"closed","template":"page-fullwidth.php","meta":{"ngg_post_thumbnail":0},"_links":{"self":[{"href":"https:\/\/www.collegelafraternite.com\/sainte-ursule\/wp-json\/wp\/v2\/pages\/3212"}],"collection":[{"href":"https:\/\/www.collegelafraternite.com\/sainte-ursule\/wp-json\/wp\/v2\/pages"}],"about":[{"href":"https:\/\/www.collegelafraternite.com\/sainte-ursule\/wp-json\/wp\/v2\/types\/page"}],"author":[{"embeddable":true,"href":"https:\/\/www.collegelafraternite.com\/sainte-ursule\/wp-json\/wp\/v2\/users\/1"}],"replies":[{"embeddable":true,"href":"https:\/\/www.collegelafraternite.com\/sainte-ursule\/wp-json\/wp\/v2\/comments?post=3212"}],"version-history":[{"count":1,"href":"https:\/\/www.collegelafraternite.com\/sainte-ursule\/wp-json\/wp\/v2\/pages\/3212\/revisions"}],"predecessor-version":[{"id":3213,"href":"https:\/\/www.collegelafraternite.com\/sainte-ursule\/wp-json\/wp\/v2\/pages\/3212\/revisions\/3213"}],"up":[{"embeddable":true,"href":"https:\/\/www.collegelafraternite.com\/sainte-ursule\/wp-json\/wp\/v2\/pages\/1576"}],"wp:attachment":[{"href":"https:\/\/www.collegelafraternite.com\/sainte-ursule\/wp-json\/wp\/v2\/media?parent=3212"}],"curies":[{"name":"wp","href":"https:\/\/api.w.org\/{rel}","templated":true}]}}