{"id":3038,"date":"2025-01-22T16:25:14","date_gmt":"2025-01-22T15:25:14","guid":{"rendered":"https:\/\/www.collegelafraternite.com\/sainte-ursule\/?page_id=3038"},"modified":"2025-01-22T16:25:15","modified_gmt":"2025-01-22T15:25:15","slug":"sensibilisation-a-lusage-dune-gourde","status":"publish","type":"page","link":"https:\/\/www.collegelafraternite.com\/sainte-ursule\/ecoschool\/sensibilisation-a-lusage-dune-gourde\/","title":{"rendered":"Sensibilisation \u00e0 l&rsquo;usage d&rsquo;une gourde"},"content":{"rendered":"\n<p>Grande action de sensibilisation \u00e0 l&rsquo;usage de gourde plut\u00f4t que de bouteilles en plastique.<\/p>\n<p>Tous les \u00e9l\u00e8ves qui r\u00e9pondaient \u00e0 un quizz sur l&rsquo;environnement avaient droit \u00e0 un chocolat chaud ou une eau aromatis\u00e9e faite maison avec des produits bio!<\/p>\n<!-- index.php -->\n<div\n\tclass=\"ngg-galleryoverview ngg-ajax-pagination-none\"\n\tid=\"ngg-gallery-4d15b2fedd86ac6476250a1e8d3d79f5-1\">\n\n    \t<div class=\"slideshowlink\">\n        <a href='https:\/\/www.collegelafraternite.com\/sainte-ursule\/ecoschool\/sensibilisation-a-lusage-dune-gourde\/nggallery\/slideshow'>[Diaporama]<\/a>\n\t\t\n\t<\/div>\n\t\t\t<!-- Thumbnails -->\n\t\t\t\t<div id=\"ngg-image-0\" class=\"ngg-gallery-thumbnail-box\" >\n\t\t\t\t        <div class=\"ngg-gallery-thumbnail\">\n            <a href=\"https:\/\/www.collegelafraternite.com\/sainte-ursule\/wp-content\/gallery\/gourde\/4b5261af-c91b-4457-b31c-a575d41b2a3f-2.JPG\"\n               title=\"\"\n               data-src=\"https:\/\/www.collegelafraternite.com\/sainte-ursule\/wp-content\/gallery\/gourde\/4b5261af-c91b-4457-b31c-a575d41b2a3f-2.JPG\"\n               data-thumbnail=\"https:\/\/www.collegelafraternite.com\/sainte-ursule\/wp-content\/gallery\/gourde\/thumbs\/thumbs_4b5261af-c91b-4457-b31c-a575d41b2a3f-2.JPG\"\n               data-image-id=\"700\"\n               data-title=\"4b5261af-c91b-4457-b31c-a575d41b2a3f-2\"\n               data-description=\"\"\n               data-image-slug=\"4b5261af-c91b-4457-b31c-a575d41b2a3f-2\"\n               class=\"ngg-simplelightbox\" rel=\"4d15b2fedd86ac6476250a1e8d3d79f5\">\n                <img\n                    title=\"4b5261af-c91b-4457-b31c-a575d41b2a3f-2\"\n                    alt=\"4b5261af-c91b-4457-b31c-a575d41b2a3f-2\"\n                    src=\"https:\/\/www.collegelafraternite.com\/sainte-ursule\/wp-content\/gallery\/gourde\/thumbs\/thumbs_4b5261af-c91b-4457-b31c-a575d41b2a3f-2.JPG\"\n                    width=\"240\"\n                    height=\"160\"\n                    style=\"max-width:100%;\"\n                \/>\n            <\/a>\n        <\/div>\n\t\t\t\t\t\t\t<\/div> \n\t\t\t\n        \n\t\t\t\t<div id=\"ngg-image-1\" class=\"ngg-gallery-thumbnail-box\" >\n\t\t\t\t        <div class=\"ngg-gallery-thumbnail\">\n            <a href=\"https:\/\/www.collegelafraternite.com\/sainte-ursule\/wp-content\/gallery\/gourde\/548924bf-26f5-4416-99f7-9f524c37d32a.JPG\"\n               title=\"\"\n               data-src=\"https:\/\/www.collegelafraternite.com\/sainte-ursule\/wp-content\/gallery\/gourde\/548924bf-26f5-4416-99f7-9f524c37d32a.JPG\"\n               data-thumbnail=\"https:\/\/www.collegelafraternite.com\/sainte-ursule\/wp-content\/gallery\/gourde\/thumbs\/thumbs_548924bf-26f5-4416-99f7-9f524c37d32a.JPG\"\n               data-image-id=\"701\"\n               data-title=\"548924bf-26f5-4416-99f7-9f524c37d32a\"\n               data-description=\"\"\n               data-image-slug=\"548924bf-26f5-4416-99f7-9f524c37d32a\"\n               class=\"ngg-simplelightbox\" rel=\"4d15b2fedd86ac6476250a1e8d3d79f5\">\n                <img\n                    title=\"548924bf-26f5-4416-99f7-9f524c37d32a\"\n                    alt=\"548924bf-26f5-4416-99f7-9f524c37d32a\"\n                    src=\"https:\/\/www.collegelafraternite.com\/sainte-ursule\/wp-content\/gallery\/gourde\/thumbs\/thumbs_548924bf-26f5-4416-99f7-9f524c37d32a.JPG\"\n                    width=\"240\"\n                    height=\"160\"\n                    style=\"max-width:100%;\"\n                \/>\n            <\/a>\n        <\/div>\n\t\t\t\t\t\t\t<\/div> \n\t\t\t\n        \n\t\t\t\t<div id=\"ngg-image-2\" class=\"ngg-gallery-thumbnail-box\" >\n\t\t\t\t        <div class=\"ngg-gallery-thumbnail\">\n            <a href=\"https:\/\/www.collegelafraternite.com\/sainte-ursule\/wp-content\/gallery\/gourde\/b2358017-9a6a-454b-b96d-d460d9b99471-2.JPG\"\n               title=\"\"\n               data-src=\"https:\/\/www.collegelafraternite.com\/sainte-ursule\/wp-content\/gallery\/gourde\/b2358017-9a6a-454b-b96d-d460d9b99471-2.JPG\"\n               data-thumbnail=\"https:\/\/www.collegelafraternite.com\/sainte-ursule\/wp-content\/gallery\/gourde\/thumbs\/thumbs_b2358017-9a6a-454b-b96d-d460d9b99471-2.JPG\"\n               data-image-id=\"702\"\n               data-title=\"b2358017-9a6a-454b-b96d-d460d9b99471-2\"\n               data-description=\"\"\n               data-image-slug=\"b2358017-9a6a-454b-b96d-d460d9b99471-2\"\n               class=\"ngg-simplelightbox\" rel=\"4d15b2fedd86ac6476250a1e8d3d79f5\">\n                <img\n                    title=\"b2358017-9a6a-454b-b96d-d460d9b99471-2\"\n                    alt=\"b2358017-9a6a-454b-b96d-d460d9b99471-2\"\n                    src=\"https:\/\/www.collegelafraternite.com\/sainte-ursule\/wp-content\/gallery\/gourde\/thumbs\/thumbs_b2358017-9a6a-454b-b96d-d460d9b99471-2.JPG\"\n                    width=\"240\"\n                    height=\"160\"\n                    style=\"max-width:100%;\"\n                \/>\n            <\/a>\n        <\/div>\n\t\t\t\t\t\t\t<\/div> \n\t\t\t\n        \n\t\t\t\t<div id=\"ngg-image-3\" class=\"ngg-gallery-thumbnail-box\" >\n\t\t\t\t        <div class=\"ngg-gallery-thumbnail\">\n            <a href=\"https:\/\/www.collegelafraternite.com\/sainte-ursule\/wp-content\/gallery\/gourde\/98328b0f-0ff0-4aa5-9d0a-afe9d3bbd3b4-2.JPG\"\n               title=\"\"\n               data-src=\"https:\/\/www.collegelafraternite.com\/sainte-ursule\/wp-content\/gallery\/gourde\/98328b0f-0ff0-4aa5-9d0a-afe9d3bbd3b4-2.JPG\"\n               data-thumbnail=\"https:\/\/www.collegelafraternite.com\/sainte-ursule\/wp-content\/gallery\/gourde\/thumbs\/thumbs_98328b0f-0ff0-4aa5-9d0a-afe9d3bbd3b4-2.JPG\"\n               data-image-id=\"703\"\n               data-title=\"98328b0f-0ff0-4aa5-9d0a-afe9d3bbd3b4-2\"\n               data-description=\"\"\n               data-image-slug=\"98328b0f-0ff0-4aa5-9d0a-afe9d3bbd3b4-2\"\n               class=\"ngg-simplelightbox\" rel=\"4d15b2fedd86ac6476250a1e8d3d79f5\">\n                <img\n                    title=\"98328b0f-0ff0-4aa5-9d0a-afe9d3bbd3b4-2\"\n                    alt=\"98328b0f-0ff0-4aa5-9d0a-afe9d3bbd3b4-2\"\n                    src=\"https:\/\/www.collegelafraternite.com\/sainte-ursule\/wp-content\/gallery\/gourde\/thumbs\/thumbs_98328b0f-0ff0-4aa5-9d0a-afe9d3bbd3b4-2.JPG\"\n                    width=\"240\"\n                    height=\"160\"\n                    style=\"max-width:100%;\"\n                \/>\n            <\/a>\n        <\/div>\n\t\t\t\t\t\t\t<\/div> \n\t\t\t\n        \n\t\t\t\t<div id=\"ngg-image-4\" class=\"ngg-gallery-thumbnail-box\" >\n\t\t\t\t        <div class=\"ngg-gallery-thumbnail\">\n            <a href=\"https:\/\/www.collegelafraternite.com\/sainte-ursule\/wp-content\/gallery\/gourde\/835d8d44-fb81-4aa1-93b4-cac8b64fd20a-2.JPG\"\n               title=\"\"\n               data-src=\"https:\/\/www.collegelafraternite.com\/sainte-ursule\/wp-content\/gallery\/gourde\/835d8d44-fb81-4aa1-93b4-cac8b64fd20a-2.JPG\"\n               data-thumbnail=\"https:\/\/www.collegelafraternite.com\/sainte-ursule\/wp-content\/gallery\/gourde\/thumbs\/thumbs_835d8d44-fb81-4aa1-93b4-cac8b64fd20a-2.JPG\"\n               data-image-id=\"704\"\n               data-title=\"835d8d44-fb81-4aa1-93b4-cac8b64fd20a-2\"\n               data-description=\"\"\n               data-image-slug=\"835d8d44-fb81-4aa1-93b4-cac8b64fd20a-2\"\n               class=\"ngg-simplelightbox\" rel=\"4d15b2fedd86ac6476250a1e8d3d79f5\">\n                <img\n                    title=\"835d8d44-fb81-4aa1-93b4-cac8b64fd20a-2\"\n                    alt=\"835d8d44-fb81-4aa1-93b4-cac8b64fd20a-2\"\n                    src=\"https:\/\/www.collegelafraternite.com\/sainte-ursule\/wp-content\/gallery\/gourde\/thumbs\/thumbs_835d8d44-fb81-4aa1-93b4-cac8b64fd20a-2.JPG\"\n                    width=\"240\"\n                    height=\"160\"\n                    style=\"max-width:100%;\"\n                \/>\n            <\/a>\n        <\/div>\n\t\t\t\t\t\t\t<\/div> \n\t\t\t\n        \n\t\t\t\t<div id=\"ngg-image-5\" class=\"ngg-gallery-thumbnail-box\" >\n\t\t\t\t        <div class=\"ngg-gallery-thumbnail\">\n            <a href=\"https:\/\/www.collegelafraternite.com\/sainte-ursule\/wp-content\/gallery\/gourde\/c0dfd46a-35c8-4aa3-b08f-df741a97506f-2.JPG\"\n               title=\"\"\n               data-src=\"https:\/\/www.collegelafraternite.com\/sainte-ursule\/wp-content\/gallery\/gourde\/c0dfd46a-35c8-4aa3-b08f-df741a97506f-2.JPG\"\n               data-thumbnail=\"https:\/\/www.collegelafraternite.com\/sainte-ursule\/wp-content\/gallery\/gourde\/thumbs\/thumbs_c0dfd46a-35c8-4aa3-b08f-df741a97506f-2.JPG\"\n               data-image-id=\"705\"\n               data-title=\"c0dfd46a-35c8-4aa3-b08f-df741a97506f-2\"\n               data-description=\"\"\n               data-image-slug=\"c0dfd46a-35c8-4aa3-b08f-df741a97506f-2\"\n               class=\"ngg-simplelightbox\" rel=\"4d15b2fedd86ac6476250a1e8d3d79f5\">\n                <img\n                    title=\"c0dfd46a-35c8-4aa3-b08f-df741a97506f-2\"\n                    alt=\"c0dfd46a-35c8-4aa3-b08f-df741a97506f-2\"\n                    src=\"https:\/\/www.collegelafraternite.com\/sainte-ursule\/wp-content\/gallery\/gourde\/thumbs\/thumbs_c0dfd46a-35c8-4aa3-b08f-df741a97506f-2.JPG\"\n                    width=\"240\"\n                    height=\"160\"\n                    style=\"max-width:100%;\"\n                \/>\n            <\/a>\n        <\/div>\n\t\t\t\t\t\t\t<\/div> \n\t\t\t\n        \n\t\t\t\t<div id=\"ngg-image-6\" class=\"ngg-gallery-thumbnail-box\" >\n\t\t\t\t        <div class=\"ngg-gallery-thumbnail\">\n            <a href=\"https:\/\/www.collegelafraternite.com\/sainte-ursule\/wp-content\/gallery\/gourde\/c7c3d10c-ae2e-4de2-b05c-0858d1a70bfb.JPG\"\n               title=\"\"\n               data-src=\"https:\/\/www.collegelafraternite.com\/sainte-ursule\/wp-content\/gallery\/gourde\/c7c3d10c-ae2e-4de2-b05c-0858d1a70bfb.JPG\"\n               data-thumbnail=\"https:\/\/www.collegelafraternite.com\/sainte-ursule\/wp-content\/gallery\/gourde\/thumbs\/thumbs_c7c3d10c-ae2e-4de2-b05c-0858d1a70bfb.JPG\"\n               data-image-id=\"706\"\n               data-title=\"c7c3d10c-ae2e-4de2-b05c-0858d1a70bfb\"\n               data-description=\"\"\n               data-image-slug=\"c7c3d10c-ae2e-4de2-b05c-0858d1a70bfb\"\n               class=\"ngg-simplelightbox\" rel=\"4d15b2fedd86ac6476250a1e8d3d79f5\">\n                <img\n                    title=\"c7c3d10c-ae2e-4de2-b05c-0858d1a70bfb\"\n                    alt=\"c7c3d10c-ae2e-4de2-b05c-0858d1a70bfb\"\n                    src=\"https:\/\/www.collegelafraternite.com\/sainte-ursule\/wp-content\/gallery\/gourde\/thumbs\/thumbs_c7c3d10c-ae2e-4de2-b05c-0858d1a70bfb.JPG\"\n                    width=\"240\"\n                    height=\"160\"\n                    style=\"max-width:100%;\"\n                \/>\n            <\/a>\n        <\/div>\n\t\t\t\t\t\t\t<\/div> \n\t\t\t\n        \n\t\t\t\t<div id=\"ngg-image-7\" class=\"ngg-gallery-thumbnail-box\" >\n\t\t\t\t        <div class=\"ngg-gallery-thumbnail\">\n            <a href=\"https:\/\/www.collegelafraternite.com\/sainte-ursule\/wp-content\/gallery\/gourde\/e9f30876-de8e-4206-be9b-d227e56b5976.JPG\"\n               title=\"\"\n               data-src=\"https:\/\/www.collegelafraternite.com\/sainte-ursule\/wp-content\/gallery\/gourde\/e9f30876-de8e-4206-be9b-d227e56b5976.JPG\"\n               data-thumbnail=\"https:\/\/www.collegelafraternite.com\/sainte-ursule\/wp-content\/gallery\/gourde\/thumbs\/thumbs_e9f30876-de8e-4206-be9b-d227e56b5976.JPG\"\n               data-image-id=\"707\"\n               data-title=\"e9f30876-de8e-4206-be9b-d227e56b5976\"\n               data-description=\"\"\n               data-image-slug=\"e9f30876-de8e-4206-be9b-d227e56b5976\"\n               class=\"ngg-simplelightbox\" rel=\"4d15b2fedd86ac6476250a1e8d3d79f5\">\n                <img\n                    title=\"e9f30876-de8e-4206-be9b-d227e56b5976\"\n                    alt=\"e9f30876-de8e-4206-be9b-d227e56b5976\"\n                    src=\"https:\/\/www.collegelafraternite.com\/sainte-ursule\/wp-content\/gallery\/gourde\/thumbs\/thumbs_e9f30876-de8e-4206-be9b-d227e56b5976.JPG\"\n                    width=\"240\"\n                    height=\"160\"\n                    style=\"max-width:100%;\"\n                \/>\n            <\/a>\n        <\/div>\n\t\t\t\t\t\t\t<\/div> \n\t\t\t\n        \n\t\t\t\t<div id=\"ngg-image-8\" class=\"ngg-gallery-thumbnail-box\" >\n\t\t\t\t        <div class=\"ngg-gallery-thumbnail\">\n            <a href=\"https:\/\/www.collegelafraternite.com\/sainte-ursule\/wp-content\/gallery\/gourde\/cb14e718-e39d-48ff-a815-81a6ba296a5b-2.JPG\"\n               title=\"\"\n               data-src=\"https:\/\/www.collegelafraternite.com\/sainte-ursule\/wp-content\/gallery\/gourde\/cb14e718-e39d-48ff-a815-81a6ba296a5b-2.JPG\"\n               data-thumbnail=\"https:\/\/www.collegelafraternite.com\/sainte-ursule\/wp-content\/gallery\/gourde\/thumbs\/thumbs_cb14e718-e39d-48ff-a815-81a6ba296a5b-2.JPG\"\n               data-image-id=\"708\"\n               data-title=\"cb14e718-e39d-48ff-a815-81a6ba296a5b-2\"\n               data-description=\"\"\n               data-image-slug=\"cb14e718-e39d-48ff-a815-81a6ba296a5b-2\"\n               class=\"ngg-simplelightbox\" rel=\"4d15b2fedd86ac6476250a1e8d3d79f5\">\n                <img\n                    title=\"cb14e718-e39d-48ff-a815-81a6ba296a5b-2\"\n                    alt=\"cb14e718-e39d-48ff-a815-81a6ba296a5b-2\"\n                    src=\"https:\/\/www.collegelafraternite.com\/sainte-ursule\/wp-content\/gallery\/gourde\/thumbs\/thumbs_cb14e718-e39d-48ff-a815-81a6ba296a5b-2.JPG\"\n                    width=\"240\"\n                    height=\"160\"\n                    style=\"max-width:100%;\"\n                \/>\n            <\/a>\n        <\/div>\n\t\t\t\t\t\t\t<\/div> \n\t\t\t\n        \n\t\t\t\t<div id=\"ngg-image-9\" class=\"ngg-gallery-thumbnail-box\" >\n\t\t\t\t        <div class=\"ngg-gallery-thumbnail\">\n            <a href=\"https:\/\/www.collegelafraternite.com\/sainte-ursule\/wp-content\/gallery\/gourde\/eac33e57-14a8-4c3d-aab1-5c7b31765473-2.JPG\"\n               title=\"\"\n               data-src=\"https:\/\/www.collegelafraternite.com\/sainte-ursule\/wp-content\/gallery\/gourde\/eac33e57-14a8-4c3d-aab1-5c7b31765473-2.JPG\"\n               data-thumbnail=\"https:\/\/www.collegelafraternite.com\/sainte-ursule\/wp-content\/gallery\/gourde\/thumbs\/thumbs_eac33e57-14a8-4c3d-aab1-5c7b31765473-2.JPG\"\n               data-image-id=\"709\"\n               data-title=\"eac33e57-14a8-4c3d-aab1-5c7b31765473-2\"\n               data-description=\"\"\n               data-image-slug=\"eac33e57-14a8-4c3d-aab1-5c7b31765473-2\"\n               class=\"ngg-simplelightbox\" rel=\"4d15b2fedd86ac6476250a1e8d3d79f5\">\n                <img\n                    title=\"eac33e57-14a8-4c3d-aab1-5c7b31765473-2\"\n                    alt=\"eac33e57-14a8-4c3d-aab1-5c7b31765473-2\"\n                    src=\"https:\/\/www.collegelafraternite.com\/sainte-ursule\/wp-content\/gallery\/gourde\/thumbs\/thumbs_eac33e57-14a8-4c3d-aab1-5c7b31765473-2.JPG\"\n                    width=\"240\"\n                    height=\"160\"\n                    style=\"max-width:100%;\"\n                \/>\n            <\/a>\n        <\/div>\n\t\t\t\t\t\t\t<\/div> \n\t\t\t\n        \n\t\t\t\t<div id=\"ngg-image-10\" class=\"ngg-gallery-thumbnail-box\" >\n\t\t\t\t        <div class=\"ngg-gallery-thumbnail\">\n            <a href=\"https:\/\/www.collegelafraternite.com\/sainte-ursule\/wp-content\/gallery\/gourde\/fb0a9883-d67c-43fc-b068-b744b44c9a51.JPG\"\n               title=\"\"\n               data-src=\"https:\/\/www.collegelafraternite.com\/sainte-ursule\/wp-content\/gallery\/gourde\/fb0a9883-d67c-43fc-b068-b744b44c9a51.JPG\"\n               data-thumbnail=\"https:\/\/www.collegelafraternite.com\/sainte-ursule\/wp-content\/gallery\/gourde\/thumbs\/thumbs_fb0a9883-d67c-43fc-b068-b744b44c9a51.JPG\"\n               data-image-id=\"710\"\n               data-title=\"fb0a9883-d67c-43fc-b068-b744b44c9a51\"\n               data-description=\"\"\n               data-image-slug=\"fb0a9883-d67c-43fc-b068-b744b44c9a51\"\n               class=\"ngg-simplelightbox\" rel=\"4d15b2fedd86ac6476250a1e8d3d79f5\">\n                <img\n                    title=\"fb0a9883-d67c-43fc-b068-b744b44c9a51\"\n                    alt=\"fb0a9883-d67c-43fc-b068-b744b44c9a51\"\n                    src=\"https:\/\/www.collegelafraternite.com\/sainte-ursule\/wp-content\/gallery\/gourde\/thumbs\/thumbs_fb0a9883-d67c-43fc-b068-b744b44c9a51.JPG\"\n                    width=\"240\"\n                    height=\"160\"\n                    style=\"max-width:100%;\"\n                \/>\n            <\/a>\n        <\/div>\n\t\t\t\t\t\t\t<\/div> \n\t\t\t\n        \n\t\t\t\t<div id=\"ngg-image-11\" class=\"ngg-gallery-thumbnail-box\" >\n\t\t\t\t        <div class=\"ngg-gallery-thumbnail\">\n            <a href=\"https:\/\/www.collegelafraternite.com\/sainte-ursule\/wp-content\/gallery\/gourde\/ffc86c34-a5ad-4f96-b4e8-26776a3cc881-2.JPG\"\n               title=\"\"\n               data-src=\"https:\/\/www.collegelafraternite.com\/sainte-ursule\/wp-content\/gallery\/gourde\/ffc86c34-a5ad-4f96-b4e8-26776a3cc881-2.JPG\"\n               data-thumbnail=\"https:\/\/www.collegelafraternite.com\/sainte-ursule\/wp-content\/gallery\/gourde\/thumbs\/thumbs_ffc86c34-a5ad-4f96-b4e8-26776a3cc881-2.JPG\"\n               data-image-id=\"711\"\n               data-title=\"ffc86c34-a5ad-4f96-b4e8-26776a3cc881-2\"\n               data-description=\"\"\n               data-image-slug=\"ffc86c34-a5ad-4f96-b4e8-26776a3cc881-2\"\n               class=\"ngg-simplelightbox\" rel=\"4d15b2fedd86ac6476250a1e8d3d79f5\">\n                <img\n                    title=\"ffc86c34-a5ad-4f96-b4e8-26776a3cc881-2\"\n                    alt=\"ffc86c34-a5ad-4f96-b4e8-26776a3cc881-2\"\n                    src=\"https:\/\/www.collegelafraternite.com\/sainte-ursule\/wp-content\/gallery\/gourde\/thumbs\/thumbs_ffc86c34-a5ad-4f96-b4e8-26776a3cc881-2.JPG\"\n                    width=\"240\"\n                    height=\"160\"\n                    style=\"max-width:100%;\"\n                \/>\n            <\/a>\n        <\/div>\n\t\t\t\t\t\t\t<\/div> \n\t\t\t\n        \n\t\t\n\t\t<div class=\"ngg-clear\"><\/div>\n\t<\/div>\n\n<p>&nbsp;<\/p>\n","protected":false},"excerpt":{"rendered":"<p>Grande action de sensibilisation \u00e0 l&rsquo;usage de gourde plut\u00f4t que de bouteilles en plastique. Tous les \u00e9l\u00e8ves qui r\u00e9pondaient \u00e0 un quizz sur l&rsquo;environnement avaient droit \u00e0 un chocolat chaud ou une eau aromatis\u00e9e faite maison avec des produits bio! &nbsp;<\/p>\n","protected":false},"author":1,"featured_media":0,"parent":1576,"menu_order":0,"comment_status":"closed","ping_status":"closed","template":"page-fullwidth.php","meta":{"ngg_post_thumbnail":0},"_links":{"self":[{"href":"https:\/\/www.collegelafraternite.com\/sainte-ursule\/wp-json\/wp\/v2\/pages\/3038"}],"collection":[{"href":"https:\/\/www.collegelafraternite.com\/sainte-ursule\/wp-json\/wp\/v2\/pages"}],"about":[{"href":"https:\/\/www.collegelafraternite.com\/sainte-ursule\/wp-json\/wp\/v2\/types\/page"}],"author":[{"embeddable":true,"href":"https:\/\/www.collegelafraternite.com\/sainte-ursule\/wp-json\/wp\/v2\/users\/1"}],"replies":[{"embeddable":true,"href":"https:\/\/www.collegelafraternite.com\/sainte-ursule\/wp-json\/wp\/v2\/comments?post=3038"}],"version-history":[{"count":1,"href":"https:\/\/www.collegelafraternite.com\/sainte-ursule\/wp-json\/wp\/v2\/pages\/3038\/revisions"}],"predecessor-version":[{"id":3052,"href":"https:\/\/www.collegelafraternite.com\/sainte-ursule\/wp-json\/wp\/v2\/pages\/3038\/revisions\/3052"}],"up":[{"embeddable":true,"href":"https:\/\/www.collegelafraternite.com\/sainte-ursule\/wp-json\/wp\/v2\/pages\/1576"}],"wp:attachment":[{"href":"https:\/\/www.collegelafraternite.com\/sainte-ursule\/wp-json\/wp\/v2\/media?parent=3038"}],"curies":[{"name":"wp","href":"https:\/\/api.w.org\/{rel}","templated":true}]}}