{"id":3008,"date":"2024-12-03T19:49:09","date_gmt":"2024-12-03T18:49:09","guid":{"rendered":"https:\/\/www.collegelafraternite.com\/sainte-ursule\/?page_id=3008"},"modified":"2024-12-03T19:49:10","modified_gmt":"2024-12-03T18:49:10","slug":"bibliotheque-23-24","status":"publish","type":"page","link":"https:\/\/www.collegelafraternite.com\/sainte-ursule\/bibliotheque-23-24\/","title":{"rendered":"Archives 2023-2024"},"content":{"rendered":"\n<p><\/p>\n<h5>Balade au pays du Soleil levant avec Ziza, la conteuse<\/h5>\n<p> <\/p>\n<figure class=\"wp-block-image size-large is-resized\"><img loading=\"lazy\" class=\"wp-image-2864\" src=\"https:\/\/www.collegelafraternite.com\/sainte-ursule\/wp-content\/uploads\/2024\/05\/InCollage_20240516_171257042-1024x1024.jpeg\" alt=\"\" width=\"475\" height=\"475\" srcset=\"https:\/\/www.collegelafraternite.com\/sainte-ursule\/wp-content\/uploads\/2024\/05\/InCollage_20240516_171257042-1024x1024.jpeg 1024w, https:\/\/www.collegelafraternite.com\/sainte-ursule\/wp-content\/uploads\/2024\/05\/InCollage_20240516_171257042-300x300.jpeg 300w, https:\/\/www.collegelafraternite.com\/sainte-ursule\/wp-content\/uploads\/2024\/05\/InCollage_20240516_171257042-150x150.jpeg 150w, https:\/\/www.collegelafraternite.com\/sainte-ursule\/wp-content\/uploads\/2024\/05\/InCollage_20240516_171257042-768x768.jpeg 768w, https:\/\/www.collegelafraternite.com\/sainte-ursule\/wp-content\/uploads\/2024\/05\/InCollage_20240516_171257042-1536x1536.jpeg 1536w, https:\/\/www.collegelafraternite.com\/sainte-ursule\/wp-content\/uploads\/2024\/05\/InCollage_20240516_171257042.jpeg 2048w, https:\/\/www.collegelafraternite.com\/sainte-ursule\/wp-content\/uploads\/2024\/05\/InCollage_20240516_171257042-60x60.jpeg 60w\" sizes=\"(max-width: 475px) 100vw, 475px\" \/><\/figure>\n<p> <\/p>\n<h5>Les \u00e9l\u00e8ves de 2S et de 3TQe ont rencontr\u00e9 un\u00b7e auteur\u00b7e d&rsquo;un roman lu cette ann\u00e9e dans le cadre du cours de Fran\u00e7ais<\/h5>\n<p> <\/p>\n<figure class=\"wp-block-gallery columns-2 is-cropped\">\n<ul class=\"blocks-gallery-grid\">\n<li class=\"blocks-gallery-item\">\n<figure><img loading=\"lazy\" width=\"1024\" height=\"1024\" class=\"wp-image-2854\" src=\"https:\/\/www.collegelafraternite.com\/sainte-ursule\/wp-content\/uploads\/2024\/04\/InCollage_20240415_131326111-1-1024x1024.jpg\" alt=\"\" data-id=\"2854\" data-full-url=\"https:\/\/www.collegelafraternite.com\/sainte-ursule\/wp-content\/uploads\/2024\/04\/InCollage_20240415_131326111-1.jpg\" data-link=\"https:\/\/www.collegelafraternite.com\/sainte-ursule\/bibliotheque\/incollage_20240415_131326111-1\/\" srcset=\"https:\/\/www.collegelafraternite.com\/sainte-ursule\/wp-content\/uploads\/2024\/04\/InCollage_20240415_131326111-1-1024x1024.jpg 1024w, https:\/\/www.collegelafraternite.com\/sainte-ursule\/wp-content\/uploads\/2024\/04\/InCollage_20240415_131326111-1-300x300.jpg 300w, https:\/\/www.collegelafraternite.com\/sainte-ursule\/wp-content\/uploads\/2024\/04\/InCollage_20240415_131326111-1-150x150.jpg 150w, https:\/\/www.collegelafraternite.com\/sainte-ursule\/wp-content\/uploads\/2024\/04\/InCollage_20240415_131326111-1-768x768.jpg 768w, https:\/\/www.collegelafraternite.com\/sainte-ursule\/wp-content\/uploads\/2024\/04\/InCollage_20240415_131326111-1-1536x1536.jpg 1536w, https:\/\/www.collegelafraternite.com\/sainte-ursule\/wp-content\/uploads\/2024\/04\/InCollage_20240415_131326111-1.jpg 2048w, https:\/\/www.collegelafraternite.com\/sainte-ursule\/wp-content\/uploads\/2024\/04\/InCollage_20240415_131326111-1-60x60.jpg 60w\" sizes=\"(max-width: 1024px) 100vw, 1024px\" \/><\/figure>\n<\/li>\n<li class=\"blocks-gallery-item\">\n<figure><img loading=\"lazy\" width=\"1024\" height=\"963\" class=\"wp-image-2855\" src=\"https:\/\/www.collegelafraternite.com\/sainte-ursule\/wp-content\/uploads\/2024\/04\/InCollage_20240415_132357821-1-1024x963.jpg\" alt=\"\" data-id=\"2855\" data-full-url=\"https:\/\/www.collegelafraternite.com\/sainte-ursule\/wp-content\/uploads\/2024\/04\/InCollage_20240415_132357821-1.jpg\" data-link=\"https:\/\/www.collegelafraternite.com\/sainte-ursule\/bibliotheque\/incollage_20240415_132357821-1\/\" srcset=\"https:\/\/www.collegelafraternite.com\/sainte-ursule\/wp-content\/uploads\/2024\/04\/InCollage_20240415_132357821-1-1024x963.jpg 1024w, https:\/\/www.collegelafraternite.com\/sainte-ursule\/wp-content\/uploads\/2024\/04\/InCollage_20240415_132357821-1-300x282.jpg 300w, https:\/\/www.collegelafraternite.com\/sainte-ursule\/wp-content\/uploads\/2024\/04\/InCollage_20240415_132357821-1-768x723.jpg 768w, https:\/\/www.collegelafraternite.com\/sainte-ursule\/wp-content\/uploads\/2024\/04\/InCollage_20240415_132357821-1.jpg 1081w\" sizes=\"(max-width: 1024px) 100vw, 1024px\" \/><\/figure>\n<\/li>\n<\/ul>\n<\/figure>\n<p> <\/p>\n<h5>Prix Victor : s\u00e9ances de lecture par une com\u00e9dienne<\/h5>\n<p> <\/p>\n<figure class=\"wp-block-image size-large\"><img loading=\"lazy\" width=\"1024\" height=\"1024\" class=\"wp-image-2794\" src=\"http:\/\/www.collegelafraternite.com\/sainte-ursule\/wp-content\/uploads\/2023\/11\/21D08C7D-5098-4032-B79B-40D3C4C57671-1024x1024.jpeg\" alt=\"\" srcset=\"https:\/\/www.collegelafraternite.com\/sainte-ursule\/wp-content\/uploads\/2023\/11\/21D08C7D-5098-4032-B79B-40D3C4C57671-1024x1024.jpeg 1024w, https:\/\/www.collegelafraternite.com\/sainte-ursule\/wp-content\/uploads\/2023\/11\/21D08C7D-5098-4032-B79B-40D3C4C57671-300x300.jpeg 300w, https:\/\/www.collegelafraternite.com\/sainte-ursule\/wp-content\/uploads\/2023\/11\/21D08C7D-5098-4032-B79B-40D3C4C57671-150x150.jpeg 150w, https:\/\/www.collegelafraternite.com\/sainte-ursule\/wp-content\/uploads\/2023\/11\/21D08C7D-5098-4032-B79B-40D3C4C57671-768x768.jpeg 768w, https:\/\/www.collegelafraternite.com\/sainte-ursule\/wp-content\/uploads\/2023\/11\/21D08C7D-5098-4032-B79B-40D3C4C57671-1536x1536.jpeg 1536w, https:\/\/www.collegelafraternite.com\/sainte-ursule\/wp-content\/uploads\/2023\/11\/21D08C7D-5098-4032-B79B-40D3C4C57671-2048x2048.jpeg 2048w, https:\/\/www.collegelafraternite.com\/sainte-ursule\/wp-content\/uploads\/2023\/11\/21D08C7D-5098-4032-B79B-40D3C4C57671-60x60.jpeg 60w\" sizes=\"(max-width: 1024px) 100vw, 1024px\" \/>\n<figcaption>Dans le cadre du prix Victor, une com\u00e9dienne vient lire pendant 10 s\u00e9ances le roman \u00ab\u00a0Cara\u00efbes am\u00e8res\u00a0\u00bb aux \u00e9l\u00e8ves de 3TQe et pendant 10 autres s\u00e9ances&nbsp; le roman \u00ab\u00a0ALASKA\u00a0\u00bb aux 2Sa et b.<\/figcaption>\n<\/figure>\n<p> <\/p>\n<h5>La conteuse Ziza est de retour \u00e0 la biblioth\u00e8que.<\/h5>\n<p> <\/p>\n<figure class=\"wp-block-image size-large is-resized\"><img loading=\"lazy\" class=\"wp-image-2749\" src=\"https:\/\/www.collegelafraternite.com\/sainte-ursule\/wp-content\/uploads\/2023\/10\/Ziza_20231016-1024x1024.jpeg\" alt=\"\" width=\"456\" height=\"456\" srcset=\"https:\/\/www.collegelafraternite.com\/sainte-ursule\/wp-content\/uploads\/2023\/10\/Ziza_20231016-1024x1024.jpeg 1024w, https:\/\/www.collegelafraternite.com\/sainte-ursule\/wp-content\/uploads\/2023\/10\/Ziza_20231016-300x300.jpeg 300w, https:\/\/www.collegelafraternite.com\/sainte-ursule\/wp-content\/uploads\/2023\/10\/Ziza_20231016-150x150.jpeg 150w, https:\/\/www.collegelafraternite.com\/sainte-ursule\/wp-content\/uploads\/2023\/10\/Ziza_20231016-768x768.jpeg 768w, https:\/\/www.collegelafraternite.com\/sainte-ursule\/wp-content\/uploads\/2023\/10\/Ziza_20231016-1536x1536.jpeg 1536w, https:\/\/www.collegelafraternite.com\/sainte-ursule\/wp-content\/uploads\/2023\/10\/Ziza_20231016.jpeg 2048w, https:\/\/www.collegelafraternite.com\/sainte-ursule\/wp-content\/uploads\/2023\/10\/Ziza_20231016-60x60.jpeg 60w\" sizes=\"(max-width: 456px) 100vw, 456px\" \/>\n<figcaption>Si vous n&rsquo;avez pas su y participer, Ziza revient dans 2 mois. Ne la manquez pas.<\/figcaption>\n<\/figure>\n<p><\/p>\n","protected":false},"excerpt":{"rendered":"","protected":false},"author":1,"featured_media":0,"parent":0,"menu_order":0,"comment_status":"closed","ping_status":"closed","template":"page-fullwidth.php","meta":{"ngg_post_thumbnail":0},"_links":{"self":[{"href":"https:\/\/www.collegelafraternite.com\/sainte-ursule\/wp-json\/wp\/v2\/pages\/3008"}],"collection":[{"href":"https:\/\/www.collegelafraternite.com\/sainte-ursule\/wp-json\/wp\/v2\/pages"}],"about":[{"href":"https:\/\/www.collegelafraternite.com\/sainte-ursule\/wp-json\/wp\/v2\/types\/page"}],"author":[{"embeddable":true,"href":"https:\/\/www.collegelafraternite.com\/sainte-ursule\/wp-json\/wp\/v2\/users\/1"}],"replies":[{"embeddable":true,"href":"https:\/\/www.collegelafraternite.com\/sainte-ursule\/wp-json\/wp\/v2\/comments?post=3008"}],"version-history":[{"count":1,"href":"https:\/\/www.collegelafraternite.com\/sainte-ursule\/wp-json\/wp\/v2\/pages\/3008\/revisions"}],"predecessor-version":[{"id":3009,"href":"https:\/\/www.collegelafraternite.com\/sainte-ursule\/wp-json\/wp\/v2\/pages\/3008\/revisions\/3009"}],"wp:attachment":[{"href":"https:\/\/www.collegelafraternite.com\/sainte-ursule\/wp-json\/wp\/v2\/media?parent=3008"}],"curies":[{"name":"wp","href":"https:\/\/api.w.org\/{rel}","templated":true}]}}