{"id":2994,"date":"2024-11-06T10:25:21","date_gmt":"2024-11-06T09:25:21","guid":{"rendered":"https:\/\/www.collegelafraternite.com\/sainte-ursule\/?page_id=2994"},"modified":"2024-11-06T10:27:42","modified_gmt":"2024-11-06T09:27:42","slug":"croc-local-2024","status":"publish","type":"page","link":"https:\/\/www.collegelafraternite.com\/sainte-ursule\/ecoschool\/croc-local-2024\/","title":{"rendered":"Croc local"},"content":{"rendered":"\n<p>Ce 17 octobre, l&rsquo;Eco teens a distribu\u00e9 des fruits et des produits locaux durant la r\u00e9cr\u00e9ation.<\/p>\n\n\n\n<!-- index.php -->\n<div\n\tclass=\"ngg-galleryoverview ngg-ajax-pagination-none\"\n\tid=\"ngg-gallery-17d84f3c5b10420331ea830db384c94b-1\">\n\n    \t<div class=\"slideshowlink\">\n        <a href='https:\/\/www.collegelafraternite.com\/sainte-ursule\/ecoschool\/croc-local-2024\/nggallery\/slideshow'>[Diaporama]<\/a>\n\t\t\n\t<\/div>\n\t\t\t<!-- Thumbnails -->\n\t\t\t\t<div id=\"ngg-image-0\" class=\"ngg-gallery-thumbnail-box\" >\n\t\t\t\t        <div class=\"ngg-gallery-thumbnail\">\n            <a href=\"https:\/\/www.collegelafraternite.com\/sainte-ursule\/wp-content\/gallery\/croc-local-2024\/WhatsApp-Image-2024-10-17-at-12.46.32-2.jpeg\"\n               title=\"\"\n               data-src=\"https:\/\/www.collegelafraternite.com\/sainte-ursule\/wp-content\/gallery\/croc-local-2024\/WhatsApp-Image-2024-10-17-at-12.46.32-2.jpeg\"\n               data-thumbnail=\"https:\/\/www.collegelafraternite.com\/sainte-ursule\/wp-content\/gallery\/croc-local-2024\/thumbs\/thumbs_WhatsApp-Image-2024-10-17-at-12.46.32-2.jpeg\"\n               data-image-id=\"673\"\n               data-title=\"WhatsApp-Image-2024-10-17-at-12.46.32-2\"\n               data-description=\"\"\n               data-image-slug=\"whatsapp-image-2024-10-17-at-12-46-32-2\"\n               class=\"ngg-simplelightbox\" rel=\"17d84f3c5b10420331ea830db384c94b\">\n                <img\n                    title=\"WhatsApp-Image-2024-10-17-at-12.46.32-2\"\n                    alt=\"WhatsApp-Image-2024-10-17-at-12.46.32-2\"\n                    src=\"https:\/\/www.collegelafraternite.com\/sainte-ursule\/wp-content\/gallery\/croc-local-2024\/thumbs\/thumbs_WhatsApp-Image-2024-10-17-at-12.46.32-2.jpeg\"\n                    width=\"240\"\n                    height=\"160\"\n                    style=\"max-width:100%;\"\n                \/>\n            <\/a>\n        <\/div>\n\t\t\t\t\t\t\t<\/div> \n\t\t\t\n        \n\t\t\t\t<div id=\"ngg-image-1\" class=\"ngg-gallery-thumbnail-box\" >\n\t\t\t\t        <div class=\"ngg-gallery-thumbnail\">\n            <a href=\"https:\/\/www.collegelafraternite.com\/sainte-ursule\/wp-content\/gallery\/croc-local-2024\/WhatsApp-Image-2024-10-17-at-12.46.32-1.jpeg\"\n               title=\"\"\n               data-src=\"https:\/\/www.collegelafraternite.com\/sainte-ursule\/wp-content\/gallery\/croc-local-2024\/WhatsApp-Image-2024-10-17-at-12.46.32-1.jpeg\"\n               data-thumbnail=\"https:\/\/www.collegelafraternite.com\/sainte-ursule\/wp-content\/gallery\/croc-local-2024\/thumbs\/thumbs_WhatsApp-Image-2024-10-17-at-12.46.32-1.jpeg\"\n               data-image-id=\"674\"\n               data-title=\"WhatsApp-Image-2024-10-17-at-12.46.32-1\"\n               data-description=\"\"\n               data-image-slug=\"whatsapp-image-2024-10-17-at-12-46-32-1\"\n               class=\"ngg-simplelightbox\" rel=\"17d84f3c5b10420331ea830db384c94b\">\n                <img\n                    title=\"WhatsApp-Image-2024-10-17-at-12.46.32-1\"\n                    alt=\"WhatsApp-Image-2024-10-17-at-12.46.32-1\"\n                    src=\"https:\/\/www.collegelafraternite.com\/sainte-ursule\/wp-content\/gallery\/croc-local-2024\/thumbs\/thumbs_WhatsApp-Image-2024-10-17-at-12.46.32-1.jpeg\"\n                    width=\"240\"\n                    height=\"160\"\n                    style=\"max-width:100%;\"\n                \/>\n            <\/a>\n        <\/div>\n\t\t\t\t\t\t\t<\/div> \n\t\t\t\n        \n\t\t\t\t<div id=\"ngg-image-2\" class=\"ngg-gallery-thumbnail-box\" >\n\t\t\t\t        <div class=\"ngg-gallery-thumbnail\">\n            <a href=\"https:\/\/www.collegelafraternite.com\/sainte-ursule\/wp-content\/gallery\/croc-local-2024\/WhatsApp-Image-2024-10-17-at-12.46.33-3.jpeg\"\n               title=\"\"\n               data-src=\"https:\/\/www.collegelafraternite.com\/sainte-ursule\/wp-content\/gallery\/croc-local-2024\/WhatsApp-Image-2024-10-17-at-12.46.33-3.jpeg\"\n               data-thumbnail=\"https:\/\/www.collegelafraternite.com\/sainte-ursule\/wp-content\/gallery\/croc-local-2024\/thumbs\/thumbs_WhatsApp-Image-2024-10-17-at-12.46.33-3.jpeg\"\n               data-image-id=\"675\"\n               data-title=\"WhatsApp-Image-2024-10-17-at-12.46.33-3\"\n               data-description=\"\"\n               data-image-slug=\"whatsapp-image-2024-10-17-at-12-46-33-3\"\n               class=\"ngg-simplelightbox\" rel=\"17d84f3c5b10420331ea830db384c94b\">\n                <img\n                    title=\"WhatsApp-Image-2024-10-17-at-12.46.33-3\"\n                    alt=\"WhatsApp-Image-2024-10-17-at-12.46.33-3\"\n                    src=\"https:\/\/www.collegelafraternite.com\/sainte-ursule\/wp-content\/gallery\/croc-local-2024\/thumbs\/thumbs_WhatsApp-Image-2024-10-17-at-12.46.33-3.jpeg\"\n                    width=\"240\"\n                    height=\"160\"\n                    style=\"max-width:100%;\"\n                \/>\n            <\/a>\n        <\/div>\n\t\t\t\t\t\t\t<\/div> \n\t\t\t\n        \n\t\t\t\t<div id=\"ngg-image-3\" class=\"ngg-gallery-thumbnail-box\" >\n\t\t\t\t        <div class=\"ngg-gallery-thumbnail\">\n            <a href=\"https:\/\/www.collegelafraternite.com\/sainte-ursule\/wp-content\/gallery\/croc-local-2024\/WhatsApp-Image-2024-10-17-at-12.46.32.jpeg\"\n               title=\"\"\n               data-src=\"https:\/\/www.collegelafraternite.com\/sainte-ursule\/wp-content\/gallery\/croc-local-2024\/WhatsApp-Image-2024-10-17-at-12.46.32.jpeg\"\n               data-thumbnail=\"https:\/\/www.collegelafraternite.com\/sainte-ursule\/wp-content\/gallery\/croc-local-2024\/thumbs\/thumbs_WhatsApp-Image-2024-10-17-at-12.46.32.jpeg\"\n               data-image-id=\"676\"\n               data-title=\"WhatsApp-Image-2024-10-17-at-12.46.32\"\n               data-description=\"\"\n               data-image-slug=\"whatsapp-image-2024-10-17-at-12-46-32-3\"\n               class=\"ngg-simplelightbox\" rel=\"17d84f3c5b10420331ea830db384c94b\">\n                <img\n                    title=\"WhatsApp-Image-2024-10-17-at-12.46.32\"\n                    alt=\"WhatsApp-Image-2024-10-17-at-12.46.32\"\n                    src=\"https:\/\/www.collegelafraternite.com\/sainte-ursule\/wp-content\/gallery\/croc-local-2024\/thumbs\/thumbs_WhatsApp-Image-2024-10-17-at-12.46.32.jpeg\"\n                    width=\"240\"\n                    height=\"160\"\n                    style=\"max-width:100%;\"\n                \/>\n            <\/a>\n        <\/div>\n\t\t\t\t\t\t\t<\/div> \n\t\t\t\n        \n\t\t\t\t<div id=\"ngg-image-4\" class=\"ngg-gallery-thumbnail-box\" >\n\t\t\t\t        <div class=\"ngg-gallery-thumbnail\">\n            <a href=\"https:\/\/www.collegelafraternite.com\/sainte-ursule\/wp-content\/gallery\/croc-local-2024\/WhatsApp-Image-2024-10-17-at-12.46.33-1.jpeg\"\n               title=\"\"\n               data-src=\"https:\/\/www.collegelafraternite.com\/sainte-ursule\/wp-content\/gallery\/croc-local-2024\/WhatsApp-Image-2024-10-17-at-12.46.33-1.jpeg\"\n               data-thumbnail=\"https:\/\/www.collegelafraternite.com\/sainte-ursule\/wp-content\/gallery\/croc-local-2024\/thumbs\/thumbs_WhatsApp-Image-2024-10-17-at-12.46.33-1.jpeg\"\n               data-image-id=\"677\"\n               data-title=\"WhatsApp-Image-2024-10-17-at-12.46.33-1\"\n               data-description=\"\"\n               data-image-slug=\"whatsapp-image-2024-10-17-at-12-46-33-1\"\n               class=\"ngg-simplelightbox\" rel=\"17d84f3c5b10420331ea830db384c94b\">\n                <img\n                    title=\"WhatsApp-Image-2024-10-17-at-12.46.33-1\"\n                    alt=\"WhatsApp-Image-2024-10-17-at-12.46.33-1\"\n                    src=\"https:\/\/www.collegelafraternite.com\/sainte-ursule\/wp-content\/gallery\/croc-local-2024\/thumbs\/thumbs_WhatsApp-Image-2024-10-17-at-12.46.33-1.jpeg\"\n                    width=\"240\"\n                    height=\"160\"\n                    style=\"max-width:100%;\"\n                \/>\n            <\/a>\n        <\/div>\n\t\t\t\t\t\t\t<\/div> \n\t\t\t\n        \n\t\t\t\t<div id=\"ngg-image-5\" class=\"ngg-gallery-thumbnail-box\" >\n\t\t\t\t        <div class=\"ngg-gallery-thumbnail\">\n            <a href=\"https:\/\/www.collegelafraternite.com\/sainte-ursule\/wp-content\/gallery\/croc-local-2024\/WhatsApp-Image-2024-10-17-at-12.46.33-2.jpeg\"\n               title=\"\"\n               data-src=\"https:\/\/www.collegelafraternite.com\/sainte-ursule\/wp-content\/gallery\/croc-local-2024\/WhatsApp-Image-2024-10-17-at-12.46.33-2.jpeg\"\n               data-thumbnail=\"https:\/\/www.collegelafraternite.com\/sainte-ursule\/wp-content\/gallery\/croc-local-2024\/thumbs\/thumbs_WhatsApp-Image-2024-10-17-at-12.46.33-2.jpeg\"\n               data-image-id=\"678\"\n               data-title=\"WhatsApp-Image-2024-10-17-at-12.46.33-2\"\n               data-description=\"\"\n               data-image-slug=\"whatsapp-image-2024-10-17-at-12-46-33-2\"\n               class=\"ngg-simplelightbox\" rel=\"17d84f3c5b10420331ea830db384c94b\">\n                <img\n                    title=\"WhatsApp-Image-2024-10-17-at-12.46.33-2\"\n                    alt=\"WhatsApp-Image-2024-10-17-at-12.46.33-2\"\n                    src=\"https:\/\/www.collegelafraternite.com\/sainte-ursule\/wp-content\/gallery\/croc-local-2024\/thumbs\/thumbs_WhatsApp-Image-2024-10-17-at-12.46.33-2.jpeg\"\n                    width=\"240\"\n                    height=\"160\"\n                    style=\"max-width:100%;\"\n                \/>\n            <\/a>\n        <\/div>\n\t\t\t\t\t\t\t<\/div> \n\t\t\t\n        \n\t\t\t\t<div id=\"ngg-image-6\" class=\"ngg-gallery-thumbnail-box\" >\n\t\t\t\t        <div class=\"ngg-gallery-thumbnail\">\n            <a href=\"https:\/\/www.collegelafraternite.com\/sainte-ursule\/wp-content\/gallery\/croc-local-2024\/WhatsApp-Image-2024-10-17-at-12.46.33-5.jpeg\"\n               title=\"\"\n               data-src=\"https:\/\/www.collegelafraternite.com\/sainte-ursule\/wp-content\/gallery\/croc-local-2024\/WhatsApp-Image-2024-10-17-at-12.46.33-5.jpeg\"\n               data-thumbnail=\"https:\/\/www.collegelafraternite.com\/sainte-ursule\/wp-content\/gallery\/croc-local-2024\/thumbs\/thumbs_WhatsApp-Image-2024-10-17-at-12.46.33-5.jpeg\"\n               data-image-id=\"679\"\n               data-title=\"WhatsApp-Image-2024-10-17-at-12.46.33-5\"\n               data-description=\"\"\n               data-image-slug=\"whatsapp-image-2024-10-17-at-12-46-33-5\"\n               class=\"ngg-simplelightbox\" rel=\"17d84f3c5b10420331ea830db384c94b\">\n                <img\n                    title=\"WhatsApp-Image-2024-10-17-at-12.46.33-5\"\n                    alt=\"WhatsApp-Image-2024-10-17-at-12.46.33-5\"\n                    src=\"https:\/\/www.collegelafraternite.com\/sainte-ursule\/wp-content\/gallery\/croc-local-2024\/thumbs\/thumbs_WhatsApp-Image-2024-10-17-at-12.46.33-5.jpeg\"\n                    width=\"240\"\n                    height=\"160\"\n                    style=\"max-width:100%;\"\n                \/>\n            <\/a>\n        <\/div>\n\t\t\t\t\t\t\t<\/div> \n\t\t\t\n        \n\t\t\t\t<div id=\"ngg-image-7\" class=\"ngg-gallery-thumbnail-box\" >\n\t\t\t\t        <div class=\"ngg-gallery-thumbnail\">\n            <a href=\"https:\/\/www.collegelafraternite.com\/sainte-ursule\/wp-content\/gallery\/croc-local-2024\/WhatsApp-Image-2024-10-17-at-12.46.33-4.jpeg\"\n               title=\"\"\n               data-src=\"https:\/\/www.collegelafraternite.com\/sainte-ursule\/wp-content\/gallery\/croc-local-2024\/WhatsApp-Image-2024-10-17-at-12.46.33-4.jpeg\"\n               data-thumbnail=\"https:\/\/www.collegelafraternite.com\/sainte-ursule\/wp-content\/gallery\/croc-local-2024\/thumbs\/thumbs_WhatsApp-Image-2024-10-17-at-12.46.33-4.jpeg\"\n               data-image-id=\"680\"\n               data-title=\"WhatsApp-Image-2024-10-17-at-12.46.33-4\"\n               data-description=\"\"\n               data-image-slug=\"whatsapp-image-2024-10-17-at-12-46-33-4\"\n               class=\"ngg-simplelightbox\" rel=\"17d84f3c5b10420331ea830db384c94b\">\n                <img\n                    title=\"WhatsApp-Image-2024-10-17-at-12.46.33-4\"\n                    alt=\"WhatsApp-Image-2024-10-17-at-12.46.33-4\"\n                    src=\"https:\/\/www.collegelafraternite.com\/sainte-ursule\/wp-content\/gallery\/croc-local-2024\/thumbs\/thumbs_WhatsApp-Image-2024-10-17-at-12.46.33-4.jpeg\"\n                    width=\"240\"\n                    height=\"160\"\n                    style=\"max-width:100%;\"\n                \/>\n            <\/a>\n        <\/div>\n\t\t\t\t\t\t\t<\/div> \n\t\t\t\n        \n\t\t\t\t<div id=\"ngg-image-8\" class=\"ngg-gallery-thumbnail-box\" >\n\t\t\t\t        <div class=\"ngg-gallery-thumbnail\">\n            <a href=\"https:\/\/www.collegelafraternite.com\/sainte-ursule\/wp-content\/gallery\/croc-local-2024\/WhatsApp-Image-2024-10-17-at-12.46.33.jpeg\"\n               title=\"\"\n               data-src=\"https:\/\/www.collegelafraternite.com\/sainte-ursule\/wp-content\/gallery\/croc-local-2024\/WhatsApp-Image-2024-10-17-at-12.46.33.jpeg\"\n               data-thumbnail=\"https:\/\/www.collegelafraternite.com\/sainte-ursule\/wp-content\/gallery\/croc-local-2024\/thumbs\/thumbs_WhatsApp-Image-2024-10-17-at-12.46.33.jpeg\"\n               data-image-id=\"681\"\n               data-title=\"WhatsApp-Image-2024-10-17-at-12.46.33\"\n               data-description=\"\"\n               data-image-slug=\"whatsapp-image-2024-10-17-at-12-46-33-6\"\n               class=\"ngg-simplelightbox\" rel=\"17d84f3c5b10420331ea830db384c94b\">\n                <img\n                    title=\"WhatsApp-Image-2024-10-17-at-12.46.33\"\n                    alt=\"WhatsApp-Image-2024-10-17-at-12.46.33\"\n                    src=\"https:\/\/www.collegelafraternite.com\/sainte-ursule\/wp-content\/gallery\/croc-local-2024\/thumbs\/thumbs_WhatsApp-Image-2024-10-17-at-12.46.33.jpeg\"\n                    width=\"240\"\n                    height=\"160\"\n                    style=\"max-width:100%;\"\n                \/>\n            <\/a>\n        <\/div>\n\t\t\t\t\t\t\t<\/div> \n\t\t\t\n        \n\t\t\t\t<div id=\"ngg-image-9\" class=\"ngg-gallery-thumbnail-box\" >\n\t\t\t\t        <div class=\"ngg-gallery-thumbnail\">\n            <a href=\"https:\/\/www.collegelafraternite.com\/sainte-ursule\/wp-content\/gallery\/croc-local-2024\/WhatsApp-Image-2024-10-17-at-12.46.34-1.jpeg\"\n               title=\"\"\n               data-src=\"https:\/\/www.collegelafraternite.com\/sainte-ursule\/wp-content\/gallery\/croc-local-2024\/WhatsApp-Image-2024-10-17-at-12.46.34-1.jpeg\"\n               data-thumbnail=\"https:\/\/www.collegelafraternite.com\/sainte-ursule\/wp-content\/gallery\/croc-local-2024\/thumbs\/thumbs_WhatsApp-Image-2024-10-17-at-12.46.34-1.jpeg\"\n               data-image-id=\"682\"\n               data-title=\"WhatsApp-Image-2024-10-17-at-12.46.34-1\"\n               data-description=\"\"\n               data-image-slug=\"whatsapp-image-2024-10-17-at-12-46-34-1\"\n               class=\"ngg-simplelightbox\" rel=\"17d84f3c5b10420331ea830db384c94b\">\n                <img\n                    title=\"WhatsApp-Image-2024-10-17-at-12.46.34-1\"\n                    alt=\"WhatsApp-Image-2024-10-17-at-12.46.34-1\"\n                    src=\"https:\/\/www.collegelafraternite.com\/sainte-ursule\/wp-content\/gallery\/croc-local-2024\/thumbs\/thumbs_WhatsApp-Image-2024-10-17-at-12.46.34-1.jpeg\"\n                    width=\"240\"\n                    height=\"160\"\n                    style=\"max-width:100%;\"\n                \/>\n            <\/a>\n        <\/div>\n\t\t\t\t\t\t\t<\/div> \n\t\t\t\n        \n\t\t\t\t<div id=\"ngg-image-10\" class=\"ngg-gallery-thumbnail-box\" >\n\t\t\t\t        <div class=\"ngg-gallery-thumbnail\">\n            <a href=\"https:\/\/www.collegelafraternite.com\/sainte-ursule\/wp-content\/gallery\/croc-local-2024\/WhatsApp-Image-2024-10-17-at-12.46.34-3.jpeg\"\n               title=\"\"\n               data-src=\"https:\/\/www.collegelafraternite.com\/sainte-ursule\/wp-content\/gallery\/croc-local-2024\/WhatsApp-Image-2024-10-17-at-12.46.34-3.jpeg\"\n               data-thumbnail=\"https:\/\/www.collegelafraternite.com\/sainte-ursule\/wp-content\/gallery\/croc-local-2024\/thumbs\/thumbs_WhatsApp-Image-2024-10-17-at-12.46.34-3.jpeg\"\n               data-image-id=\"683\"\n               data-title=\"WhatsApp-Image-2024-10-17-at-12.46.34-3\"\n               data-description=\"\"\n               data-image-slug=\"whatsapp-image-2024-10-17-at-12-46-34-3\"\n               class=\"ngg-simplelightbox\" rel=\"17d84f3c5b10420331ea830db384c94b\">\n                <img\n                    title=\"WhatsApp-Image-2024-10-17-at-12.46.34-3\"\n                    alt=\"WhatsApp-Image-2024-10-17-at-12.46.34-3\"\n                    src=\"https:\/\/www.collegelafraternite.com\/sainte-ursule\/wp-content\/gallery\/croc-local-2024\/thumbs\/thumbs_WhatsApp-Image-2024-10-17-at-12.46.34-3.jpeg\"\n                    width=\"240\"\n                    height=\"160\"\n                    style=\"max-width:100%;\"\n                \/>\n            <\/a>\n        <\/div>\n\t\t\t\t\t\t\t<\/div> \n\t\t\t\n        \n\t\t\t\t<div id=\"ngg-image-11\" class=\"ngg-gallery-thumbnail-box\" >\n\t\t\t\t        <div class=\"ngg-gallery-thumbnail\">\n            <a href=\"https:\/\/www.collegelafraternite.com\/sainte-ursule\/wp-content\/gallery\/croc-local-2024\/WhatsApp-Image-2024-10-17-at-12.46.34-2.jpeg\"\n               title=\"\"\n               data-src=\"https:\/\/www.collegelafraternite.com\/sainte-ursule\/wp-content\/gallery\/croc-local-2024\/WhatsApp-Image-2024-10-17-at-12.46.34-2.jpeg\"\n               data-thumbnail=\"https:\/\/www.collegelafraternite.com\/sainte-ursule\/wp-content\/gallery\/croc-local-2024\/thumbs\/thumbs_WhatsApp-Image-2024-10-17-at-12.46.34-2.jpeg\"\n               data-image-id=\"684\"\n               data-title=\"WhatsApp-Image-2024-10-17-at-12.46.34-2\"\n               data-description=\"\"\n               data-image-slug=\"whatsapp-image-2024-10-17-at-12-46-34-2\"\n               class=\"ngg-simplelightbox\" rel=\"17d84f3c5b10420331ea830db384c94b\">\n                <img\n                    title=\"WhatsApp-Image-2024-10-17-at-12.46.34-2\"\n                    alt=\"WhatsApp-Image-2024-10-17-at-12.46.34-2\"\n                    src=\"https:\/\/www.collegelafraternite.com\/sainte-ursule\/wp-content\/gallery\/croc-local-2024\/thumbs\/thumbs_WhatsApp-Image-2024-10-17-at-12.46.34-2.jpeg\"\n                    width=\"240\"\n                    height=\"160\"\n                    style=\"max-width:100%;\"\n                \/>\n            <\/a>\n        <\/div>\n\t\t\t\t\t\t\t<\/div> \n\t\t\t\n        \n\t\t\t\t<div id=\"ngg-image-12\" class=\"ngg-gallery-thumbnail-box\" >\n\t\t\t\t        <div class=\"ngg-gallery-thumbnail\">\n            <a href=\"https:\/\/www.collegelafraternite.com\/sainte-ursule\/wp-content\/gallery\/croc-local-2024\/WhatsApp-Image-2024-10-17-at-12.46.34.jpeg\"\n               title=\"\"\n               data-src=\"https:\/\/www.collegelafraternite.com\/sainte-ursule\/wp-content\/gallery\/croc-local-2024\/WhatsApp-Image-2024-10-17-at-12.46.34.jpeg\"\n               data-thumbnail=\"https:\/\/www.collegelafraternite.com\/sainte-ursule\/wp-content\/gallery\/croc-local-2024\/thumbs\/thumbs_WhatsApp-Image-2024-10-17-at-12.46.34.jpeg\"\n               data-image-id=\"685\"\n               data-title=\"WhatsApp-Image-2024-10-17-at-12.46.34\"\n               data-description=\"\"\n               data-image-slug=\"whatsapp-image-2024-10-17-at-12-46-34-4\"\n               class=\"ngg-simplelightbox\" rel=\"17d84f3c5b10420331ea830db384c94b\">\n                <img\n                    title=\"WhatsApp-Image-2024-10-17-at-12.46.34\"\n                    alt=\"WhatsApp-Image-2024-10-17-at-12.46.34\"\n                    src=\"https:\/\/www.collegelafraternite.com\/sainte-ursule\/wp-content\/gallery\/croc-local-2024\/thumbs\/thumbs_WhatsApp-Image-2024-10-17-at-12.46.34.jpeg\"\n                    width=\"240\"\n                    height=\"160\"\n                    style=\"max-width:100%;\"\n                \/>\n            <\/a>\n        <\/div>\n\t\t\t\t\t\t\t<\/div> \n\t\t\t\n        \n\t\t\t\t<div id=\"ngg-image-13\" class=\"ngg-gallery-thumbnail-box\" >\n\t\t\t\t        <div class=\"ngg-gallery-thumbnail\">\n            <a href=\"https:\/\/www.collegelafraternite.com\/sainte-ursule\/wp-content\/gallery\/croc-local-2024\/WhatsApp-Image-2024-10-17-at-12.46.34-4.jpeg\"\n               title=\"\"\n               data-src=\"https:\/\/www.collegelafraternite.com\/sainte-ursule\/wp-content\/gallery\/croc-local-2024\/WhatsApp-Image-2024-10-17-at-12.46.34-4.jpeg\"\n               data-thumbnail=\"https:\/\/www.collegelafraternite.com\/sainte-ursule\/wp-content\/gallery\/croc-local-2024\/thumbs\/thumbs_WhatsApp-Image-2024-10-17-at-12.46.34-4.jpeg\"\n               data-image-id=\"686\"\n               data-title=\"WhatsApp-Image-2024-10-17-at-12.46.34-4\"\n               data-description=\"\"\n               data-image-slug=\"whatsapp-image-2024-10-17-at-12-46-34-4\"\n               class=\"ngg-simplelightbox\" rel=\"17d84f3c5b10420331ea830db384c94b\">\n                <img\n                    title=\"WhatsApp-Image-2024-10-17-at-12.46.34-4\"\n                    alt=\"WhatsApp-Image-2024-10-17-at-12.46.34-4\"\n                    src=\"https:\/\/www.collegelafraternite.com\/sainte-ursule\/wp-content\/gallery\/croc-local-2024\/thumbs\/thumbs_WhatsApp-Image-2024-10-17-at-12.46.34-4.jpeg\"\n                    width=\"240\"\n                    height=\"160\"\n                    style=\"max-width:100%;\"\n                \/>\n            <\/a>\n        <\/div>\n\t\t\t\t\t\t\t<\/div> \n\t\t\t\n        \n\t\t\n\t\t<div class=\"ngg-clear\"><\/div>\n\t<\/div>\n\n","protected":false},"excerpt":{"rendered":"<p>Ce 17 octobre, l&rsquo;Eco teens a distribu\u00e9 des fruits et des produits locaux durant la r\u00e9cr\u00e9ation.<\/p>\n","protected":false},"author":1,"featured_media":0,"parent":1576,"menu_order":0,"comment_status":"closed","ping_status":"closed","template":"page-fullwidth.php","meta":{"ngg_post_thumbnail":0},"_links":{"self":[{"href":"https:\/\/www.collegelafraternite.com\/sainte-ursule\/wp-json\/wp\/v2\/pages\/2994"}],"collection":[{"href":"https:\/\/www.collegelafraternite.com\/sainte-ursule\/wp-json\/wp\/v2\/pages"}],"about":[{"href":"https:\/\/www.collegelafraternite.com\/sainte-ursule\/wp-json\/wp\/v2\/types\/page"}],"author":[{"embeddable":true,"href":"https:\/\/www.collegelafraternite.com\/sainte-ursule\/wp-json\/wp\/v2\/users\/1"}],"replies":[{"embeddable":true,"href":"https:\/\/www.collegelafraternite.com\/sainte-ursule\/wp-json\/wp\/v2\/comments?post=2994"}],"version-history":[{"count":2,"href":"https:\/\/www.collegelafraternite.com\/sainte-ursule\/wp-json\/wp\/v2\/pages\/2994\/revisions"}],"predecessor-version":[{"id":2996,"href":"https:\/\/www.collegelafraternite.com\/sainte-ursule\/wp-json\/wp\/v2\/pages\/2994\/revisions\/2996"}],"up":[{"embeddable":true,"href":"https:\/\/www.collegelafraternite.com\/sainte-ursule\/wp-json\/wp\/v2\/pages\/1576"}],"wp:attachment":[{"href":"https:\/\/www.collegelafraternite.com\/sainte-ursule\/wp-json\/wp\/v2\/media?parent=2994"}],"curies":[{"name":"wp","href":"https:\/\/api.w.org\/{rel}","templated":true}]}}