{"id":2883,"date":"2024-08-05T18:55:27","date_gmt":"2024-08-05T16:55:27","guid":{"rendered":"https:\/\/www.collegelafraternite.com\/sainte-ursule\/?page_id=2883"},"modified":"2024-08-05T19:07:10","modified_gmt":"2024-08-05T17:07:10","slug":"2e-degre-technicien%c2%b7ne-de-bureau","status":"publish","type":"page","link":"https:\/\/www.collegelafraternite.com\/sainte-ursule\/2e-degre-technicien%c2%b7ne-de-bureau\/","title":{"rendered":"2e DEGR\u00c9 : TECHNICIEN\u00b7NE DE BUREAU"},"content":{"rendered":"\n<h1>TECHNICIEN\u00b7NE DE BUREAU<\/h1>\n<p>Le\u00b7La technicien\u00b7ne de bureau assure diff\u00e9rentes fonctions administratives relatives au traitement de l\u2019information.<\/p>\n<p>Il\/elle peut \u00eatre t\u00e9l\u00e9phoniste-r\u00e9ceptionniste et donc accueillir, renseigner et orienter un interlocuteur, en fran\u00e7ais et en langues \u00e9trang\u00e8res, tout en assurant la gestion administrative courante.<\/p>\n<p>Il\/elle peut \u00eatre employ\u00e9\u00b7e administratif\u00b7ve et encodeur\u00b7se de donn\u00e9es. Il\/elle prend en charge le traitement des dossiers administratifs en utilisant diff\u00e9rents outils bureautiques. Parfois, il\/elle peut \u00e9galement accomplir des t\u00e2ches comptables et proc\u00e9der \u00e0 l\u2019encodage de certains documents \u00e0 l\u2019aide de logiciels appropri\u00e9s.<\/p>\n<p>Il\/elle doit faire preuve d\u2019une bonne organisation dans son travail. Outre les notions d\u2019\u00e9conomie, de droit et de comptabilit\u00e9, il\/elle doit ma\u00eetriser les outils de bureautique, les nouvelles technologies de l\u2019information tout en restant attentif-ve&nbsp;\u00e0 l\u2019\u00e9volution des nouveaux moyens de communication.<\/p>\n<h2>&nbsp;<\/h2>\n<h2>Activit\u00e9s<\/h2>\n<ul>\n<li>Accueillir et guider les visiteurs<\/li>\n<li>Assurer les appels t\u00e9l\u00e9phoniques entrants et sortants<\/li>\n<li>Trier et v\u00e9rifier les documents internes et externes<\/li>\n<li>Traiter le courrier et proc\u00e9der aux exp\u00e9ditions<\/li>\n<li>Enregistrer, saisir, consulter des donn\u00e9es, les mettre en forme<\/li>\n<li>R\u00e9diger et g\u00e9rer des dossiers<\/li>\n<li>Planifier et organiser son travail<\/li>\n<li>Reproduire les documents, les classer et g\u00e9rer les archives<\/li>\n<\/ul>\n<h2>&nbsp;<\/h2>\n<h2>Aptitudes<\/h2>\n<ul>\n<li>Courtois\u00b7e<\/li>\n<li>Ordonn\u00e9\u00b7e<\/li>\n<li>Organis\u00e9\u00b7e<\/li>\n<li>Polyvalent\u00b7e<\/li>\n<\/ul>\n<h2>&nbsp;<\/h2>\n<h2>D\u00e9bouch\u00e9s<\/h2>\n<ul>\n<li>Petites et moyennes entreprises<\/li>\n<li>Administrations publiques<\/li>\n<li>Banques<\/li>\n<li>Assurances<\/li>\n<li>H\u00f4pitaux<\/li>\n<li>Cabinets m\u00e9dicaux<\/li>\n<li>Mutuelles<\/li>\n<li>ASBL<\/li>\n<li>Secr\u00e9tariats sociaux<\/li>\n<li>\u2026<\/li>\n<\/ul>\n<p>&nbsp;<\/p>\n<h2>Grille Horaire<\/h2>\n<table  class=\" table table-hover\" style=\"width: 483px;\">\n<tbody>\n<tr>\n<td style=\"width: 475px;\" colspan=\"2\">\n<p style=\"text-align: center;\"><strong>3<sup>e<\/sup> ET 4<sup>e<\/sup> TECHNICIEN\u00b7NE DE BUREAU<\/strong><\/p>\n<\/td>\n<\/tr>\n<tr>\n<td style=\"width: 409px;\">\u00b7&nbsp;&nbsp;&nbsp;&nbsp;&nbsp; Religion\n<p>\u00b7&nbsp;&nbsp;&nbsp;&nbsp;&nbsp; \u00c9ducation physique<\/p>\n<p>\u00b7&nbsp;&nbsp;&nbsp;&nbsp;&nbsp; Fran\u00e7ais<\/p>\n<p>\u00b7&nbsp;&nbsp;&nbsp;&nbsp;&nbsp; Formation historique et g\u00e9ographique<\/p>\n<p>\u00b7&nbsp; &nbsp; &nbsp; Formation scientifique<\/p>\n<p>\u00b7&nbsp;&nbsp;&nbsp;&nbsp;&nbsp; Math\u00e9matiques<\/p>\n<p>\u00b7&nbsp;&nbsp;&nbsp;&nbsp;&nbsp; N\u00e9erlandais<\/p>\n<p>\u00b7&nbsp;&nbsp;&nbsp;&nbsp;&nbsp; Anglais<\/p>\n<p>\u00b7&nbsp;&nbsp;&nbsp;&nbsp;&nbsp; \u00c9conomie de l\u2019Entreprise<\/p>\n<p>\u00b7&nbsp;&nbsp;&nbsp;&nbsp;&nbsp; Bureautique<\/p>\n<p>\u00b7&nbsp;&nbsp;&nbsp;&nbsp;&nbsp; Techniques d\u2019accueil, d\u2019organisation et secr\u00e9tariat<\/p>\n<\/td>\n<td style=\"width: 66px; text-align: center;\">2h\n<p>2h<\/p>\n<p>4h<\/p>\n<p>2h<\/p>\n<p>2h<\/p>\n<p>2h<\/p>\n<p>4h<\/p>\n<p>4h<\/p>\n<p>3h<\/p>\n<p>4h<\/p>\n<p>3h<\/p>\n<\/td>\n<\/tr>\n<tr>\n<td style=\"width: 475px;\" colspan=\"2\">\n<p style=\"text-align: center;\">32h<\/p>\n<\/td>\n<\/tr>\n<\/tbody>\n<\/table>\n","protected":false},"excerpt":{"rendered":"<p>TECHNICIEN\u00b7NE DE BUREAU Le\u00b7La technicien\u00b7ne de bureau assure diff\u00e9rentes fonctions administratives relatives au traitement de l\u2019information. Il\/elle peut \u00eatre t\u00e9l\u00e9phoniste-r\u00e9ceptionniste et donc accueillir, renseigner et orienter un interlocuteur, en fran\u00e7ais et en langues \u00e9trang\u00e8res, tout en assurant la gestion administrative courante. Il\/elle peut \u00eatre employ\u00e9\u00b7e administratif\u00b7ve et encodeur\u00b7se de donn\u00e9es. Il\/elle prend en charge le [&hellip;]<\/p>\n","protected":false},"author":1,"featured_media":0,"parent":0,"menu_order":0,"comment_status":"closed","ping_status":"closed","template":"page-fullwidth.php","meta":{"ngg_post_thumbnail":0},"_links":{"self":[{"href":"https:\/\/www.collegelafraternite.com\/sainte-ursule\/wp-json\/wp\/v2\/pages\/2883"}],"collection":[{"href":"https:\/\/www.collegelafraternite.com\/sainte-ursule\/wp-json\/wp\/v2\/pages"}],"about":[{"href":"https:\/\/www.collegelafraternite.com\/sainte-ursule\/wp-json\/wp\/v2\/types\/page"}],"author":[{"embeddable":true,"href":"https:\/\/www.collegelafraternite.com\/sainte-ursule\/wp-json\/wp\/v2\/users\/1"}],"replies":[{"embeddable":true,"href":"https:\/\/www.collegelafraternite.com\/sainte-ursule\/wp-json\/wp\/v2\/comments?post=2883"}],"version-history":[{"count":3,"href":"https:\/\/www.collegelafraternite.com\/sainte-ursule\/wp-json\/wp\/v2\/pages\/2883\/revisions"}],"predecessor-version":[{"id":2897,"href":"https:\/\/www.collegelafraternite.com\/sainte-ursule\/wp-json\/wp\/v2\/pages\/2883\/revisions\/2897"}],"wp:attachment":[{"href":"https:\/\/www.collegelafraternite.com\/sainte-ursule\/wp-json\/wp\/v2\/media?parent=2883"}],"curies":[{"name":"wp","href":"https:\/\/api.w.org\/{rel}","templated":true}]}}