{"id":2821,"date":"2024-01-31T16:59:51","date_gmt":"2024-01-31T15:59:51","guid":{"rendered":"https:\/\/www.collegelafraternite.com\/sainte-ursule\/?page_id=2821"},"modified":"2024-04-09T13:59:26","modified_gmt":"2024-04-09T11:59:26","slug":"erasmus-23-24","status":"publish","type":"page","link":"https:\/\/www.collegelafraternite.com\/sainte-ursule\/erasmus-23-24\/","title":{"rendered":"Erasmus + 2023-2024"},"content":{"rendered":"\n\n\n<h2>Suivez nos \u00e9l\u00e8ves en Erasmus + au Portugal<\/h2>\n\n\n\n<figure class=\"wp-block-video\"><video controls src=\"http:\/\/www.collegelafraternite.com\/sainte-ursule\/wp-content\/uploads\/2024\/04\/VIDEO-2024-04-08-00-34-21.mp4\"><\/video><\/figure>\n\n\n\n<!-- index.php -->\n<div\n\tclass=\"ngg-galleryoverview ngg-ajax-pagination-none\"\n\tid=\"ngg-gallery-2e7fee4573a03663b32be00011ce67d4-1\">\n\n    \t<div class=\"slideshowlink\">\n        <a href='https:\/\/www.collegelafraternite.com\/sainte-ursule\/erasmus-23-24\/nggallery\/slideshow'>[Diaporama]<\/a>\n\t\t\n\t<\/div>\n\t\t\t<!-- Thumbnails -->\n\t\t\t\t<div id=\"ngg-image-0\" class=\"ngg-gallery-thumbnail-box\" >\n\t\t\t\t        <div class=\"ngg-gallery-thumbnail\">\n            <a href=\"https:\/\/www.collegelafraternite.com\/sainte-ursule\/wp-content\/gallery\/eramsus-2024\/68c1da47-42e2-4a54-8c24-7a31ea8ed2bb.JPG\"\n               title=\"\"\n               data-src=\"https:\/\/www.collegelafraternite.com\/sainte-ursule\/wp-content\/gallery\/eramsus-2024\/68c1da47-42e2-4a54-8c24-7a31ea8ed2bb.JPG\"\n               data-thumbnail=\"https:\/\/www.collegelafraternite.com\/sainte-ursule\/wp-content\/gallery\/eramsus-2024\/thumbs\/thumbs_68c1da47-42e2-4a54-8c24-7a31ea8ed2bb.JPG\"\n               data-image-id=\"666\"\n               data-title=\"68c1da47-42e2-4a54-8c24-7a31ea8ed2bb\"\n               data-description=\"\"\n               data-image-slug=\"68c1da47-42e2-4a54-8c24-7a31ea8ed2bb\"\n               class=\"ngg-simplelightbox\" rel=\"2e7fee4573a03663b32be00011ce67d4\">\n                <img\n                    title=\"68c1da47-42e2-4a54-8c24-7a31ea8ed2bb\"\n                    alt=\"68c1da47-42e2-4a54-8c24-7a31ea8ed2bb\"\n                    src=\"https:\/\/www.collegelafraternite.com\/sainte-ursule\/wp-content\/gallery\/eramsus-2024\/thumbs\/thumbs_68c1da47-42e2-4a54-8c24-7a31ea8ed2bb.JPG\"\n                    width=\"240\"\n                    height=\"160\"\n                    style=\"max-width:100%;\"\n                \/>\n            <\/a>\n        <\/div>\n\t\t\t\t\t\t\t<\/div> \n\t\t\t\n        \n\t\t\t\t<div id=\"ngg-image-1\" class=\"ngg-gallery-thumbnail-box\" >\n\t\t\t\t        <div class=\"ngg-gallery-thumbnail\">\n            <a href=\"https:\/\/www.collegelafraternite.com\/sainte-ursule\/wp-content\/gallery\/eramsus-2024\/0764ddef-7618-4e5a-b789-8a4ffb311e59.JPG\"\n               title=\"\"\n               data-src=\"https:\/\/www.collegelafraternite.com\/sainte-ursule\/wp-content\/gallery\/eramsus-2024\/0764ddef-7618-4e5a-b789-8a4ffb311e59.JPG\"\n               data-thumbnail=\"https:\/\/www.collegelafraternite.com\/sainte-ursule\/wp-content\/gallery\/eramsus-2024\/thumbs\/thumbs_0764ddef-7618-4e5a-b789-8a4ffb311e59.JPG\"\n               data-image-id=\"667\"\n               data-title=\"0764ddef-7618-4e5a-b789-8a4ffb311e59\"\n               data-description=\"\"\n               data-image-slug=\"0764ddef-7618-4e5a-b789-8a4ffb311e59\"\n               class=\"ngg-simplelightbox\" rel=\"2e7fee4573a03663b32be00011ce67d4\">\n                <img\n                    title=\"0764ddef-7618-4e5a-b789-8a4ffb311e59\"\n                    alt=\"0764ddef-7618-4e5a-b789-8a4ffb311e59\"\n                    src=\"https:\/\/www.collegelafraternite.com\/sainte-ursule\/wp-content\/gallery\/eramsus-2024\/thumbs\/thumbs_0764ddef-7618-4e5a-b789-8a4ffb311e59.JPG\"\n                    width=\"240\"\n                    height=\"160\"\n                    style=\"max-width:100%;\"\n                \/>\n            <\/a>\n        <\/div>\n\t\t\t\t\t\t\t<\/div> \n\t\t\t\n        \n\t\t\t\t<div id=\"ngg-image-2\" class=\"ngg-gallery-thumbnail-box\" >\n\t\t\t\t        <div class=\"ngg-gallery-thumbnail\">\n            <a href=\"https:\/\/www.collegelafraternite.com\/sainte-ursule\/wp-content\/gallery\/eramsus-2024\/4e760c3f-f380-4b97-b468-198bb0c67e60.JPG\"\n               title=\"\"\n               data-src=\"https:\/\/www.collegelafraternite.com\/sainte-ursule\/wp-content\/gallery\/eramsus-2024\/4e760c3f-f380-4b97-b468-198bb0c67e60.JPG\"\n               data-thumbnail=\"https:\/\/www.collegelafraternite.com\/sainte-ursule\/wp-content\/gallery\/eramsus-2024\/thumbs\/thumbs_4e760c3f-f380-4b97-b468-198bb0c67e60.JPG\"\n               data-image-id=\"668\"\n               data-title=\"4e760c3f-f380-4b97-b468-198bb0c67e60\"\n               data-description=\"\"\n               data-image-slug=\"4e760c3f-f380-4b97-b468-198bb0c67e60\"\n               class=\"ngg-simplelightbox\" rel=\"2e7fee4573a03663b32be00011ce67d4\">\n                <img\n                    title=\"4e760c3f-f380-4b97-b468-198bb0c67e60\"\n                    alt=\"4e760c3f-f380-4b97-b468-198bb0c67e60\"\n                    src=\"https:\/\/www.collegelafraternite.com\/sainte-ursule\/wp-content\/gallery\/eramsus-2024\/thumbs\/thumbs_4e760c3f-f380-4b97-b468-198bb0c67e60.JPG\"\n                    width=\"240\"\n                    height=\"160\"\n                    style=\"max-width:100%;\"\n                \/>\n            <\/a>\n        <\/div>\n\t\t\t\t\t\t\t<\/div> \n\t\t\t\n        \n\t\t\t\t<div id=\"ngg-image-3\" class=\"ngg-gallery-thumbnail-box\" >\n\t\t\t\t        <div class=\"ngg-gallery-thumbnail\">\n            <a href=\"https:\/\/www.collegelafraternite.com\/sainte-ursule\/wp-content\/gallery\/eramsus-2024\/4dc49cc7-40c5-467b-b96b-7f79688ddffd.JPG\"\n               title=\"\"\n               data-src=\"https:\/\/www.collegelafraternite.com\/sainte-ursule\/wp-content\/gallery\/eramsus-2024\/4dc49cc7-40c5-467b-b96b-7f79688ddffd.JPG\"\n               data-thumbnail=\"https:\/\/www.collegelafraternite.com\/sainte-ursule\/wp-content\/gallery\/eramsus-2024\/thumbs\/thumbs_4dc49cc7-40c5-467b-b96b-7f79688ddffd.JPG\"\n               data-image-id=\"669\"\n               data-title=\"4dc49cc7-40c5-467b-b96b-7f79688ddffd\"\n               data-description=\"\"\n               data-image-slug=\"4dc49cc7-40c5-467b-b96b-7f79688ddffd\"\n               class=\"ngg-simplelightbox\" rel=\"2e7fee4573a03663b32be00011ce67d4\">\n                <img\n                    title=\"4dc49cc7-40c5-467b-b96b-7f79688ddffd\"\n                    alt=\"4dc49cc7-40c5-467b-b96b-7f79688ddffd\"\n                    src=\"https:\/\/www.collegelafraternite.com\/sainte-ursule\/wp-content\/gallery\/eramsus-2024\/thumbs\/thumbs_4dc49cc7-40c5-467b-b96b-7f79688ddffd.JPG\"\n                    width=\"240\"\n                    height=\"160\"\n                    style=\"max-width:100%;\"\n                \/>\n            <\/a>\n        <\/div>\n\t\t\t\t\t\t\t<\/div> \n\t\t\t\n        \n\t\t\t\t<div id=\"ngg-image-4\" class=\"ngg-gallery-thumbnail-box\" >\n\t\t\t\t        <div class=\"ngg-gallery-thumbnail\">\n            <a href=\"https:\/\/www.collegelafraternite.com\/sainte-ursule\/wp-content\/gallery\/eramsus-2024\/3cf6e2a6-724d-4b61-bbd3-90ab9a22a828.JPG\"\n               title=\"\"\n               data-src=\"https:\/\/www.collegelafraternite.com\/sainte-ursule\/wp-content\/gallery\/eramsus-2024\/3cf6e2a6-724d-4b61-bbd3-90ab9a22a828.JPG\"\n               data-thumbnail=\"https:\/\/www.collegelafraternite.com\/sainte-ursule\/wp-content\/gallery\/eramsus-2024\/thumbs\/thumbs_3cf6e2a6-724d-4b61-bbd3-90ab9a22a828.JPG\"\n               data-image-id=\"670\"\n               data-title=\"3cf6e2a6-724d-4b61-bbd3-90ab9a22a828\"\n               data-description=\"\"\n               data-image-slug=\"3cf6e2a6-724d-4b61-bbd3-90ab9a22a828\"\n               class=\"ngg-simplelightbox\" rel=\"2e7fee4573a03663b32be00011ce67d4\">\n                <img\n                    title=\"3cf6e2a6-724d-4b61-bbd3-90ab9a22a828\"\n                    alt=\"3cf6e2a6-724d-4b61-bbd3-90ab9a22a828\"\n                    src=\"https:\/\/www.collegelafraternite.com\/sainte-ursule\/wp-content\/gallery\/eramsus-2024\/thumbs\/thumbs_3cf6e2a6-724d-4b61-bbd3-90ab9a22a828.JPG\"\n                    width=\"240\"\n                    height=\"160\"\n                    style=\"max-width:100%;\"\n                \/>\n            <\/a>\n        <\/div>\n\t\t\t\t\t\t\t<\/div> \n\t\t\t\n        \n\t\t\t\t<div id=\"ngg-image-5\" class=\"ngg-gallery-thumbnail-box\" >\n\t\t\t\t        <div class=\"ngg-gallery-thumbnail\">\n            <a href=\"https:\/\/www.collegelafraternite.com\/sainte-ursule\/wp-content\/gallery\/eramsus-2024\/206cbd16-583e-488b-97c0-b3e59b0583f6.JPG\"\n               title=\"\"\n               data-src=\"https:\/\/www.collegelafraternite.com\/sainte-ursule\/wp-content\/gallery\/eramsus-2024\/206cbd16-583e-488b-97c0-b3e59b0583f6.JPG\"\n               data-thumbnail=\"https:\/\/www.collegelafraternite.com\/sainte-ursule\/wp-content\/gallery\/eramsus-2024\/thumbs\/thumbs_206cbd16-583e-488b-97c0-b3e59b0583f6.JPG\"\n               data-image-id=\"671\"\n               data-title=\"206cbd16-583e-488b-97c0-b3e59b0583f6\"\n               data-description=\"\"\n               data-image-slug=\"206cbd16-583e-488b-97c0-b3e59b0583f6\"\n               class=\"ngg-simplelightbox\" rel=\"2e7fee4573a03663b32be00011ce67d4\">\n                <img\n                    title=\"206cbd16-583e-488b-97c0-b3e59b0583f6\"\n                    alt=\"206cbd16-583e-488b-97c0-b3e59b0583f6\"\n                    src=\"https:\/\/www.collegelafraternite.com\/sainte-ursule\/wp-content\/gallery\/eramsus-2024\/thumbs\/thumbs_206cbd16-583e-488b-97c0-b3e59b0583f6.JPG\"\n                    width=\"240\"\n                    height=\"160\"\n                    style=\"max-width:100%;\"\n                \/>\n            <\/a>\n        <\/div>\n\t\t\t\t\t\t\t<\/div> \n\t\t\t\n        \n\t\t\t\t<div id=\"ngg-image-6\" class=\"ngg-gallery-thumbnail-box\" >\n\t\t\t\t        <div class=\"ngg-gallery-thumbnail\">\n            <a href=\"https:\/\/www.collegelafraternite.com\/sainte-ursule\/wp-content\/gallery\/eramsus-2024\/f90ede7a-a783-41e5-9236-747839161acc.JPG\"\n               title=\"\"\n               data-src=\"https:\/\/www.collegelafraternite.com\/sainte-ursule\/wp-content\/gallery\/eramsus-2024\/f90ede7a-a783-41e5-9236-747839161acc.JPG\"\n               data-thumbnail=\"https:\/\/www.collegelafraternite.com\/sainte-ursule\/wp-content\/gallery\/eramsus-2024\/thumbs\/thumbs_f90ede7a-a783-41e5-9236-747839161acc.JPG\"\n               data-image-id=\"672\"\n               data-title=\"f90ede7a-a783-41e5-9236-747839161acc\"\n               data-description=\"\"\n               data-image-slug=\"f90ede7a-a783-41e5-9236-747839161acc\"\n               class=\"ngg-simplelightbox\" rel=\"2e7fee4573a03663b32be00011ce67d4\">\n                <img\n                    title=\"f90ede7a-a783-41e5-9236-747839161acc\"\n                    alt=\"f90ede7a-a783-41e5-9236-747839161acc\"\n                    src=\"https:\/\/www.collegelafraternite.com\/sainte-ursule\/wp-content\/gallery\/eramsus-2024\/thumbs\/thumbs_f90ede7a-a783-41e5-9236-747839161acc.JPG\"\n                    width=\"240\"\n                    height=\"160\"\n                    style=\"max-width:100%;\"\n                \/>\n            <\/a>\n        <\/div>\n\t\t\t\t\t\t\t<\/div> \n\t\t\t\n        \n\t\t\n\t\t<div class=\"ngg-clear\"><\/div>\n\t<\/div>\n\n\n\n\n<div style=\"height:100px\" aria-hidden=\"true\" class=\"wp-block-spacer\"><\/div>\n\n\n\n<h2>Envie de revoir l&rsquo;\u00e9dition pr\u00e9c\u00e9dente ?<\/h2>\n\n\n\n<p>Erasmus + <a href=\"https:\/\/www.collegelafraternite.com\/sainte-ursule\/erasmus-22-23\/\" target=\"_blank\" rel=\"noreferrer noopener\">2022-2023<\/a><\/p>\n","protected":false},"excerpt":{"rendered":"<p>Suivez nos \u00e9l\u00e8ves en Erasmus + au Portugal Envie de revoir l&rsquo;\u00e9dition pr\u00e9c\u00e9dente ? Erasmus + 2022-2023<\/p>\n","protected":false},"author":1,"featured_media":0,"parent":0,"menu_order":0,"comment_status":"closed","ping_status":"closed","template":"page-fullwidth.php","meta":{"ngg_post_thumbnail":0},"_links":{"self":[{"href":"https:\/\/www.collegelafraternite.com\/sainte-ursule\/wp-json\/wp\/v2\/pages\/2821"}],"collection":[{"href":"https:\/\/www.collegelafraternite.com\/sainte-ursule\/wp-json\/wp\/v2\/pages"}],"about":[{"href":"https:\/\/www.collegelafraternite.com\/sainte-ursule\/wp-json\/wp\/v2\/types\/page"}],"author":[{"embeddable":true,"href":"https:\/\/www.collegelafraternite.com\/sainte-ursule\/wp-json\/wp\/v2\/users\/1"}],"replies":[{"embeddable":true,"href":"https:\/\/www.collegelafraternite.com\/sainte-ursule\/wp-json\/wp\/v2\/comments?post=2821"}],"version-history":[{"count":3,"href":"https:\/\/www.collegelafraternite.com\/sainte-ursule\/wp-json\/wp\/v2\/pages\/2821\/revisions"}],"predecessor-version":[{"id":2846,"href":"https:\/\/www.collegelafraternite.com\/sainte-ursule\/wp-json\/wp\/v2\/pages\/2821\/revisions\/2846"}],"wp:attachment":[{"href":"https:\/\/www.collegelafraternite.com\/sainte-ursule\/wp-json\/wp\/v2\/media?parent=2821"}],"curies":[{"name":"wp","href":"https:\/\/api.w.org\/{rel}","templated":true}]}}