{"id":2571,"date":"2023-06-01T21:02:27","date_gmt":"2023-06-01T19:02:27","guid":{"rendered":"https:\/\/www.collegelafraternite.com\/sainte-ursule\/?page_id=2571"},"modified":"2024-01-31T16:50:29","modified_gmt":"2024-01-31T15:50:29","slug":"erasmus-22-23","status":"publish","type":"page","link":"https:\/\/www.collegelafraternite.com\/sainte-ursule\/erasmus-22-23\/","title":{"rendered":"Erasmus +          2022-2023"},"content":{"rendered":"\n<p>D\u00e9couvrez quelques photos des stages de nos \u00e9l\u00e8ves des classes terminales au Portugal.<\/p>\n\n\n\t<div class='ngg-imagebrowser'\n         id='ngg-imagebrowser-51e38710adb2013aad84242a9ad1a009-2571'\n         data-nextgen-gallery-id=\"51e38710adb2013aad84242a9ad1a009\">\n\n        <h3>Image4<\/h3>\n\n        <div id=\"ngg-image-0\" class=\"pic\" >\n\n        <a href='https:\/\/www.collegelafraternite.com\/sainte-ursule\/wp-content\/gallery\/erasmus\/Image4.jpeg'\n           title=' '\n           data-src=\"https:\/\/www.collegelafraternite.com\/sainte-ursule\/wp-content\/gallery\/erasmus\/Image4.jpeg\"\n           data-thumbnail=\"https:\/\/www.collegelafraternite.com\/sainte-ursule\/wp-content\/gallery\/erasmus\/thumbs\/thumbs_Image4.jpeg\"\n           data-image-id=\"639\"\n           data-title=\"Image4\"\n           data-description=\" \"\n           class=\"ngg-simplelightbox\" rel=\"51e38710adb2013aad84242a9ad1a009\">\n            <img title='Image4'\n                 alt='Image4'\n                 src='https:\/\/www.collegelafraternite.com\/sainte-ursule\/wp-content\/gallery\/erasmus\/Image4.jpeg'\/>\n        <\/a>\n\n        <\/div> \n\n        <div class='ngg-imagebrowser-nav'>\n\n            <div class='back'>\n                <a class='ngg-browser-prev'\n                   id='ngg-prev-629'\n                   href='https:\/\/www.collegelafraternite.com\/sainte-ursule\/erasmus-22-23\/nggallery\/image\/image2\/'>\n                    &#9668; Retour                <\/a>\n            <\/div>\n\n            <div class='next'>\n                <a class='ngg-browser-next'\n                   id='ngg-next-652'\n                   href='https:\/\/www.collegelafraternite.com\/sainte-ursule\/erasmus-22-23\/nggallery\/image\/image18\/'>\n                    Suivant                    &#9658;\n                <\/a>\n            <\/div>\n\n            <div class='counter'>\n                Image                1                parmi                23            <\/div>\n\n            <div class='ngg-imagebrowser-desc'>\n                <p> <\/p>\n            <\/div>\n\n        <\/div>\n    <\/div>\n\n\n\n\n\n<div style=\"width: 480px;\" class=\"wp-video\"><!--[if lt IE 9]><script>document.createElement('video');<\/script><![endif]-->\n<video class=\"wp-video-shortcode\" id=\"video-2571-1\" width=\"480\" height=\"608\" preload=\"metadata\" controls=\"controls\"><source type=\"video\/mp4\" src=\"http:\/\/www.collegelafraternite.com\/sainte-ursule\/wp-content\/uploads\/2023\/06\/464777c7-7649-4cb1-b331-6e78ffa21e59.mp4?_=1\" \/><a href=\"http:\/\/www.collegelafraternite.com\/sainte-ursule\/wp-content\/uploads\/2023\/06\/464777c7-7649-4cb1-b331-6e78ffa21e59.mp4\">http:\/\/www.collegelafraternite.com\/sainte-ursule\/wp-content\/uploads\/2023\/06\/464777c7-7649-4cb1-b331-6e78ffa21e59.mp4<\/a><\/video><\/div>\n","protected":false},"excerpt":{"rendered":"<p>D\u00e9couvrez quelques photos des stages de nos \u00e9l\u00e8ves des classes terminales au Portugal.<\/p>\n","protected":false},"author":1,"featured_media":0,"parent":0,"menu_order":0,"comment_status":"closed","ping_status":"closed","template":"page-fullwidth.php","meta":{"ngg_post_thumbnail":0},"_links":{"self":[{"href":"https:\/\/www.collegelafraternite.com\/sainte-ursule\/wp-json\/wp\/v2\/pages\/2571"}],"collection":[{"href":"https:\/\/www.collegelafraternite.com\/sainte-ursule\/wp-json\/wp\/v2\/pages"}],"about":[{"href":"https:\/\/www.collegelafraternite.com\/sainte-ursule\/wp-json\/wp\/v2\/types\/page"}],"author":[{"embeddable":true,"href":"https:\/\/www.collegelafraternite.com\/sainte-ursule\/wp-json\/wp\/v2\/users\/1"}],"replies":[{"embeddable":true,"href":"https:\/\/www.collegelafraternite.com\/sainte-ursule\/wp-json\/wp\/v2\/comments?post=2571"}],"version-history":[{"count":3,"href":"https:\/\/www.collegelafraternite.com\/sainte-ursule\/wp-json\/wp\/v2\/pages\/2571\/revisions"}],"predecessor-version":[{"id":2820,"href":"https:\/\/www.collegelafraternite.com\/sainte-ursule\/wp-json\/wp\/v2\/pages\/2571\/revisions\/2820"}],"wp:attachment":[{"href":"https:\/\/www.collegelafraternite.com\/sainte-ursule\/wp-json\/wp\/v2\/media?parent=2571"}],"curies":[{"name":"wp","href":"https:\/\/api.w.org\/{rel}","templated":true}]}}