{"id":136,"date":"2018-02-06T13:35:47","date_gmt":"2018-02-06T12:35:47","guid":{"rendered":"http:\/\/www.onmangecamp.be\/frat\/?page_id=136"},"modified":"2024-08-05T19:04:51","modified_gmt":"2024-08-05T17:04:51","slug":"2e-degre-secretariat-tourisme","status":"publish","type":"page","link":"https:\/\/www.collegelafraternite.com\/sainte-ursule\/2e-degre-secretariat-tourisme\/","title":{"rendered":"2e DEGR\u00c9 : TECHNICIEN\u00b7NE COMMERCIAL\u00b7E"},"content":{"rendered":"<h1>TECHNICIEN\u00b7NE COMMERCIAL\u00b7E<\/h1>\n<p style=\"text-align: justify; margin: 0cm 0cm 3.75pt 0cm;\"><span style=\"font-family: 'Calibri',sans-serif; color: #333333;\">Le\u00b7La<\/span><span style=\"font-family: 'Calibri',sans-serif; color: #333333;\"> technicien\u00b7ne commercial\u00b7e est un-e vendeur-se qualifi\u00e9\u00b7e qui informe et conseille le client afin de trouver le produit ou le service qui va satisfaire ses besoins. Il\/elle ma\u00eetrise les techniques courantes du marketing et met son expertise au service de l\u2019entreprise en proposant de nouvelles actions susceptibles d\u2019accro\u00eetre les ventes.<\/span><\/p>\n<p style=\"text-align: justify; margin: 0cm 0cm 3.75pt 0cm;\"><span style=\"font-family: 'Calibri',sans-serif; color: #333333;\">Il\/elle est polyvalent\u00b7e : il\/elle g\u00e8re les stocks, dresse l\u2019inventaire, passe les commandes, n\u00e9gocie les contrats. Il\/elle poss\u00e8de \u00e9galement une tr\u00e8s bonne ma\u00eetrise de l\u2019outil informatique. Le plus souvent, il\/elle pratique une ou plusieurs langues \u00e9trang\u00e8res. Il\/elle s\u2019exprime ais\u00e9ment, soigne sa pr\u00e9sentation, se montre discret\u00b7\u00e8te et honn\u00eate.<\/span><\/p>\n<p style=\"text-align: justify; margin: 0cm 0cm 3.75pt 0cm;\"><span style=\"font-family: 'Calibri',sans-serif; color: #333333;\">Le\u00b7La technicien\u00b7ne commercial-e a acc\u00e8s \u00e0 tous les secteurs de l\u2019activit\u00e9 commerciale. Il\/elle peut \u00e9voluer de vendeur-se \u00e0 d\u00e9l\u00e9gu\u00e9-e commercial-e, chef\u00b7fe de rayon, g\u00e9rant-e de magasin, commer\u00e7ant-e ind\u00e9pendant-e,&#8230;<\/span><\/p>\n<h2>&nbsp;<\/h2>\n<h2>Activit\u00e9s<\/h2>\n<ul>\n<li>Accueillir et informer la client\u00e8le<\/li>\n<li>Appliquer les techniques de marketing<\/li>\n<li>Argumenter et convaincre le client<\/li>\n<li>Communiquer en langues \u00e9trang\u00e8res<\/li>\n<li>R\u00e9diger des documents commerciaux<\/li>\n<li>Assurer le processus d\u2019approvisionnement<\/li>\n<li>Utiliser les logiciels informatiques courants<\/li>\n<li>Respecter les l\u00e9gislations en vigueur<\/li>\n<\/ul>\n<h2>&nbsp;<\/h2>\n<h2>Aptitudes<\/h2>\n<ul>\n<li>Courtois\u00b7e<\/li>\n<li>Perspicace<\/li>\n<li>Convaincant\u00b7e<\/li>\n<li>Diplomate<\/li>\n<\/ul>\n<h2>&nbsp;<\/h2>\n<h2>D\u00e9bouch\u00e9s<\/h2>\n<ul>\n<li>Commerce de d\u00e9tail&nbsp;: magasins d\u2019alimentation g\u00e9n\u00e9rale, d\u2019\u00e9quipements, de biens culturels et de loisirs, march\u00e9s, magasins d\u2019e-commerce, vente par correspondance&#8230;<\/li>\n<li>Commerce de gros&nbsp;: produits agricoles bruts, alimentaires, \u00e9quipements&#8230;<\/li>\n<li>Finances, banques et assurances<\/li>\n<li>Services aux particuliers et aux entreprises<\/li>\n<\/ul>\n<p>&nbsp;<\/p>\n<h2>Grille Horaire<\/h2>\n<p>&nbsp;<\/p>\n<table  class=\" table table-hover\" style=\"width: 483px;\">\n<tbody>\n<tr>\n<td style=\"width: 475px;\" colspan=\"2\">\n<p style=\"text-align: center;\"><strong>3<sup>e<\/sup> ET 4<sup>e<\/sup> TECHNICIEN\u00b7NE COMMERCIAL\u00b7E<\/strong><\/p>\n<\/td>\n<\/tr>\n<tr>\n<td style=\"width: 409px;\">\u00b7&nbsp;&nbsp;&nbsp;&nbsp;&nbsp; Religion<\/p>\n<p>\u00b7&nbsp;&nbsp;&nbsp;&nbsp;&nbsp; \u00c9ducation physique<\/p>\n<p>\u00b7&nbsp;&nbsp;&nbsp;&nbsp;&nbsp; Fran\u00e7ais<\/p>\n<p>\u00b7&nbsp;&nbsp;&nbsp;&nbsp;&nbsp; Formation historique et g\u00e9ographique<\/p>\n<p>\u00b7&nbsp; &nbsp; &nbsp; Formation scientifique<\/p>\n<p>\u00b7&nbsp;&nbsp;&nbsp;&nbsp;&nbsp; Math\u00e9matiques<\/p>\n<p>\u00b7&nbsp;&nbsp;&nbsp;&nbsp;&nbsp; N\u00e9erlandais<\/p>\n<p>\u00b7&nbsp;&nbsp;&nbsp;&nbsp;&nbsp; Anglais<\/p>\n<p>\u00b7&nbsp;&nbsp;&nbsp;&nbsp;&nbsp; \u00c9conomie de l\u2019Entreprise<\/p>\n<p>\u00b7&nbsp;&nbsp;&nbsp;&nbsp;&nbsp; Bureautique<\/p>\n<p>\u00b7&nbsp;&nbsp;&nbsp;&nbsp;&nbsp; Techniques d\u2019accueil, d\u2019organisation et secr\u00e9tariat<\/td>\n<td style=\"width: 66px; text-align: center;\">2h<\/p>\n<p>2h<\/p>\n<p>4h<\/p>\n<p>2h<\/p>\n<p>2h<\/p>\n<p>2h<\/p>\n<p>4h<\/p>\n<p>4h<\/p>\n<p>3h<\/p>\n<p>4h<\/p>\n<p>3h<\/td>\n<\/tr>\n<tr>\n<td style=\"width: 475px;\" colspan=\"2\">\n<p style=\"text-align: center;\">32h<\/p>\n<\/td>\n<\/tr>\n<\/tbody>\n<\/table>\n","protected":false},"excerpt":{"rendered":"<p>TECHNICIEN\u00b7NE COMMERCIAL\u00b7E Le\u00b7La technicien\u00b7ne commercial\u00b7e est un-e vendeur-se qualifi\u00e9\u00b7e qui informe et conseille le client afin de trouver le produit ou le service qui va satisfaire ses besoins. Il\/elle ma\u00eetrise les techniques courantes du marketing et met son expertise au service de l\u2019entreprise en proposant de nouvelles actions susceptibles d\u2019accro\u00eetre les ventes. Il\/elle est polyvalent\u00b7e [&hellip;]<\/p>\n","protected":false},"author":1,"featured_media":0,"parent":0,"menu_order":0,"comment_status":"closed","ping_status":"closed","template":"page-fullwidth.php","meta":{"ngg_post_thumbnail":0},"_links":{"self":[{"href":"https:\/\/www.collegelafraternite.com\/sainte-ursule\/wp-json\/wp\/v2\/pages\/136"}],"collection":[{"href":"https:\/\/www.collegelafraternite.com\/sainte-ursule\/wp-json\/wp\/v2\/pages"}],"about":[{"href":"https:\/\/www.collegelafraternite.com\/sainte-ursule\/wp-json\/wp\/v2\/types\/page"}],"author":[{"embeddable":true,"href":"https:\/\/www.collegelafraternite.com\/sainte-ursule\/wp-json\/wp\/v2\/users\/1"}],"replies":[{"embeddable":true,"href":"https:\/\/www.collegelafraternite.com\/sainte-ursule\/wp-json\/wp\/v2\/comments?post=136"}],"version-history":[{"count":4,"href":"https:\/\/www.collegelafraternite.com\/sainte-ursule\/wp-json\/wp\/v2\/pages\/136\/revisions"}],"predecessor-version":[{"id":2892,"href":"https:\/\/www.collegelafraternite.com\/sainte-ursule\/wp-json\/wp\/v2\/pages\/136\/revisions\/2892"}],"wp:attachment":[{"href":"https:\/\/www.collegelafraternite.com\/sainte-ursule\/wp-json\/wp\/v2\/media?parent=136"}],"curies":[{"name":"wp","href":"https:\/\/api.w.org\/{rel}","templated":true}]}}