{"id":948,"date":"2019-01-30T13:00:20","date_gmt":"2019-01-30T12:00:20","guid":{"rendered":"http:\/\/www.collegelafraternite.com\/sainte-ursule\/?page_id=948"},"modified":"2019-01-30T13:00:20","modified_gmt":"2019-01-30T12:00:20","slug":"le-jeu-dechecs","status":"publish","type":"page","link":"http:\/\/www.collegelafraternite.com\/sainte-ursule\/les-projets-de-l-ecole\/le-jeu-dechecs\/","title":{"rendered":"Le jeu d&rsquo;\u00e9checs"},"content":{"rendered":"<div class=\"panel-group yourcustomclass\" id=\"oscitas-accordion-0\">        <div class=\"panel panel-default\">\n            <div class=\"panel-heading\">\n              <h4 class=\"panel-title\">\n                <a class=\"accordion-toggle collapsed\" data-toggle=\"collapse\"\n                data-parent=\"#oscitas-accordion-0\"\n                href=\"#details-0-0\">\n                Origine et objectifs\n                <\/a>\n              <\/h4>\n            <\/div>\n            <div id=\"details-0-0\" class=\"panel-collapse collapse in\">\n              <div class=\"panel-body\"><\/p>\n<p>Convaincu des bienfaits du Jeu d\u2019\u00e9checs pour le d\u00e9veloppement des comp\u00e9tences des jeunes, le parlement europ\u00e9en invite le 15 mars 2012 les \u00e9tats membres \u00e0 introduire le jeu d\u2019\u00e9checs dans les \u00e9coles (directive europ\u00e9enne P7_TA(2012)0097).<\/p>\n<p>Nous pensons \u00e9galement que la pratique de ce jeu est b\u00e9n\u00e9fique pour nos \u00e9l\u00e8ves. Elle permet entre autres de d\u00e9velopper la concentration, l\u2019analyse d\u2019une situation et la prise de d\u00e9cision.<\/p>\n<p>Le jeu d\u2019\u00e9checs pr\u00f4ne aussi des valeurs morales comme le respect de l\u2019adversaire, des r\u00e8gles, de l\u2019arbitre et de l\u2019esprit du jeu. Mais aussi la ma\u00eetrise de soi et la dignit\u00e9 dans la victoire comme dans la d\u00e9faite. C\u2019est un sport de gentlemen pour des gentlemen.<\/p>\n<p><\/div>\n            <\/div>\n        <\/div>        <div class=\"panel panel-default\">\n            <div class=\"panel-heading\">\n              <h4 class=\"panel-title\">\n                <a class=\"accordion-toggle collapsed\" data-toggle=\"collapse\"\n                data-parent=\"#oscitas-accordion-0\"\n                href=\"#details-0-1\">\n                En pratique\n                <\/a>\n              <\/h4>\n            <\/div>\n            <div id=\"details-0-1\" class=\"panel-collapse collapse \">\n              <div class=\"panel-body\"><\/p>\n<p>Le Coll\u00e8ge organise pour les \u00e9l\u00e8ves du premier degr\u00e9, dans le cadre des activit\u00e9s compl\u00e9mentaires de la sph\u00e8re math\u00e9matique, un atelier \u00ab&nbsp;Jeu d\u2019\u00e9checs&nbsp;\u00bb bas\u00e9 sur l\u2019apprentissage des r\u00e8gles, la r\u00e9solution de probl\u00e8mes logiques et la d\u00e9couverte tactique.<\/p>\n<p>Dans l\u2019ECLF (Espace Culturel La Fraternit\u00e9), des \u00e9chiquiers sont dispos\u00e9s sur les tables et les \u00e9l\u00e8ves peuvent y jouer pendant leurs temps libres. Ils peuvent \u00e9galement y recevoir un apprentissage.<\/p>\n<p>La cellule \u00ab&nbsp;Jeu d\u2019\u00e9checs \u00e0 l\u2019\u00e9cole&nbsp;\u00bb propose la participation \u00e0 des tournois aux \u00e9l\u00e8ves qui le d\u00e9sirent et tous les ans le championnat de la Fraternit\u00e9 est organis\u00e9.<\/p>\n<p><\/div>\n            <\/div>\n        <\/div><\/div>\n","protected":false},"excerpt":{"rendered":"","protected":false},"author":1,"featured_media":0,"parent":55,"menu_order":0,"comment_status":"closed","ping_status":"closed","template":"page-fullwidth.php","meta":{"ngg_post_thumbnail":0},"_links":{"self":[{"href":"http:\/\/www.collegelafraternite.com\/sainte-ursule\/wp-json\/wp\/v2\/pages\/948"}],"collection":[{"href":"http:\/\/www.collegelafraternite.com\/sainte-ursule\/wp-json\/wp\/v2\/pages"}],"about":[{"href":"http:\/\/www.collegelafraternite.com\/sainte-ursule\/wp-json\/wp\/v2\/types\/page"}],"author":[{"embeddable":true,"href":"http:\/\/www.collegelafraternite.com\/sainte-ursule\/wp-json\/wp\/v2\/users\/1"}],"replies":[{"embeddable":true,"href":"http:\/\/www.collegelafraternite.com\/sainte-ursule\/wp-json\/wp\/v2\/comments?post=948"}],"version-history":[{"count":7,"href":"http:\/\/www.collegelafraternite.com\/sainte-ursule\/wp-json\/wp\/v2\/pages\/948\/revisions"}],"predecessor-version":[{"id":3278,"href":"http:\/\/www.collegelafraternite.com\/sainte-ursule\/wp-json\/wp\/v2\/pages\/948\/revisions\/3278"}],"up":[{"embeddable":true,"href":"http:\/\/www.collegelafraternite.com\/sainte-ursule\/wp-json\/wp\/v2\/pages\/55"}],"wp:attachment":[{"href":"http:\/\/www.collegelafraternite.com\/sainte-ursule\/wp-json\/wp\/v2\/media?parent=948"}],"curies":[{"name":"wp","href":"https:\/\/api.w.org\/{rel}","templated":true}]}}