{"id":92,"date":"2018-02-06T09:02:14","date_gmt":"2018-02-06T08:02:14","guid":{"rendered":"http:\/\/www.onmangecamp.be\/frat\/?page_id=92"},"modified":"2018-12-09T14:16:34","modified_gmt":"2018-12-09T13:16:34","slug":"92-2","status":"publish","type":"page","link":"http:\/\/www.collegelafraternite.com\/sainte-ursule\/92-2\/","title":{"rendered":"PREMIER DEGR\u00c9 COMMUN"},"content":{"rendered":"<h1>1<sup>re<\/sup> et 2<sup>e<\/sup> COMMUNES (1<sup>re<\/sup> C ET 2<sup>e<\/sup> C)<\/h1>\n<p>&nbsp;<\/p>\n<h2>Axes de Formation<\/h2>\n<p>Ces deux ann\u00e9es poursuivent les quatre objectifs suivants:<\/p>\n<ul>\n<li>La ma\u00eetrise des connaissances fondamentales dans les diverses disciplines.<\/li>\n<li>L\u2019apprentissage des d\u00e9marches qui permettent l\u2019acquisition de nouvelles comp\u00e9tences.<\/li>\n<li>La gestion des informations diverses et l\u2019adaptation constante aux r\u00e9alit\u00e9s du moment.<\/li>\n<li>Le d\u00e9veloppement global de l\u2019\u00e9l\u00e8ve: il doit pouvoir affirmer son identit\u00e9, structurer sa personnalit\u00e9, acqu\u00e9rir petit \u00e0 petit son autonomie et donner un sens \u00e0 ses projets afin de permettre une orientation judicieuse en fin de degr\u00e9.<\/li>\n<\/ul>\n<p>&nbsp;<\/p>\n<h2>Grille Horaire<\/h2>\n<table  class=\" table table-hover\" style=\"width: 560px;\">\n<tbody>\n<tr>\n<td style=\"width: 544px;\" colspan=\"3\">\n<p style=\"text-align: center;\"><strong>1<sup>re<\/sup> C<\/strong><\/p>\n<\/td>\n<\/tr>\n<tr>\n<td style=\"width: 153px;\">Formation commune<\/td>\n<td style=\"width: 304px;\">\u00b7&nbsp;&nbsp;&nbsp;&nbsp;&nbsp; Religion<\/p>\n<p>\u00b7&nbsp;&nbsp;&nbsp;&nbsp;&nbsp; \u00c9ducation physique<\/p>\n<p>\u00b7&nbsp;&nbsp;&nbsp;&nbsp;&nbsp; Fran\u00e7ais<\/p>\n<p>\u00b7&nbsp;&nbsp;&nbsp;&nbsp;&nbsp; Math\u00e9matiques<\/p>\n<p>\u00b7&nbsp;&nbsp;&nbsp;&nbsp;&nbsp; N\u00e9erlandais<\/p>\n<p>\u00b7&nbsp;&nbsp;&nbsp;&nbsp;&nbsp; \u00c9tude du milieu<\/p>\n<p>\u00b7&nbsp;&nbsp;&nbsp;&nbsp;&nbsp; Sciences<\/p>\n<p>\u00b7&nbsp;&nbsp;&nbsp;&nbsp;&nbsp; \u00c9ducation par la Technologie<\/p>\n<p>\u00b7&nbsp;&nbsp;&nbsp;&nbsp;&nbsp; \u00c9ducation artistique<\/td>\n<td style=\"width: 87px;\">\n<p style=\"text-align: center;\">2h<\/p>\n<p style=\"text-align: center;\">3h<\/p>\n<p style=\"text-align: center;\">6h<\/p>\n<p style=\"text-align: center;\">4h<\/p>\n<p style=\"text-align: center;\">4h<\/p>\n<p style=\"text-align: center;\">4h<\/p>\n<p style=\"text-align: center;\">3h<\/p>\n<p style=\"text-align: center;\">1h<\/p>\n<p style=\"text-align: center;\">1h<\/p>\n<\/td>\n<\/tr>\n<tr>\n<td style=\"width: 153px;\">Activit\u00e9s compl\u00e9mentaires<\/td>\n<td style=\"width: 304px;\">&nbsp;<\/p>\n<p>Des activit\u00e9s pour travailler les comp\u00e9tences du CE1D diff\u00e9remment&nbsp;:<\/p>\n<p>\u00b7&nbsp;&nbsp;&nbsp;&nbsp;&nbsp; Jeux d\u2019\u00e9checs<\/p>\n<p>\u00b7&nbsp;&nbsp;&nbsp;&nbsp;&nbsp; Math sur ordinateur<\/p>\n<p>\u00b7&nbsp;&nbsp;&nbsp;&nbsp;&nbsp; Philosophie<\/p>\n<p>\u00b7&nbsp;&nbsp;&nbsp;&nbsp;&nbsp; Th\u00e9\u00e2tre<\/p>\n<p>\u00b7&nbsp;&nbsp;&nbsp;&nbsp;&nbsp; Atelier d\u2019\u00e9criture<\/p>\n<p>\u00b7&nbsp;&nbsp;&nbsp;&nbsp;&nbsp; Actualit\u00e9<\/p>\n<p>\u00b7&nbsp;&nbsp;&nbsp;&nbsp;&nbsp; Etc.<\/p>\n<p>&nbsp;<\/td>\n<td style=\"width: 87px;\">\n<p style=\"text-align: center;\">2h<\/p>\n<\/td>\n<\/tr>\n<tr>\n<td style=\"width: 544px;\" colspan=\"3\">\n<p style=\"text-align: center;\">30h<\/p>\n<\/td>\n<\/tr>\n<\/tbody>\n<\/table>\n<p>&nbsp;<\/p>\n<p>&nbsp;<\/p>\n<table  class=\" table table-hover\" style=\"width: 557px;\">\n<tbody>\n<tr>\n<td style=\"width: 539px; text-align: center;\" colspan=\"3\"><strong>2<sup>e<\/sup> C<\/strong><\/td>\n<\/tr>\n<tr>\n<td style=\"width: 153px;\">Formation commune<\/td>\n<td style=\"width: 299px;\">\u00b7&nbsp;&nbsp;&nbsp;&nbsp;&nbsp; Religion<\/p>\n<p>\u00b7&nbsp;&nbsp;&nbsp;&nbsp;&nbsp; \u00c9ducation physique<\/p>\n<p>\u00b7&nbsp;&nbsp;&nbsp;&nbsp;&nbsp; Fran\u00e7ais<\/p>\n<p>\u00b7&nbsp;&nbsp;&nbsp;&nbsp;&nbsp; Math\u00e9matiques<\/p>\n<p>\u00b7&nbsp;&nbsp;&nbsp;&nbsp;&nbsp; N\u00e9erlandais<\/p>\n<p>\u00b7&nbsp;&nbsp;&nbsp;&nbsp;&nbsp; \u00c9tude du milieu<\/p>\n<p>\u00b7&nbsp;&nbsp;&nbsp;&nbsp;&nbsp; Sciences<\/p>\n<p>\u00b7&nbsp;&nbsp;&nbsp;&nbsp;&nbsp; \u00c9ducation par la Technologie<\/p>\n<p>\u00b7&nbsp;&nbsp;&nbsp;&nbsp;&nbsp; \u00c9ducation artistique<\/td>\n<td style=\"width: 87px; text-align: center;\">2h<\/p>\n<p>3h<\/p>\n<p>5h<\/p>\n<p>5h<\/p>\n<p>4h<\/p>\n<p>4h<\/p>\n<p>3h<\/p>\n<p>1h<\/p>\n<p>1h<\/td>\n<\/tr>\n<tr>\n<td style=\"width: 153px;\">Activit\u00e9s compl\u00e9mentaires<\/td>\n<td style=\"width: 299px;\">&nbsp;<\/p>\n<p>Des activit\u00e9s pour travailler les comp\u00e9tences du CE1D diff\u00e9remment&nbsp;:<\/p>\n<p>\u00b7&nbsp;&nbsp;&nbsp;&nbsp;&nbsp; Jeux d\u2019\u00e9checs<\/p>\n<p>\u00b7&nbsp;&nbsp;&nbsp;&nbsp;&nbsp; Math sur ordinateur<\/p>\n<p>\u00b7&nbsp;&nbsp;&nbsp;&nbsp;&nbsp; Philosophie<\/p>\n<p>\u00b7&nbsp;&nbsp;&nbsp;&nbsp;&nbsp; Th\u00e9\u00e2tre<\/p>\n<p>\u00b7&nbsp;&nbsp;&nbsp;&nbsp;&nbsp; Atelier d\u2019\u00e9criture<\/p>\n<p>\u00b7&nbsp;&nbsp;&nbsp;&nbsp;&nbsp; Actualit\u00e9<\/p>\n<p>\u00b7&nbsp;&nbsp;&nbsp;&nbsp;&nbsp; Etc.<\/p>\n<p>&nbsp;<\/td>\n<td style=\"width: 87px; text-align: center;\">2h<\/td>\n<\/tr>\n<tr>\n<td style=\"width: 539px;\" colspan=\"3\">\n<p style=\"text-align: center;\">30h<\/p>\n<\/td>\n<\/tr>\n<\/tbody>\n<\/table>\n<p>&nbsp;<\/p>\n","protected":false},"excerpt":{"rendered":"<p>1re et 2e COMMUNES (1re C ET 2e C) &nbsp; Axes de Formation Ces deux ann\u00e9es poursuivent les quatre objectifs suivants: La ma\u00eetrise des connaissances fondamentales dans les diverses disciplines. L\u2019apprentissage des d\u00e9marches qui permettent l\u2019acquisition de nouvelles comp\u00e9tences. La gestion des informations diverses et l\u2019adaptation constante aux r\u00e9alit\u00e9s du moment. Le d\u00e9veloppement global de [&hellip;]<\/p>\n","protected":false},"author":1,"featured_media":0,"parent":0,"menu_order":0,"comment_status":"closed","ping_status":"closed","template":"page-fullwidth.php","meta":{"ngg_post_thumbnail":0},"_links":{"self":[{"href":"http:\/\/www.collegelafraternite.com\/sainte-ursule\/wp-json\/wp\/v2\/pages\/92"}],"collection":[{"href":"http:\/\/www.collegelafraternite.com\/sainte-ursule\/wp-json\/wp\/v2\/pages"}],"about":[{"href":"http:\/\/www.collegelafraternite.com\/sainte-ursule\/wp-json\/wp\/v2\/types\/page"}],"author":[{"embeddable":true,"href":"http:\/\/www.collegelafraternite.com\/sainte-ursule\/wp-json\/wp\/v2\/users\/1"}],"replies":[{"embeddable":true,"href":"http:\/\/www.collegelafraternite.com\/sainte-ursule\/wp-json\/wp\/v2\/comments?post=92"}],"version-history":[{"count":1,"href":"http:\/\/www.collegelafraternite.com\/sainte-ursule\/wp-json\/wp\/v2\/pages\/92\/revisions"}],"predecessor-version":[{"id":860,"href":"http:\/\/www.collegelafraternite.com\/sainte-ursule\/wp-json\/wp\/v2\/pages\/92\/revisions\/860"}],"wp:attachment":[{"href":"http:\/\/www.collegelafraternite.com\/sainte-ursule\/wp-json\/wp\/v2\/media?parent=92"}],"curies":[{"name":"wp","href":"https:\/\/api.w.org\/{rel}","templated":true}]}}