{"id":912,"date":"2018-12-15T14:39:57","date_gmt":"2018-12-15T13:39:57","guid":{"rendered":"http:\/\/www.collegelafraternite.com\/sainte-ursule\/?page_id=912"},"modified":"2018-12-15T17:19:44","modified_gmt":"2018-12-15T16:19:44","slug":"__trashed","status":"publish","type":"page","link":"http:\/\/www.collegelafraternite.com\/sainte-ursule\/les-projets-de-l-ecole\/__trashed\/","title":{"rendered":"Le Caf\u00e9-Philo"},"content":{"rendered":"<div class=\"panel-group yourcustomclass\" id=\"oscitas-accordion-0\">        <div class=\"panel panel-default\">\n            <div class=\"panel-heading\">\n              <h4 class=\"panel-title\">\n                <a class=\"accordion-toggle collapsed\" data-toggle=\"collapse\"\n                data-parent=\"#oscitas-accordion-0\"\n                href=\"#details-0-0\">\n                Naissance du Caf\u00e9-Philo\n                <\/a>\n              <\/h4>\n            <\/div>\n            <div id=\"details-0-0\" class=\"panel-collapse collapse in\">\n              <div class=\"panel-body\">L&rsquo;id\u00e9e du Caf\u00e9-Philo est de r\u00e9unir un groupe h\u00e9t\u00e9rog\u00e8ne (\u00e9l\u00e8ves de tous degr\u00e9s et de toutes sections, professeurs, membres de la direction, secr\u00e9taires, personnel ouvrier, &#8230;) pour d\u00e9battre d&rsquo;une question \u00ab fondamentale \u00bb durant un temps de midi autour d\u2019une tasse de caf\u00e9 ou d\u2019un verre de jus de fruits.<\/p>\n<p>Il n&rsquo;y a aucun enjeu, sauf l&rsquo;envie et la possibilit\u00e9 de s&rsquo;exprimer librement et en toute \u00e9galit\u00e9 (la parole d\u2019un adulte = la parole d\u2019un jeune), de confronter ses id\u00e9es \u00e0 celles des autres.<\/p>\n<p>Quiconque souhaite voir traiter une question au Caf\u00e9-Philo peut en faire la suggestion et animer le Caf\u00e9.<\/p>\n<p>Les r\u00e8gles de base sont rappel\u00e9es \u00e0 chaque fois : demander la parole \u00e0 l\u2019animateur \/ ce qui se dit au Caf\u00e9-philo reste au Caf\u00e9-Philo \/ on ne juge pas ce qui se dit.<\/p>\n<p>Depuis 2 ann\u00e9es, le Caf\u00e9-Philo a son local, dans un coin du Coll\u00e8ge recul\u00e9 et au calme. Il se tient 1x\/ semaine le jeudi. <\/div>\n            <\/div>\n        <\/div>        <div class=\"panel panel-default\">\n            <div class=\"panel-heading\">\n              <h4 class=\"panel-title\">\n                <a class=\"accordion-toggle collapsed\" data-toggle=\"collapse\"\n                data-parent=\"#oscitas-accordion-0\"\n                href=\"#details-0-1\">\n                Pr\u00e9sentation du Caf\u00e9-Philo\n                <\/a>\n              <\/h4>\n            <\/div>\n            <div id=\"details-0-1\" class=\"panel-collapse collapse in\">\n              <div class=\"panel-body\"> <strong>Qu\u2019est-ce que c\u2019est ?<\/strong><\/p>\n<p>Le Caf\u00e9-Philo c\u2019est un endroit o\u00f9 des personnes qui en ont envie se retrouvent pour discuter sur un sujet. On y mange, on y boit tout en parlant. Cet \u00e9change d\u2019id\u00e9es se d\u00e9roule dans une totale LIBERT\u00c9, une \u00c9GALIT\u00c9 parfaite et un esprit de FRATERNIT\u00c9 : on peut tout dire, tout le monde peut dire et on dit ce que l\u2019on a \u00e0 dire avec bienveillance.<\/p>\n<p><strong>Dans quel but ?<\/strong><\/p>\n<p>Il n&rsquo;y a aucun enjeu, sauf l&rsquo;envie et la possibilit\u00e9 de s&rsquo;exprimer librement et en toute \u00e9galit\u00e9, de confronter ses id\u00e9es \u00e0 celles des autres et de mener ensemble une r\u00e9flexion. Le Caf\u00e9-Philo n\u2019est donc pas un endroit o\u00f9 on r\u00e8gle ses comptes et ce n\u2019est ni un Conseil de Classe ni un Conseil citoyen.<\/p>\n<p><strong>Pour qui ?<\/strong><\/p>\n<p>Tout le monde peut y venir quelle que soit son origine, sa formation, ses croyances, \u2026! Il n\u2019y a pas besoin de s\u2019y conna\u00eetre en philosophie pour contribuer \u00e0 la r\u00e9flexion ! Tout le monde, c\u2019est-\u00e0-dire tous les \u00e9l\u00e8ves &#8211; toutes sections et toutes ann\u00e9es confondues &#8211; tous les professeurs, les \u00e9ducateurs, les membres de la direction, le personnel ouvrier, le personnel administratif, \u2026 tout le monde est bienvenu ! D\u2019ailleurs, plus la diversit\u00e9 des participants est grande, plus les \u00e9changes sont riches. Et quiconque souhaite y traiter d\u2019une question pr\u00e9cise peut en faire la suggestion et animer le d\u00e9bat.<\/p>\n<p><strong>O\u00f9 ?<\/strong> Au local du Caf\u00e9-Philo au sous-sol. Rendez-vous \u00e0 la porte verte dans la cour de r\u00e9cr\u00e9ation.<\/p>\n<p><strong>A quel intervalle ?<\/strong> 1 x par semaine<\/p>\n<p><strong>A quelle heure ?<\/strong> Sur le temps de midi, le jeudi de 13h \u00e0 13h40.<\/p>\n<p><strong>Comment ?<\/strong><\/p>\n<p>Un questionnement est affich\u00e9 \u00e0 quelques endroits strat\u00e9giques dans l\u2019\u00e9cole. Les personnes qui sont int\u00e9ress\u00e9es par le sujet et souhaitent participer viennent s\u2019inscrire au pr\u00e9alable aupr\u00e8s de Mme Parsy ou d\u2019un pilier pour \u00e9viter un trop grand nombre de participants (25 au maximum). <\/div>\n            <\/div>\n        <\/div>        <div class=\"panel panel-default\">\n            <div class=\"panel-heading\">\n              <h4 class=\"panel-title\">\n                <a class=\"accordion-toggle collapsed\" data-toggle=\"collapse\"\n                data-parent=\"#oscitas-accordion-0\"\n                href=\"#details-0-2\">\n                Ce qu'en disent les \u00e9l\u00e8ves\n                <\/a>\n              <\/h4>\n            <\/div>\n            <div id=\"details-0-2\" class=\"panel-collapse collapse \">\n              <div class=\"panel-body\">\u2022 \u00ab\u00a0J\u2019aime le caf\u00e9-philo car c\u2019est un lieu, non, une famille avec laquelle je peux partager mes pens\u00e9es sans peur d\u2019\u00eatre jug\u00e9.\u00a0\u00bb&nbsp;<em>Sebastian<\/em><\/p>\n<p>\u2022 \u00ab\u00a0Le caf\u00e9-philo m\u2019apporte hebdomadairement une ouverture d\u2019esprit nouvelle. Au del\u00e0 d\u2019\u00eatre un projet et lieu d\u2019\u00e9change, c\u2019est un lieu d\u2019ouverture \u00e0 soi et d\u2019ouverture aux autres.\u00a0\u00bb&nbsp;<em>Salima<\/em><\/p>\n<p>\u2022 \u00ab\u00a050 minutes de plaisir et d\u2019apprentissages chaque mardi, de d\u00e9couvertes et de partage avec un d\u00e9licieux caf\u00e9 (sans sucre).\u00a0\u00bb&nbsp;<em>Ibrahim<\/em><\/p>\n<p>\u2022 \u00ab\u00a0Le caf\u00e9-philo apporte de l\u2019\u00e9change, permet d\u2019\u00e9voluer, nous force \u00e0 mieux nous exprimer, \u00e0 envisager d\u2019autres points de vue existants, permet d\u2019\u00eatre plus tol\u00e9rant et enfin, de boire un caf\u00e9.\u00a0\u00bb&nbsp;<em>Jabir<\/em><\/p>\n<p>\u2022 \u00ab\u00a0Le caf\u00e9-philo nous permet d\u2019avoir plusieurs points de vue sur un m\u00eame sujet et de comprendre le point de vue des autres. Il nous permet aussi de parler ou d\u2019animer des d\u00e9bats sur des sujets que nous n\u2019osons pas discuter en cours, sans se g\u00eaner.\u00a0\u00bb&nbsp;<em>G\u00fcll\u00fc<\/em><\/p>\n<p>\u2022 \u00ab\u00a0J\u2019ai appris \u00e0 respecter les id\u00e9es des autres, \u00e0 \u00e9changer mes id\u00e9es avec les autres dans le respect et sans jugement.\u00a0\u00bb&nbsp;<em>Berna<\/em><\/p>\n<p>\u2022 \u00ab\u00a0Le caf\u00e9-philo m\u2019apporte une sorte de libert\u00e9 d\u2019expression. J\u2019y vais parce que je passe un bon moment et \u00e7a m\u2019aide \u00e0 m\u2019exprimer librement, \u00e0 me faire un avis et parce que j\u2019ai mon mot \u00e0 dire. On est tous \u00e9gaux, profs et \u00e9l\u00e8ves. Chaque avis compte.\u00a0\u00bb&nbsp;<em>Hadja<\/em><\/p>\n<p>\u2022 \u00ab\u00a0\u00c7a me permet de m\u2019exprimer sur des sujets qui me tiennent \u00e0 c\u0153ur sans \u00eatre jug\u00e9.\u00a0\u00bb&nbsp;<em>Ippon<\/em> <\/div>\n            <\/div>\n        <\/div><\/div>\n","protected":false},"excerpt":{"rendered":"","protected":false},"author":1,"featured_media":918,"parent":55,"menu_order":0,"comment_status":"closed","ping_status":"closed","template":"page-fullwidth.php","meta":{"ngg_post_thumbnail":0},"_links":{"self":[{"href":"http:\/\/www.collegelafraternite.com\/sainte-ursule\/wp-json\/wp\/v2\/pages\/912"}],"collection":[{"href":"http:\/\/www.collegelafraternite.com\/sainte-ursule\/wp-json\/wp\/v2\/pages"}],"about":[{"href":"http:\/\/www.collegelafraternite.com\/sainte-ursule\/wp-json\/wp\/v2\/types\/page"}],"author":[{"embeddable":true,"href":"http:\/\/www.collegelafraternite.com\/sainte-ursule\/wp-json\/wp\/v2\/users\/1"}],"replies":[{"embeddable":true,"href":"http:\/\/www.collegelafraternite.com\/sainte-ursule\/wp-json\/wp\/v2\/comments?post=912"}],"version-history":[{"count":21,"href":"http:\/\/www.collegelafraternite.com\/sainte-ursule\/wp-json\/wp\/v2\/pages\/912\/revisions"}],"predecessor-version":[{"id":938,"href":"http:\/\/www.collegelafraternite.com\/sainte-ursule\/wp-json\/wp\/v2\/pages\/912\/revisions\/938"}],"up":[{"embeddable":true,"href":"http:\/\/www.collegelafraternite.com\/sainte-ursule\/wp-json\/wp\/v2\/pages\/55"}],"wp:featuredmedia":[{"embeddable":true,"href":"http:\/\/www.collegelafraternite.com\/sainte-ursule\/wp-json\/wp\/v2\/media\/918"}],"wp:attachment":[{"href":"http:\/\/www.collegelafraternite.com\/sainte-ursule\/wp-json\/wp\/v2\/media?parent=912"}],"curies":[{"name":"wp","href":"https:\/\/api.w.org\/{rel}","templated":true}]}}