{"id":68,"date":"2018-01-29T11:44:38","date_gmt":"2018-01-29T10:44:38","guid":{"rendered":"http:\/\/www.onmangecamp.be\/frat\/?page_id=68"},"modified":"2024-09-06T10:37:40","modified_gmt":"2024-09-06T08:37:40","slug":"reglement","status":"publish","type":"page","link":"http:\/\/www.collegelafraternite.com\/sainte-ursule\/reglement\/","title":{"rendered":"R\u00e8glement"},"content":{"rendered":"<h1>\u00caTRE PARENT D\u2019UN JEUNE AU COLL\u00c8GE LA FRATERNIT\u00c9 : CE QUE VOUS DEVEZ ABSOLUMENT SAVOIR.<\/h1>\n<p>En inscrivant votre enfant dans notre Coll\u00e8ge, vous nous le confiez. Par ce document, vous marquez votre accord avec les projets et r\u00e8glements de l\u2019\u00e9cole dont voici quelques \u00e9l\u00e9ments.<\/p>\n<h2>Les contacts<\/h2>\n<p>Les contacts sont tr\u00e8s importants pour que nous collaborions tous ensemble \u00e0 l\u2019\u00e9panouissement et la r\u00e9ussite de votre jeune. C\u2019est pourquoi, nous vous demandons :<\/p>\n<ul>\n<li>de venir l\u2019inscrire ;<\/li>\n<li>d\u2019assister \u00e0 toutes les r\u00e9unions de parents et remises des bulletins (d\u00e9but d\u2019ann\u00e9e et toutes les fins de trimestre) ;<\/li>\n<li>de venir, \u00e0 l\u2019\u00e9cole, aux rendez-vous fix\u00e9s par une des personnes du Coll\u00e8ge (Directeur, Pr\u00e9fet, Titulaire, Educateurs, Enseignants\u2026) ;<\/li>\n<li>de nous pr\u00e9venir si vous changez d\u2019adresse ou de num\u00e9ro de t\u00e9l\u00e9phone, mais aussi si un changement important devait survenir dans votre famille.<\/li>\n<\/ul>\n<p>En tant que Parents, int\u00e9ressez-vous \u00e0 la scolarit\u00e9 de votre enfant. Demandez-lui ce qu\u2019il a fait durant la journ\u00e9e. Aidez-le ou demandez de l\u2019aide si vous le trouvez en difficult\u00e9.<\/p>\n<p>Num\u00e9ro de t\u00e9l\u00e9phone utile : ACCUEIL : 02\/426.71.14<\/p>\n<p>Toutefois, l\u2019\u00e9cole n\u2019est pas un lieu public. Il faut prendre rendez-vous avant d\u2019\u00eatre re\u00e7u par l\u2019une ou l\u2019autre personne.<\/p>\n<p>La pr\u00e9sence \u00e0 l\u2019\u00e9cole<\/p>\n<p>Pour recevoir l\u2019enseignement que votre jeune vient chercher au Coll\u00e8ge, nous vous demandons de veiller \u00e0 sa pr\u00e9sence et sa ponctualit\u00e9 :<\/p>\n<ul>\n<li>il doit \u00eatre l\u00e0, tous les jours (pas de rendez-vous ou de visite m\u00e9dicale durant les heures de cours) ;<\/li>\n<li>il doit \u00eatre \u00e0 l\u2019heure ;<\/li>\n<li>il doit participer \u00e0 tous les cours et \u00e0 toutes les activit\u00e9s li\u00e9es \u00e0 l\u2019\u00e9cole.<\/li>\n<\/ul>\n<p>S\u2019il devait absolument s\u2019absenter ou arriver en retard, il faut nous pr\u00e9venir et t\u00e9l\u00e9phoner \u00e0 l\u2019\u00e9cole au 02\/426.71.14. Ensuite, vous devez justifier cette non-pr\u00e9sence au cours, dans les r\u00e8gles pr\u00e9vues dans le r\u00e8glement d\u2019ordre int\u00e9rieur, t\u00e9l\u00e9chargeable ci-dessous.<\/p>\n<p>&nbsp;<\/p>\n<h2>Le mat\u00e9riel scolaire<\/h2>\n<p>Suivre les cours demande que l\u2019\u00e9l\u00e8ve ait tout son mat\u00e9riel scolaire. Tous les jours, il doit se munir de son cartable et\/ou sac de cours.<\/p>\n<p>Ce cartable doit contenir le journal de classe, un cahier de brouillon, des feuilles, un plumier complet ainsi que les cahiers, livres, classeurs et mat\u00e9riel des cours pr\u00e9vus pour la journ\u00e9e (voir horaire du jour).<\/p>\n<p>Nous vous demandons de veiller \u00e0 ce qu\u2019il ait, pour le 15 septembre au plus tard, le mat\u00e9riel et les manuels demand\u00e9s.<\/p>\n<p>Par respect pour tous et pour vos finances, il doit garder ce mat\u00e9riel pr\u00e9cieusement tout au long de l\u2019ann\u00e9e.<\/p>\n<p>Certains objets ne sont pas utiles et m\u00eames interdits dans l\u2019\u00e9cole (GSM, IPod, MP3\u2026). Demandez \u00e0 votre jeune de le laisser \u00e0 la maison. Il est beaucoup plus important qu\u2019il se concentre sur ses \u00e9tudes.<\/p>\n<h2>&nbsp;<\/h2>\n<h2>La tenue vestimentaire<\/h2>\n<p>Comme vous le savez, on s\u2019habille pour venir \u00e0 l\u2019\u00e9cole, avec une tenue sobre, classique et adapt\u00e9e au travail. Les fantaisies sont \u00e0 garder pour les loisirs ou vacances.<\/p>\n<p>Pour certains cours (\u00c9ducation physique, cours \u00e0 options ou autres), une tenue sp\u00e9cifique est demand\u00e9e (voir R.O.I).<\/p>\n<p>Nous vous demandons de veiller \u00e0 ce que tout se passe normalement afin que nous n\u2019ayons pas \u00e0 perdre de temps avec ce genre de questions.<\/p>\n<p>&nbsp;<\/p>\n<h2>Le journal de classe<\/h2>\n<p>Le journal de classe est un des moyens de communication entre vous et le Coll\u00e8ge. Il faut :<\/p>\n<ul>\n<li>en d\u00e9but d\u2019ann\u00e9e, lire enti\u00e8rement les premi\u00e8res pages avec votre jeune. Ensuite, signer en fin de texte \u00e0 l\u2019endroit r\u00e9serv\u00e9 pour votre signature&nbsp;<\/li>\n<li>que votre fille\/fils le transporte tous les jours. Nous vous demandons de le regarder (mati\u00e8res vues pendant la journ\u00e9e, travaux \u00e0 faire pour le lendemain ou les jours suivants, communications et remarques des professeurs ou \u00e9ducateurs\u2026). Chaque remarque, chaque retard ou licenciement doit \u00eatre sign\u00e9&nbsp;<\/li>\n<li>en fin de semaine, vous devez le signer dans le bas de la page de droite.<\/li>\n<\/ul>\n<p>&nbsp;<\/p>\n<h2>Smartschool<\/h2>\n<div class=\"page\" title=\"Page 5\">\n<div class=\"layoutArea\">\n<div class=\"column\">\n<p>En de\u0301but d\u2019anne\u0301e, l\u2019e\u0301le\u0300ve rec\u0327oit ses codes d\u2019activation pour la plateforme Smartschool ainsi qu\u2019une adresse e\u0301lectronique. Lorsque cela lui sera demande\u0301, il doit les activer. L&rsquo;\u00e9l\u00e8ve et ses parents sont tenus de consulter Smartschool chaque jour afin de pouvoir prendre connaissance et de re\u0301aliser les diffe\u0301rentes ta\u0302ches d\u2019apprentissage ou de reme\u0301diation qui seront propose\u0301es \u00e0 l&rsquo;\u00e9l\u00e8ve.<\/p>\n<p>&nbsp;<\/p>\n<\/div>\n<\/div>\n<\/div>\n<h2>Le travail scolaire<\/h2>\n<p>Ce qui est appris, en classe durant la journ\u00e9e, doit s\u2019exercer ou s\u2019\u00e9tudier le soir \u00e0 la maison.<\/p>\n<p>Tous les soirs, veillez \u00e0 ce que votre enfant travaille, dans le calme, pour qu\u2019il rende les travaux \u00e0 temps et r\u00e9ussisse les interrogations.<\/p>\n<p>Durant les p\u00e9riodes d\u2019examens, il faut que le travail soit encore plus important.<\/p>\n<p>&nbsp;<\/p>\n","protected":false},"excerpt":{"rendered":"<p>\u00caTRE PARENT D\u2019UN JEUNE AU COLL\u00c8GE LA FRATERNIT\u00c9 : CE QUE VOUS DEVEZ ABSOLUMENT SAVOIR. En inscrivant votre enfant dans notre Coll\u00e8ge, vous nous le confiez. Par ce document, vous marquez votre accord avec les projets et r\u00e8glements de l\u2019\u00e9cole dont voici quelques \u00e9l\u00e9ments. Les contacts Les contacts sont tr\u00e8s importants pour que nous collaborions [&hellip;]<\/p>\n","protected":false},"author":1,"featured_media":0,"parent":0,"menu_order":0,"comment_status":"closed","ping_status":"closed","template":"page-fullwidth.php","meta":{"ngg_post_thumbnail":0},"_links":{"self":[{"href":"http:\/\/www.collegelafraternite.com\/sainte-ursule\/wp-json\/wp\/v2\/pages\/68"}],"collection":[{"href":"http:\/\/www.collegelafraternite.com\/sainte-ursule\/wp-json\/wp\/v2\/pages"}],"about":[{"href":"http:\/\/www.collegelafraternite.com\/sainte-ursule\/wp-json\/wp\/v2\/types\/page"}],"author":[{"embeddable":true,"href":"http:\/\/www.collegelafraternite.com\/sainte-ursule\/wp-json\/wp\/v2\/users\/1"}],"replies":[{"embeddable":true,"href":"http:\/\/www.collegelafraternite.com\/sainte-ursule\/wp-json\/wp\/v2\/comments?post=68"}],"version-history":[{"count":8,"href":"http:\/\/www.collegelafraternite.com\/sainte-ursule\/wp-json\/wp\/v2\/pages\/68\/revisions"}],"predecessor-version":[{"id":2938,"href":"http:\/\/www.collegelafraternite.com\/sainte-ursule\/wp-json\/wp\/v2\/pages\/68\/revisions\/2938"}],"wp:attachment":[{"href":"http:\/\/www.collegelafraternite.com\/sainte-ursule\/wp-json\/wp\/v2\/media?parent=68"}],"curies":[{"name":"wp","href":"https:\/\/api.w.org\/{rel}","templated":true}]}}