{"id":662,"date":"2018-11-30T09:50:28","date_gmt":"2018-11-30T08:50:28","guid":{"rendered":"http:\/\/www.onmangecamp.be\/testecole\/?page_id=662"},"modified":"2019-07-02T19:48:16","modified_gmt":"2019-07-02T17:48:16","slug":"inscription-pour-les-2e-et-3e-degres","status":"publish","type":"page","link":"http:\/\/www.collegelafraternite.com\/sainte-ursule\/inscription-pour-les-2e-et-3e-degres\/","title":{"rendered":"Inscription pour le 2e et le 3e degr\u00e9"},"content":{"rendered":"<h5><strong>Les inscriptions se font sur rendez-vous par t\u00e9l\u00e9phone<\/strong>&nbsp;(02 426 71 14)<\/h5>\n<p>Veuillez vous munir :<\/p>\n<p>\u00b7&nbsp; &nbsp; &nbsp; &nbsp;du dernier bulletin<\/p>\n<p>\u00b7&nbsp; &nbsp; &nbsp; &nbsp;de la carte d\u2019identit\u00e9 de l\u2019\u00e9l\u00e8ve<\/p>\n<p>\u00b7&nbsp; &nbsp; &nbsp; &nbsp;de la carte d\u2019identit\u00e9 du parent ou tuteur l\u00e9gal&nbsp;si l\u2019\u00e9l\u00e8ve est mineur<\/p>\n<p>\u00b7&nbsp; &nbsp; &nbsp; &nbsp;de 80 \u20ac pour acompte sur les frais scolaires<\/p>\n<p>\u00b7&nbsp;&nbsp;&nbsp;&nbsp;&nbsp;&nbsp; Les \u00e9l\u00e8ves majeurs de nationalit\u00e9 \u00e9trang\u00e8re doivent se munir d\u2019une composition de m\u00e9nage (Sinon, ils devront s\u2019acquitter d\u2019un minerval de 868\u20ac)<\/p>\n<p>\u00b7&nbsp;&nbsp;&nbsp;&nbsp;&nbsp;&nbsp; La pr\u00e9sence d\u2019un parent ou tuteur l\u00e9gal est obligatoire&nbsp;si l\u2019\u00e9l\u00e8ve est mineur<\/p>\n","protected":false},"excerpt":{"rendered":"<p>Les inscriptions se font sur rendez-vous par t\u00e9l\u00e9phone&nbsp;(02 426 71 14) Veuillez vous munir : \u00b7&nbsp; &nbsp; &nbsp; &nbsp;du dernier bulletin \u00b7&nbsp; &nbsp; &nbsp; &nbsp;de la carte d\u2019identit\u00e9 de l\u2019\u00e9l\u00e8ve \u00b7&nbsp; &nbsp; &nbsp; &nbsp;de la carte d\u2019identit\u00e9 du parent ou tuteur l\u00e9gal&nbsp;si l\u2019\u00e9l\u00e8ve est mineur \u00b7&nbsp; &nbsp; &nbsp; &nbsp;de 80 \u20ac pour acompte sur les [&hellip;]<\/p>\n","protected":false},"author":1,"featured_media":0,"parent":0,"menu_order":0,"comment_status":"closed","ping_status":"closed","template":"page-fullwidth.php","meta":{"ngg_post_thumbnail":0},"_links":{"self":[{"href":"http:\/\/www.collegelafraternite.com\/sainte-ursule\/wp-json\/wp\/v2\/pages\/662"}],"collection":[{"href":"http:\/\/www.collegelafraternite.com\/sainte-ursule\/wp-json\/wp\/v2\/pages"}],"about":[{"href":"http:\/\/www.collegelafraternite.com\/sainte-ursule\/wp-json\/wp\/v2\/types\/page"}],"author":[{"embeddable":true,"href":"http:\/\/www.collegelafraternite.com\/sainte-ursule\/wp-json\/wp\/v2\/users\/1"}],"replies":[{"embeddable":true,"href":"http:\/\/www.collegelafraternite.com\/sainte-ursule\/wp-json\/wp\/v2\/comments?post=662"}],"version-history":[{"count":2,"href":"http:\/\/www.collegelafraternite.com\/sainte-ursule\/wp-json\/wp\/v2\/pages\/662\/revisions"}],"predecessor-version":[{"id":1293,"href":"http:\/\/www.collegelafraternite.com\/sainte-ursule\/wp-json\/wp\/v2\/pages\/662\/revisions\/1293"}],"wp:attachment":[{"href":"http:\/\/www.collegelafraternite.com\/sainte-ursule\/wp-json\/wp\/v2\/media?parent=662"}],"curies":[{"name":"wp","href":"https:\/\/api.w.org\/{rel}","templated":true}]}}