{"id":638,"date":"2018-01-25T15:15:50","date_gmt":"2018-01-25T14:15:50","guid":{"rendered":"http:\/\/www.onmangecamp.be\/frat\/?page_id=2"},"modified":"2026-03-03T11:39:39","modified_gmt":"2026-03-03T10:39:39","slug":"accueil","status":"publish","type":"page","link":"http:\/\/www.collegelafraternite.com\/sainte-ursule\/","title":{"rendered":"Accueil"},"content":{"rendered":"\n<div class=\"wp-block-image is-style-rounded\"><figure class=\"alignright size-large is-resized\"><img loading=\"lazy\" src=\"https:\/\/www.collegelafraternite.com\/sainte-ursule\/wp-content\/uploads\/2023\/01\/F__LG-JAUNE-1024x1024.png\" alt=\"\" class=\"wp-image-2428\" width=\"195\" height=\"195\" srcset=\"http:\/\/www.collegelafraternite.com\/sainte-ursule\/wp-content\/uploads\/2023\/01\/F__LG-JAUNE-1024x1024.png 1024w, http:\/\/www.collegelafraternite.com\/sainte-ursule\/wp-content\/uploads\/2023\/01\/F__LG-JAUNE-300x300.png 300w, http:\/\/www.collegelafraternite.com\/sainte-ursule\/wp-content\/uploads\/2023\/01\/F__LG-JAUNE-150x150.png 150w, http:\/\/www.collegelafraternite.com\/sainte-ursule\/wp-content\/uploads\/2023\/01\/F__LG-JAUNE-768x768.png 768w, http:\/\/www.collegelafraternite.com\/sainte-ursule\/wp-content\/uploads\/2023\/01\/F__LG-JAUNE-1536x1536.png 1536w, http:\/\/www.collegelafraternite.com\/sainte-ursule\/wp-content\/uploads\/2023\/01\/F__LG-JAUNE-60x60.png 60w, http:\/\/www.collegelafraternite.com\/sainte-ursule\/wp-content\/uploads\/2023\/01\/F__LG-JAUNE.png 1665w\" sizes=\"(max-width: 195px) 100vw, 195px\" \/><\/figure><\/div>\n\n\n<p style=\"text-align: left;\">Dans une dynamique participative, le Coll\u00e8ge \u0153uvre pour que chaque jeune trouve sa place en tant que citoyen responsable, s\u2019entreprenne, d\u00e9veloppe son estime de soi et s\u2019ouvre au monde.<\/p>\n<p style=\"text-align: left;\">Les membres de la communaut\u00e9 \u00e9ducative accompagnent le jeune sur le chemin de son \u00e9panouissement, en tenant compte de la route d\u00e9j\u00e0 parcourue.<\/p>\n<h2><div class=\"well   \"><br class=\"osc\"><a href=\"https:\/\/www.collegelafraternite.com\/sainte-ursule\/inscriptions\/inscription-pour-le-1er-degre\/\">P\u00e9riode d&rsquo;inscription en 1<sup>re<\/sup> secondaire : du lundi 2 f\u00e9vrier au vendredi 6 mars 2026. Toutes les informations ici.<\/a><br class=\"osc\"><\/div><\/h2>\n\n\n<figure class=\"wp-block-video\"><video controls src=\"https:\/\/www.collegelafraternite.com\/sainte-ursule\/wp-content\/uploads\/2026\/01\/285b55e7-8742-4846-9386-ac2369267ac0.mp4\"><\/video><\/figure>\n\n\n\n<p class=\"has-white-color has-text-color\">.<\/p>\n\n\n\n<p><span style=\"color:#ffffff\" class=\"tadv-color\">.<\/span><\/p>\n\n\n\n<div class=\"wp-block-buttons\">\n<div class=\"wp-block-button is-style-fill\"><a class=\"wp-block-button__link has-white-background-color has-background\"><\/a><\/div>\n\n\n\n<div class=\"wp-block-button\"><a class=\"wp-block-button__link has-white-color has-vivid-red-background-color has-text-color has-background\" href=\"http:\/\/www.collegelafraternite.com\/sainte-ursule\/le-livre-du-mois\/\">Le livre du mois<\/a><\/div>\n\n\n\n<div class=\"wp-block-button is-style-fill\"><a class=\"wp-block-button__link has-white-color has-vivid-red-background-color has-text-color has-background\" href=\"https:\/\/www.collegelafraternite.com\/sainte-ursule\/ecoschool\/\" target=\"_blank\" rel=\"noreferrer noopener\"><span style=\"background-color:#cf2e2e\" class=\"tadv-background-color\"><span style=\"color:#ffffff\" class=\"tadv-color\">Eco school<\/span><\/span><\/a><\/div>\n\n\n\n<div class=\"wp-block-button is-style-fill\"><a class=\"wp-block-button__link has-vivid-red-background-color has-background\" href=\"https:\/\/www.collegelafraternite.com\/sainte-ursule\/bibliotheque\/\"><span style=\"background-color:#cf2e2e\" class=\"tadv-background-color\"><span style=\"color:#ffffff\" class=\"tadv-color\">\u00c7a bouge du c\u00f4t\u00e9 de la biblioth\u00e8que<\/span><\/span><\/a><\/div>\n\n\n\n<div class=\"wp-block-button\"><a class=\"wp-block-button__link has-vivid-red-background-color has-background\" href=\"https:\/\/www.collegelafraternite.com\/sainte-ursule\/erasmus-23-24\/\" target=\"_blank\" rel=\"noreferrer noopener\">Erasmus +<\/a><\/div>\n\n\n\n<div class=\"wp-block-button\"><a class=\"wp-block-button__link has-vivid-red-background-color has-background\" href=\"https:\/\/www.collegelafraternite.com\/sainte-ursule\/inscriptions\/\" target=\"_blank\" rel=\"noreferrer noopener\">S&rsquo;inscrire au Coll\u00e8ge<\/a><\/div>\n<\/div>\n\n\n\n<p class=\"has-white-color has-text-color\">,<\/p>\n\n\n\n<p class=\"has-white-color has-text-color\">,<\/p>\n\n\n\n<p><\/p>\n\n\n\n<h2 id=\"mce_77\">DU NOUVEAU \u00c0 LA FRAT&rsquo;<\/h2>\n\n\n\n<ul><li><a href=\"https:\/\/www.collegelafraternite.com\/sainte-ursule\/ecoschool\/croque-local\/\">Distribution de pommes<\/a> pour sensibiliser \u00e0 la consommation responsable et \u00e0 la diminution des d\u00e9chets<\/li><li>Les \u00e9l\u00e8ves de 3TQe participent au <a href=\"https:\/\/www.collegelafraternite.com\/sainte-ursule\/bibliotheque\/\">prix Victor<\/a><\/li><li>Viens d\u00e9couvrir les photos du jeu MOBIMIX <a rel=\"noreferrer noopener\" href=\"https:\/\/www.collegelafraternite.com\/sainte-ursule\/?page_id=3212\" target=\"_blank\">ici<\/a><\/li><li><a rel=\"noreferrer noopener\" href=\"https:\/\/www.collegelafraternite.com\/sainte-ursule\/ecoschool\/label-eco-school\/\" target=\"_blank\">Remise des labels Eco School<\/a><\/li><li>\u00c0 partir du lundi 3 novembre, le quart d&rsquo;heure lecture s&rsquo;installe dans toutes les classes.  N&rsquo;oublie pas ton livre !<\/li><li>Le livre du mois fait son retour, tu peux le d\u00e9couvrir <a href=\"http:\/\/www.collegelafraternite.com\/sainte-ursule\/le-livre-du-mois\/\"> ici<\/a><\/li><\/ul>\n\n\n\n<p><\/p>\n\n\n","protected":false},"excerpt":{"rendered":"<p>Dans une dynamique participative, le Coll\u00e8ge \u0153uvre pour que chaque jeune trouve sa place en tant que citoyen responsable, s\u2019entreprenne, d\u00e9veloppe son estime de soi et s\u2019ouvre au monde. Les membres de la communaut\u00e9 \u00e9ducative accompagnent le jeune sur le chemin de son \u00e9panouissement, en tenant compte de la route d\u00e9j\u00e0 parcourue. . . , [&hellip;]<\/p>\n","protected":false},"author":1,"featured_media":0,"parent":0,"menu_order":0,"comment_status":"closed","ping_status":"closed","template":"page-fullwidth.php","meta":{"ngg_post_thumbnail":0},"_links":{"self":[{"href":"http:\/\/www.collegelafraternite.com\/sainte-ursule\/wp-json\/wp\/v2\/pages\/638"}],"collection":[{"href":"http:\/\/www.collegelafraternite.com\/sainte-ursule\/wp-json\/wp\/v2\/pages"}],"about":[{"href":"http:\/\/www.collegelafraternite.com\/sainte-ursule\/wp-json\/wp\/v2\/types\/page"}],"author":[{"embeddable":true,"href":"http:\/\/www.collegelafraternite.com\/sainte-ursule\/wp-json\/wp\/v2\/users\/1"}],"replies":[{"embeddable":true,"href":"http:\/\/www.collegelafraternite.com\/sainte-ursule\/wp-json\/wp\/v2\/comments?post=638"}],"version-history":[{"count":150,"href":"http:\/\/www.collegelafraternite.com\/sainte-ursule\/wp-json\/wp\/v2\/pages\/638\/revisions"}],"predecessor-version":[{"id":3276,"href":"http:\/\/www.collegelafraternite.com\/sainte-ursule\/wp-json\/wp\/v2\/pages\/638\/revisions\/3276"}],"wp:attachment":[{"href":"http:\/\/www.collegelafraternite.com\/sainte-ursule\/wp-json\/wp\/v2\/media?parent=638"}],"curies":[{"name":"wp","href":"https:\/\/api.w.org\/{rel}","templated":true}]}}