{"id":52,"date":"2018-01-26T12:35:23","date_gmt":"2018-01-26T11:35:23","guid":{"rendered":"http:\/\/www.onmangecamp.be\/frat\/?page_id=52"},"modified":"2018-12-09T14:01:10","modified_gmt":"2018-12-09T13:01:10","slug":"mediation-scolaire","status":"publish","type":"page","link":"http:\/\/www.collegelafraternite.com\/sainte-ursule\/service-aux-jeunes\/mediation-scolaire\/","title":{"rendered":"M\u00e9diation scolaire"},"content":{"rendered":"<p style=\"font-weight: 400;\">La m\u00e9diation scolaire est un service&nbsp; de la&nbsp; Communaut\u00e9 fran\u00e7aise mis \u00e0 la disposition des \u00e9coles qui en font la demande.<\/p>\n<p style=\"font-weight: 400;\">Le m\u00e9diateur est ind\u00e9pendant, neutre et tenu \u00e0 la r\u00e8gle de la confidentialit\u00e9.<\/p>\n<p style=\"font-weight: 400;\">Au sein de ces \u00e9coles, le service peut \u00eatre sollicit\u00e9 par:<\/p>\n<ul style=\"list-style-type: disc;\">\n<li>un jeune,<\/li>\n<li>un jeune et sa famille<\/li>\n<li>un \u00e9ducateur,<\/li>\n<li>un enseignant,<\/li>\n<li>la direction,<\/li>\n<li>un service ext\u00e9rieur,<\/li>\n<li>\u2026<\/li>\n<\/ul>\n<p style=\"font-weight: 400;\">Il s\u2019agit d\u2019offrir un espace d\u2019accueil, d\u2019\u00e9coute et de dialogue permettant un travail de m\u00e9diation entre les personnes.<\/p>\n<p style=\"font-weight: 400;\">Le service de m\u00e9diation favorise la rencontre, le climat relationnel et la confiance entre:<\/p>\n<ul style=\"list-style-type: disc;\">\n<li>les jeunes,<\/li>\n<li>les familles et l\u2019\u00e9quipe p\u00e9dagogique,<\/li>\n<li>les \u00e9l\u00e8ves et l\u2019\u00e9quipe p\u00e9dagogique,<\/li>\n<li>un jeune et un service ext\u00e9rieur,<\/li>\n<li>\u2026<\/li>\n<\/ul>\n<p style=\"font-weight: 400;\">Il tente de rapprocher les points de vue.<\/p>\n<p style=\"font-weight: 400;\">Il&nbsp; aide \u00e0 la recherche de solutions&nbsp; alternatives aux situations&nbsp; difficiles ou bloqu\u00e9es.<\/p>\n<p style=\"font-weight: 400;\">Il permet la recherche active et commune d\u2019une nouvelle relation lorsque celle-ci est rompue.<\/p>\n<p style=\"font-weight: 400;\">Il propose un accompagnement face \u00e0 des obstacles li\u00e9s directement ou indirectement aux situations scolaires.<\/p>\n<p>&nbsp;<\/p>\n<h1>Notre m\u00e9diatrice<\/h1>\n<p style=\"font-weight: 400;\">Madame Buzyarsest Hanane<\/p>\n<p style=\"font-weight: 400;\">Rue Drootbeek 2<\/p>\n<p style=\"font-weight: 400;\">1020 Laeken&nbsp; \u00e0 Bruxelles<\/p>\n<p style=\"font-weight: 400;\">Local: 108<\/p>\n<p>&nbsp;<\/p>\n<h1>Horaire<\/h1>\n<p>Le lundi de 9h \u00e0 17h<\/p>\n<p>Le mardi de 9h \u00e0 17h<\/p>\n<p>Le mercredi de 9h \u00e0 14h<\/p>\n","protected":false},"excerpt":{"rendered":"<p>La m\u00e9diation scolaire est un service&nbsp; de la&nbsp; Communaut\u00e9 fran\u00e7aise mis \u00e0 la disposition des \u00e9coles qui en font la demande. Le m\u00e9diateur est ind\u00e9pendant, neutre et tenu \u00e0 la r\u00e8gle de la confidentialit\u00e9. Au sein de ces \u00e9coles, le service peut \u00eatre sollicit\u00e9 par: un jeune, un jeune et sa famille un \u00e9ducateur, un [&hellip;]<\/p>\n","protected":false},"author":1,"featured_media":0,"parent":48,"menu_order":0,"comment_status":"closed","ping_status":"closed","template":"page-fullwidth.php","meta":{"ngg_post_thumbnail":0},"_links":{"self":[{"href":"http:\/\/www.collegelafraternite.com\/sainte-ursule\/wp-json\/wp\/v2\/pages\/52"}],"collection":[{"href":"http:\/\/www.collegelafraternite.com\/sainte-ursule\/wp-json\/wp\/v2\/pages"}],"about":[{"href":"http:\/\/www.collegelafraternite.com\/sainte-ursule\/wp-json\/wp\/v2\/types\/page"}],"author":[{"embeddable":true,"href":"http:\/\/www.collegelafraternite.com\/sainte-ursule\/wp-json\/wp\/v2\/users\/1"}],"replies":[{"embeddable":true,"href":"http:\/\/www.collegelafraternite.com\/sainte-ursule\/wp-json\/wp\/v2\/comments?post=52"}],"version-history":[{"count":2,"href":"http:\/\/www.collegelafraternite.com\/sainte-ursule\/wp-json\/wp\/v2\/pages\/52\/revisions"}],"predecessor-version":[{"id":855,"href":"http:\/\/www.collegelafraternite.com\/sainte-ursule\/wp-json\/wp\/v2\/pages\/52\/revisions\/855"}],"up":[{"embeddable":true,"href":"http:\/\/www.collegelafraternite.com\/sainte-ursule\/wp-json\/wp\/v2\/pages\/48"}],"wp:attachment":[{"href":"http:\/\/www.collegelafraternite.com\/sainte-ursule\/wp-json\/wp\/v2\/media?parent=52"}],"curies":[{"name":"wp","href":"https:\/\/api.w.org\/{rel}","templated":true}]}}