{"id":2748,"date":"2023-10-20T10:17:19","date_gmt":"2023-10-20T08:17:19","guid":{"rendered":"https:\/\/www.collegelafraternite.com\/sainte-ursule\/?page_id=2748"},"modified":"2026-01-15T14:47:53","modified_gmt":"2026-01-15T13:47:53","slug":"bibliotheque","status":"publish","type":"page","link":"http:\/\/www.collegelafraternite.com\/sainte-ursule\/bibliotheque\/","title":{"rendered":"\u00c7a bouge du c\u00f4t\u00e9 de la biblioth\u00e8que"},"content":{"rendered":"\n<h4>Les actualit\u00e9s de la biblioth\u00e8que<\/h4>\n\n\n\n<p><\/p>\n\n\n\n<h5>Prix Victor<\/h5>\n\n\n\n<p>Dans le cadre du cours de fran\u00e7ais et du prix premi\u00e8re Victor, la com\u00e9dienne Cachou Kirsch lit aux \u00e9l\u00e8ves de 3TQe le roman<em> La l\u00e9gende fabuleuse et extr\u00eamement s\u00e9rieuse de Bertil Dragon<\/em> d\u2019Am\u00e9lie Magnin. Cette lecture serait faite en 10 s\u00e9ances.<\/p>\n\n\n\n<figure class=\"wp-block-image size-large\"><img loading=\"lazy\" width=\"1024\" height=\"768\" src=\"https:\/\/www.collegelafraternite.com\/sainte-ursule\/wp-content\/uploads\/2026\/01\/20260115_112620-1-1024x768.jpg\" alt=\"\" class=\"wp-image-3236\" srcset=\"http:\/\/www.collegelafraternite.com\/sainte-ursule\/wp-content\/uploads\/2026\/01\/20260115_112620-1-1024x768.jpg 1024w, http:\/\/www.collegelafraternite.com\/sainte-ursule\/wp-content\/uploads\/2026\/01\/20260115_112620-1-300x225.jpg 300w, http:\/\/www.collegelafraternite.com\/sainte-ursule\/wp-content\/uploads\/2026\/01\/20260115_112620-1-768x576.jpg 768w, http:\/\/www.collegelafraternite.com\/sainte-ursule\/wp-content\/uploads\/2026\/01\/20260115_112620-1-1536x1152.jpg 1536w, http:\/\/www.collegelafraternite.com\/sainte-ursule\/wp-content\/uploads\/2026\/01\/20260115_112620-1-2048x1536.jpg 2048w\" sizes=\"(max-width: 1024px) 100vw, 1024px\" \/><\/figure>\n\n\n\n<div dir=\"auto\" data-olk-copy-source=\"MessageBody\">&nbsp;<\/div>\n<div dir=\"auto\" data-olk-copy-source=\"MessageBody\">&nbsp;<\/div>\n<div dir=\"auto\">&nbsp;<\/div>\n<h4>&nbsp;<\/h4>\n<h4>Envie de revoir les archives des ann\u00e9es pr\u00e9c\u00e9dentes ?<\/h4>\n<p><a href=\"https:\/\/www.collegelafraternite.com\/sainte-ursule\/bibliotheque\/24-25\/\">2024 -2025<\/a><\/p>\n<p><a href=\"https:\/\/www.collegelafraternite.com\/sainte-ursule\/bibliotheque-23-24\/\">2023 &#8211; 2024<\/a><\/p>\n<p><a href=\"https:\/\/www.collegelafraternite.com\/sainte-ursule\/bibliotheque-22-23\/\">2022 &#8211; 2023<\/a><\/p>\n","protected":false},"excerpt":{"rendered":"<p>Les actualit\u00e9s de la biblioth\u00e8que Prix Victor Dans le cadre du cours de fran\u00e7ais et du prix premi\u00e8re Victor, la com\u00e9dienne Cachou Kirsch lit aux \u00e9l\u00e8ves de 3TQe le roman La l\u00e9gende fabuleuse et extr\u00eamement s\u00e9rieuse de Bertil Dragon d\u2019Am\u00e9lie Magnin. Cette lecture serait faite en 10 s\u00e9ances. &nbsp; &nbsp; &nbsp; &nbsp; Envie de revoir [&hellip;]<\/p>\n","protected":false},"author":1,"featured_media":0,"parent":0,"menu_order":0,"comment_status":"closed","ping_status":"closed","template":"page-fullwidth.php","meta":{"ngg_post_thumbnail":0},"_links":{"self":[{"href":"http:\/\/www.collegelafraternite.com\/sainte-ursule\/wp-json\/wp\/v2\/pages\/2748"}],"collection":[{"href":"http:\/\/www.collegelafraternite.com\/sainte-ursule\/wp-json\/wp\/v2\/pages"}],"about":[{"href":"http:\/\/www.collegelafraternite.com\/sainte-ursule\/wp-json\/wp\/v2\/types\/page"}],"author":[{"embeddable":true,"href":"http:\/\/www.collegelafraternite.com\/sainte-ursule\/wp-json\/wp\/v2\/users\/1"}],"replies":[{"embeddable":true,"href":"http:\/\/www.collegelafraternite.com\/sainte-ursule\/wp-json\/wp\/v2\/comments?post=2748"}],"version-history":[{"count":11,"href":"http:\/\/www.collegelafraternite.com\/sainte-ursule\/wp-json\/wp\/v2\/pages\/2748\/revisions"}],"predecessor-version":[{"id":3239,"href":"http:\/\/www.collegelafraternite.com\/sainte-ursule\/wp-json\/wp\/v2\/pages\/2748\/revisions\/3239"}],"wp:attachment":[{"href":"http:\/\/www.collegelafraternite.com\/sainte-ursule\/wp-json\/wp\/v2\/media?parent=2748"}],"curies":[{"name":"wp","href":"https:\/\/api.w.org\/{rel}","templated":true}]}}