{"id":2203,"date":"2022-02-24T19:39:16","date_gmt":"2022-02-24T18:39:16","guid":{"rendered":"http:\/\/www.collegelafraternite.com\/sainte-ursule\/?page_id=2203"},"modified":"2022-02-24T19:39:17","modified_gmt":"2022-02-24T18:39:17","slug":"livraison-de-velos","status":"publish","type":"page","link":"http:\/\/www.collegelafraternite.com\/sainte-ursule\/ecoschool\/livraison-de-velos\/","title":{"rendered":"Livraison de v\u00e9los"},"content":{"rendered":"\n<p>R\u00e9ception de v\u00e9los pour constituer la Flotte de l&rsquo;\u00e9cole. Les \u00e9l\u00e8ves \u00e9taient ravis.<\/p>\n<!-- index.php -->\n<div\n\tclass=\"ngg-galleryoverview ngg-ajax-pagination-none\"\n\tid=\"ngg-gallery-00d8a7550bc2b0ca17ed8c19cb669633-1\">\n\n    \t<div class=\"slideshowlink\">\n        <a href='http:\/\/www.collegelafraternite.com\/sainte-ursule\/ecoschool\/livraison-de-velos\/nggallery\/slideshow'>[Diaporama]<\/a>\n\t\t\n\t<\/div>\n\t\t\t<!-- Thumbnails -->\n\t\t\t\t<div id=\"ngg-image-0\" class=\"ngg-gallery-thumbnail-box\" >\n\t\t\t\t        <div class=\"ngg-gallery-thumbnail\">\n            <a href=\"http:\/\/www.collegelafraternite.com\/sainte-ursule\/wp-content\/gallery\/velos\/6.jpeg\"\n               title=\"\"\n               data-src=\"http:\/\/www.collegelafraternite.com\/sainte-ursule\/wp-content\/gallery\/velos\/6.jpeg\"\n               data-thumbnail=\"http:\/\/www.collegelafraternite.com\/sainte-ursule\/wp-content\/gallery\/velos\/thumbs\/thumbs_6.jpeg\"\n               data-image-id=\"593\"\n               data-title=\"6\"\n               data-description=\"\"\n               data-image-slug=\"6-8\"\n               class=\"ngg-simplelightbox\" rel=\"00d8a7550bc2b0ca17ed8c19cb669633\">\n                <img\n                    title=\"6\"\n                    alt=\"6\"\n                    src=\"http:\/\/www.collegelafraternite.com\/sainte-ursule\/wp-content\/gallery\/velos\/thumbs\/thumbs_6.jpeg\"\n                    width=\"240\"\n                    height=\"160\"\n                    style=\"max-width:100%;\"\n                \/>\n            <\/a>\n        <\/div>\n\t\t\t\t\t\t\t<\/div> \n\t\t\t\n        \n\t\t\t\t<div id=\"ngg-image-1\" class=\"ngg-gallery-thumbnail-box\" >\n\t\t\t\t        <div class=\"ngg-gallery-thumbnail\">\n            <a href=\"http:\/\/www.collegelafraternite.com\/sainte-ursule\/wp-content\/gallery\/velos\/2.jpeg\"\n               title=\"\"\n               data-src=\"http:\/\/www.collegelafraternite.com\/sainte-ursule\/wp-content\/gallery\/velos\/2.jpeg\"\n               data-thumbnail=\"http:\/\/www.collegelafraternite.com\/sainte-ursule\/wp-content\/gallery\/velos\/thumbs\/thumbs_2.jpeg\"\n               data-image-id=\"594\"\n               data-title=\"2\"\n               data-description=\"\"\n               data-image-slug=\"2-8\"\n               class=\"ngg-simplelightbox\" rel=\"00d8a7550bc2b0ca17ed8c19cb669633\">\n                <img\n                    title=\"2\"\n                    alt=\"2\"\n                    src=\"http:\/\/www.collegelafraternite.com\/sainte-ursule\/wp-content\/gallery\/velos\/thumbs\/thumbs_2.jpeg\"\n                    width=\"240\"\n                    height=\"160\"\n                    style=\"max-width:100%;\"\n                \/>\n            <\/a>\n        <\/div>\n\t\t\t\t\t\t\t<\/div> \n\t\t\t\n        \n\t\t\t\t<div id=\"ngg-image-2\" class=\"ngg-gallery-thumbnail-box\" >\n\t\t\t\t        <div class=\"ngg-gallery-thumbnail\">\n            <a href=\"http:\/\/www.collegelafraternite.com\/sainte-ursule\/wp-content\/gallery\/velos\/5.jpeg\"\n               title=\"\"\n               data-src=\"http:\/\/www.collegelafraternite.com\/sainte-ursule\/wp-content\/gallery\/velos\/5.jpeg\"\n               data-thumbnail=\"http:\/\/www.collegelafraternite.com\/sainte-ursule\/wp-content\/gallery\/velos\/thumbs\/thumbs_5.jpeg\"\n               data-image-id=\"595\"\n               data-title=\"5\"\n               data-description=\"\"\n               data-image-slug=\"5-8\"\n               class=\"ngg-simplelightbox\" rel=\"00d8a7550bc2b0ca17ed8c19cb669633\">\n                <img\n                    title=\"5\"\n                    alt=\"5\"\n                    src=\"http:\/\/www.collegelafraternite.com\/sainte-ursule\/wp-content\/gallery\/velos\/thumbs\/thumbs_5.jpeg\"\n                    width=\"240\"\n                    height=\"160\"\n                    style=\"max-width:100%;\"\n                \/>\n            <\/a>\n        <\/div>\n\t\t\t\t\t\t\t<\/div> \n\t\t\t\n        \n\t\t\t\t<div id=\"ngg-image-3\" class=\"ngg-gallery-thumbnail-box\" >\n\t\t\t\t        <div class=\"ngg-gallery-thumbnail\">\n            <a href=\"http:\/\/www.collegelafraternite.com\/sainte-ursule\/wp-content\/gallery\/velos\/3.jpeg\"\n               title=\"\"\n               data-src=\"http:\/\/www.collegelafraternite.com\/sainte-ursule\/wp-content\/gallery\/velos\/3.jpeg\"\n               data-thumbnail=\"http:\/\/www.collegelafraternite.com\/sainte-ursule\/wp-content\/gallery\/velos\/thumbs\/thumbs_3.jpeg\"\n               data-image-id=\"596\"\n               data-title=\"3\"\n               data-description=\"\"\n               data-image-slug=\"3-8\"\n               class=\"ngg-simplelightbox\" rel=\"00d8a7550bc2b0ca17ed8c19cb669633\">\n                <img\n                    title=\"3\"\n                    alt=\"3\"\n                    src=\"http:\/\/www.collegelafraternite.com\/sainte-ursule\/wp-content\/gallery\/velos\/thumbs\/thumbs_3.jpeg\"\n                    width=\"240\"\n                    height=\"160\"\n                    style=\"max-width:100%;\"\n                \/>\n            <\/a>\n        <\/div>\n\t\t\t\t\t\t\t<\/div> \n\t\t\t\n        \n\t\t\t\t<div id=\"ngg-image-4\" class=\"ngg-gallery-thumbnail-box\" >\n\t\t\t\t        <div class=\"ngg-gallery-thumbnail\">\n            <a href=\"http:\/\/www.collegelafraternite.com\/sainte-ursule\/wp-content\/gallery\/velos\/1.jpeg\"\n               title=\"\"\n               data-src=\"http:\/\/www.collegelafraternite.com\/sainte-ursule\/wp-content\/gallery\/velos\/1.jpeg\"\n               data-thumbnail=\"http:\/\/www.collegelafraternite.com\/sainte-ursule\/wp-content\/gallery\/velos\/thumbs\/thumbs_1.jpeg\"\n               data-image-id=\"597\"\n               data-title=\"1\"\n               data-description=\"\"\n               data-image-slug=\"1-8\"\n               class=\"ngg-simplelightbox\" rel=\"00d8a7550bc2b0ca17ed8c19cb669633\">\n                <img\n                    title=\"1\"\n                    alt=\"1\"\n                    src=\"http:\/\/www.collegelafraternite.com\/sainte-ursule\/wp-content\/gallery\/velos\/thumbs\/thumbs_1.jpeg\"\n                    width=\"240\"\n                    height=\"160\"\n                    style=\"max-width:100%;\"\n                \/>\n            <\/a>\n        <\/div>\n\t\t\t\t\t\t\t<\/div> \n\t\t\t\n        \n\t\t\t\t<div id=\"ngg-image-5\" class=\"ngg-gallery-thumbnail-box\" >\n\t\t\t\t        <div class=\"ngg-gallery-thumbnail\">\n            <a href=\"http:\/\/www.collegelafraternite.com\/sainte-ursule\/wp-content\/gallery\/velos\/4.jpeg\"\n               title=\"\"\n               data-src=\"http:\/\/www.collegelafraternite.com\/sainte-ursule\/wp-content\/gallery\/velos\/4.jpeg\"\n               data-thumbnail=\"http:\/\/www.collegelafraternite.com\/sainte-ursule\/wp-content\/gallery\/velos\/thumbs\/thumbs_4.jpeg\"\n               data-image-id=\"598\"\n               data-title=\"4\"\n               data-description=\"\"\n               data-image-slug=\"4-8\"\n               class=\"ngg-simplelightbox\" rel=\"00d8a7550bc2b0ca17ed8c19cb669633\">\n                <img\n                    title=\"4\"\n                    alt=\"4\"\n                    src=\"http:\/\/www.collegelafraternite.com\/sainte-ursule\/wp-content\/gallery\/velos\/thumbs\/thumbs_4.jpeg\"\n                    width=\"240\"\n                    height=\"160\"\n                    style=\"max-width:100%;\"\n                \/>\n            <\/a>\n        <\/div>\n\t\t\t\t\t\t\t<\/div> \n\t\t\t\n        \n\t\t\t\t<div id=\"ngg-image-6\" class=\"ngg-gallery-thumbnail-box\" >\n\t\t\t\t        <div class=\"ngg-gallery-thumbnail\">\n            <a href=\"http:\/\/www.collegelafraternite.com\/sainte-ursule\/wp-content\/gallery\/velos\/9.jpeg\"\n               title=\"\"\n               data-src=\"http:\/\/www.collegelafraternite.com\/sainte-ursule\/wp-content\/gallery\/velos\/9.jpeg\"\n               data-thumbnail=\"http:\/\/www.collegelafraternite.com\/sainte-ursule\/wp-content\/gallery\/velos\/thumbs\/thumbs_9.jpeg\"\n               data-image-id=\"599\"\n               data-title=\"9\"\n               data-description=\"\"\n               data-image-slug=\"9-7\"\n               class=\"ngg-simplelightbox\" rel=\"00d8a7550bc2b0ca17ed8c19cb669633\">\n                <img\n                    title=\"9\"\n                    alt=\"9\"\n                    src=\"http:\/\/www.collegelafraternite.com\/sainte-ursule\/wp-content\/gallery\/velos\/thumbs\/thumbs_9.jpeg\"\n                    width=\"240\"\n                    height=\"160\"\n                    style=\"max-width:100%;\"\n                \/>\n            <\/a>\n        <\/div>\n\t\t\t\t\t\t\t<\/div> \n\t\t\t\n        \n\t\t\t\t<div id=\"ngg-image-7\" class=\"ngg-gallery-thumbnail-box\" >\n\t\t\t\t        <div class=\"ngg-gallery-thumbnail\">\n            <a href=\"http:\/\/www.collegelafraternite.com\/sainte-ursule\/wp-content\/gallery\/velos\/7.jpeg\"\n               title=\"\"\n               data-src=\"http:\/\/www.collegelafraternite.com\/sainte-ursule\/wp-content\/gallery\/velos\/7.jpeg\"\n               data-thumbnail=\"http:\/\/www.collegelafraternite.com\/sainte-ursule\/wp-content\/gallery\/velos\/thumbs\/thumbs_7.jpeg\"\n               data-image-id=\"600\"\n               data-title=\"7\"\n               data-description=\"\"\n               data-image-slug=\"7-8\"\n               class=\"ngg-simplelightbox\" rel=\"00d8a7550bc2b0ca17ed8c19cb669633\">\n                <img\n                    title=\"7\"\n                    alt=\"7\"\n                    src=\"http:\/\/www.collegelafraternite.com\/sainte-ursule\/wp-content\/gallery\/velos\/thumbs\/thumbs_7.jpeg\"\n                    width=\"240\"\n                    height=\"160\"\n                    style=\"max-width:100%;\"\n                \/>\n            <\/a>\n        <\/div>\n\t\t\t\t\t\t\t<\/div> \n\t\t\t\n        \n\t\t\t\t<div id=\"ngg-image-8\" class=\"ngg-gallery-thumbnail-box\" >\n\t\t\t\t        <div class=\"ngg-gallery-thumbnail\">\n            <a href=\"http:\/\/www.collegelafraternite.com\/sainte-ursule\/wp-content\/gallery\/velos\/10.jpeg\"\n               title=\"\"\n               data-src=\"http:\/\/www.collegelafraternite.com\/sainte-ursule\/wp-content\/gallery\/velos\/10.jpeg\"\n               data-thumbnail=\"http:\/\/www.collegelafraternite.com\/sainte-ursule\/wp-content\/gallery\/velos\/thumbs\/thumbs_10.jpeg\"\n               data-image-id=\"601\"\n               data-title=\"10\"\n               data-description=\"\"\n               data-image-slug=\"10-7\"\n               class=\"ngg-simplelightbox\" rel=\"00d8a7550bc2b0ca17ed8c19cb669633\">\n                <img\n                    title=\"10\"\n                    alt=\"10\"\n                    src=\"http:\/\/www.collegelafraternite.com\/sainte-ursule\/wp-content\/gallery\/velos\/thumbs\/thumbs_10.jpeg\"\n                    width=\"240\"\n                    height=\"160\"\n                    style=\"max-width:100%;\"\n                \/>\n            <\/a>\n        <\/div>\n\t\t\t\t\t\t\t<\/div> \n\t\t\t\n        \n\t\t\t\t<div id=\"ngg-image-9\" class=\"ngg-gallery-thumbnail-box\" >\n\t\t\t\t        <div class=\"ngg-gallery-thumbnail\">\n            <a href=\"http:\/\/www.collegelafraternite.com\/sainte-ursule\/wp-content\/gallery\/velos\/8.jpeg\"\n               title=\"\"\n               data-src=\"http:\/\/www.collegelafraternite.com\/sainte-ursule\/wp-content\/gallery\/velos\/8.jpeg\"\n               data-thumbnail=\"http:\/\/www.collegelafraternite.com\/sainte-ursule\/wp-content\/gallery\/velos\/thumbs\/thumbs_8.jpeg\"\n               data-image-id=\"602\"\n               data-title=\"8\"\n               data-description=\"\"\n               data-image-slug=\"8-8\"\n               class=\"ngg-simplelightbox\" rel=\"00d8a7550bc2b0ca17ed8c19cb669633\">\n                <img\n                    title=\"8\"\n                    alt=\"8\"\n                    src=\"http:\/\/www.collegelafraternite.com\/sainte-ursule\/wp-content\/gallery\/velos\/thumbs\/thumbs_8.jpeg\"\n                    width=\"240\"\n                    height=\"160\"\n                    style=\"max-width:100%;\"\n                \/>\n            <\/a>\n        <\/div>\n\t\t\t\t\t\t\t<\/div> \n\t\t\t\n        \n\t\t\n\t\t<div class=\"ngg-clear\"><\/div>\n\t<\/div>\n\n","protected":false},"excerpt":{"rendered":"<p>R\u00e9ception de v\u00e9los pour constituer la Flotte de l&rsquo;\u00e9cole. Les \u00e9l\u00e8ves \u00e9taient ravis.<\/p>\n","protected":false},"author":1,"featured_media":0,"parent":1576,"menu_order":0,"comment_status":"closed","ping_status":"closed","template":"page-fullwidth.php","meta":{"ngg_post_thumbnail":0},"_links":{"self":[{"href":"http:\/\/www.collegelafraternite.com\/sainte-ursule\/wp-json\/wp\/v2\/pages\/2203"}],"collection":[{"href":"http:\/\/www.collegelafraternite.com\/sainte-ursule\/wp-json\/wp\/v2\/pages"}],"about":[{"href":"http:\/\/www.collegelafraternite.com\/sainte-ursule\/wp-json\/wp\/v2\/types\/page"}],"author":[{"embeddable":true,"href":"http:\/\/www.collegelafraternite.com\/sainte-ursule\/wp-json\/wp\/v2\/users\/1"}],"replies":[{"embeddable":true,"href":"http:\/\/www.collegelafraternite.com\/sainte-ursule\/wp-json\/wp\/v2\/comments?post=2203"}],"version-history":[{"count":1,"href":"http:\/\/www.collegelafraternite.com\/sainte-ursule\/wp-json\/wp\/v2\/pages\/2203\/revisions"}],"predecessor-version":[{"id":2204,"href":"http:\/\/www.collegelafraternite.com\/sainte-ursule\/wp-json\/wp\/v2\/pages\/2203\/revisions\/2204"}],"up":[{"embeddable":true,"href":"http:\/\/www.collegelafraternite.com\/sainte-ursule\/wp-json\/wp\/v2\/pages\/1576"}],"wp:attachment":[{"href":"http:\/\/www.collegelafraternite.com\/sainte-ursule\/wp-json\/wp\/v2\/media?parent=2203"}],"curies":[{"name":"wp","href":"https:\/\/api.w.org\/{rel}","templated":true}]}}