{"id":2141,"date":"2021-12-16T09:05:50","date_gmt":"2021-12-16T08:05:50","guid":{"rendered":"http:\/\/www.collegelafraternite.com\/sainte-ursule\/?page_id=2141"},"modified":"2021-12-16T09:13:44","modified_gmt":"2021-12-16T08:13:44","slug":"action-boites-de-noel-2021","status":"publish","type":"page","link":"http:\/\/www.collegelafraternite.com\/sainte-ursule\/ecoschool\/action-boites-de-noel-2021\/","title":{"rendered":"Action \u00ab\u00a0Boites de No\u00ebl\u00a0\u00bb 2021"},"content":{"rendered":"\n<p>Cette ann\u00e9e encore, les \u00e9l\u00e8ves et les professeurs du Coll\u00e8ge ont particip\u00e9 \u00e0 l&rsquo;action \u00ab\u00a0Boites de No\u00ebl\u00a0\u00bb de la Croix-Rouge.&nbsp;<\/p>\n<p>&nbsp;<\/p>\n\n\n<div class=\"ngg-galleryoverview ngg-slideshow\"\n\t id=\"ngg-slideshow-90364f65509bb15db5c828914e21de82-6041095550\"\n     data-gallery-id=\"90364f65509bb15db5c828914e21de82\"\n     style=\"max-width: 600px; max-height: 400px;\">\n\n \t<div id=\"ngg-image-0\" class=\"ngg-gallery-slideshow-image\" style=\"height:400px\">\n\n        <a href=\"http:\/\/www.collegelafraternite.com\/sainte-ursule\/wp-content\/gallery\/boites-de-noel-21-1\/Pre%CC%81sentation-1.jpg\"\n           title=\"\"\n           data-src=\"http:\/\/www.collegelafraternite.com\/sainte-ursule\/wp-content\/gallery\/boites-de-noel-21-1\/Pre%CC%81sentation-1.jpg\"\n           data-thumbnail=\"http:\/\/www.collegelafraternite.com\/sainte-ursule\/wp-content\/gallery\/boites-de-noel-21-1\/thumbs\/thumbs_Pre%CC%81sentation-1.jpg\"\n           data-image-id=\"586\"\n           data-title=\"Pre\u0301sentation-1\"\n           data-description=\"\"\n           class=\"ngg-simplelightbox\" rel=\"90364f65509bb15db5c828914e21de82\">\n\n            <img data-image-id='586'\n                 title=\"\"\n                 alt=\"Pre\u0301sentation-1\"\n                 src=\"http:\/\/www.collegelafraternite.com\/sainte-ursule\/wp-content\/gallery\/boites-de-noel-21-1\/Pre%CC%81sentation-1.jpg\"\n                 style=\"max-height: 380px;\"\/>\n        <\/a>\n\n        <\/div> \n<div id=\"ngg-image-1\" class=\"ngg-gallery-slideshow-image\" style=\"height:400px\">\n\n        <a href=\"http:\/\/www.collegelafraternite.com\/sainte-ursule\/wp-content\/gallery\/boites-de-noel-21-1\/Pre%CC%81sentation-2.jpg\"\n           title=\"\"\n           data-src=\"http:\/\/www.collegelafraternite.com\/sainte-ursule\/wp-content\/gallery\/boites-de-noel-21-1\/Pre%CC%81sentation-2.jpg\"\n           data-thumbnail=\"http:\/\/www.collegelafraternite.com\/sainte-ursule\/wp-content\/gallery\/boites-de-noel-21-1\/thumbs\/thumbs_Pre%CC%81sentation-2.jpg\"\n           data-image-id=\"589\"\n           data-title=\"Pre\u0301sentation-2\"\n           data-description=\"\"\n           class=\"ngg-simplelightbox\" rel=\"90364f65509bb15db5c828914e21de82\">\n\n            <img data-image-id='589'\n                 title=\"\"\n                 alt=\"Pre\u0301sentation-2\"\n                 src=\"http:\/\/www.collegelafraternite.com\/sainte-ursule\/wp-content\/gallery\/boites-de-noel-21-1\/Pre%CC%81sentation-2.jpg\"\n                 style=\"max-height: 380px;\"\/>\n        <\/a>\n\n        <\/div> \n<div id=\"ngg-image-2\" class=\"ngg-gallery-slideshow-image\" style=\"height:400px\">\n\n        <a href=\"http:\/\/www.collegelafraternite.com\/sainte-ursule\/wp-content\/gallery\/boites-de-noel-21-1\/Pre%CC%81sentation-3.jpg\"\n           title=\"\"\n           data-src=\"http:\/\/www.collegelafraternite.com\/sainte-ursule\/wp-content\/gallery\/boites-de-noel-21-1\/Pre%CC%81sentation-3.jpg\"\n           data-thumbnail=\"http:\/\/www.collegelafraternite.com\/sainte-ursule\/wp-content\/gallery\/boites-de-noel-21-1\/thumbs\/thumbs_Pre%CC%81sentation-3.jpg\"\n           data-image-id=\"588\"\n           data-title=\"Pre\u0301sentation-3\"\n           data-description=\"\"\n           class=\"ngg-simplelightbox\" rel=\"90364f65509bb15db5c828914e21de82\">\n\n            <img data-image-id='588'\n                 title=\"\"\n                 alt=\"Pre\u0301sentation-3\"\n                 src=\"http:\/\/www.collegelafraternite.com\/sainte-ursule\/wp-content\/gallery\/boites-de-noel-21-1\/Pre%CC%81sentation-3.jpg\"\n                 style=\"max-height: 380px;\"\/>\n        <\/a>\n\n        <\/div> \n<div id=\"ngg-image-3\" class=\"ngg-gallery-slideshow-image\" style=\"height:400px\">\n\n        <a href=\"http:\/\/www.collegelafraternite.com\/sainte-ursule\/wp-content\/gallery\/boites-de-noel-21-1\/Pre%CC%81sentation-4.jpg\"\n           title=\"\"\n           data-src=\"http:\/\/www.collegelafraternite.com\/sainte-ursule\/wp-content\/gallery\/boites-de-noel-21-1\/Pre%CC%81sentation-4.jpg\"\n           data-thumbnail=\"http:\/\/www.collegelafraternite.com\/sainte-ursule\/wp-content\/gallery\/boites-de-noel-21-1\/thumbs\/thumbs_Pre%CC%81sentation-4.jpg\"\n           data-image-id=\"585\"\n           data-title=\"Pre\u0301sentation-4\"\n           data-description=\"\"\n           class=\"ngg-simplelightbox\" rel=\"90364f65509bb15db5c828914e21de82\">\n\n            <img data-image-id='585'\n                 title=\"\"\n                 alt=\"Pre\u0301sentation-4\"\n                 src=\"http:\/\/www.collegelafraternite.com\/sainte-ursule\/wp-content\/gallery\/boites-de-noel-21-1\/Pre%CC%81sentation-4.jpg\"\n                 style=\"max-height: 380px;\"\/>\n        <\/a>\n\n        <\/div> \n<div id=\"ngg-image-4\" class=\"ngg-gallery-slideshow-image\" style=\"height:400px\">\n\n        <a href=\"http:\/\/www.collegelafraternite.com\/sainte-ursule\/wp-content\/gallery\/boites-de-noel-21-1\/Pre%CC%81sentation-5.jpg\"\n           title=\"\"\n           data-src=\"http:\/\/www.collegelafraternite.com\/sainte-ursule\/wp-content\/gallery\/boites-de-noel-21-1\/Pre%CC%81sentation-5.jpg\"\n           data-thumbnail=\"http:\/\/www.collegelafraternite.com\/sainte-ursule\/wp-content\/gallery\/boites-de-noel-21-1\/thumbs\/thumbs_Pre%CC%81sentation-5.jpg\"\n           data-image-id=\"587\"\n           data-title=\"Pre\u0301sentation-5\"\n           data-description=\"\"\n           class=\"ngg-simplelightbox\" rel=\"90364f65509bb15db5c828914e21de82\">\n\n            <img data-image-id='587'\n                 title=\"\"\n                 alt=\"Pre\u0301sentation-5\"\n                 src=\"http:\/\/www.collegelafraternite.com\/sainte-ursule\/wp-content\/gallery\/boites-de-noel-21-1\/Pre%CC%81sentation-5.jpg\"\n                 style=\"max-height: 380px;\"\/>\n        <\/a>\n\n        <\/div> \n<div id=\"ngg-image-5\" class=\"ngg-gallery-slideshow-image\" style=\"height:400px\">\n\n        <a href=\"http:\/\/www.collegelafraternite.com\/sainte-ursule\/wp-content\/gallery\/boites-de-noel-21-1\/Pre%CC%81sentation-6.jpg\"\n           title=\"\"\n           data-src=\"http:\/\/www.collegelafraternite.com\/sainte-ursule\/wp-content\/gallery\/boites-de-noel-21-1\/Pre%CC%81sentation-6.jpg\"\n           data-thumbnail=\"http:\/\/www.collegelafraternite.com\/sainte-ursule\/wp-content\/gallery\/boites-de-noel-21-1\/thumbs\/thumbs_Pre%CC%81sentation-6.jpg\"\n           data-image-id=\"590\"\n           data-title=\"Pre\u0301sentation-6\"\n           data-description=\"\"\n           class=\"ngg-simplelightbox\" rel=\"90364f65509bb15db5c828914e21de82\">\n\n            <img data-image-id='590'\n                 title=\"\"\n                 alt=\"Pre\u0301sentation-6\"\n                 src=\"http:\/\/www.collegelafraternite.com\/sainte-ursule\/wp-content\/gallery\/boites-de-noel-21-1\/Pre%CC%81sentation-6.jpg\"\n                 style=\"max-height: 380px;\"\/>\n        <\/a>\n\n        <\/div> \n<div id=\"ngg-image-6\" class=\"ngg-gallery-slideshow-image\" style=\"height:400px\">\n\n        <a href=\"http:\/\/www.collegelafraternite.com\/sainte-ursule\/wp-content\/gallery\/boites-de-noel-21-1\/Pre%CC%81sentation-7.jpg\"\n           title=\"\"\n           data-src=\"http:\/\/www.collegelafraternite.com\/sainte-ursule\/wp-content\/gallery\/boites-de-noel-21-1\/Pre%CC%81sentation-7.jpg\"\n           data-thumbnail=\"http:\/\/www.collegelafraternite.com\/sainte-ursule\/wp-content\/gallery\/boites-de-noel-21-1\/thumbs\/thumbs_Pre%CC%81sentation-7.jpg\"\n           data-image-id=\"591\"\n           data-title=\"Pre\u0301sentation-7\"\n           data-description=\"\"\n           class=\"ngg-simplelightbox\" rel=\"90364f65509bb15db5c828914e21de82\">\n\n            <img data-image-id='591'\n                 title=\"\"\n                 alt=\"Pre\u0301sentation-7\"\n                 src=\"http:\/\/www.collegelafraternite.com\/sainte-ursule\/wp-content\/gallery\/boites-de-noel-21-1\/Pre%CC%81sentation-7.jpg\"\n                 style=\"max-height: 380px;\"\/>\n        <\/a>\n\n        <\/div> \n<div id=\"ngg-image-7\" class=\"ngg-gallery-slideshow-image\" style=\"height:400px\">\n\n        <a href=\"http:\/\/www.collegelafraternite.com\/sainte-ursule\/wp-content\/gallery\/boites-de-noel-21-1\/Pre%CC%81sentation-8.jpg\"\n           title=\"\"\n           data-src=\"http:\/\/www.collegelafraternite.com\/sainte-ursule\/wp-content\/gallery\/boites-de-noel-21-1\/Pre%CC%81sentation-8.jpg\"\n           data-thumbnail=\"http:\/\/www.collegelafraternite.com\/sainte-ursule\/wp-content\/gallery\/boites-de-noel-21-1\/thumbs\/thumbs_Pre%CC%81sentation-8.jpg\"\n           data-image-id=\"592\"\n           data-title=\"Pre\u0301sentation-8\"\n           data-description=\"\"\n           class=\"ngg-simplelightbox\" rel=\"90364f65509bb15db5c828914e21de82\">\n\n            <img data-image-id='592'\n                 title=\"\"\n                 alt=\"Pre\u0301sentation-8\"\n                 src=\"http:\/\/www.collegelafraternite.com\/sainte-ursule\/wp-content\/gallery\/boites-de-noel-21-1\/Pre%CC%81sentation-8.jpg\"\n                 style=\"max-height: 380px;\"\/>\n        <\/a>\n\n        <\/div> \n<\/div>\n\n\n\t\t<!-- Thumbnails Link -->\n\t<div class=\"slideshowlink\" style=\"max-width: 600px;\">\n        <a href='http:\/\/www.collegelafraternite.com\/sainte-ursule\/ecoschool\/action-boites-de-noel-2021\/nggallery\/thumbnails'>[Show thumbnails]<\/a>\n\t<\/div>\n\n\n<p>&nbsp;<\/p>\n<p>&nbsp;<\/p>\n","protected":false},"excerpt":{"rendered":"<p>Cette ann\u00e9e encore, les \u00e9l\u00e8ves et les professeurs du Coll\u00e8ge ont particip\u00e9 \u00e0 l&rsquo;action \u00ab\u00a0Boites de No\u00ebl\u00a0\u00bb de la Croix-Rouge.&nbsp; &nbsp; &nbsp; &nbsp;<\/p>\n","protected":false},"author":1,"featured_media":0,"parent":1576,"menu_order":0,"comment_status":"closed","ping_status":"closed","template":"page-fullwidth.php","meta":{"ngg_post_thumbnail":0},"_links":{"self":[{"href":"http:\/\/www.collegelafraternite.com\/sainte-ursule\/wp-json\/wp\/v2\/pages\/2141"}],"collection":[{"href":"http:\/\/www.collegelafraternite.com\/sainte-ursule\/wp-json\/wp\/v2\/pages"}],"about":[{"href":"http:\/\/www.collegelafraternite.com\/sainte-ursule\/wp-json\/wp\/v2\/types\/page"}],"author":[{"embeddable":true,"href":"http:\/\/www.collegelafraternite.com\/sainte-ursule\/wp-json\/wp\/v2\/users\/1"}],"replies":[{"embeddable":true,"href":"http:\/\/www.collegelafraternite.com\/sainte-ursule\/wp-json\/wp\/v2\/comments?post=2141"}],"version-history":[{"count":3,"href":"http:\/\/www.collegelafraternite.com\/sainte-ursule\/wp-json\/wp\/v2\/pages\/2141\/revisions"}],"predecessor-version":[{"id":2146,"href":"http:\/\/www.collegelafraternite.com\/sainte-ursule\/wp-json\/wp\/v2\/pages\/2141\/revisions\/2146"}],"up":[{"embeddable":true,"href":"http:\/\/www.collegelafraternite.com\/sainte-ursule\/wp-json\/wp\/v2\/pages\/1576"}],"wp:attachment":[{"href":"http:\/\/www.collegelafraternite.com\/sainte-ursule\/wp-json\/wp\/v2\/media?parent=2141"}],"curies":[{"name":"wp","href":"https:\/\/api.w.org\/{rel}","templated":true}]}}