{"id":1923,"date":"2021-10-10T11:48:19","date_gmt":"2021-10-10T09:48:19","guid":{"rendered":"http:\/\/www.collegelafraternite.com\/sainte-ursule\/?page_id=1923"},"modified":"2021-10-10T11:51:38","modified_gmt":"2021-10-10T09:51:38","slug":"reveil-climatique-8-octobre-2021","status":"publish","type":"page","link":"http:\/\/www.collegelafraternite.com\/sainte-ursule\/ecoschool\/reveil-climatique-8-octobre-2021\/","title":{"rendered":"R\u00e9veil climatique &#8211; 8 octobre 2021"},"content":{"rendered":"\n<p>Faisons sonner le r\u00e9veil climatique dans toutes les \u00e9coles de Belgique ! Le vendredi 8 octobre, deux jours avant la grande marche pour le climat, les \u00e9coles sonnent l\u2019alarme climatique pour r\u00e9veiller les responsables politiques de notre pays.&nbsp;<\/p>\n\n\n\t<div class='ngg-imagebrowser'\n         id='ngg-imagebrowser-b11f88de3a93aea704890cef866b7ef8-1923'\n         data-nextgen-gallery-id=\"b11f88de3a93aea704890cef866b7ef8\">\n\n        <h3>20211010_084238000_iOS<\/h3>\n\n        <div id=\"ngg-image-0\" class=\"pic\" >\n\n        <a href='http:\/\/www.collegelafraternite.com\/sainte-ursule\/wp-content\/gallery\/reveil-climatique\/20211010_084238000_iOS.png'\n           title=' '\n           data-src=\"http:\/\/www.collegelafraternite.com\/sainte-ursule\/wp-content\/gallery\/reveil-climatique\/20211010_084238000_iOS.png\"\n           data-thumbnail=\"http:\/\/www.collegelafraternite.com\/sainte-ursule\/wp-content\/gallery\/reveil-climatique\/thumbs\/thumbs_20211010_084238000_iOS.png\"\n           data-image-id=\"456\"\n           data-title=\"20211010_084238000_iOS\"\n           data-description=\" \"\n           class=\"ngg-simplelightbox\" rel=\"b11f88de3a93aea704890cef866b7ef8\">\n            <img title='20211010_084238000_iOS'\n                 alt='20211010_084238000_iOS'\n                 src='http:\/\/www.collegelafraternite.com\/sainte-ursule\/wp-content\/gallery\/reveil-climatique\/20211010_084238000_iOS.png'\/>\n        <\/a>\n\n        <\/div> \n\n        <div class='ngg-imagebrowser-nav'>\n\n            <div class='back'>\n                <a class='ngg-browser-prev'\n                   id='ngg-prev-469'\n                   href='http:\/\/www.collegelafraternite.com\/sainte-ursule\/ecoschool\/reveil-climatique-8-octobre-2021\/nggallery\/image\/20211008_124350000_ios\/'>\n                    &#9668; Retour                <\/a>\n            <\/div>\n\n            <div class='next'>\n                <a class='ngg-browser-next'\n                   id='ngg-next-457'\n                   href='http:\/\/www.collegelafraternite.com\/sainte-ursule\/ecoschool\/reveil-climatique-8-octobre-2021\/nggallery\/image\/20211008_115729000_ios\/'>\n                    Suivant                    &#9658;\n                <\/a>\n            <\/div>\n\n            <div class='counter'>\n                Image                1                parmi                14            <\/div>\n\n            <div class='ngg-imagebrowser-desc'>\n                <p> <\/p>\n            <\/div>\n\n        <\/div>\n    <\/div>\n\n\n","protected":false},"excerpt":{"rendered":"<p>Faisons sonner le r\u00e9veil climatique dans toutes les \u00e9coles de Belgique ! Le vendredi 8 octobre, deux jours avant la grande marche pour le climat, les \u00e9coles sonnent l\u2019alarme climatique pour r\u00e9veiller les responsables politiques de notre pays.&nbsp;<\/p>\n","protected":false},"author":1,"featured_media":0,"parent":1576,"menu_order":0,"comment_status":"closed","ping_status":"closed","template":"page-fullwidth.php","meta":{"ngg_post_thumbnail":0},"_links":{"self":[{"href":"http:\/\/www.collegelafraternite.com\/sainte-ursule\/wp-json\/wp\/v2\/pages\/1923"}],"collection":[{"href":"http:\/\/www.collegelafraternite.com\/sainte-ursule\/wp-json\/wp\/v2\/pages"}],"about":[{"href":"http:\/\/www.collegelafraternite.com\/sainte-ursule\/wp-json\/wp\/v2\/types\/page"}],"author":[{"embeddable":true,"href":"http:\/\/www.collegelafraternite.com\/sainte-ursule\/wp-json\/wp\/v2\/users\/1"}],"replies":[{"embeddable":true,"href":"http:\/\/www.collegelafraternite.com\/sainte-ursule\/wp-json\/wp\/v2\/comments?post=1923"}],"version-history":[{"count":3,"href":"http:\/\/www.collegelafraternite.com\/sainte-ursule\/wp-json\/wp\/v2\/pages\/1923\/revisions"}],"predecessor-version":[{"id":1926,"href":"http:\/\/www.collegelafraternite.com\/sainte-ursule\/wp-json\/wp\/v2\/pages\/1923\/revisions\/1926"}],"up":[{"embeddable":true,"href":"http:\/\/www.collegelafraternite.com\/sainte-ursule\/wp-json\/wp\/v2\/pages\/1576"}],"wp:attachment":[{"href":"http:\/\/www.collegelafraternite.com\/sainte-ursule\/wp-json\/wp\/v2\/media?parent=1923"}],"curies":[{"name":"wp","href":"https:\/\/api.w.org\/{rel}","templated":true}]}}