{"id":1884,"date":"2021-09-17T15:22:30","date_gmt":"2021-09-17T13:22:30","guid":{"rendered":"http:\/\/www.collegelafraternite.com\/sainte-ursule\/?page_id=1884"},"modified":"2021-09-17T15:29:02","modified_gmt":"2021-09-17T13:29:02","slug":"salon-hope","status":"publish","type":"page","link":"http:\/\/www.collegelafraternite.com\/sainte-ursule\/ecoschool\/salon-hope\/","title":{"rendered":"Salon HOPE"},"content":{"rendered":"\n<p>Ces 11 et 12 septembre, notre \u00e9cole \u00e9tait pr\u00e9sente au salon HOPE dans le cadre d&rsquo;Eco&rsquo;school. HOPE est un salon qui r\u00e9unit des projets durables et des initiatives citoyennes et qui permet \u00e0 diff\u00e9rents acteurs oeuvrant en faveur de la transition \u00e9cologique et sociale de notre soci\u00e9t\u00e9 de se rencontrer.<\/p>\n<p>Plus d&rsquo;informations sur leur <a href=\"https:\/\/www.hopeandchange.be\/\">site<\/a>.<\/p>\n<p>Nos repr\u00e9sentantes : Mesdames Jazy et Bette.<\/p>\n<p>Affiches r\u00e9alis\u00e9es par Monsieur G\u00e9rin, professeur d&rsquo;expression plastique.<\/p>\n<!-- index.php -->\n<div\n\tclass=\"ngg-galleryoverview ngg-ajax-pagination-none\"\n\tid=\"ngg-gallery-dd7ecdf38f546e03d50489656f901723-1\">\n\n    \t<div class=\"slideshowlink\">\n        <a href='http:\/\/www.collegelafraternite.com\/sainte-ursule\/ecoschool\/salon-hope\/nggallery\/slideshow'>[Diaporama]<\/a>\n\t\t\n\t<\/div>\n\t\t\t<!-- Thumbnails -->\n\t\t\t\t<div id=\"ngg-image-0\" class=\"ngg-gallery-thumbnail-box\" >\n\t\t\t\t        <div class=\"ngg-gallery-thumbnail\">\n            <a href=\"http:\/\/www.collegelafraternite.com\/sainte-ursule\/wp-content\/gallery\/hope\/IMG_20210911_160718_043.jpg\"\n               title=\"\"\n               data-src=\"http:\/\/www.collegelafraternite.com\/sainte-ursule\/wp-content\/gallery\/hope\/IMG_20210911_160718_043.jpg\"\n               data-thumbnail=\"http:\/\/www.collegelafraternite.com\/sainte-ursule\/wp-content\/gallery\/hope\/thumbs\/thumbs_IMG_20210911_160718_043.jpg\"\n               data-image-id=\"452\"\n               data-title=\"IMG_20210911_160718_043\"\n               data-description=\"\"\n               data-image-slug=\"img_20210911_160718_043\"\n               class=\"ngg-simplelightbox\" rel=\"dd7ecdf38f546e03d50489656f901723\">\n                <img\n                    title=\"IMG_20210911_160718_043\"\n                    alt=\"IMG_20210911_160718_043\"\n                    src=\"http:\/\/www.collegelafraternite.com\/sainte-ursule\/wp-content\/gallery\/hope\/thumbs\/thumbs_IMG_20210911_160718_043.jpg\"\n                    width=\"240\"\n                    height=\"160\"\n                    style=\"max-width:100%;\"\n                \/>\n            <\/a>\n        <\/div>\n\t\t\t\t\t\t\t<\/div> \n\t\t\t\n        \n\t\t\t\t<div id=\"ngg-image-1\" class=\"ngg-gallery-thumbnail-box\" >\n\t\t\t\t        <div class=\"ngg-gallery-thumbnail\">\n            <a href=\"http:\/\/www.collegelafraternite.com\/sainte-ursule\/wp-content\/gallery\/hope\/IMG_20210911_160754_078.jpg\"\n               title=\"\"\n               data-src=\"http:\/\/www.collegelafraternite.com\/sainte-ursule\/wp-content\/gallery\/hope\/IMG_20210911_160754_078.jpg\"\n               data-thumbnail=\"http:\/\/www.collegelafraternite.com\/sainte-ursule\/wp-content\/gallery\/hope\/thumbs\/thumbs_IMG_20210911_160754_078.jpg\"\n               data-image-id=\"453\"\n               data-title=\"IMG_20210911_160754_078\"\n               data-description=\"\"\n               data-image-slug=\"img_20210911_160754_078\"\n               class=\"ngg-simplelightbox\" rel=\"dd7ecdf38f546e03d50489656f901723\">\n                <img\n                    title=\"IMG_20210911_160754_078\"\n                    alt=\"IMG_20210911_160754_078\"\n                    src=\"http:\/\/www.collegelafraternite.com\/sainte-ursule\/wp-content\/gallery\/hope\/thumbs\/thumbs_IMG_20210911_160754_078.jpg\"\n                    width=\"240\"\n                    height=\"160\"\n                    style=\"max-width:100%;\"\n                \/>\n            <\/a>\n        <\/div>\n\t\t\t\t\t\t\t<\/div> \n\t\t\t\n        \n\t\t\t\t<div id=\"ngg-image-2\" class=\"ngg-gallery-thumbnail-box\" >\n\t\t\t\t        <div class=\"ngg-gallery-thumbnail\">\n            <a href=\"http:\/\/www.collegelafraternite.com\/sainte-ursule\/wp-content\/gallery\/hope\/IMG_20210911_160743_704.jpg\"\n               title=\"\"\n               data-src=\"http:\/\/www.collegelafraternite.com\/sainte-ursule\/wp-content\/gallery\/hope\/IMG_20210911_160743_704.jpg\"\n               data-thumbnail=\"http:\/\/www.collegelafraternite.com\/sainte-ursule\/wp-content\/gallery\/hope\/thumbs\/thumbs_IMG_20210911_160743_704.jpg\"\n               data-image-id=\"454\"\n               data-title=\"IMG_20210911_160743_704\"\n               data-description=\"\"\n               data-image-slug=\"img_20210911_160743_704\"\n               class=\"ngg-simplelightbox\" rel=\"dd7ecdf38f546e03d50489656f901723\">\n                <img\n                    title=\"IMG_20210911_160743_704\"\n                    alt=\"IMG_20210911_160743_704\"\n                    src=\"http:\/\/www.collegelafraternite.com\/sainte-ursule\/wp-content\/gallery\/hope\/thumbs\/thumbs_IMG_20210911_160743_704.jpg\"\n                    width=\"240\"\n                    height=\"160\"\n                    style=\"max-width:100%;\"\n                \/>\n            <\/a>\n        <\/div>\n\t\t\t\t\t\t\t<\/div> \n\t\t\t\n        \n\t\t\t\t<div id=\"ngg-image-3\" class=\"ngg-gallery-thumbnail-box\" >\n\t\t\t\t        <div class=\"ngg-gallery-thumbnail\">\n            <a href=\"http:\/\/www.collegelafraternite.com\/sainte-ursule\/wp-content\/gallery\/hope\/IMG_20210911_101532_678.jpg\"\n               title=\"\"\n               data-src=\"http:\/\/www.collegelafraternite.com\/sainte-ursule\/wp-content\/gallery\/hope\/IMG_20210911_101532_678.jpg\"\n               data-thumbnail=\"http:\/\/www.collegelafraternite.com\/sainte-ursule\/wp-content\/gallery\/hope\/thumbs\/thumbs_IMG_20210911_101532_678.jpg\"\n               data-image-id=\"455\"\n               data-title=\"IMG_20210911_101532_678\"\n               data-description=\"\"\n               data-image-slug=\"img_20210911_101532_678\"\n               class=\"ngg-simplelightbox\" rel=\"dd7ecdf38f546e03d50489656f901723\">\n                <img\n                    title=\"IMG_20210911_101532_678\"\n                    alt=\"IMG_20210911_101532_678\"\n                    src=\"http:\/\/www.collegelafraternite.com\/sainte-ursule\/wp-content\/gallery\/hope\/thumbs\/thumbs_IMG_20210911_101532_678.jpg\"\n                    width=\"240\"\n                    height=\"160\"\n                    style=\"max-width:100%;\"\n                \/>\n            <\/a>\n        <\/div>\n\t\t\t\t\t\t\t<\/div> \n\t\t\t\n        \n\t\t\n\t\t<div class=\"ngg-clear\"><\/div>\n\t<\/div>\n\n<p>&nbsp;<\/p>\n","protected":false},"excerpt":{"rendered":"<p>Ces 11 et 12 septembre, notre \u00e9cole \u00e9tait pr\u00e9sente au salon HOPE dans le cadre d&rsquo;Eco&rsquo;school. HOPE est un salon qui r\u00e9unit des projets durables et des initiatives citoyennes et qui permet \u00e0 diff\u00e9rents acteurs oeuvrant en faveur de la transition \u00e9cologique et sociale de notre soci\u00e9t\u00e9 de se rencontrer. Plus d&rsquo;informations sur leur site. [&hellip;]<\/p>\n","protected":false},"author":1,"featured_media":0,"parent":1576,"menu_order":0,"comment_status":"closed","ping_status":"closed","template":"page-fullwidth.php","meta":{"ngg_post_thumbnail":0},"_links":{"self":[{"href":"http:\/\/www.collegelafraternite.com\/sainte-ursule\/wp-json\/wp\/v2\/pages\/1884"}],"collection":[{"href":"http:\/\/www.collegelafraternite.com\/sainte-ursule\/wp-json\/wp\/v2\/pages"}],"about":[{"href":"http:\/\/www.collegelafraternite.com\/sainte-ursule\/wp-json\/wp\/v2\/types\/page"}],"author":[{"embeddable":true,"href":"http:\/\/www.collegelafraternite.com\/sainte-ursule\/wp-json\/wp\/v2\/users\/1"}],"replies":[{"embeddable":true,"href":"http:\/\/www.collegelafraternite.com\/sainte-ursule\/wp-json\/wp\/v2\/comments?post=1884"}],"version-history":[{"count":6,"href":"http:\/\/www.collegelafraternite.com\/sainte-ursule\/wp-json\/wp\/v2\/pages\/1884\/revisions"}],"predecessor-version":[{"id":1898,"href":"http:\/\/www.collegelafraternite.com\/sainte-ursule\/wp-json\/wp\/v2\/pages\/1884\/revisions\/1898"}],"up":[{"embeddable":true,"href":"http:\/\/www.collegelafraternite.com\/sainte-ursule\/wp-json\/wp\/v2\/pages\/1576"}],"wp:attachment":[{"href":"http:\/\/www.collegelafraternite.com\/sainte-ursule\/wp-json\/wp\/v2\/media?parent=1884"}],"curies":[{"name":"wp","href":"https:\/\/api.w.org\/{rel}","templated":true}]}}