{"id":1766,"date":"2021-01-19T12:16:57","date_gmt":"2021-01-19T11:16:57","guid":{"rendered":"http:\/\/www.collegelafraternite.com\/sainte-ursule\/?page_id=1766"},"modified":"2021-01-19T12:36:51","modified_gmt":"2021-01-19T11:36:51","slug":"action-boite-de-noel","status":"publish","type":"page","link":"http:\/\/www.collegelafraternite.com\/sainte-ursule\/ecoschool\/action-boite-de-noel\/","title":{"rendered":"Action \u00ab\u00a0Boite de No\u00ebl\u00a0\u00bb"},"content":{"rendered":"\n<p style=\"color:#2e7403\" class=\"has-text-color has-medium-font-size\">Quand Fraternit\u00e9 rime avec solidarit\u00e9&#8230;<\/p>\n\n\n\n\n\n<div class=\"ngg-galleryoverview ngg-slideshow\"\n\t id=\"ngg-slideshow-db5f58451dfb454b38af5bc91ab91f8e-15116071100\"\n     data-gallery-id=\"db5f58451dfb454b38af5bc91ab91f8e\"\n     style=\"max-width: 600px; max-height: 400px;\">\n\n \t<div id=\"ngg-image-0\" class=\"ngg-gallery-slideshow-image\" style=\"height:400px\">\n\n        <a href=\"http:\/\/www.collegelafraternite.com\/sainte-ursule\/wp-content\/gallery\/boite-de-noel\/PP-boites-de-Noe%CC%88l-glisse%CC%81es-2.jpg\"\n           title=\"\"\n           data-src=\"http:\/\/www.collegelafraternite.com\/sainte-ursule\/wp-content\/gallery\/boite-de-noel\/PP-boites-de-Noe%CC%88l-glisse%CC%81es-2.jpg\"\n           data-thumbnail=\"http:\/\/www.collegelafraternite.com\/sainte-ursule\/wp-content\/gallery\/boite-de-noel\/thumbs\/thumbs_PP-boites-de-Noe%CC%88l-glisse%CC%81es-2.jpg\"\n           data-image-id=\"418\"\n           data-title=\"PP boites de Noe\u0308l (glisse\u0301(e)s) 2\"\n           data-description=\"\"\n           class=\"ngg-simplelightbox\" rel=\"db5f58451dfb454b38af5bc91ab91f8e\">\n\n            <img data-image-id='418'\n                 title=\"\"\n                 alt=\"PP boites de Noe\u0308l (glisse\u0301(e)s) 2\"\n                 src=\"http:\/\/www.collegelafraternite.com\/sainte-ursule\/wp-content\/gallery\/boite-de-noel\/PP-boites-de-Noe%CC%88l-glisse%CC%81es-2.jpg\"\n                 style=\"max-height: 380px;\"\/>\n        <\/a>\n\n        <\/div> \n<div id=\"ngg-image-1\" class=\"ngg-gallery-slideshow-image\" style=\"height:400px\">\n\n        <a href=\"http:\/\/www.collegelafraternite.com\/sainte-ursule\/wp-content\/gallery\/boite-de-noel\/PP-boites-de-Noe%CC%88l-glisse%CC%81es-3.jpg\"\n           title=\"\"\n           data-src=\"http:\/\/www.collegelafraternite.com\/sainte-ursule\/wp-content\/gallery\/boite-de-noel\/PP-boites-de-Noe%CC%88l-glisse%CC%81es-3.jpg\"\n           data-thumbnail=\"http:\/\/www.collegelafraternite.com\/sainte-ursule\/wp-content\/gallery\/boite-de-noel\/thumbs\/thumbs_PP-boites-de-Noe%CC%88l-glisse%CC%81es-3.jpg\"\n           data-image-id=\"419\"\n           data-title=\"PP boites de Noe\u0308l (glisse\u0301(e)s) 3\"\n           data-description=\"\"\n           class=\"ngg-simplelightbox\" rel=\"db5f58451dfb454b38af5bc91ab91f8e\">\n\n            <img data-image-id='419'\n                 title=\"\"\n                 alt=\"PP boites de Noe\u0308l (glisse\u0301(e)s) 3\"\n                 src=\"http:\/\/www.collegelafraternite.com\/sainte-ursule\/wp-content\/gallery\/boite-de-noel\/PP-boites-de-Noe%CC%88l-glisse%CC%81es-3.jpg\"\n                 style=\"max-height: 380px;\"\/>\n        <\/a>\n\n        <\/div> \n<div id=\"ngg-image-2\" class=\"ngg-gallery-slideshow-image\" style=\"height:400px\">\n\n        <a href=\"http:\/\/www.collegelafraternite.com\/sainte-ursule\/wp-content\/gallery\/boite-de-noel\/PP-boites-de-Noe%CC%88l-glisse%CC%81es-4.jpg\"\n           title=\"\"\n           data-src=\"http:\/\/www.collegelafraternite.com\/sainte-ursule\/wp-content\/gallery\/boite-de-noel\/PP-boites-de-Noe%CC%88l-glisse%CC%81es-4.jpg\"\n           data-thumbnail=\"http:\/\/www.collegelafraternite.com\/sainte-ursule\/wp-content\/gallery\/boite-de-noel\/thumbs\/thumbs_PP-boites-de-Noe%CC%88l-glisse%CC%81es-4.jpg\"\n           data-image-id=\"420\"\n           data-title=\"PP boites de Noe\u0308l (glisse\u0301(e)s) 4\"\n           data-description=\"\"\n           class=\"ngg-simplelightbox\" rel=\"db5f58451dfb454b38af5bc91ab91f8e\">\n\n            <img data-image-id='420'\n                 title=\"\"\n                 alt=\"PP boites de Noe\u0308l (glisse\u0301(e)s) 4\"\n                 src=\"http:\/\/www.collegelafraternite.com\/sainte-ursule\/wp-content\/gallery\/boite-de-noel\/PP-boites-de-Noe%CC%88l-glisse%CC%81es-4.jpg\"\n                 style=\"max-height: 380px;\"\/>\n        <\/a>\n\n        <\/div> \n<div id=\"ngg-image-3\" class=\"ngg-gallery-slideshow-image\" style=\"height:400px\">\n\n        <a href=\"http:\/\/www.collegelafraternite.com\/sainte-ursule\/wp-content\/gallery\/boite-de-noel\/PP-boites-de-Noe%CC%88l-glisse%CC%81es-5.jpg\"\n           title=\"\"\n           data-src=\"http:\/\/www.collegelafraternite.com\/sainte-ursule\/wp-content\/gallery\/boite-de-noel\/PP-boites-de-Noe%CC%88l-glisse%CC%81es-5.jpg\"\n           data-thumbnail=\"http:\/\/www.collegelafraternite.com\/sainte-ursule\/wp-content\/gallery\/boite-de-noel\/thumbs\/thumbs_PP-boites-de-Noe%CC%88l-glisse%CC%81es-5.jpg\"\n           data-image-id=\"421\"\n           data-title=\"PP boites de Noe\u0308l (glisse\u0301(e)s) 5\"\n           data-description=\"\"\n           class=\"ngg-simplelightbox\" rel=\"db5f58451dfb454b38af5bc91ab91f8e\">\n\n            <img data-image-id='421'\n                 title=\"\"\n                 alt=\"PP boites de Noe\u0308l (glisse\u0301(e)s) 5\"\n                 src=\"http:\/\/www.collegelafraternite.com\/sainte-ursule\/wp-content\/gallery\/boite-de-noel\/PP-boites-de-Noe%CC%88l-glisse%CC%81es-5.jpg\"\n                 style=\"max-height: 380px;\"\/>\n        <\/a>\n\n        <\/div> \n<div id=\"ngg-image-4\" class=\"ngg-gallery-slideshow-image\" style=\"height:400px\">\n\n        <a href=\"http:\/\/www.collegelafraternite.com\/sainte-ursule\/wp-content\/gallery\/boite-de-noel\/PP-boites-de-Noe%CC%88l-glisse%CC%81es-6.jpg\"\n           title=\"\"\n           data-src=\"http:\/\/www.collegelafraternite.com\/sainte-ursule\/wp-content\/gallery\/boite-de-noel\/PP-boites-de-Noe%CC%88l-glisse%CC%81es-6.jpg\"\n           data-thumbnail=\"http:\/\/www.collegelafraternite.com\/sainte-ursule\/wp-content\/gallery\/boite-de-noel\/thumbs\/thumbs_PP-boites-de-Noe%CC%88l-glisse%CC%81es-6.jpg\"\n           data-image-id=\"422\"\n           data-title=\"PP boites de Noe\u0308l (glisse\u0301(e)s) 6\"\n           data-description=\"\"\n           class=\"ngg-simplelightbox\" rel=\"db5f58451dfb454b38af5bc91ab91f8e\">\n\n            <img data-image-id='422'\n                 title=\"\"\n                 alt=\"PP boites de Noe\u0308l (glisse\u0301(e)s) 6\"\n                 src=\"http:\/\/www.collegelafraternite.com\/sainte-ursule\/wp-content\/gallery\/boite-de-noel\/PP-boites-de-Noe%CC%88l-glisse%CC%81es-6.jpg\"\n                 style=\"max-height: 380px;\"\/>\n        <\/a>\n\n        <\/div> \n<div id=\"ngg-image-5\" class=\"ngg-gallery-slideshow-image\" style=\"height:400px\">\n\n        <a href=\"http:\/\/www.collegelafraternite.com\/sainte-ursule\/wp-content\/gallery\/boite-de-noel\/PP-boites-de-Noe%CC%88l-glisse%CC%81es-7.jpg\"\n           title=\"\"\n           data-src=\"http:\/\/www.collegelafraternite.com\/sainte-ursule\/wp-content\/gallery\/boite-de-noel\/PP-boites-de-Noe%CC%88l-glisse%CC%81es-7.jpg\"\n           data-thumbnail=\"http:\/\/www.collegelafraternite.com\/sainte-ursule\/wp-content\/gallery\/boite-de-noel\/thumbs\/thumbs_PP-boites-de-Noe%CC%88l-glisse%CC%81es-7.jpg\"\n           data-image-id=\"423\"\n           data-title=\"PP boites de Noe\u0308l (glisse\u0301(e)s) 7\"\n           data-description=\"\"\n           class=\"ngg-simplelightbox\" rel=\"db5f58451dfb454b38af5bc91ab91f8e\">\n\n            <img data-image-id='423'\n                 title=\"\"\n                 alt=\"PP boites de Noe\u0308l (glisse\u0301(e)s) 7\"\n                 src=\"http:\/\/www.collegelafraternite.com\/sainte-ursule\/wp-content\/gallery\/boite-de-noel\/PP-boites-de-Noe%CC%88l-glisse%CC%81es-7.jpg\"\n                 style=\"max-height: 380px;\"\/>\n        <\/a>\n\n        <\/div> \n<div id=\"ngg-image-6\" class=\"ngg-gallery-slideshow-image\" style=\"height:400px\">\n\n        <a href=\"http:\/\/www.collegelafraternite.com\/sainte-ursule\/wp-content\/gallery\/boite-de-noel\/PP-boites-de-Noe%CC%88l-glisse%CC%81es-8.jpg\"\n           title=\"\"\n           data-src=\"http:\/\/www.collegelafraternite.com\/sainte-ursule\/wp-content\/gallery\/boite-de-noel\/PP-boites-de-Noe%CC%88l-glisse%CC%81es-8.jpg\"\n           data-thumbnail=\"http:\/\/www.collegelafraternite.com\/sainte-ursule\/wp-content\/gallery\/boite-de-noel\/thumbs\/thumbs_PP-boites-de-Noe%CC%88l-glisse%CC%81es-8.jpg\"\n           data-image-id=\"424\"\n           data-title=\"PP boites de Noe\u0308l (glisse\u0301(e)s) 8\"\n           data-description=\"\"\n           class=\"ngg-simplelightbox\" rel=\"db5f58451dfb454b38af5bc91ab91f8e\">\n\n            <img data-image-id='424'\n                 title=\"\"\n                 alt=\"PP boites de Noe\u0308l (glisse\u0301(e)s) 8\"\n                 src=\"http:\/\/www.collegelafraternite.com\/sainte-ursule\/wp-content\/gallery\/boite-de-noel\/PP-boites-de-Noe%CC%88l-glisse%CC%81es-8.jpg\"\n                 style=\"max-height: 380px;\"\/>\n        <\/a>\n\n        <\/div> \n<div id=\"ngg-image-7\" class=\"ngg-gallery-slideshow-image\" style=\"height:400px\">\n\n        <a href=\"http:\/\/www.collegelafraternite.com\/sainte-ursule\/wp-content\/gallery\/boite-de-noel\/PP-boites-de-Noe%CC%88l-glisse%CC%81es-9.jpg\"\n           title=\"\"\n           data-src=\"http:\/\/www.collegelafraternite.com\/sainte-ursule\/wp-content\/gallery\/boite-de-noel\/PP-boites-de-Noe%CC%88l-glisse%CC%81es-9.jpg\"\n           data-thumbnail=\"http:\/\/www.collegelafraternite.com\/sainte-ursule\/wp-content\/gallery\/boite-de-noel\/thumbs\/thumbs_PP-boites-de-Noe%CC%88l-glisse%CC%81es-9.jpg\"\n           data-image-id=\"425\"\n           data-title=\"PP boites de Noe\u0308l (glisse\u0301(e)s) 9\"\n           data-description=\"\"\n           class=\"ngg-simplelightbox\" rel=\"db5f58451dfb454b38af5bc91ab91f8e\">\n\n            <img data-image-id='425'\n                 title=\"\"\n                 alt=\"PP boites de Noe\u0308l (glisse\u0301(e)s) 9\"\n                 src=\"http:\/\/www.collegelafraternite.com\/sainte-ursule\/wp-content\/gallery\/boite-de-noel\/PP-boites-de-Noe%CC%88l-glisse%CC%81es-9.jpg\"\n                 style=\"max-height: 380px;\"\/>\n        <\/a>\n\n        <\/div> \n<div id=\"ngg-image-8\" class=\"ngg-gallery-slideshow-image\" style=\"height:400px\">\n\n        <a href=\"http:\/\/www.collegelafraternite.com\/sainte-ursule\/wp-content\/gallery\/boite-de-noel\/PP-boites-de-Noe%CC%88l-glisse%CC%81es-10.jpg\"\n           title=\"\"\n           data-src=\"http:\/\/www.collegelafraternite.com\/sainte-ursule\/wp-content\/gallery\/boite-de-noel\/PP-boites-de-Noe%CC%88l-glisse%CC%81es-10.jpg\"\n           data-thumbnail=\"http:\/\/www.collegelafraternite.com\/sainte-ursule\/wp-content\/gallery\/boite-de-noel\/thumbs\/thumbs_PP-boites-de-Noe%CC%88l-glisse%CC%81es-10.jpg\"\n           data-image-id=\"426\"\n           data-title=\"PP boites de Noe\u0308l (glisse\u0301(e)s) 10\"\n           data-description=\"\"\n           class=\"ngg-simplelightbox\" rel=\"db5f58451dfb454b38af5bc91ab91f8e\">\n\n            <img data-image-id='426'\n                 title=\"\"\n                 alt=\"PP boites de Noe\u0308l (glisse\u0301(e)s) 10\"\n                 src=\"http:\/\/www.collegelafraternite.com\/sainte-ursule\/wp-content\/gallery\/boite-de-noel\/PP-boites-de-Noe%CC%88l-glisse%CC%81es-10.jpg\"\n                 style=\"max-height: 380px;\"\/>\n        <\/a>\n\n        <\/div> \n<\/div>\n\n\n\t\t<!-- Thumbnails Link -->\n\t<div class=\"slideshowlink\" style=\"max-width: 600px;\">\n        <a href='http:\/\/www.collegelafraternite.com\/sainte-ursule\/ecoschool\/action-boite-de-noel\/nggallery\/thumbnails'>[Show thumbnails]<\/a>\n\t<\/div>\n\n\n\n\n\n<p>L&rsquo;action boite de No\u00ebl r\u00e9alis\u00e9e par les \u00e9l\u00e8ves au profit des plus d\u00e9munis par l&rsquo;interm\u00e9diaire de la Croix Rouge. Projet r\u00e9alis\u00e9 avec Madame Bette et Madame Hoffman.<\/p>\n","protected":false},"excerpt":{"rendered":"<p>Quand Fraternit\u00e9 rime avec solidarit\u00e9&#8230; L&rsquo;action boite de No\u00ebl r\u00e9alis\u00e9e par les \u00e9l\u00e8ves au profit des plus d\u00e9munis par l&rsquo;interm\u00e9diaire de la Croix Rouge. Projet r\u00e9alis\u00e9 avec Madame Bette et Madame Hoffman.<\/p>\n","protected":false},"author":1,"featured_media":0,"parent":1576,"menu_order":0,"comment_status":"closed","ping_status":"closed","template":"page-fullwidth.php","meta":{"ngg_post_thumbnail":0},"_links":{"self":[{"href":"http:\/\/www.collegelafraternite.com\/sainte-ursule\/wp-json\/wp\/v2\/pages\/1766"}],"collection":[{"href":"http:\/\/www.collegelafraternite.com\/sainte-ursule\/wp-json\/wp\/v2\/pages"}],"about":[{"href":"http:\/\/www.collegelafraternite.com\/sainte-ursule\/wp-json\/wp\/v2\/types\/page"}],"author":[{"embeddable":true,"href":"http:\/\/www.collegelafraternite.com\/sainte-ursule\/wp-json\/wp\/v2\/users\/1"}],"replies":[{"embeddable":true,"href":"http:\/\/www.collegelafraternite.com\/sainte-ursule\/wp-json\/wp\/v2\/comments?post=1766"}],"version-history":[{"count":3,"href":"http:\/\/www.collegelafraternite.com\/sainte-ursule\/wp-json\/wp\/v2\/pages\/1766\/revisions"}],"predecessor-version":[{"id":1782,"href":"http:\/\/www.collegelafraternite.com\/sainte-ursule\/wp-json\/wp\/v2\/pages\/1766\/revisions\/1782"}],"up":[{"embeddable":true,"href":"http:\/\/www.collegelafraternite.com\/sainte-ursule\/wp-json\/wp\/v2\/pages\/1576"}],"wp:attachment":[{"href":"http:\/\/www.collegelafraternite.com\/sainte-ursule\/wp-json\/wp\/v2\/media?parent=1766"}],"curies":[{"name":"wp","href":"https:\/\/api.w.org\/{rel}","templated":true}]}}