{"id":171,"date":"2018-02-06T15:08:40","date_gmt":"2018-02-06T14:08:40","guid":{"rendered":"http:\/\/www.onmangecamp.be\/frat\/?page_id=171"},"modified":"2026-01-16T12:27:14","modified_gmt":"2026-01-16T11:27:14","slug":"inscriptions","status":"publish","type":"page","link":"http:\/\/www.collegelafraternite.com\/sainte-ursule\/inscriptions\/","title":{"rendered":"Inscriptions"},"content":{"rendered":"\n<p><a href=\"http:\/\/www.collegelafraternite.com\/sainte-ursule\/inscriptions\/inscription-pour-le-1er-degre\/\">Inscrire un \u00e9l\u00e8ve dans le 1<sup>er<\/sup> degr\u00e9<\/a><\/p>\n\n\n\n<p><a href=\"http:\/\/www.collegelafraternite.com\/sainte-ursule\/inscription-pour-les-2e-et-3e-degres\/\">Inscrire un \u00e9l\u00e8ve dans le&nbsp;2<sup>e<\/sup> ou le 3<sup>e&nbsp;<\/sup>degr\u00e9<\/a><\/p>\n","protected":false},"excerpt":{"rendered":"<p>Inscrire un \u00e9l\u00e8ve dans le 1er degr\u00e9 Inscrire un \u00e9l\u00e8ve dans le&nbsp;2e ou le 3e&nbsp;degr\u00e9<\/p>\n","protected":false},"author":1,"featured_media":0,"parent":0,"menu_order":0,"comment_status":"closed","ping_status":"closed","template":"page-fullwidth.php","meta":{"ngg_post_thumbnail":0},"_links":{"self":[{"href":"http:\/\/www.collegelafraternite.com\/sainte-ursule\/wp-json\/wp\/v2\/pages\/171"}],"collection":[{"href":"http:\/\/www.collegelafraternite.com\/sainte-ursule\/wp-json\/wp\/v2\/pages"}],"about":[{"href":"http:\/\/www.collegelafraternite.com\/sainte-ursule\/wp-json\/wp\/v2\/types\/page"}],"author":[{"embeddable":true,"href":"http:\/\/www.collegelafraternite.com\/sainte-ursule\/wp-json\/wp\/v2\/users\/1"}],"replies":[{"embeddable":true,"href":"http:\/\/www.collegelafraternite.com\/sainte-ursule\/wp-json\/wp\/v2\/comments?post=171"}],"version-history":[{"count":12,"href":"http:\/\/www.collegelafraternite.com\/sainte-ursule\/wp-json\/wp\/v2\/pages\/171\/revisions"}],"predecessor-version":[{"id":3269,"href":"http:\/\/www.collegelafraternite.com\/sainte-ursule\/wp-json\/wp\/v2\/pages\/171\/revisions\/3269"}],"wp:attachment":[{"href":"http:\/\/www.collegelafraternite.com\/sainte-ursule\/wp-json\/wp\/v2\/media?parent=171"}],"curies":[{"name":"wp","href":"https:\/\/api.w.org\/{rel}","templated":true}]}}