{"id":1616,"date":"2020-06-23T14:33:09","date_gmt":"2020-06-23T12:33:09","guid":{"rendered":"http:\/\/www.collegelafraternite.com\/sainte-ursule\/?page_id=1616"},"modified":"2020-06-24T07:14:01","modified_gmt":"2020-06-24T05:14:01","slug":"le-potager-de-lecole","status":"publish","type":"page","link":"http:\/\/www.collegelafraternite.com\/sainte-ursule\/ecoschool\/le-potager-de-lecole\/","title":{"rendered":"Le potager de l&rsquo;\u00e9cole"},"content":{"rendered":"\n<p style=\"color:#05964b\" class=\"has-text-color\"><strong>\u00ab\u202fSoyons ECO-Li\u00e9s\u202f\u00bb&nbsp;<\/strong><\/p>\n\n\n\n<p>Gr\u00e2ce aux subsides de la\u00a0<a href=\"https:\/\/www.bruxelles.be\/\">Ville de Bruxelles<\/a> et de <a href=\"https:\/\/environnement.brussels\/\">Bruxelles Environnement<\/a>, notre \u00e9cole a pu mettre \u00e0 disposition de nos jeunes un superbe potager qui fait maintenant la joie des petits et des grands.\u00a0<\/p>\n\n\n\n<p>Il s\u2019agissait de permettre \u00e0 nos \u00e9l\u00e8ves de profiter de notre grand jardin jusqu\u2019alors inutilis\u00e9 pour se ressourcer et partager des moments de retour \u00e0 la nature avec leurs professeurs et leurs pairs.&nbsp;<\/p>\n\n\n\n<p>Vu le succ\u00e8s du projet et la demande croissante de nos jeunes, notre \u00e9cole a d\u00e9cid\u00e9 de continuer ce projet en am\u00e9liorant constamment le cadre de vie, en favorisant la biodiversit\u00e9&nbsp;et en faisant du Coll\u00e8ge un lieu d\u2019\u00e9change autour d\u2019un projet \u00e9cologique commun\u202f!!!<\/p>\n\n\n\n<div style=\"height:100px\" aria-hidden=\"true\" class=\"wp-block-spacer\"><\/div>\n\n\n\n<p><strong>Le potager du Coll\u00e8ge en quelques photos&#8230;<\/strong><\/p>\n\n\n\n<!-- index.php -->\n<div\n\tclass=\"ngg-galleryoverview ngg-ajax-pagination-none\"\n\tid=\"ngg-gallery-603bc6ef4c32c6996c2a24191b2317e3-1\">\n\n    \t<div class=\"slideshowlink\">\n        <a href='http:\/\/www.collegelafraternite.com\/sainte-ursule\/ecoschool\/le-potager-de-lecole\/nggallery\/slideshow'>[Diaporama]<\/a>\n\t\t\n\t<\/div>\n\t\t\t<!-- Thumbnails -->\n\t\t\t\t<div id=\"ngg-image-0\" class=\"ngg-gallery-thumbnail-box\" >\n\t\t\t\t        <div class=\"ngg-gallery-thumbnail\">\n            <a href=\"http:\/\/www.collegelafraternite.com\/sainte-ursule\/wp-content\/gallery\/potager\/potager1.png\"\n               title=\"\"\n               data-src=\"http:\/\/www.collegelafraternite.com\/sainte-ursule\/wp-content\/gallery\/potager\/potager1.png\"\n               data-thumbnail=\"http:\/\/www.collegelafraternite.com\/sainte-ursule\/wp-content\/gallery\/potager\/thumbs\/thumbs_potager1.png\"\n               data-image-id=\"402\"\n               data-title=\"potager1\"\n               data-description=\"\"\n               data-image-slug=\"potager1\"\n               class=\"ngg-simplelightbox\" rel=\"603bc6ef4c32c6996c2a24191b2317e3\">\n                <img\n                    title=\"potager1\"\n                    alt=\"potager1\"\n                    src=\"http:\/\/www.collegelafraternite.com\/sainte-ursule\/wp-content\/gallery\/potager\/thumbs\/thumbs_potager1.png\"\n                    width=\"240\"\n                    height=\"160\"\n                    style=\"max-width:100%;\"\n                \/>\n            <\/a>\n        <\/div>\n\t\t\t\t\t\t\t<\/div> \n\t\t\t\n        \n\t\t\t\t<div id=\"ngg-image-1\" class=\"ngg-gallery-thumbnail-box\" >\n\t\t\t\t        <div class=\"ngg-gallery-thumbnail\">\n            <a href=\"http:\/\/www.collegelafraternite.com\/sainte-ursule\/wp-content\/gallery\/potager\/potager2.png\"\n               title=\"\"\n               data-src=\"http:\/\/www.collegelafraternite.com\/sainte-ursule\/wp-content\/gallery\/potager\/potager2.png\"\n               data-thumbnail=\"http:\/\/www.collegelafraternite.com\/sainte-ursule\/wp-content\/gallery\/potager\/thumbs\/thumbs_potager2.png\"\n               data-image-id=\"403\"\n               data-title=\"potager2\"\n               data-description=\"\"\n               data-image-slug=\"potager2\"\n               class=\"ngg-simplelightbox\" rel=\"603bc6ef4c32c6996c2a24191b2317e3\">\n                <img\n                    title=\"potager2\"\n                    alt=\"potager2\"\n                    src=\"http:\/\/www.collegelafraternite.com\/sainte-ursule\/wp-content\/gallery\/potager\/thumbs\/thumbs_potager2.png\"\n                    width=\"240\"\n                    height=\"160\"\n                    style=\"max-width:100%;\"\n                \/>\n            <\/a>\n        <\/div>\n\t\t\t\t\t\t\t<\/div> \n\t\t\t\n        \n\t\t\t\t<div id=\"ngg-image-2\" class=\"ngg-gallery-thumbnail-box\" >\n\t\t\t\t        <div class=\"ngg-gallery-thumbnail\">\n            <a href=\"http:\/\/www.collegelafraternite.com\/sainte-ursule\/wp-content\/gallery\/potager\/potager3.png\"\n               title=\"\"\n               data-src=\"http:\/\/www.collegelafraternite.com\/sainte-ursule\/wp-content\/gallery\/potager\/potager3.png\"\n               data-thumbnail=\"http:\/\/www.collegelafraternite.com\/sainte-ursule\/wp-content\/gallery\/potager\/thumbs\/thumbs_potager3.png\"\n               data-image-id=\"404\"\n               data-title=\"potager3\"\n               data-description=\"\"\n               data-image-slug=\"potager3\"\n               class=\"ngg-simplelightbox\" rel=\"603bc6ef4c32c6996c2a24191b2317e3\">\n                <img\n                    title=\"potager3\"\n                    alt=\"potager3\"\n                    src=\"http:\/\/www.collegelafraternite.com\/sainte-ursule\/wp-content\/gallery\/potager\/thumbs\/thumbs_potager3.png\"\n                    width=\"240\"\n                    height=\"160\"\n                    style=\"max-width:100%;\"\n                \/>\n            <\/a>\n        <\/div>\n\t\t\t\t\t\t\t<\/div> \n\t\t\t\n        \n\t\t\t\t<div id=\"ngg-image-3\" class=\"ngg-gallery-thumbnail-box\" >\n\t\t\t\t        <div class=\"ngg-gallery-thumbnail\">\n            <a href=\"http:\/\/www.collegelafraternite.com\/sainte-ursule\/wp-content\/gallery\/potager\/potager4.png\"\n               title=\"\"\n               data-src=\"http:\/\/www.collegelafraternite.com\/sainte-ursule\/wp-content\/gallery\/potager\/potager4.png\"\n               data-thumbnail=\"http:\/\/www.collegelafraternite.com\/sainte-ursule\/wp-content\/gallery\/potager\/thumbs\/thumbs_potager4.png\"\n               data-image-id=\"405\"\n               data-title=\"potager4\"\n               data-description=\"\"\n               data-image-slug=\"potager4\"\n               class=\"ngg-simplelightbox\" rel=\"603bc6ef4c32c6996c2a24191b2317e3\">\n                <img\n                    title=\"potager4\"\n                    alt=\"potager4\"\n                    src=\"http:\/\/www.collegelafraternite.com\/sainte-ursule\/wp-content\/gallery\/potager\/thumbs\/thumbs_potager4.png\"\n                    width=\"240\"\n                    height=\"160\"\n                    style=\"max-width:100%;\"\n                \/>\n            <\/a>\n        <\/div>\n\t\t\t\t\t\t\t<\/div> \n\t\t\t\n        \n\t\t\t\t<div id=\"ngg-image-4\" class=\"ngg-gallery-thumbnail-box\" >\n\t\t\t\t        <div class=\"ngg-gallery-thumbnail\">\n            <a href=\"http:\/\/www.collegelafraternite.com\/sainte-ursule\/wp-content\/gallery\/potager\/potager5.png\"\n               title=\"\"\n               data-src=\"http:\/\/www.collegelafraternite.com\/sainte-ursule\/wp-content\/gallery\/potager\/potager5.png\"\n               data-thumbnail=\"http:\/\/www.collegelafraternite.com\/sainte-ursule\/wp-content\/gallery\/potager\/thumbs\/thumbs_potager5.png\"\n               data-image-id=\"406\"\n               data-title=\"potager5\"\n               data-description=\"\"\n               data-image-slug=\"potager5\"\n               class=\"ngg-simplelightbox\" rel=\"603bc6ef4c32c6996c2a24191b2317e3\">\n                <img\n                    title=\"potager5\"\n                    alt=\"potager5\"\n                    src=\"http:\/\/www.collegelafraternite.com\/sainte-ursule\/wp-content\/gallery\/potager\/thumbs\/thumbs_potager5.png\"\n                    width=\"240\"\n                    height=\"160\"\n                    style=\"max-width:100%;\"\n                \/>\n            <\/a>\n        <\/div>\n\t\t\t\t\t\t\t<\/div> \n\t\t\t\n        \n\t\t\t\t<div id=\"ngg-image-5\" class=\"ngg-gallery-thumbnail-box\" >\n\t\t\t\t        <div class=\"ngg-gallery-thumbnail\">\n            <a href=\"http:\/\/www.collegelafraternite.com\/sainte-ursule\/wp-content\/gallery\/potager\/potager6.png\"\n               title=\"\"\n               data-src=\"http:\/\/www.collegelafraternite.com\/sainte-ursule\/wp-content\/gallery\/potager\/potager6.png\"\n               data-thumbnail=\"http:\/\/www.collegelafraternite.com\/sainte-ursule\/wp-content\/gallery\/potager\/thumbs\/thumbs_potager6.png\"\n               data-image-id=\"407\"\n               data-title=\"potager6\"\n               data-description=\"\"\n               data-image-slug=\"potager6\"\n               class=\"ngg-simplelightbox\" rel=\"603bc6ef4c32c6996c2a24191b2317e3\">\n                <img\n                    title=\"potager6\"\n                    alt=\"potager6\"\n                    src=\"http:\/\/www.collegelafraternite.com\/sainte-ursule\/wp-content\/gallery\/potager\/thumbs\/thumbs_potager6.png\"\n                    width=\"240\"\n                    height=\"160\"\n                    style=\"max-width:100%;\"\n                \/>\n            <\/a>\n        <\/div>\n\t\t\t\t\t\t\t<\/div> \n\t\t\t\n        \n\t\t\t\t<div id=\"ngg-image-6\" class=\"ngg-gallery-thumbnail-box\" >\n\t\t\t\t        <div class=\"ngg-gallery-thumbnail\">\n            <a href=\"http:\/\/www.collegelafraternite.com\/sainte-ursule\/wp-content\/gallery\/potager\/potager7.png\"\n               title=\"\"\n               data-src=\"http:\/\/www.collegelafraternite.com\/sainte-ursule\/wp-content\/gallery\/potager\/potager7.png\"\n               data-thumbnail=\"http:\/\/www.collegelafraternite.com\/sainte-ursule\/wp-content\/gallery\/potager\/thumbs\/thumbs_potager7.png\"\n               data-image-id=\"408\"\n               data-title=\"potager7\"\n               data-description=\"\"\n               data-image-slug=\"potager7\"\n               class=\"ngg-simplelightbox\" rel=\"603bc6ef4c32c6996c2a24191b2317e3\">\n                <img\n                    title=\"potager7\"\n                    alt=\"potager7\"\n                    src=\"http:\/\/www.collegelafraternite.com\/sainte-ursule\/wp-content\/gallery\/potager\/thumbs\/thumbs_potager7.png\"\n                    width=\"240\"\n                    height=\"160\"\n                    style=\"max-width:100%;\"\n                \/>\n            <\/a>\n        <\/div>\n\t\t\t\t\t\t\t<\/div> \n\t\t\t\n        \n\t\t\t\t<div id=\"ngg-image-7\" class=\"ngg-gallery-thumbnail-box\" >\n\t\t\t\t        <div class=\"ngg-gallery-thumbnail\">\n            <a href=\"http:\/\/www.collegelafraternite.com\/sainte-ursule\/wp-content\/gallery\/potager\/potager8.png\"\n               title=\"\"\n               data-src=\"http:\/\/www.collegelafraternite.com\/sainte-ursule\/wp-content\/gallery\/potager\/potager8.png\"\n               data-thumbnail=\"http:\/\/www.collegelafraternite.com\/sainte-ursule\/wp-content\/gallery\/potager\/thumbs\/thumbs_potager8.png\"\n               data-image-id=\"409\"\n               data-title=\"potager8\"\n               data-description=\"\"\n               data-image-slug=\"potager8\"\n               class=\"ngg-simplelightbox\" rel=\"603bc6ef4c32c6996c2a24191b2317e3\">\n                <img\n                    title=\"potager8\"\n                    alt=\"potager8\"\n                    src=\"http:\/\/www.collegelafraternite.com\/sainte-ursule\/wp-content\/gallery\/potager\/thumbs\/thumbs_potager8.png\"\n                    width=\"240\"\n                    height=\"160\"\n                    style=\"max-width:100%;\"\n                \/>\n            <\/a>\n        <\/div>\n\t\t\t\t\t\t\t<\/div> \n\t\t\t\n        \n\t\t\t\t<div id=\"ngg-image-8\" class=\"ngg-gallery-thumbnail-box\" >\n\t\t\t\t        <div class=\"ngg-gallery-thumbnail\">\n            <a href=\"http:\/\/www.collegelafraternite.com\/sainte-ursule\/wp-content\/gallery\/potager\/potager9.png\"\n               title=\"\"\n               data-src=\"http:\/\/www.collegelafraternite.com\/sainte-ursule\/wp-content\/gallery\/potager\/potager9.png\"\n               data-thumbnail=\"http:\/\/www.collegelafraternite.com\/sainte-ursule\/wp-content\/gallery\/potager\/thumbs\/thumbs_potager9.png\"\n               data-image-id=\"410\"\n               data-title=\"potager9\"\n               data-description=\"\"\n               data-image-slug=\"potager9\"\n               class=\"ngg-simplelightbox\" rel=\"603bc6ef4c32c6996c2a24191b2317e3\">\n                <img\n                    title=\"potager9\"\n                    alt=\"potager9\"\n                    src=\"http:\/\/www.collegelafraternite.com\/sainte-ursule\/wp-content\/gallery\/potager\/thumbs\/thumbs_potager9.png\"\n                    width=\"240\"\n                    height=\"160\"\n                    style=\"max-width:100%;\"\n                \/>\n            <\/a>\n        <\/div>\n\t\t\t\t\t\t\t<\/div> \n\t\t\t\n        \n\t\t\t\t<div id=\"ngg-image-9\" class=\"ngg-gallery-thumbnail-box\" >\n\t\t\t\t        <div class=\"ngg-gallery-thumbnail\">\n            <a href=\"http:\/\/www.collegelafraternite.com\/sainte-ursule\/wp-content\/gallery\/potager\/potager10.png\"\n               title=\"\"\n               data-src=\"http:\/\/www.collegelafraternite.com\/sainte-ursule\/wp-content\/gallery\/potager\/potager10.png\"\n               data-thumbnail=\"http:\/\/www.collegelafraternite.com\/sainte-ursule\/wp-content\/gallery\/potager\/thumbs\/thumbs_potager10.png\"\n               data-image-id=\"411\"\n               data-title=\"potager10\"\n               data-description=\"\"\n               data-image-slug=\"potager10\"\n               class=\"ngg-simplelightbox\" rel=\"603bc6ef4c32c6996c2a24191b2317e3\">\n                <img\n                    title=\"potager10\"\n                    alt=\"potager10\"\n                    src=\"http:\/\/www.collegelafraternite.com\/sainte-ursule\/wp-content\/gallery\/potager\/thumbs\/thumbs_potager10.png\"\n                    width=\"240\"\n                    height=\"160\"\n                    style=\"max-width:100%;\"\n                \/>\n            <\/a>\n        <\/div>\n\t\t\t\t\t\t\t<\/div> \n\t\t\t\n        \n\t\t\t\t<div id=\"ngg-image-10\" class=\"ngg-gallery-thumbnail-box\" >\n\t\t\t\t        <div class=\"ngg-gallery-thumbnail\">\n            <a href=\"http:\/\/www.collegelafraternite.com\/sainte-ursule\/wp-content\/gallery\/potager\/potager11.png\"\n               title=\"\"\n               data-src=\"http:\/\/www.collegelafraternite.com\/sainte-ursule\/wp-content\/gallery\/potager\/potager11.png\"\n               data-thumbnail=\"http:\/\/www.collegelafraternite.com\/sainte-ursule\/wp-content\/gallery\/potager\/thumbs\/thumbs_potager11.png\"\n               data-image-id=\"412\"\n               data-title=\"potager11\"\n               data-description=\"\"\n               data-image-slug=\"potager11\"\n               class=\"ngg-simplelightbox\" rel=\"603bc6ef4c32c6996c2a24191b2317e3\">\n                <img\n                    title=\"potager11\"\n                    alt=\"potager11\"\n                    src=\"http:\/\/www.collegelafraternite.com\/sainte-ursule\/wp-content\/gallery\/potager\/thumbs\/thumbs_potager11.png\"\n                    width=\"240\"\n                    height=\"160\"\n                    style=\"max-width:100%;\"\n                \/>\n            <\/a>\n        <\/div>\n\t\t\t\t\t\t\t<\/div> \n\t\t\t\n        \n\t\t\t\t<div id=\"ngg-image-11\" class=\"ngg-gallery-thumbnail-box\" >\n\t\t\t\t        <div class=\"ngg-gallery-thumbnail\">\n            <a href=\"http:\/\/www.collegelafraternite.com\/sainte-ursule\/wp-content\/gallery\/potager\/potager12.png\"\n               title=\"\"\n               data-src=\"http:\/\/www.collegelafraternite.com\/sainte-ursule\/wp-content\/gallery\/potager\/potager12.png\"\n               data-thumbnail=\"http:\/\/www.collegelafraternite.com\/sainte-ursule\/wp-content\/gallery\/potager\/thumbs\/thumbs_potager12.png\"\n               data-image-id=\"413\"\n               data-title=\"potager12\"\n               data-description=\"\"\n               data-image-slug=\"potager12\"\n               class=\"ngg-simplelightbox\" rel=\"603bc6ef4c32c6996c2a24191b2317e3\">\n                <img\n                    title=\"potager12\"\n                    alt=\"potager12\"\n                    src=\"http:\/\/www.collegelafraternite.com\/sainte-ursule\/wp-content\/gallery\/potager\/thumbs\/thumbs_potager12.png\"\n                    width=\"240\"\n                    height=\"160\"\n                    style=\"max-width:100%;\"\n                \/>\n            <\/a>\n        <\/div>\n\t\t\t\t\t\t\t<\/div> \n\t\t\t\n        \n\t\t\t\t<div id=\"ngg-image-12\" class=\"ngg-gallery-thumbnail-box\" >\n\t\t\t\t        <div class=\"ngg-gallery-thumbnail\">\n            <a href=\"http:\/\/www.collegelafraternite.com\/sainte-ursule\/wp-content\/gallery\/potager\/potager13.png\"\n               title=\"\"\n               data-src=\"http:\/\/www.collegelafraternite.com\/sainte-ursule\/wp-content\/gallery\/potager\/potager13.png\"\n               data-thumbnail=\"http:\/\/www.collegelafraternite.com\/sainte-ursule\/wp-content\/gallery\/potager\/thumbs\/thumbs_potager13.png\"\n               data-image-id=\"414\"\n               data-title=\"potager13\"\n               data-description=\"\"\n               data-image-slug=\"potager13\"\n               class=\"ngg-simplelightbox\" rel=\"603bc6ef4c32c6996c2a24191b2317e3\">\n                <img\n                    title=\"potager13\"\n                    alt=\"potager13\"\n                    src=\"http:\/\/www.collegelafraternite.com\/sainte-ursule\/wp-content\/gallery\/potager\/thumbs\/thumbs_potager13.png\"\n                    width=\"240\"\n                    height=\"160\"\n                    style=\"max-width:100%;\"\n                \/>\n            <\/a>\n        <\/div>\n\t\t\t\t\t\t\t<\/div> \n\t\t\t\n        \n\t\t\t\t<div id=\"ngg-image-13\" class=\"ngg-gallery-thumbnail-box\" >\n\t\t\t\t        <div class=\"ngg-gallery-thumbnail\">\n            <a href=\"http:\/\/www.collegelafraternite.com\/sainte-ursule\/wp-content\/gallery\/potager\/potager15.png\"\n               title=\"\"\n               data-src=\"http:\/\/www.collegelafraternite.com\/sainte-ursule\/wp-content\/gallery\/potager\/potager15.png\"\n               data-thumbnail=\"http:\/\/www.collegelafraternite.com\/sainte-ursule\/wp-content\/gallery\/potager\/thumbs\/thumbs_potager15.png\"\n               data-image-id=\"415\"\n               data-title=\"potager15\"\n               data-description=\"\"\n               data-image-slug=\"potager15\"\n               class=\"ngg-simplelightbox\" rel=\"603bc6ef4c32c6996c2a24191b2317e3\">\n                <img\n                    title=\"potager15\"\n                    alt=\"potager15\"\n                    src=\"http:\/\/www.collegelafraternite.com\/sainte-ursule\/wp-content\/gallery\/potager\/thumbs\/thumbs_potager15.png\"\n                    width=\"240\"\n                    height=\"160\"\n                    style=\"max-width:100%;\"\n                \/>\n            <\/a>\n        <\/div>\n\t\t\t\t\t\t\t<\/div> \n\t\t\t\n        \n\t\t\t\t<div id=\"ngg-image-14\" class=\"ngg-gallery-thumbnail-box\" >\n\t\t\t\t        <div class=\"ngg-gallery-thumbnail\">\n            <a href=\"http:\/\/www.collegelafraternite.com\/sainte-ursule\/wp-content\/gallery\/potager\/potager16.png\"\n               title=\"\"\n               data-src=\"http:\/\/www.collegelafraternite.com\/sainte-ursule\/wp-content\/gallery\/potager\/potager16.png\"\n               data-thumbnail=\"http:\/\/www.collegelafraternite.com\/sainte-ursule\/wp-content\/gallery\/potager\/thumbs\/thumbs_potager16.png\"\n               data-image-id=\"416\"\n               data-title=\"potager16\"\n               data-description=\"\"\n               data-image-slug=\"potager16\"\n               class=\"ngg-simplelightbox\" rel=\"603bc6ef4c32c6996c2a24191b2317e3\">\n                <img\n                    title=\"potager16\"\n                    alt=\"potager16\"\n                    src=\"http:\/\/www.collegelafraternite.com\/sainte-ursule\/wp-content\/gallery\/potager\/thumbs\/thumbs_potager16.png\"\n                    width=\"240\"\n                    height=\"160\"\n                    style=\"max-width:100%;\"\n                \/>\n            <\/a>\n        <\/div>\n\t\t\t\t\t\t\t<\/div> \n\t\t\t\n        \n\t\t\t\t<div id=\"ngg-image-15\" class=\"ngg-gallery-thumbnail-box\" >\n\t\t\t\t        <div class=\"ngg-gallery-thumbnail\">\n            <a href=\"http:\/\/www.collegelafraternite.com\/sainte-ursule\/wp-content\/gallery\/potager\/potager17.png\"\n               title=\"\"\n               data-src=\"http:\/\/www.collegelafraternite.com\/sainte-ursule\/wp-content\/gallery\/potager\/potager17.png\"\n               data-thumbnail=\"http:\/\/www.collegelafraternite.com\/sainte-ursule\/wp-content\/gallery\/potager\/thumbs\/thumbs_potager17.png\"\n               data-image-id=\"417\"\n               data-title=\"potager17\"\n               data-description=\"\"\n               data-image-slug=\"potager17\"\n               class=\"ngg-simplelightbox\" rel=\"603bc6ef4c32c6996c2a24191b2317e3\">\n                <img\n                    title=\"potager17\"\n                    alt=\"potager17\"\n                    src=\"http:\/\/www.collegelafraternite.com\/sainte-ursule\/wp-content\/gallery\/potager\/thumbs\/thumbs_potager17.png\"\n                    width=\"240\"\n                    height=\"160\"\n                    style=\"max-width:100%;\"\n                \/>\n            <\/a>\n        <\/div>\n\t\t\t\t\t\t\t<\/div> \n\t\t\t\n        \n\t\t\n\t\t<div class=\"ngg-clear\"><\/div>\n\t<\/div>\n\n\n\n\n<figure class=\"wp-block-image is-resized\"><img loading=\"lazy\" src=\"http:\/\/www.collegelafraternite.com\/sainte-ursule\/wp-content\/uploads\/2020\/06\/Lancez-vous-2020-721x1024.jpeg\" alt=\"\" class=\"wp-image-1653\" width=\"272\" height=\"386\" srcset=\"http:\/\/www.collegelafraternite.com\/sainte-ursule\/wp-content\/uploads\/2020\/06\/Lancez-vous-2020-721x1024.jpeg 721w, http:\/\/www.collegelafraternite.com\/sainte-ursule\/wp-content\/uploads\/2020\/06\/Lancez-vous-2020-211x300.jpeg 211w, http:\/\/www.collegelafraternite.com\/sainte-ursule\/wp-content\/uploads\/2020\/06\/Lancez-vous-2020-768x1091.jpeg 768w, http:\/\/www.collegelafraternite.com\/sainte-ursule\/wp-content\/uploads\/2020\/06\/Lancez-vous-2020.jpeg 1352w\" sizes=\"(max-width: 272px) 100vw, 272px\" \/><\/figure>\n","protected":false},"excerpt":{"rendered":"<p>\u00ab\u202fSoyons ECO-Li\u00e9s\u202f\u00bb&nbsp; Gr\u00e2ce aux subsides de la\u00a0Ville de Bruxelles et de Bruxelles Environnement, notre \u00e9cole a pu mettre \u00e0 disposition de nos jeunes un superbe potager qui fait maintenant la joie des petits et des grands.\u00a0 Il s\u2019agissait de permettre \u00e0 nos \u00e9l\u00e8ves de profiter de notre grand jardin jusqu\u2019alors inutilis\u00e9 pour se ressourcer et [&hellip;]<\/p>\n","protected":false},"author":1,"featured_media":1648,"parent":1576,"menu_order":0,"comment_status":"closed","ping_status":"closed","template":"page-fullwidth.php","meta":{"ngg_post_thumbnail":0},"_links":{"self":[{"href":"http:\/\/www.collegelafraternite.com\/sainte-ursule\/wp-json\/wp\/v2\/pages\/1616"}],"collection":[{"href":"http:\/\/www.collegelafraternite.com\/sainte-ursule\/wp-json\/wp\/v2\/pages"}],"about":[{"href":"http:\/\/www.collegelafraternite.com\/sainte-ursule\/wp-json\/wp\/v2\/types\/page"}],"author":[{"embeddable":true,"href":"http:\/\/www.collegelafraternite.com\/sainte-ursule\/wp-json\/wp\/v2\/users\/1"}],"replies":[{"embeddable":true,"href":"http:\/\/www.collegelafraternite.com\/sainte-ursule\/wp-json\/wp\/v2\/comments?post=1616"}],"version-history":[{"count":12,"href":"http:\/\/www.collegelafraternite.com\/sainte-ursule\/wp-json\/wp\/v2\/pages\/1616\/revisions"}],"predecessor-version":[{"id":1660,"href":"http:\/\/www.collegelafraternite.com\/sainte-ursule\/wp-json\/wp\/v2\/pages\/1616\/revisions\/1660"}],"up":[{"embeddable":true,"href":"http:\/\/www.collegelafraternite.com\/sainte-ursule\/wp-json\/wp\/v2\/pages\/1576"}],"wp:featuredmedia":[{"embeddable":true,"href":"http:\/\/www.collegelafraternite.com\/sainte-ursule\/wp-json\/wp\/v2\/media\/1648"}],"wp:attachment":[{"href":"http:\/\/www.collegelafraternite.com\/sainte-ursule\/wp-json\/wp\/v2\/media?parent=1616"}],"curies":[{"name":"wp","href":"https:\/\/api.w.org\/{rel}","templated":true}]}}