{"id":1576,"date":"2020-05-10T11:36:20","date_gmt":"2020-05-10T09:36:20","guid":{"rendered":"http:\/\/www.collegelafraternite.com\/sainte-ursule\/?page_id=1576"},"modified":"2026-01-15T14:58:05","modified_gmt":"2026-01-15T13:58:05","slug":"ecoschool","status":"publish","type":"page","link":"http:\/\/www.collegelafraternite.com\/sainte-ursule\/ecoschool\/","title":{"rendered":"Eco&rsquo;school"},"content":{"rendered":"\n<figure class=\"wp-block-image is-resized\"><img loading=\"lazy\" src=\"http:\/\/www.collegelafraternite.com\/sainte-ursule\/wp-content\/uploads\/2020\/05\/eco-school-vert-2-853x1024.png\" alt=\"\" class=\"wp-image-1577\" width=\"167\" height=\"200\"\/><\/figure>\n\n\n\n<p>Notre projet est n\u00e9 en 2018 par l\u2019id\u00e9e de recycler du mat\u00e9riel scolaire dont les particuliers et les entreprises n\u2019avaient plus besoin. Devant le succ\u00e8s de cette d\u00e9marche et face aux revendications des jeunes lors des marches pour le climat, notre \u00e9cole a d\u00e9cid\u00e9 de s\u2019inscrire dans une d\u00e9marche \u00e9cologique.<\/p>\n\n\n\n<p>Nous avons donc d\u00e9cid\u00e9 d\u2019agir en mettant sur pied diff\u00e9rents projets propos\u00e9s par les \u00e9l\u00e8ves et les professeurs afin de diminuer notre empreinte sur l\u2019environnement. Nous postulons aussi pour obtenir le label europ\u00e9en <strong>\u00ab&nbsp;Eco School&nbsp;\u00bb.<\/strong><\/p>\n\n\n\n<figure class=\"wp-block-pullquote is-style-default\" style=\"border-color:#099260\"><blockquote><p>Parce qu&rsquo;\u00e0 la Fraternit\u00e9, nous sommes <\/p><p><strong>\u00ab&nbsp;Eco&nbsp;li\u00e9s \u00bb<\/strong><\/p><\/blockquote><\/figure>\n\n\n\n<div style=\"height:20px\" aria-hidden=\"true\" class=\"wp-block-spacer\"><\/div>\n\n\n\n<ul><li><a href=\"https:\/\/www.collegelafraternite.com\/sainte-ursule\/ecoschool\/croque-local\/\">Croque local<\/a> <\/li><li><a rel=\"noreferrer noopener\" href=\"https:\/\/www.collegelafraternite.com\/sainte-ursule\/ecoschool\/mobimix\/\" target=\"_blank\">Jeu Mobimix pour les 2C<\/a><\/li><li><a rel=\"noreferrer noopener\" href=\"https:\/\/www.collegelafraternite.com\/sainte-ursule\/ecoschool\/label-eco-school\/\" target=\"_blank\">Remise des labels Eco school<\/a><\/li><\/ul>\n\n\n\n<p class=\"has-medium-font-size\"><strong>Les projets r\u00e9alis\u00e9s les ann\u00e9es pr\u00e9c\u00e9dentes :<\/strong><\/p>\n\n\n\n<p><strong><span style=\"color:#00d084\" class=\"tadv-color\">Ann\u00e9e scolaire 2024-2025<\/span><\/strong><\/p>\n\n\n\n<ul id=\"block-7a8c3766-56ad-48c6-ba6a-34ad64a2fe9a\"><li><a rel=\"noreferrer noopener\" href=\"https:\/\/www.collegelafraternite.com\/sainte-ursule\/ecoschool\/sensibilisation-a-lusage-dune-gourde\/\" target=\"_blank\">Sensibilisation<\/a> \u00e0 l&rsquo;usage d&rsquo;une gourde<\/li><li><a href=\"https:\/\/www.collegelafraternite.com\/sainte-ursule\/ecoschool\/labels-24-26\/\">Remise des labels<\/a> Eco school pour 2024-2026<\/li><li>17 octobre : <a rel=\"noreferrer noopener\" href=\"https:\/\/www.collegelafraternite.com\/sainte-ursule\/ecoschool\/croc-local-2024\/\" target=\"_blank\">Croc local<\/a> : distribution de fruits et de produits locaux<\/li><li><a rel=\"noreferrer noopener\" href=\"https:\/\/www.collegelafraternite.com\/sainte-ursule\/ecoschool\/nettoyage-du-jardin\/\" target=\"_blank\">Nettoyage du jardin<\/a> avec Monsieur Tielemans et son \u00e9quipe<\/li><\/ul>\n\n\n\n<p><strong><span style=\"color:#00d084\" class=\"tadv-color\">Ann\u00e9e scolaire 2022-2023<\/span><\/strong><\/p>\n\n\n\n<ul><li>Jardin r\u00e9pertori\u00e9 \u00ab&nbsp;r\u00e9serve naturelle&nbsp;\u00bb<\/li><li>Semaine de la mobilit\u00e9<\/li><li>Cr\u00e9ation de la TEAM M\u00c9CA pour l\u2019entretien et les r\u00e9parations des v\u00e9los<\/li><li>Concours des bouchons<\/li><li>Flash mob pour le r\u00e9veil climatique<\/li><li>Goodplanet challenges<\/li><li>Move in the city<\/li><li>D\u00e9tectives du climat<\/li><li>Sondage d\u00e9chets<\/li><li>\u2026<\/li><\/ul>\n\n\n\n<p class=\"has-vivid-green-cyan-color has-text-color\"><strong>Ann\u00e9e scolaire 2021-2022<\/strong><\/p>\n\n\n\n<ul><li><a href=\"http:\/\/www.collegelafraternite.com\/sainte-ursule\/ecoschool\/livraison-de-velos\/\" data-type=\"URL\" data-id=\"http:\/\/www.collegelafraternite.com\/sainte-ursule\/ecoschool\/livraison-de-velos\/\">Livraison de v\u00e9los<\/a> pour constituer une flotte pour l&rsquo;\u00e9cole<\/li><li>Action <a href=\"http:\/\/www.collegelafraternite.com\/sainte-ursule\/ecoschool\/action-boites-de-noel-2021\/\">\u00ab\u00a0Boites de No\u00ebl\u00a0\u00bb<\/a><\/li><li><a href=\"http:\/\/www.collegelafraternite.com\/sainte-ursule\/ecoschool\/good-planet-challenge-distribution-de-collations-saines\/\">Good planet challenge : distribution de collations saines<\/a><\/li><li><a href=\"http:\/\/www.collegelafraternite.com\/sainte-ursule\/ecoschool\/recyclage-de-papiers\/(ouvre un nouvel onglet)\" data-type=\"URL\" data-id=\"http:\/\/www.collegelafraternite.com\/sainte-ursule\/ecoschool\/recyclage-de-papiers\/(ouvre un nouvel onglet)\">Les \u00e9l\u00e8ves de 3TQe et 4TQe recyclent du papier<\/a><\/li><li><a href=\"http:\/\/www.collegelafraternite.com\/sainte-ursule\/ecoschool\/reveil-climatique-8-octobre-2021\/\">R\u00e9veil climatique<\/a> <\/li><li>Salon <a href=\"http:\/\/www.collegelafraternite.com\/sainte-ursule\/ecoschool\/salon-hope\/\">Hope<\/a><\/li><\/ul>\n\n\n\n<p class=\"has-vivid-green-cyan-color has-text-color\"><strong>Ann\u00e9e scolaire 2020-2021<\/strong><\/p>\n\n\n\n<ul><li><a href=\"http:\/\/www.collegelafraternite.com\/sainte-ursule\/babbeleir\/\">Babbeleir<\/a><\/li><li><a href=\"http:\/\/www.collegelafraternite.com\/sainte-ursule\/ecoschool\/challenge-gros-pull\/\">Action \u00e9nergie : Challenge \u00ab\u00a0gros pull\u00a0\u00bb<\/a><\/li><li>Action <a href=\"http:\/\/www.collegelafraternite.com\/sainte-ursule\/ecoschool\/action-boite-de-noel\/\">\u00ab\u00a0Boites de No\u00ebl\u00a0\u00bb<\/a><\/li><\/ul>\n\n\n\n<p class=\"has-vivid-green-cyan-color has-text-color\"><strong>Ann\u00e9e scolaire 2019-2020<\/strong><\/p>\n\n\n\n<ul><li>La procure<\/li><li>Le <a href=\"http:\/\/www.collegelafraternite.com\/sainte-ursule\/nettoyage-du-jardin\/\">nettoyage du jardin<\/a><\/li><li>La <a href=\"http:\/\/www.collegelafraternite.com\/sainte-ursule\/journee-gros-pull-11-fevrier\/\">journ\u00e9e Gros pull<\/a><\/li><li>La <a href=\"http:\/\/www.collegelafraternite.com\/sainte-ursule\/ecoschool\/le-potager-de-lecole\">cr\u00e9ation d&rsquo;un potager<\/a><\/li><\/ul>\n","protected":false},"excerpt":{"rendered":"<p>Notre projet est n\u00e9 en 2018 par l\u2019id\u00e9e de recycler du mat\u00e9riel scolaire dont les particuliers et les entreprises n\u2019avaient plus besoin. Devant le succ\u00e8s de cette d\u00e9marche et face aux revendications des jeunes lors des marches pour le climat, notre \u00e9cole a d\u00e9cid\u00e9 de s\u2019inscrire dans une d\u00e9marche \u00e9cologique. Nous avons donc d\u00e9cid\u00e9 d\u2019agir [&hellip;]<\/p>\n","protected":false},"author":1,"featured_media":0,"parent":0,"menu_order":0,"comment_status":"closed","ping_status":"closed","template":"","meta":{"ngg_post_thumbnail":0},"_links":{"self":[{"href":"http:\/\/www.collegelafraternite.com\/sainte-ursule\/wp-json\/wp\/v2\/pages\/1576"}],"collection":[{"href":"http:\/\/www.collegelafraternite.com\/sainte-ursule\/wp-json\/wp\/v2\/pages"}],"about":[{"href":"http:\/\/www.collegelafraternite.com\/sainte-ursule\/wp-json\/wp\/v2\/types\/page"}],"author":[{"embeddable":true,"href":"http:\/\/www.collegelafraternite.com\/sainte-ursule\/wp-json\/wp\/v2\/users\/1"}],"replies":[{"embeddable":true,"href":"http:\/\/www.collegelafraternite.com\/sainte-ursule\/wp-json\/wp\/v2\/comments?post=1576"}],"version-history":[{"count":28,"href":"http:\/\/www.collegelafraternite.com\/sainte-ursule\/wp-json\/wp\/v2\/pages\/1576\/revisions"}],"predecessor-version":[{"id":3259,"href":"http:\/\/www.collegelafraternite.com\/sainte-ursule\/wp-json\/wp\/v2\/pages\/1576\/revisions\/3259"}],"wp:attachment":[{"href":"http:\/\/www.collegelafraternite.com\/sainte-ursule\/wp-json\/wp\/v2\/media?parent=1576"}],"curies":[{"name":"wp","href":"https:\/\/api.w.org\/{rel}","templated":true}]}}