{"id":157,"date":"2018-02-06T14:53:51","date_gmt":"2018-02-06T13:53:51","guid":{"rendered":"http:\/\/www.onmangecamp.be\/frat\/?page_id=157"},"modified":"2024-08-13T20:55:55","modified_gmt":"2024-08-13T18:55:55","slug":"3e-degre-technicien-ne-de-bureau","status":"publish","type":"page","link":"http:\/\/www.collegelafraternite.com\/sainte-ursule\/3e-degre-technicien-ne-de-bureau\/","title":{"rendered":"3e DEGR\u00c9 : TECHNICIEN.NE DE BUREAU"},"content":{"rendered":"<h1>TECHNICIEN.NE DE BUREAU<\/h1>\n<p>Le\/La technicien\u00b7ne de bureau assure diff\u00e9rentes fonctions administratives relatives au traitement de l\u2019information.<\/p>\n<p>Il\/elle peut \u00eatre t\u00e9l\u00e9phoniste-r\u00e9ceptionniste et donc accueillir, renseigner et orienter un interlocuteur, en fran\u00e7ais et en langues \u00e9trang\u00e8res, tout en assurant la gestion administrative courante.<\/p>\n<p>Il\/elle peut \u00eatre employ\u00e9\u00b7e administratif\u00b7ve et encodeur-se de donn\u00e9es. Il\/elle prend en charge le traitement des dossiers administratifs en utilisant diff\u00e9rents outils bureautiques. Parfois, il\/elle peut \u00e9galement accomplir des t\u00e2ches comptables et proc\u00e9der \u00e0 l\u2019encodage de certains documents \u00e0 l\u2019aide de logiciels appropri\u00e9s.<\/p>\n<p>Il\/elle doit faire preuve d\u2019une bonne organisation dans son travail. Outre les notions d\u2019\u00e9conomie, de droit et de comptabilit\u00e9, il\/elle doit ma\u00eetriser les outils de bureautique, les nouvelles technologies de l\u2019information tout en restant attentif\u00b7ve \u00e0 l\u2019\u00e9volution des nouveaux moyens de communication.<strong><\/p>\n<p><\/strong><\/p>\n<h2>Activit\u00e9s<\/h2>\n<ul>\n<li>Accueillir et guider les visiteurs<\/li>\n<li>Assurer les appels t\u00e9l\u00e9phoniques entrants et sortants<\/li>\n<li>Trier et v\u00e9rifier les documents internes et externes<\/li>\n<li>Traiter le courrier et proc\u00e9der aux exp\u00e9ditions<\/li>\n<li>Enregistrer, saisir, consulter des donn\u00e9es, les mettre en forme<\/li>\n<li>R\u00e9diger et g\u00e9rer des dossiers<\/li>\n<li>Planifier et organiser son travail<\/li>\n<li>Reproduire les documents, les classer et g\u00e9rer les archives<\/li>\n<\/ul>\n<h2>&nbsp;<\/h2>\n<h2>Aptitudes<\/h2>\n<ul>\n<li>Courtois\u00b7e<\/li>\n<li>Ordonn\u00e9\u00b7e<\/li>\n<li>Organis\u00e9\u00b7e<\/li>\n<li>Polyvalent\u00b7e<\/li>\n<\/ul>\n<p>&nbsp;<\/p>\n<h2>D\u00e9bouch\u00e9s<\/h2>\n<ul>\n<li>Petites et moyennes entreprises<\/li>\n<li>Administrations publiques<\/li>\n<li>Banques<\/li>\n<li>Assurances<\/li>\n<li>H\u00f4pitaux<\/li>\n<li>Cabinets m\u00e9dicaux<\/li>\n<li>Mutuelles<\/li>\n<li>ASBL<\/li>\n<li>Secr\u00e9tariats sociaux<\/li>\n<li>\u2026<\/li>\n<\/ul>\n<p>&nbsp;<\/p>\n<h2>Axes de formation<\/h2>\n<p>La formation s\u2019articule autour de quelques grandes comp\u00e9tences:<\/p>\n<ul>\n<li>Accueillir et orienter les visiteurs.<\/li>\n<li>Communiquer, assurer les appels t\u00e9l\u00e9phoniques entrants et sortants.<\/li>\n<li>Trier et v\u00e9rifier des documents.<\/li>\n<li>Exp\u00e9dier.<\/li>\n<li>Enregistrer, saisir, consulter des donn\u00e9es.<\/li>\n<li>Traiter des donn\u00e9es, g\u00e9rer des dossiers.<\/li>\n<li>Planifier, organiser.<\/li>\n<li>R\u00e9diger.<\/li>\n<li>Classer, produire.<\/li>\n<li>S\u2019int\u00e9grer dans la vie professionnelle.<\/li>\n<\/ul>\n<p>Le d\u00e9veloppement de ces comp\u00e9tences implique la ma\u00eetrise de notions de droit (civil, commercial, fiscal, social, public) de comptabilit\u00e9 et de gestion. La ma\u00eetrise des logiciels courants en bureautique et en comptabilit\u00e9 fait donc partie de la formation.<\/p>\n<p>Pour aborder cette option, les pr\u00e9-requis essentiels sont les suivants: un bon acquis et une disposition pour les langues, la ma\u00eetrise des fonctions de base du traitement de texte et tableur, des comp\u00e9tences en ma\u00eetrise du clavier, une initiation aux documents comptables et \u00e0 la comptabilisation.<\/p>\n<p>Le d\u00e9veloppement de ces comp\u00e9tences implique la ma\u00eetrise de notions de droit, d\u2019\u00e9conomie g\u00e9n\u00e9rale et de gestion d\u2019entreprise et informatique de gestion. La ma\u00eetrise des logiciels courants en bureautique fait donc partie de la formation.<\/p>\n<p>Pour aborder cette option, les pr\u00e9-requis essentiels sont les suivants: un minimum d\u2019acquis en langues, la ma\u00eetrise des fonctions de base du traitement de texte et tableur, des comp\u00e9tences en ma\u00eetrise du clavier, une initiation aux documents comptables et \u00e0 la comptabilisation.<\/p>\n<p>&nbsp;<\/p>\n<h2>Grille Horaire<\/h2>\n<table  class=\" table table-hover\" style=\"width: 566px;\">\n<tbody>\n<tr>\n<td style=\"width: 719px; text-align: center;\" colspan=\"2\"><strong>5<sup>e<\/sup> TECHNICIEN&nbsp;.NE COMMERCIAL.E<\/strong><\/td>\n<\/tr>\n<tr>\n<td style=\"width: 607px;\">Religion&nbsp;<\/p>\n<p>\u00c9ducation physique<\/p>\n<p>Fran\u00e7ais<\/p>\n<p>Math\u00e9matiques<\/p>\n<p>Formation historique et g\u00e9ographique<\/p>\n<p>Formation scientifique<\/p>\n<p>Formation sociale et \u00e9conomique<\/p>\n<p>N\u00e9erlandais<\/p>\n<p>Anglais<\/p>\n<p>Outils et applications bureautiques<\/p>\n<p>Communication professionnelle<\/p>\n<p>Activit\u00e9s techniques comptables de l\u2019entreprise<\/td>\n<td style=\"width: 112px;\">\n<p style=\"text-align: center;\">2h<\/p>\n<p style=\"text-align: center;\">2h<\/p>\n<p style=\"text-align: center;\">4h<\/p>\n<p style=\"text-align: center;\">2h<\/p>\n<p style=\"text-align: center;\">2h<\/p>\n<p style=\"text-align: center;\">2h<\/p>\n<p style=\"text-align: center;\">2h<\/p>\n<p style=\"text-align: center;\">4h<\/p>\n<p style=\"text-align: center;\">3h<\/p>\n<p style=\"text-align: center;\">6h<\/p>\n<p style=\"text-align: center;\">3h<\/p>\n<p style=\"text-align: center;\">3h<\/p>\n<\/td>\n<\/tr>\n<tr>\n<td style=\"width: 719px; text-align: center;\" colspan=\"2\">35h<\/td>\n<\/tr>\n<tr>\n<td style=\"width: 719px; text-align: center;\" colspan=\"2\"><strong>6<sup>e<\/sup> TECHNICIEN.NE COMMERCIAL.E<\/strong><\/td>\n<\/tr>\n<tr>\n<td style=\"width: 607px; text-align: center;\">\n<p style=\"text-align: left;\">Religion<\/p>\n<p style=\"text-align: left;\">\u00c9ducation physique<\/p>\n<p style=\"text-align: left;\">Fran\u00e7ais<\/p>\n<p style=\"text-align: left;\">Math\u00e9matiques<\/p>\n<p style=\"text-align: left;\">Formation historique et g\u00e9ographique<\/p>\n<p style=\"text-align: left;\">Formation scientifique<\/p>\n<p style=\"text-align: left;\">Formation sociale et \u00e9conomique<\/p>\n<p style=\"text-align: left;\">N\u00e9erlandais<\/p>\n<p style=\"text-align: left;\">Anglais<\/p>\n<p style=\"text-align: left;\">Exercices pratiques&nbsp;: secr\u00e9tariat<\/p>\n<p style=\"text-align: left;\">Activit\u00e9s d\u2019insertion professionnelle<\/p>\n<p style=\"text-align: left;\">Questions \u00e9conomiques, juridiques, sociales<\/p>\n<\/td>\n<td style=\"width: 112px; text-align: center;\">2h&nbsp;<\/p>\n<p>2h<\/p>\n<p>4h<\/p>\n<p>2h<\/p>\n<p>2h<\/p>\n<p>2h<\/p>\n<p>2h<\/p>\n<p>4h<\/p>\n<p>3h<\/p>\n<p>7h<\/p>\n<p>3h<\/p>\n<p>3h<\/td>\n<\/tr>\n<tr>\n<td style=\"width: 719px; text-align: center;\" colspan=\"2\">&nbsp;36h<\/td>\n<\/tr>\n<\/tbody>\n<\/table>\n","protected":false},"excerpt":{"rendered":"<p>TECHNICIEN.NE DE BUREAU Le\/La technicien\u00b7ne de bureau assure diff\u00e9rentes fonctions administratives relatives au traitement de l\u2019information. Il\/elle peut \u00eatre t\u00e9l\u00e9phoniste-r\u00e9ceptionniste et donc accueillir, renseigner et orienter un interlocuteur, en fran\u00e7ais et en langues \u00e9trang\u00e8res, tout en assurant la gestion administrative courante. Il\/elle peut \u00eatre employ\u00e9\u00b7e administratif\u00b7ve et encodeur-se de donn\u00e9es. Il\/elle prend en charge le [&hellip;]<\/p>\n","protected":false},"author":1,"featured_media":0,"parent":0,"menu_order":0,"comment_status":"closed","ping_status":"closed","template":"page-fullwidth.php","meta":{"ngg_post_thumbnail":0},"_links":{"self":[{"href":"http:\/\/www.collegelafraternite.com\/sainte-ursule\/wp-json\/wp\/v2\/pages\/157"}],"collection":[{"href":"http:\/\/www.collegelafraternite.com\/sainte-ursule\/wp-json\/wp\/v2\/pages"}],"about":[{"href":"http:\/\/www.collegelafraternite.com\/sainte-ursule\/wp-json\/wp\/v2\/types\/page"}],"author":[{"embeddable":true,"href":"http:\/\/www.collegelafraternite.com\/sainte-ursule\/wp-json\/wp\/v2\/users\/1"}],"replies":[{"embeddable":true,"href":"http:\/\/www.collegelafraternite.com\/sainte-ursule\/wp-json\/wp\/v2\/comments?post=157"}],"version-history":[{"count":2,"href":"http:\/\/www.collegelafraternite.com\/sainte-ursule\/wp-json\/wp\/v2\/pages\/157\/revisions"}],"predecessor-version":[{"id":2922,"href":"http:\/\/www.collegelafraternite.com\/sainte-ursule\/wp-json\/wp\/v2\/pages\/157\/revisions\/2922"}],"wp:attachment":[{"href":"http:\/\/www.collegelafraternite.com\/sainte-ursule\/wp-json\/wp\/v2\/media?parent=157"}],"curies":[{"name":"wp","href":"https:\/\/api.w.org\/{rel}","templated":true}]}}