{"id":154,"date":"2018-02-06T14:44:29","date_gmt":"2018-02-06T13:44:29","guid":{"rendered":"http:\/\/www.onmangecamp.be\/frat\/?page_id=154"},"modified":"2024-08-13T20:52:27","modified_gmt":"2024-08-13T18:52:27","slug":"3e-degre-technicien-ne-commercial-e","status":"publish","type":"page","link":"http:\/\/www.collegelafraternite.com\/sainte-ursule\/3e-degre-technicien-ne-commercial-e\/","title":{"rendered":"3e DEGR\u00c9 : TECHNICIEN.NE COMMERCIAL.E"},"content":{"rendered":"<p>&nbsp;<\/p>\n<h1>TECHNICIEN.NE COMMERCIAL.E<\/h1>\n<p>Le\/la technicien\u00b7ne commercial\u00b7e est un-e vendeur-se qualifi\u00e9\u00b7e qui informe et conseille le client afin de trouver le produit ou le service qui va satisfaire ses besoins. Il\/elle ma\u00eetrise les techniques courantes du marketing et met son expertise au service de l\u2019entreprise en proposant de nouvelles actions susceptibles d\u2019accro\u00eetre les ventes.<\/p>\n<p>Il\/elle est polyvalent\u00b7e : il\/elle g\u00e8re les stocks, dresse l\u2019inventaire, passe les commandes, n\u00e9gocie les contrats. Il\/elle poss\u00e8de \u00e9galement une tr\u00e8s bonne ma\u00eetrise de l\u2019outil informatique. Le plus souvent, il\/elle pratique une ou plusieurs langues \u00e9trang\u00e8res. Il\/elle s\u2019exprime ais\u00e9ment, soigne sa pr\u00e9sentation, se montre discret-\u00e8te et honn\u00eate.<\/p>\n<p>Le\/La technicien\u00b7ne commercial\u00b7e a acc\u00e8s \u00e0 tous les secteurs de l\u2019activit\u00e9 commerciale. Il\/elle peut \u00e9voluer de vendeur\u00b7euse \u00e0 d\u00e9l\u00e9gu\u00e9\u00b7e commercial\u00b7e, chef\u00b7fe de rayon, g\u00e9rant\u00b7e de magasin, commer\u00e7ant\u00b7e ind\u00e9pendant\u00b7e,&#8230;<\/p>\n<h2>Activit\u00e9s<\/h2>\n<ul>\n<li>Accueillir et informer la client\u00e8le<\/li>\n<li>Appliquer les techniques de marketing<\/li>\n<li>Argumenter et convaincre le client<\/li>\n<li>Communiquer en langues \u00e9trang\u00e8res<\/li>\n<li>R\u00e9diger des documents commerciaux<\/li>\n<li>Assurer le processus d\u2019approvisionnement<\/li>\n<li>Utiliser les logiciels informatiques courants<\/li>\n<li>Respecter les l\u00e9gislations en vigueur<\/li>\n<\/ul>\n<h2>&nbsp;<\/h2>\n<h2>Aptitudes<\/h2>\n<ul>\n<li>Courtois\u00b7e<\/li>\n<li>Perspicace<\/li>\n<li>Convaincant\u00b7e<\/li>\n<li>Diplomate<\/li>\n<\/ul>\n<p>&nbsp;<\/p>\n<h2>D\u00e9bouch\u00e9s<\/h2>\n<ul>\n<li>Commerce de d\u00e9tail&nbsp;: magasins d\u2019alimentation g\u00e9n\u00e9rale, d\u2019\u00e9quipements, de biens culturels et de loisirs, march\u00e9s, magasins d\u2019e-commerce, vente par correspondance&#8230;<\/li>\n<li>Commerce de gros&nbsp;: produits agricoles bruts, alimentaires, \u00e9quipements&#8230;<\/li>\n<li>Finances, banques et assurances<\/li>\n<li>Services aux particuliers et aux entreprises<\/li>\n<\/ul>\n<h2>&nbsp;<\/h2>\n<h2>Axes de formation<\/h2>\n<ul>\n<li>La formation s\u2019articule autour de quelques grandes comp\u00e9tences:<\/li>\n<li>Appliquer des techniques de marketing.<\/li>\n<li>Argumenter une vente.<\/li>\n<li>Assurer le processus achat\u2013vente.<\/li>\n<li>Communiquer en milieu professionnel.<\/li>\n<li>Utiliser les outils informatiques.<\/li>\n<li>Appliquer les r\u00e8gles de s\u00e9curit\u00e9 et d\u2019hygi\u00e8ne.<\/li>\n<li>S\u2019int\u00e9grer dans la vie professionnelle.<\/li>\n<li>Se former sur les comp\u00e9tences d\u2019analyse de march\u00e9s, de compr\u00e9hension du fonctionnement des entreprises de distribution et de l\u2019architecture de leur syst\u00e8me de travail, de gestion des activit\u00e9s administratives, financi\u00e8res et logistiques.<\/li>\n<\/ul>\n<p>Le d\u00e9veloppement de ces comp\u00e9tences implique la ma\u00eetrise de notions de droit, d\u2019\u00e9conomie g\u00e9n\u00e9rale et de gestion d\u2019entreprise et informatique de gestion. La ma\u00eetrise des logiciels courants en bureautique fait donc partie de la formation.<\/p>\n<p>Pour aborder cette option, les pr\u00e9-requis essentiels sont les suivants: un minimum d\u2019acquis en langues, la ma\u00eetrise des fonctions de base du traitement de texte et tableur, des comp\u00e9tences en ma\u00eetrise du clavier, une initiation aux documents comptables et \u00e0 la comptabilisation.<\/p>\n<p>&nbsp;<\/p>\n<h3>Quelques exemples d\u2019activit\u00e9s initi\u00e9es au Coll\u00e8ge La Fraternit\u00e9<\/h3>\n<ul>\n<li>Stages en entreprise.<\/li>\n<li>Formation \u00e0 la Cellule de l\u2019Emploi<\/li>\n<li>Visites d\u2019entreprises.<\/li>\n<li>Visites du Parlement et du Palais de Justice.<\/li>\n<li>Participation \u00e0 des \u00e9v\u00e9nements: travail d\u2019accueil des visiteurs.<\/li>\n<\/ul>\n<p>&nbsp;<\/p>\n<h2>Grille Horaire<\/h2>\n<table  class=\" table table-hover\" style=\"width: 108.308%; height: 735px;\">\n<tbody>\n<tr style=\"height: 60px;\">\n<td style=\"width: 42.1208%; height: 60px;\" colspan=\"2\">\n<p style=\"text-align: center;\"><strong>5<sup>e<\/sup> TECHNICIEN&nbsp;.NE COMMERCIAL.E<\/strong><\/p>\n<\/td>\n<td style=\"width: 42.2302%; height: 60px;\" colspan=\"2\">\n<p style=\"text-align: center;\"><strong>6<sup>e<\/sup> TECHNICIEN.NE COMMERCIAL.E<\/strong><\/p>\n<\/td>\n<\/tr>\n<tr style=\"height: 770px;\">\n<td style=\"width: 37.08%; height: 665px;\">\u00b7&nbsp; &nbsp; &nbsp;<span style=\"font-size: inherit; font-family: inherit; font-weight: inherit;\">Religion<\/span>&nbsp;<\/p>\n<p>\u00b7&nbsp;&nbsp;&nbsp;&nbsp;&nbsp; \u00c9ducation physique<\/p>\n<p>\u00b7&nbsp;&nbsp;&nbsp;&nbsp;&nbsp; Fran\u00e7ais<\/p>\n<p>\u00b7&nbsp;&nbsp;&nbsp;&nbsp;&nbsp; Math\u00e9matiques<\/p>\n<p>\u00b7&nbsp;&nbsp;&nbsp;&nbsp;&nbsp; Formation historique et g\u00e9ographique<\/p>\n<p>\u00b7<span style=\"font-family: inherit; font-size: inherit;\">&nbsp; &nbsp; &nbsp; Formation sociale et \u00e9conomique<\/span><\/p>\n<p>\u00b7&nbsp;&nbsp;&nbsp;&nbsp;&nbsp; Formation scientifique<\/p>\n<p>\u00b7&nbsp;&nbsp;&nbsp;&nbsp;&nbsp; N\u00e9erlandais<\/p>\n<p>\u00b7&nbsp;&nbsp;&nbsp;&nbsp;&nbsp; Anglais<\/p>\n<p>\u00b7&nbsp;&nbsp;&nbsp;&nbsp;&nbsp; Technique de vente et de marketing<\/p>\n<p>\u00b7&nbsp;&nbsp;&nbsp;&nbsp;&nbsp; Activit\u00e9s techniques comptables de l\u2019entreprise<\/p>\n<p>\u00b7&nbsp;&nbsp;&nbsp;&nbsp;&nbsp; Informatique de gestion<\/p>\n<p>\u00b7&nbsp;&nbsp;&nbsp;&nbsp;&nbsp; Communication professionnelle<\/td>\n<td style=\"width: 5.04079%; text-align: center; height: 665px;\">2h&nbsp;<\/p>\n<p>2h<\/p>\n<p>4h<\/p>\n<p>2h<\/p>\n<p>2h<\/p>\n<p>2h<\/p>\n<p>2h<\/p>\n<p>4h<\/p>\n<p>3h<\/p>\n<p>5h<\/p>\n<p>3h<\/p>\n<p>3h<\/p>\n<p>2h<\/td>\n<td style=\"width: 36.5165%; height: 665px;\">\u00b7&nbsp;&nbsp;&nbsp;&nbsp;&nbsp; Religion&nbsp;&nbsp;&nbsp;<\/p>\n<p>\u00b7&nbsp;&nbsp;&nbsp;&nbsp;&nbsp; \u00c9ducation physique<\/p>\n<p>\u00b7&nbsp;&nbsp;&nbsp;&nbsp;&nbsp; Fran\u00e7ais<\/p>\n<p>\u00b7&nbsp;&nbsp;&nbsp;&nbsp;&nbsp; Math\u00e9matiques<\/p>\n<p>\u00b7&nbsp;&nbsp;&nbsp;&nbsp;&nbsp; Formation historique et g\u00e9ographique<\/p>\n<p>\u00b7&nbsp; &nbsp; &nbsp; Formation scientifique<\/p>\n<p>\u00b7<span style=\"font-family: inherit; font-size: inherit;\">&nbsp; &nbsp; &nbsp; Formation sociale et \u00e9conomique<\/span><\/p>\n<p>\u00b7&nbsp;&nbsp;&nbsp;&nbsp;&nbsp; N\u00e9erlandais<\/p>\n<p>\u00b7&nbsp;&nbsp;&nbsp;&nbsp;&nbsp; Anglais<\/p>\n<p>\u00b7&nbsp;&nbsp;&nbsp;&nbsp;&nbsp; Exercices pratiques de vente et de gestion<\/p>\n<p>\u00b7&nbsp;&nbsp;&nbsp;&nbsp;&nbsp; Activit\u00e9s d\u2019insertion professionnelle<\/p>\n<p>\u00b7&nbsp;&nbsp;&nbsp;&nbsp;&nbsp; Questions \u00e9conomiques, juridiques et sociales<\/td>\n<td style=\"width: 5.71371%; text-align: center; height: 665px;\">2h&nbsp;&nbsp;&nbsp;<\/p>\n<p>2h<\/p>\n<p>4h<\/p>\n<p>2h<\/p>\n<p>2h<\/p>\n<p>2h<\/p>\n<p>2h<\/p>\n<p>4h<\/p>\n<p>3h<\/p>\n<p>7h<\/p>\n<p>3h<\/p>\n<p>2h<\/td>\n<\/tr>\n<tr style=\"height: 24px;\">\n<td style=\"width: 42.1208%; text-align: center; height: 10px;\" colspan=\"2\">36h<\/td>\n<td style=\"width: 42.2302%; text-align: center; height: 10px;\" colspan=\"2\">35h<\/td>\n<\/tr>\n<\/tbody>\n<\/table>\n","protected":false},"excerpt":{"rendered":"<p>&nbsp; TECHNICIEN.NE COMMERCIAL.E Le\/la technicien\u00b7ne commercial\u00b7e est un-e vendeur-se qualifi\u00e9\u00b7e qui informe et conseille le client afin de trouver le produit ou le service qui va satisfaire ses besoins. Il\/elle ma\u00eetrise les techniques courantes du marketing et met son expertise au service de l\u2019entreprise en proposant de nouvelles actions susceptibles d\u2019accro\u00eetre les ventes. Il\/elle est [&hellip;]<\/p>\n","protected":false},"author":1,"featured_media":0,"parent":0,"menu_order":0,"comment_status":"closed","ping_status":"closed","template":"page-fullwidth.php","meta":{"ngg_post_thumbnail":0},"_links":{"self":[{"href":"http:\/\/www.collegelafraternite.com\/sainte-ursule\/wp-json\/wp\/v2\/pages\/154"}],"collection":[{"href":"http:\/\/www.collegelafraternite.com\/sainte-ursule\/wp-json\/wp\/v2\/pages"}],"about":[{"href":"http:\/\/www.collegelafraternite.com\/sainte-ursule\/wp-json\/wp\/v2\/types\/page"}],"author":[{"embeddable":true,"href":"http:\/\/www.collegelafraternite.com\/sainte-ursule\/wp-json\/wp\/v2\/users\/1"}],"replies":[{"embeddable":true,"href":"http:\/\/www.collegelafraternite.com\/sainte-ursule\/wp-json\/wp\/v2\/comments?post=154"}],"version-history":[{"count":10,"href":"http:\/\/www.collegelafraternite.com\/sainte-ursule\/wp-json\/wp\/v2\/pages\/154\/revisions"}],"predecessor-version":[{"id":2920,"href":"http:\/\/www.collegelafraternite.com\/sainte-ursule\/wp-json\/wp\/v2\/pages\/154\/revisions\/2920"}],"wp:attachment":[{"href":"http:\/\/www.collegelafraternite.com\/sainte-ursule\/wp-json\/wp\/v2\/media?parent=154"}],"curies":[{"name":"wp","href":"https:\/\/api.w.org\/{rel}","templated":true}]}}