{"id":150,"date":"2018-02-06T14:31:22","date_gmt":"2018-02-06T13:31:22","guid":{"rendered":"http:\/\/www.onmangecamp.be\/frat\/?page_id=150"},"modified":"2024-08-13T20:39:51","modified_gmt":"2024-08-13T18:39:51","slug":"3e-degre-animateur-animatrice","status":"publish","type":"page","link":"http:\/\/www.collegelafraternite.com\/sainte-ursule\/3e-degre-animateur-animatrice\/","title":{"rendered":"3e DEGR\u00c9 : ANIMATEUR\u00b7TRICE"},"content":{"rendered":"<h1>ANIMATEUR\u00b7TRICE<\/h1>\n<p style=\"text-align: justify; margin: 0cm 0cm 3.75pt 0cm;\"><span style=\"font-family: 'Calibri',sans-serif; color: #333333;\">Le m\u00e9tier d\u2019animateur\u00b7trice consiste \u00e0 prendre en charge des groupes de jeunes ou d\u2019adultes, \u00e0 organiser des activit\u00e9s qui r\u00e9pondent \u00e0 des attentes bien pr\u00e9cises et \u00e0 veiller au bon d\u00e9roulement de celles-ci. De l\u2019organisation de spectacles \u00e0 l\u2019accueil extrascolaire, l\u2019animateur\u00b7trice touche \u00e0 tout. Il\/elle peut se sp\u00e9cialiser dans un domaine en particulier tel qu\u2019un sport, une technique artistique ou cumuler plusieurs comp\u00e9tences.<\/span><\/p>\n<p style=\"text-align: justify; margin: 0cm 0cm 3.75pt 0cm;\"><span style=\"font-family: 'Calibri',sans-serif; color: #333333;\">Il\/elle intervient dans des lieux tr\u00e8s vari\u00e9s et l\u2019\u00e9tendue de ses domaines d\u2019activit\u00e9s est tr\u00e8s vaste. Par exemple, il\/elle peut faire de l\u2019animation sportive dans une maison de quartier ou dans un club de sport ou il\/elle peut animer un atelier cr\u00e9atif dans une asbl d\u2019\u00e9ducation permanente ou dans une maison de repos,&#8230;<\/span><\/p>\n<p style=\"text-align: justify; margin: 0cm 0cm 3.75pt 0cm;\"><span style=\"font-family: 'Calibri',sans-serif; color: #333333;\">L\u2019animateur\u00b7trice a le sens du contact. C\u2019est une personne qui a du \u00ab\u2009peps\u2009\u00bb. Il\/elle accueille les personnes de mani\u00e8re chaleureuse et veille au bien-\u00eatre et \u00e0 la s\u00e9curit\u00e9 de tous lors des diverses activit\u00e9s qu\u2019il\/elle organise. Avec lui\/elle, on passe un moment inoubliable\u2009!<\/span><\/p>\n<p>&nbsp;<\/p>\n<h2>Activit\u00e9s<\/h2>\n<ul>\n<li>\u00c9tablir une relation privil\u00e9gi\u00e9e avec un groupe<\/li>\n<li>Concevoir et proposer une activit\u00e9 ou un projet<\/li>\n<li>Organiser une animation ou un projet<\/li>\n<li>Travailler en \u00e9quipe, fonctionner en partenariat<\/li>\n<li>Communiquer avec l\u2019institution, les parents&#8230;<\/li>\n<li>Pr\u00e9venir les accidents<\/li>\n<li>Assurer les premiers soins d\u2019urgence<\/li>\n<li>S\u2019auto-\u00e9valuer et adapter ses pratiques<\/li>\n<\/ul>\n<h2>&nbsp;<\/h2>\n<h2>Aptitudes<\/h2>\n<ul>\n<li>Bonne communication<\/li>\n<li>Sens du contact<\/li>\n<li>Cr\u00e9ativit\u00e9<\/li>\n<li>Dynamisme<\/li>\n<li>Ouverture d\u2019esprit<\/li>\n<li>Empathie<\/li>\n<li>\u00c9coute<\/li>\n<li>Flexibilit\u00e9 et disponibilit\u00e9<\/li>\n<li>Adaptation<\/li>\n<\/ul>\n<h2>&nbsp;<\/h2>\n<h2>D\u00e9bouch\u00e9s<\/h2>\n<ul>\n<li>Centres de vacances<\/li>\n<li>Centres culturels<\/li>\n<li>Asbl d\u2019\u00e9ducation permanente<\/li>\n<li>Maisons de quartier<\/li>\n<li>Centres de jeunes<\/li>\n<li>Terrains d\u2019aventure<\/li>\n<li>Ludoth\u00e8ques<\/li>\n<li>\u00c9coles de devoirs<\/li>\n<li>Structures d\u2019accueil<\/li>\n<li>Mouvements de jeunesse<\/li>\n<li>Biblioth\u00e8ques<\/li>\n<li>Clubs de sport<\/li>\n<li>Maisons de repos<\/li>\n<li>O.N.G.<\/li>\n<\/ul>\n<p>&nbsp;<\/p>\n<h2>Axes de formation<\/h2>\n<ul>\n<li><strong>Activit\u00e9s sportives (th\u00e9orie et pratique)&nbsp;<\/strong>: gestes techniques des principales disciplines sportives, techniques d\u2019aide et de manutention, sauvetage, arbitrage, construction d\u2019une s\u00e9ance sportive (\u00e9chauffement, jeux amenant aux diff\u00e9rents gestes techniques, jeux amenant au match, \u00e9tirements), psychomotricit\u00e9 pour enfants et personnes \u00e2g\u00e9es.<\/li>\n<li><strong>Activit\u00e9s ludiques (th\u00e9orie et pratique)&nbsp;<\/strong>: fichiers de jeux, grands jeux, jeux coop\u00e9ratifs, jeux de soci\u00e9t\u00e9, jeux de veill\u00e9e et de kermesse.<\/li>\n<li><strong>Activit\u00e9s d\u2019expression (th\u00e9orie et pratique)&nbsp;<\/strong>: corporelle (mimes, jeux de sc\u00e8ne, techniques de cirque, rythmes, communication non \u2013 verbale\u2026), verbale (pr\u00e9paration de spectacles, jeux de langage, lectures, histoires, contes, th\u00e9\u00e2tre, apprendre \u00e0 s\u2019adresser \u00e0 diff\u00e9rents publics, \u00e0 demander des informations, \u00e0 se pr\u00e9senter\u2026), musicale (chants, rythmes, percussion\u2026) et manuelle (bricolage).<\/li>\n<\/ul>\n<p>&nbsp;<\/p>\n<h3>Quelques exemples d\u2019activit\u00e9s initi\u00e9es au Coll\u00e8ge La Fraternit\u00e9<\/h3>\n<ul>\n<li>Animations d\u2019activit\u00e9s sportives, ludiques, manuelles et d\u2019expression au sein du Coll\u00e8ge et \u00e0 l\u2019ext\u00e9rieur de l\u2019\u00e9cole.<\/li>\n<li>Animations de classes de d\u00e9couvertes (classes vertes, de mer, de neige, de montagne\u2026) pour des classes de l\u2019enseignement fondamental.<\/li>\n<li>Animations dans des maisons de repos.<\/li>\n<li>Animation d\u2019activit\u00e9s sportives de la FRSEL (F\u00e9d\u00e9ration Royale Sportive de l\u2019Enseignement libre).<\/li>\n<li>Organisation de journ\u00e9es sportives pour des classes de l\u2019enseignement fondamental.<\/li>\n<li>Animations en plaines de jeux.<\/li>\n<li>Animations d\u2019activit\u00e9s sportives et culturelles pour des classes de l\u2019enseignement fondamental.<\/li>\n<li>Animations d\u2019activit\u00e9s sportives parascolaires.<\/li>\n<\/ul>\n<p>&nbsp;<\/p>\n<h2>Grille Horaire<\/h2>\n<table  class=\" table table-hover\" style=\"width: 419px;\">\n<tbody>\n<tr>\n<td style=\"width: 417px;\" colspan=\"2\">\n<p style=\"text-align: center;\"><strong>5<sup>e<\/sup> ET 6<sup>e<\/sup> ANIMATEUR\u00b7TRICE<\/strong><\/p>\n<\/td>\n<\/tr>\n<tr>\n<td style=\"width: 364px;\">\u00b7&nbsp;&nbsp;&nbsp;&nbsp;&nbsp; Religion&nbsp;<\/p>\n<p>\u00b7&nbsp;&nbsp;&nbsp;&nbsp;&nbsp; Fran\u00e7ais<\/p>\n<p>\u00b7&nbsp;&nbsp;&nbsp;&nbsp;&nbsp; Formation historique et g\u00e9ographique<\/p>\n<p>\u00b7<span style=\"font-family: inherit; font-size: inherit;\">&nbsp; &nbsp; &nbsp; Formation sociale et \u00e9conomique<\/span><\/p>\n<p>\u00b7&nbsp;&nbsp;&nbsp;&nbsp;&nbsp; N\u00e9erlandais<\/p>\n<p>\u00b7&nbsp;&nbsp;&nbsp;&nbsp;&nbsp; Math\u00e9matiques<\/p>\n<p>\u00b7&nbsp;&nbsp;&nbsp;&nbsp;&nbsp; Formation scientifique<\/p>\n<p>\u00b7&nbsp;&nbsp;&nbsp;&nbsp;&nbsp; \u00c9ducation physique<\/p>\n<p>\u00b7&nbsp;&nbsp;&nbsp;&nbsp;&nbsp; Psychologie appliqu\u00e9e<\/p>\n<p>\u00b7&nbsp;&nbsp;&nbsp;&nbsp;&nbsp; Techniques d\u2019animation<\/p>\n<p>\u00b7&nbsp;&nbsp;&nbsp;&nbsp;&nbsp; Activit\u00e9s d\u2019insertion professionnelle<\/td>\n<td style=\"width: 53px;\">\n<p style=\"text-align: center;\">2h<\/p>\n<p style=\"text-align: center;\">4h<\/p>\n<p style=\"text-align: center;\">2h<\/p>\n<p style=\"text-align: center;\">2h<\/p>\n<p style=\"text-align: center;\">2h<\/p>\n<p style=\"text-align: center;\">2h<\/p>\n<p style=\"text-align: center;\">2h<\/p>\n<p style=\"text-align: center;\">2h<\/p>\n<p style=\"text-align: center;\">4h<\/p>\n<p style=\"text-align: center;\">8h<\/p>\n<p style=\"text-align: center;\">4h<\/p>\n<\/td>\n<\/tr>\n<tr>\n<td style=\"width: 417px;\" colspan=\"2\">\n<p style=\"text-align: center;\">34h<\/p>\n<\/td>\n<\/tr>\n<\/tbody>\n<\/table>\n<p>&nbsp;<\/p>\n","protected":false},"excerpt":{"rendered":"<p>ANIMATEUR\u00b7TRICE Le m\u00e9tier d\u2019animateur\u00b7trice consiste \u00e0 prendre en charge des groupes de jeunes ou d\u2019adultes, \u00e0 organiser des activit\u00e9s qui r\u00e9pondent \u00e0 des attentes bien pr\u00e9cises et \u00e0 veiller au bon d\u00e9roulement de celles-ci. De l\u2019organisation de spectacles \u00e0 l\u2019accueil extrascolaire, l\u2019animateur\u00b7trice touche \u00e0 tout. Il\/elle peut se sp\u00e9cialiser dans un domaine en particulier tel [&hellip;]<\/p>\n","protected":false},"author":1,"featured_media":0,"parent":0,"menu_order":0,"comment_status":"closed","ping_status":"closed","template":"page-fullwidth.php","meta":{"ngg_post_thumbnail":0},"_links":{"self":[{"href":"http:\/\/www.collegelafraternite.com\/sainte-ursule\/wp-json\/wp\/v2\/pages\/150"}],"collection":[{"href":"http:\/\/www.collegelafraternite.com\/sainte-ursule\/wp-json\/wp\/v2\/pages"}],"about":[{"href":"http:\/\/www.collegelafraternite.com\/sainte-ursule\/wp-json\/wp\/v2\/types\/page"}],"author":[{"embeddable":true,"href":"http:\/\/www.collegelafraternite.com\/sainte-ursule\/wp-json\/wp\/v2\/users\/1"}],"replies":[{"embeddable":true,"href":"http:\/\/www.collegelafraternite.com\/sainte-ursule\/wp-json\/wp\/v2\/comments?post=150"}],"version-history":[{"count":4,"href":"http:\/\/www.collegelafraternite.com\/sainte-ursule\/wp-json\/wp\/v2\/pages\/150\/revisions"}],"predecessor-version":[{"id":2910,"href":"http:\/\/www.collegelafraternite.com\/sainte-ursule\/wp-json\/wp\/v2\/pages\/150\/revisions\/2910"}],"wp:attachment":[{"href":"http:\/\/www.collegelafraternite.com\/sainte-ursule\/wp-json\/wp\/v2\/media?parent=150"}],"curies":[{"name":"wp","href":"https:\/\/api.w.org\/{rel}","templated":true}]}}