{"id":147,"date":"2018-02-06T14:12:02","date_gmt":"2018-02-06T13:12:02","guid":{"rendered":"http:\/\/www.onmangecamp.be\/frat\/?page_id=147"},"modified":"2024-08-05T19:03:02","modified_gmt":"2024-08-05T17:03:02","slug":"2e-degre-techniques-sociales-et-danimation","status":"publish","type":"page","link":"http:\/\/www.collegelafraternite.com\/sainte-ursule\/2e-degre-techniques-sociales-et-danimation\/","title":{"rendered":"2e DEGR\u00c9 : ANIMATEUR\u00b7TRICE"},"content":{"rendered":"<h1>ANIMATEUR\u00b7TRICE<\/h1>\n<p style=\"text-align: justify; margin: 0cm 0cm 3.75pt 0cm;\"><span style=\"font-family: 'Calibri',sans-serif; color: #333333;\">Le m\u00e9tier d\u2019animateur\u00b7trice consiste \u00e0 prendre en charge des groupes de jeunes ou d\u2019adultes, \u00e0 organiser des activit\u00e9s qui r\u00e9pondent \u00e0 des attentes bien pr\u00e9cises et \u00e0 veiller au bon d\u00e9roulement de celles-ci. De l\u2019organisation de spectacles \u00e0 l\u2019accueil extrascolaire, l\u2019animateur\u00b7trice touche \u00e0 tout. Il\/elle peut se sp\u00e9cialiser dans un domaine en particulier tel qu\u2019un sport, une technique artistique ou cumuler plusieurs comp\u00e9tences.<\/span><\/p>\n<p style=\"text-align: justify; margin: 0cm 0cm 3.75pt 0cm;\"><span style=\"font-family: 'Calibri',sans-serif; color: #333333;\">Il\/elle intervient dans des lieux tr\u00e8s vari\u00e9s et l\u2019\u00e9tendue de ses domaines d\u2019activit\u00e9s est tr\u00e8s vaste. Par exemple, il\/elle peut faire de l\u2019animation sportive dans une maison de quartier ou dans un club de sport ou il\/elle peut animer un atelier cr\u00e9atif dans une asbl d\u2019\u00e9ducation permanente ou dans une maison de repos,&#8230;<\/span><\/p>\n<p style=\"text-align: justify; margin: 0cm 0cm 3.75pt 0cm;\"><span style=\"font-family: 'Calibri',sans-serif; color: #333333;\">L\u2019animateur\u00b7trice a le sens du contact. C\u2019est une personne qui a du \u00ab\u2009peps\u2009\u00bb. Il\/elle accueille les personnes de mani\u00e8re chaleureuse et veille au bien-\u00eatre et \u00e0 la s\u00e9curit\u00e9 de tous lors des diverses activit\u00e9s qu\u2019il\/elle organise. Avec lui\/elle, on passe un moment inoubliable\u2009!<\/span><\/p>\n<p>&nbsp;<\/p>\n<h2>Activit\u00e9s<\/h2>\n<ul>\n<li>\u00c9tablir une relation privil\u00e9gi\u00e9e avec un groupe<\/li>\n<li>Concevoir et proposer une activit\u00e9 ou un projet<\/li>\n<li>Organiser une animation ou un projet<\/li>\n<li>Travailler en \u00e9quipe, fonctionner en partenariat<\/li>\n<li>Communiquer avec l\u2019institution, les parents&#8230;<\/li>\n<li>Pr\u00e9venir les accidents<\/li>\n<li>Assurer les premiers soins d\u2019urgence<\/li>\n<li>S\u2019auto-\u00e9valuer et adapter ses pratiques<\/li>\n<\/ul>\n<h2>&nbsp;<\/h2>\n<h2>Aptitudes<\/h2>\n<ul>\n<li>Bonne communication<\/li>\n<li>Sens du contact<\/li>\n<li>Cr\u00e9ativit\u00e9<\/li>\n<li>Dynamisme<\/li>\n<li>Ouverture d\u2019esprit<\/li>\n<li>Empathie<\/li>\n<li>\u00c9coute<\/li>\n<li>Flexibilit\u00e9 et disponibilit\u00e9<\/li>\n<li>Adaptation<\/li>\n<\/ul>\n<h2>&nbsp;<\/h2>\n<h2>D\u00e9bouch\u00e9s<\/h2>\n<table  class=\" table table-hover\" style=\"border-collapse: collapse; width: 100%;\">\n<tbody>\n<tr>\n<td style=\"width: 419.5px;\">\n<ul>\n<li>Centres de vacances<\/li>\n<li>Centres culturels<\/li>\n<li>Asbl d\u2019\u00e9ducation permanente<\/li>\n<li>Maisons de quartier<\/li>\n<li>Centres de jeunes<\/li>\n<li>Terrains d\u2019aventure<\/li>\n<li>Ludoth\u00e8ques<\/li>\n<\/ul>\n<\/td>\n<td style=\"width: 419.5px;\">\n<ul>\n<li>\u00c9coles de devoirs<\/li>\n<li>Structures d\u2019accueil<\/li>\n<li>Mouvements de jeunesse<\/li>\n<li>Biblioth\u00e8ques<\/li>\n<li>Clubs de sport<\/li>\n<li>Maisons de repos<\/li>\n<li>O.N.G.<\/li>\n<\/ul>\n<\/td>\n<\/tr>\n<\/tbody>\n<\/table>\n<p>&nbsp;<\/p>\n<p>&nbsp;<\/p>\n<h2>Grille Horaire<\/h2>\n<table  class=\" table table-hover\" style=\"width: 842px;\">\n<tbody>\n<tr>\n<td style=\"width: 431px; text-align: center;\" colspan=\"2\"><strong>3<sup>e<\/sup> TECHNIQUES SOCIALES ET D\u2019ANIMATION<\/strong><\/td>\n<td style=\"width: 431px; text-align: center;\" colspan=\"2\"><strong>4<sup>e<\/sup> ANIMATEUR\u00b7TRICE<\/strong><\/td>\n<\/tr>\n<tr>\n<td style=\"width: 367px;\">\u00b7&nbsp;&nbsp;&nbsp;&nbsp;&nbsp; Religion\n<p>\u00b7&nbsp;&nbsp;&nbsp;&nbsp;&nbsp; Fran\u00e7ais<\/p>\n<p>\u00b7&nbsp;&nbsp;&nbsp;&nbsp;&nbsp; Math\u00e9matiques<\/p>\n<p>\u00b7&nbsp;&nbsp;&nbsp;&nbsp;&nbsp; Formation historique et g\u00e9ographique<\/p>\n<p>\u00b7&nbsp;&nbsp;&nbsp;&nbsp;&nbsp; N\u00e9erlandais<\/p>\n<p>\u00b7&nbsp;&nbsp;&nbsp;&nbsp;&nbsp; Formation scientifique<\/p>\n<p>\u00b7&nbsp;&nbsp;&nbsp;&nbsp;&nbsp; \u00c9ducation physique<\/p>\n<p>\u00b7&nbsp;&nbsp;&nbsp;&nbsp;&nbsp; \u00c9ducation physique mixte<\/p>\n<p>\u00b7&nbsp;&nbsp;&nbsp;&nbsp;&nbsp; Fran\u00e7ais&nbsp;: communication<\/p>\n<p>\u00b7&nbsp;&nbsp;&nbsp;&nbsp;&nbsp; Expression orale<\/p>\n<p>\u00b7&nbsp;&nbsp;&nbsp;&nbsp;&nbsp; Expression corporelle<\/p>\n<p>\u00b7&nbsp;&nbsp;&nbsp;&nbsp;&nbsp; Expression artistique<\/p>\n<p>\u00b7&nbsp;&nbsp;&nbsp;&nbsp;&nbsp; Alimentation et hygi\u00e8ne de vie<\/p>\n<p>\u00b7&nbsp;&nbsp;&nbsp;&nbsp;&nbsp; Initiation \u00e0 la vie professionnelle et sociale<\/p>\n<p>\u00b7&nbsp; &nbsp; &nbsp; Enqu\u00eates &#8211; visites s\u00e9minaires<\/p>\n<p>\u00b7&nbsp; &nbsp; &nbsp; Natation<\/p>\n<\/td>\n<td style=\"width: 64px; text-align: center;\">2h\n<p>4h<\/p>\n<p>2h<\/p>\n<p>2h<\/p>\n<p>3h<\/p>\n<p>2h<\/p>\n<p>2h<\/p>\n<p>2h<\/p>\n<p>2h<\/p>\n<p>1h<\/p>\n<p>1h<\/p>\n<p>1h<\/p>\n<p>2h<\/p>\n<p>2h<\/p>\n<p>2h<\/p>\n<p>2h<\/p>\n<\/td>\n<td style=\"width: 370px;\">\u00b7&nbsp;&nbsp;&nbsp;&nbsp;&nbsp; Religion\n<p>\u00b7&nbsp;&nbsp;&nbsp;&nbsp;&nbsp; Fran\u00e7ais<\/p>\n<p>\u00b7&nbsp;&nbsp;&nbsp;&nbsp;&nbsp; Math\u00e9matiques<\/p>\n<p>\u00b7&nbsp;&nbsp;&nbsp;&nbsp;&nbsp; Formation historique et g\u00e9ographique<\/p>\n<p>\u00b7&nbsp;&nbsp;&nbsp;&nbsp;&nbsp; N\u00e9erlandais<\/p>\n<p>\u00b7&nbsp; &nbsp; &nbsp; Formation scientifique<\/p>\n<p>\u00b7<span style=\"font-family: inherit; font-size: inherit;\">&nbsp;&nbsp;&nbsp;&nbsp;&nbsp; \u00c9ducation physique<\/span><\/p>\n<p>\u00b7<span style=\"font-family: inherit; font-size: inherit;\"> &nbsp;&nbsp;&nbsp;&nbsp; \u00c9ducation physique mixte (+ natation)<\/span><\/p>\n<p>\u00b7&nbsp;&nbsp;&nbsp;&nbsp;&nbsp; Fran\u00e7ais&nbsp;: communication<\/p>\n<p>\u00b7&nbsp;&nbsp;&nbsp;&nbsp;&nbsp; Expression orale<\/p>\n<p>\u00b7&nbsp;&nbsp;&nbsp;&nbsp;&nbsp; Expression corporelle<\/p>\n<p>\u00b7&nbsp;&nbsp;&nbsp;&nbsp;&nbsp; Expression artistique<\/p>\n<p>\u00b7&nbsp;&nbsp;&nbsp;&nbsp;&nbsp; Alimentation et hygi\u00e8ne de vie<\/p>\n<p>\u00b7&nbsp;&nbsp;&nbsp;&nbsp;&nbsp; Initiation \u00e0 la vie professionnelle et sociale<\/p>\n<p>\u00b7<span style=\"font-family: inherit; font-size: inherit;\">&nbsp; &nbsp; &nbsp; Enqu\u00eates &#8211; visites &#8211; s\u00e9minaires<\/span><\/p>\n<\/td>\n<td style=\"width: 61px;\">2h\n<p>4h<\/p>\n<p>2h<\/p>\n<p>2h<\/p>\n<p>3h<\/p>\n<p>2h<\/p>\n<p>2h<\/p>\n<p>2h<\/p>\n<p>2h<\/p>\n<p>1h<\/p>\n<p>1h<\/p>\n<p>1h<\/p>\n<p>3h<\/p>\n<p>3h<\/p>\n<p>2h<\/p>\n<\/td>\n<\/tr>\n<tr>\n<td style=\"width: 431px; text-align: center;\" colspan=\"2\">32h<\/td>\n<td style=\"width: 431px; text-align: center;\" colspan=\"2\">32h<\/td>\n<\/tr>\n<\/tbody>\n<\/table>\n\n","protected":false},"excerpt":{"rendered":"<p>ANIMATEUR\u00b7TRICE Le m\u00e9tier d\u2019animateur\u00b7trice consiste \u00e0 prendre en charge des groupes de jeunes ou d\u2019adultes, \u00e0 organiser des activit\u00e9s qui r\u00e9pondent \u00e0 des attentes bien pr\u00e9cises et \u00e0 veiller au bon d\u00e9roulement de celles-ci. De l\u2019organisation de spectacles \u00e0 l\u2019accueil extrascolaire, l\u2019animateur\u00b7trice touche \u00e0 tout. Il\/elle peut se sp\u00e9cialiser dans un domaine en particulier tel [&hellip;]<\/p>\n","protected":false},"author":1,"featured_media":0,"parent":0,"menu_order":0,"comment_status":"closed","ping_status":"closed","template":"page-fullwidth.php","meta":{"ngg_post_thumbnail":0},"_links":{"self":[{"href":"http:\/\/www.collegelafraternite.com\/sainte-ursule\/wp-json\/wp\/v2\/pages\/147"}],"collection":[{"href":"http:\/\/www.collegelafraternite.com\/sainte-ursule\/wp-json\/wp\/v2\/pages"}],"about":[{"href":"http:\/\/www.collegelafraternite.com\/sainte-ursule\/wp-json\/wp\/v2\/types\/page"}],"author":[{"embeddable":true,"href":"http:\/\/www.collegelafraternite.com\/sainte-ursule\/wp-json\/wp\/v2\/users\/1"}],"replies":[{"embeddable":true,"href":"http:\/\/www.collegelafraternite.com\/sainte-ursule\/wp-json\/wp\/v2\/comments?post=147"}],"version-history":[{"count":4,"href":"http:\/\/www.collegelafraternite.com\/sainte-ursule\/wp-json\/wp\/v2\/pages\/147\/revisions"}],"predecessor-version":[{"id":2890,"href":"http:\/\/www.collegelafraternite.com\/sainte-ursule\/wp-json\/wp\/v2\/pages\/147\/revisions\/2890"}],"wp:attachment":[{"href":"http:\/\/www.collegelafraternite.com\/sainte-ursule\/wp-json\/wp\/v2\/media?parent=147"}],"curies":[{"name":"wp","href":"https:\/\/api.w.org\/{rel}","templated":true}]}}