{"id":1324,"date":"2019-10-15T15:30:38","date_gmt":"2019-10-15T13:30:38","guid":{"rendered":"http:\/\/www.collegelafraternite.com\/sainte-ursule\/?page_id=1324"},"modified":"2019-10-15T15:30:39","modified_gmt":"2019-10-15T13:30:39","slug":"erasmus","status":"publish","type":"page","link":"http:\/\/www.collegelafraternite.com\/sainte-ursule\/erasmus\/","title":{"rendered":"Erasmus +"},"content":{"rendered":"\n<p>Il s&rsquo;agit d&rsquo;un projet sur 2 ans ; autour du th\u00e8me \u00a0\u00bb journalisme en tant qu&rsquo;outil d&rsquo;apprentissage\u00a0\u00bb. Les partenaires sont la Norv\u00e8ge ( pays coordonnateur), la Roumanie, la Bulgarie, l&rsquo;Autriche , la Turquie et la Belgique.L&rsquo;objet du projet est de d\u00e9velopper des m\u00e9thodes p\u00e9dagogiques innovantes afin d&rsquo;int\u00e9grer les pratiques journalistiques dans l&rsquo;\u00e9cole. De plus, il offrira\u00a0 l&rsquo;occasion de rencontrer et de collaborer entre \u00e9l\u00e8ves et enseignants des 6 pays participants.<\/p>\n\n\n\n<p><strong>Les deux objectifs principaux sont :<\/strong><\/p>\n\n\n\n<ul><li>d\u00e9velopper les comp\u00e9tences en langue maternelle et autres en \u00e9tant expos\u00e9 au contenu m\u00e9diatique et en produisant ce type de contenu.<\/li><li>d\u00e9velopper l&rsquo;esprit critique\u00a0 via la litt\u00e9ratie m\u00e9diatique , soit l&rsquo;analyse critique des m\u00e9dias.<\/li><\/ul>\n\n\n\n<p>L&rsquo;objectif final \u00e9tant la cr\u00e9ation d&rsquo;un manuel de pratiques p\u00e9dagogiques.\u00a0<\/p>\n\n\n\n<figure class=\"wp-block-image\"><img loading=\"lazy\" width=\"401\" height=\"240\" src=\"http:\/\/www.collegelafraternite.com\/sainte-ursule\/wp-content\/uploads\/2019\/10\/erasmus-.png\" alt=\"\" class=\"wp-image-1325\" srcset=\"http:\/\/www.collegelafraternite.com\/sainte-ursule\/wp-content\/uploads\/2019\/10\/erasmus-.png 401w, http:\/\/www.collegelafraternite.com\/sainte-ursule\/wp-content\/uploads\/2019\/10\/erasmus--300x180.png 300w\" sizes=\"(max-width: 401px) 100vw, 401px\" \/><\/figure>\n","protected":false},"excerpt":{"rendered":"<p>Il s&rsquo;agit d&rsquo;un projet sur 2 ans ; autour du th\u00e8me \u00a0\u00bb journalisme en tant qu&rsquo;outil d&rsquo;apprentissage\u00a0\u00bb. Les partenaires sont la Norv\u00e8ge ( pays coordonnateur), la Roumanie, la Bulgarie, l&rsquo;Autriche , la Turquie et la Belgique.L&rsquo;objet du projet est de d\u00e9velopper des m\u00e9thodes p\u00e9dagogiques innovantes afin d&rsquo;int\u00e9grer les pratiques journalistiques dans l&rsquo;\u00e9cole. De plus, il [&hellip;]<\/p>\n","protected":false},"author":1,"featured_media":0,"parent":0,"menu_order":0,"comment_status":"closed","ping_status":"closed","template":"page-fullwidth.php","meta":{"ngg_post_thumbnail":0},"_links":{"self":[{"href":"http:\/\/www.collegelafraternite.com\/sainte-ursule\/wp-json\/wp\/v2\/pages\/1324"}],"collection":[{"href":"http:\/\/www.collegelafraternite.com\/sainte-ursule\/wp-json\/wp\/v2\/pages"}],"about":[{"href":"http:\/\/www.collegelafraternite.com\/sainte-ursule\/wp-json\/wp\/v2\/types\/page"}],"author":[{"embeddable":true,"href":"http:\/\/www.collegelafraternite.com\/sainte-ursule\/wp-json\/wp\/v2\/users\/1"}],"replies":[{"embeddable":true,"href":"http:\/\/www.collegelafraternite.com\/sainte-ursule\/wp-json\/wp\/v2\/comments?post=1324"}],"version-history":[{"count":1,"href":"http:\/\/www.collegelafraternite.com\/sainte-ursule\/wp-json\/wp\/v2\/pages\/1324\/revisions"}],"predecessor-version":[{"id":1326,"href":"http:\/\/www.collegelafraternite.com\/sainte-ursule\/wp-json\/wp\/v2\/pages\/1324\/revisions\/1326"}],"wp:attachment":[{"href":"http:\/\/www.collegelafraternite.com\/sainte-ursule\/wp-json\/wp\/v2\/media?parent=1324"}],"curies":[{"name":"wp","href":"https:\/\/api.w.org\/{rel}","templated":true}]}}