{"id":132,"date":"2018-02-06T13:17:48","date_gmt":"2018-02-06T12:17:48","guid":{"rendered":"http:\/\/www.onmangecamp.be\/frat\/?page_id=132"},"modified":"2018-12-10T09:33:48","modified_gmt":"2018-12-10T08:33:48","slug":"7e-professionnelle","status":"publish","type":"page","link":"http:\/\/www.collegelafraternite.com\/sainte-ursule\/7e-professionnelle\/","title":{"rendered":"7e PROFESSIONNELLE"},"content":{"rendered":"<h1>GESTION DE TR\u00c8S PETITES ENTREPRISES <span style=\"font-size: 18pt;\">(EN 7<sup>e<\/sup>)<\/span><\/h1>\n<h2>D\u00e9bouch\u00e9s<\/h2>\n<ul>\n<li>L\u2019obtention du CESS (Certificat d\u2019Enseignement Secondaire Sup\u00e9rieur) pour les \u00e9l\u00e8ves qui ne l\u2019ont pas encore obtenu et qui permet de poursuivre des \u00e9tudes sup\u00e9rieures non universitaires.<\/li>\n<li>L\u2019obtention du Certificat de Connaissance de Gestion.<\/li>\n<li>L\u2019obtention du Certificat de Qualification (CQ7).<\/li>\n<li>La perspective de r\u00e9aliser un projet personnel:\n<ul>\n<li>Cr\u00e9er sa propre entreprise.<\/li>\n<li>Apporter une contribution importante au sein d\u2019un commerce tenu soit par des membres de sa propre famille soit par des amis.<\/li>\n<\/ul>\n<\/li>\n<\/ul>\n<p>Le m\u00e9tier s\u2019apparente aux fonctions d\u2019un.e Gestionnaire de tr\u00e8s petites entreprises.<\/p>\n<ul>\n<li>Le profil de formation a \u00e9t\u00e9 construit en int\u00e9grant le prescrit l\u00e9gal concernant le certificat de connaissance de gestion, certificat que tout ind\u00e9pendant qui d\u00e9sire s\u2019installer \u00e0 son propre compte DOIT poss\u00e9der pour d\u00e9marrer son activit\u00e9 professionnelle ind\u00e9pendante.<\/li>\n<li>La particularit\u00e9 de cette formation est qu\u2019elle est ouverte \u00e0 tous les \u00e9l\u00e8ves qui ont eu leur dipl\u00f4me de 6<sup>e<\/sup> dans l\u2019enseignement technique et professionnel de qualification, tous secteurs confondus, ainsi qu\u2019aux \u00e9l\u00e8ves de transition.<\/li>\n<\/ul>\n<p>&nbsp;<\/p>\n<h2>Axes de formation<\/h2>\n<h3>Gestion commerciale \u2013 L\u00e9gislation (6 p\u00e9riodes)<\/h3>\n<ul>\n<li>\u00c9laborer et cr\u00e9er son projet d\u2019entreprise ind\u00e9pendante.<\/li>\n<li>G\u00e9rer la strat\u00e9gie commerciale de l\u2019entreprise.<\/li>\n<li>Assurer la gestion des ressources humaines.<\/li>\n<\/ul>\n<h3>Comptabilit\u00e9 et informatique de gestion (6 p\u00e9riodes)<\/h3>\n<p>Le cours de Comptabilit\u00e9 et Informatique de gestion couvre la quatri\u00e8me famille de comp\u00e9tences qui consiste \u00e0 assurer la gestion financi\u00e8re et comptable de l\u2019entreprise (ma\u00eetriser les fonctions de base des logiciels de bureautique et de gestion)&nbsp;:<\/p>\n<ul>\n<li>L\u2019utilisation de l\u2019outil informatique fait partie int\u00e9grante de ce profil de formation, tant en bureautique traitement de texte, internet, gestion d\u2019une base de donn\u00e9es pr\u00e9existantes, courrier \u00e9lectronique voir publication assist\u00e9e par ordinateur) qu\u2019en informatique de gestion (tableur, comptabilit\u00e9).<\/li>\n<li>Si l\u2019\u00e9l\u00e8ve ne dispose d\u2019aucune formation de base \u00e0 l\u2019utilisation de l\u2019outil informatique ainsi qu\u2019en comptabilit\u00e9, un module de base de remise \u00e0 niveau sera pr\u00e9vu par une p\u00e9dagogie diff\u00e9renci\u00e9e.<\/li>\n<\/ul>\n<h3>Stages (8 p\u00e9riodes)<\/h3>\n<p>&nbsp;<\/p>\n<h2>Grille Horaire<\/h2>\n<table  class=\" table table-hover\" style=\"width: 432px;\">\n<tbody>\n<tr>\n<td style=\"width: 422px;\" colspan=\"2\">\n<p style=\"text-align: center;\"><strong>7<sup>e<\/sup> P GESTION DE TR\u00c8S PETITES ENTREPRISES<\/strong><\/p>\n<\/td>\n<\/tr>\n<tr>\n<td style=\"width: 339px;\">\u00b7&nbsp;&nbsp;&nbsp;&nbsp;&nbsp; Religion<\/p>\n<p>\u00b7&nbsp;&nbsp;&nbsp;&nbsp;&nbsp; \u00c9ducation physique<\/p>\n<p>\u00b7&nbsp;&nbsp;&nbsp;&nbsp;&nbsp; Fran\u00e7ais<\/p>\n<p>\u00b7&nbsp;&nbsp;&nbsp;&nbsp;&nbsp; Formation scientifique<\/p>\n<p>\u00b7&nbsp;&nbsp;&nbsp;&nbsp;&nbsp; Formation sociale et \u00e9conomique<\/p>\n<p>\u00b7&nbsp;&nbsp;&nbsp;&nbsp;&nbsp; N\u00e9erlandais<\/p>\n<p>\u00b7&nbsp;&nbsp;&nbsp;&nbsp;&nbsp; Gestion commerciale \u2013 L\u00e9gislation<\/p>\n<p>\u00b7&nbsp;&nbsp;&nbsp;&nbsp;&nbsp; Comptabilit\u00e9 et Informatique de gestion<\/p>\n<p>\u00b7&nbsp; &nbsp; &nbsp; Stages<\/td>\n<td style=\"width: 83px;\">2h<\/p>\n<p>2h<\/p>\n<p>4h<\/p>\n<p>2h<\/p>\n<p>2h<\/p>\n<p>2h<\/p>\n<p>6h<\/p>\n<p>6h<\/p>\n<p>6h<\/td>\n<\/tr>\n<tr>\n<td style=\"width: 422px;\" colspan=\"2\">\n<p style=\"text-align: center;\">32h<\/p>\n<\/td>\n<\/tr>\n<\/tbody>\n<\/table>\n","protected":false},"excerpt":{"rendered":"<p>GESTION DE TR\u00c8S PETITES ENTREPRISES (EN 7e) D\u00e9bouch\u00e9s L\u2019obtention du CESS (Certificat d\u2019Enseignement Secondaire Sup\u00e9rieur) pour les \u00e9l\u00e8ves qui ne l\u2019ont pas encore obtenu et qui permet de poursuivre des \u00e9tudes sup\u00e9rieures non universitaires. L\u2019obtention du Certificat de Connaissance de Gestion. L\u2019obtention du Certificat de Qualification (CQ7). La perspective de r\u00e9aliser un projet personnel: Cr\u00e9er [&hellip;]<\/p>\n","protected":false},"author":1,"featured_media":0,"parent":0,"menu_order":0,"comment_status":"closed","ping_status":"closed","template":"page-fullwidth.php","meta":{"ngg_post_thumbnail":0},"_links":{"self":[{"href":"http:\/\/www.collegelafraternite.com\/sainte-ursule\/wp-json\/wp\/v2\/pages\/132"}],"collection":[{"href":"http:\/\/www.collegelafraternite.com\/sainte-ursule\/wp-json\/wp\/v2\/pages"}],"about":[{"href":"http:\/\/www.collegelafraternite.com\/sainte-ursule\/wp-json\/wp\/v2\/types\/page"}],"author":[{"embeddable":true,"href":"http:\/\/www.collegelafraternite.com\/sainte-ursule\/wp-json\/wp\/v2\/users\/1"}],"replies":[{"embeddable":true,"href":"http:\/\/www.collegelafraternite.com\/sainte-ursule\/wp-json\/wp\/v2\/comments?post=132"}],"version-history":[{"count":1,"href":"http:\/\/www.collegelafraternite.com\/sainte-ursule\/wp-json\/wp\/v2\/pages\/132\/revisions"}],"predecessor-version":[{"id":874,"href":"http:\/\/www.collegelafraternite.com\/sainte-ursule\/wp-json\/wp\/v2\/pages\/132\/revisions\/874"}],"wp:attachment":[{"href":"http:\/\/www.collegelafraternite.com\/sainte-ursule\/wp-json\/wp\/v2\/media?parent=132"}],"curies":[{"name":"wp","href":"https:\/\/api.w.org\/{rel}","templated":true}]}}