{"id":121,"date":"2018-02-06T10:21:03","date_gmt":"2018-02-06T09:21:03","guid":{"rendered":"http:\/\/www.onmangecamp.be\/frat\/?page_id=121"},"modified":"2018-12-09T17:58:13","modified_gmt":"2018-12-09T16:58:13","slug":"troisieme-degre-general","status":"publish","type":"page","link":"http:\/\/www.collegelafraternite.com\/sainte-ursule\/troisieme-degre-general\/","title":{"rendered":"TROISIEME DEGRE GENERAL"},"content":{"rendered":"<h1>ENSEIGNEMENT G\u00c9N\u00c9RAL \u2013 2<sup>e<\/sup> DEGR\u00c9<\/h1>\n<h2>Axes de Formation<\/h2>\n<h3>Pour les 5<sup>e&nbsp;<\/sup>:<\/h3>\n<p>Les \u00e9l\u00e8ves doivent avoir un minimum de 28 heures et un maximum de 34 heures.<\/p>\n<p>Tout \u00e9l\u00e8ve doit avoir 1 option de base simple parmi&nbsp;:<\/p>\n<ul>\n<li>Des sciences \u00e0 6 heures.<\/li>\n<li>Des sciences sociales \u00e0 4 heures.<\/li>\n<li>Des math\u00e9matiques \u00e0 6 heures.<\/li>\n<\/ul>\n<p><strong>Remarque:<\/strong><\/p>\n<ol>\n<li>Si un \u00e9l\u00e8ve ne prend pas sciences 6h, il doit prendre sciences 3h.<\/li>\n<li>Si un \u00e9l\u00e8ve ne prend pas math\u00e9matique 6h, il doit prendre math\u00e9matique 4h. Dans ce cas, il ne doit prendre qu\u2019une option de base simple.<\/li>\n<\/ol>\n<h3>Pour les 6<sup>e&nbsp;<\/sup>:<\/h3>\n<p>Les \u00e9l\u00e8ves gardent la m\u00eame grille que celle qu\u2019ils avaient en 5<sup>e<\/sup>.<\/p>\n<p>Par ailleurs, le Coll\u00e8ge La Fraternit\u00e9 organise, au niveau des 5<sup>e<\/sup> et 6<sup>e<\/sup> ann\u00e9es, des activit\u00e9s de pr\u00e9paration aux \u00e9tudes sup\u00e9rieures (2x1h), bas\u00e9es essentiellement sur les math\u00e9matiques et les sciences.<\/p>\n<p>&nbsp;<\/p>\n<h2>Grille Horaire des&nbsp;5<sup>e<\/sup><\/h2>\n<table  class=\" table table-hover\" style=\"width: 582px;\">\n<tbody>\n<tr>\n<td style=\"width: 572px; text-align: center;\" colspan=\"2\">G\u00c9N\u00c9RAL DE TRANSITION<\/td>\n<\/tr>\n<tr>\n<td style=\"width: 572px; text-align: center;\" colspan=\"2\"><strong><em>Formation commune<\/em><\/strong><\/td>\n<\/tr>\n<tr>\n<td style=\"width: 572px;\" colspan=\"2\">\u00b7&nbsp;&nbsp;&nbsp;&nbsp;&nbsp; Religion&nbsp;: 2h<\/p>\n<p>\u00b7&nbsp;&nbsp;&nbsp;&nbsp;&nbsp; \u00c9ducation physique&nbsp;: 2h<\/p>\n<p>\u00b7&nbsp;&nbsp;&nbsp;&nbsp;&nbsp; Fran\u00e7ais&nbsp;: 4h<\/p>\n<p>\u00b7&nbsp;&nbsp;&nbsp;&nbsp;&nbsp; N\u00e9erlandais&nbsp;: 4h<\/p>\n<p>\u00b7&nbsp;&nbsp;&nbsp;&nbsp;&nbsp; Anglais&nbsp;: 4h<\/p>\n<p>\u00b7&nbsp;&nbsp;&nbsp;&nbsp;&nbsp; Formation historique&nbsp;: 2h<\/p>\n<p>\u00b7&nbsp;&nbsp;&nbsp;&nbsp;&nbsp; Formation g\u00e9ographique et sociale&nbsp;: 2h<\/p>\n<p>\u00b7&nbsp;&nbsp;&nbsp;&nbsp;&nbsp; Traitement de texte: 1h<\/td>\n<\/tr>\n<tr>\n<td style=\"width: 279px; text-align: center;\"><strong><em>Option sciences<\/em><\/strong><\/td>\n<td style=\"width: 287px; text-align: center;\"><strong><em>Option sciences sociales<\/em><\/strong><\/td>\n<\/tr>\n<tr>\n<td style=\"width: 279px;\">\u00b7&nbsp;&nbsp;&nbsp;&nbsp;&nbsp; Math\u00e9matiques&nbsp;: 6h \u2013 4h<\/p>\n<p>\u00b7&nbsp;&nbsp;&nbsp;&nbsp;&nbsp; Sciences&nbsp;: 6h<\/p>\n<ul style=\"list-style-type: square;\">\n<li>Biologie&nbsp;: 2h<\/li>\n<li>Chimie&nbsp;: 2h<\/li>\n<li>Physique&nbsp;: 2h<\/li>\n<\/ul>\n<p>&nbsp;<\/td>\n<td style=\"width: 287px;\">\u00b7&nbsp;&nbsp;&nbsp;&nbsp;&nbsp; Math\u00e9matiques&nbsp;: 6h \u2013 4h<\/p>\n<p>\u00b7&nbsp;&nbsp;&nbsp;&nbsp;&nbsp; Sciences sociales&nbsp;: 4h<\/p>\n<p>\u00b7&nbsp;&nbsp;&nbsp;&nbsp;&nbsp; Sciences&nbsp;: 3h<\/p>\n<ul style=\"list-style-type: square;\">\n<li>Biologie&nbsp;: 1h<\/li>\n<li>Chimie&nbsp;: 1h<\/li>\n<li>Physique&nbsp;: 1h<\/li>\n<\/ul>\n<\/td>\n<\/tr>\n<tr>\n<td style=\"width: 279px; text-align: center;\">31h \u2013 33h<\/td>\n<td style=\"width: 287px; text-align: center;\">32h \u2013 34h<\/td>\n<\/tr>\n<\/tbody>\n<\/table>\n<p>&nbsp;<\/p>\n<h2>Grille Horaire des 6<sup>e<\/sup><\/h2>\n<table  class=\" table table-hover\" style=\"width: 582px;\">\n<tbody>\n<tr>\n<td style=\"width: 570px; text-align: center;\" colspan=\"2\">G\u00c9N\u00c9RAL DE TRANSITION<\/td>\n<\/tr>\n<tr>\n<td style=\"width: 570px; text-align: center;\" colspan=\"2\"><strong><em>Formation commune<\/em><\/strong><\/td>\n<\/tr>\n<tr>\n<td style=\"width: 570px;\" colspan=\"2\">\u00b7&nbsp;&nbsp;&nbsp;&nbsp;&nbsp; Religion&nbsp;: 2h<\/p>\n<p>\u00b7&nbsp;&nbsp;&nbsp;&nbsp;&nbsp; \u00c9ducation physique&nbsp;: 2h<\/p>\n<p>\u00b7&nbsp;&nbsp;&nbsp;&nbsp;&nbsp; Fran\u00e7ais&nbsp;: 4h<\/p>\n<p>\u00b7&nbsp;&nbsp;&nbsp;&nbsp;&nbsp; N\u00e9erlandais&nbsp;: 4h<\/p>\n<p>\u00b7&nbsp;&nbsp;&nbsp;&nbsp;&nbsp; Anglais&nbsp;: 4h<\/p>\n<p>\u00b7&nbsp;&nbsp;&nbsp;&nbsp;&nbsp; Formation historique&nbsp;: 2h<\/p>\n<p>\u00b7&nbsp;&nbsp;&nbsp;&nbsp;&nbsp; Formation g\u00e9ographique et sociale&nbsp;: 2h<\/p>\n<p>\u00b7&nbsp;&nbsp;&nbsp;&nbsp;&nbsp; M\u00e9thode de travail : 2h<\/td>\n<\/tr>\n<tr>\n<td style=\"width: 281px; text-align: center;\"><strong><em>Option sciences<\/em><\/strong><\/td>\n<td style=\"width: 289px; text-align: center;\"><strong><em>Option sciences sociales<\/em><\/strong><\/td>\n<\/tr>\n<tr>\n<td style=\"width: 281px;\">\u00b7&nbsp;&nbsp;&nbsp;&nbsp;&nbsp; Math\u00e9matiques&nbsp;: 6h \u2013 4h<\/p>\n<p>\u00b7&nbsp;&nbsp;&nbsp;&nbsp;&nbsp; Sciences&nbsp;: 6h<\/p>\n<ul style=\"list-style-type: square;\">\n<li>Biologie&nbsp;: 2h<\/li>\n<li>Chimie&nbsp;: 2h<\/li>\n<li>Physique&nbsp;: 2h<\/li>\n<\/ul>\n<p>&nbsp;<\/td>\n<td style=\"width: 289px;\">\u00b7&nbsp;&nbsp;&nbsp;&nbsp;&nbsp; Math\u00e9matiques&nbsp;: 6h \u2013 4h<\/p>\n<p>\u00b7&nbsp;&nbsp;&nbsp;&nbsp;&nbsp; Sciences sociales&nbsp;: 4h<\/p>\n<p>\u00b7&nbsp;&nbsp;&nbsp;&nbsp;&nbsp; Sciences&nbsp;: 3h<\/p>\n<ul style=\"list-style-type: square;\">\n<li>Biologie&nbsp;: 1h<\/li>\n<li>Chimie&nbsp;: 1h<\/li>\n<li>Physique&nbsp;: 1h<\/li>\n<\/ul>\n<\/td>\n<\/tr>\n<tr>\n<td style=\"width: 281px; text-align: center;\">32h \u2013 34h<\/td>\n<td style=\"width: 289px; text-align: center;\">33h \u2013 35h<\/td>\n<\/tr>\n<\/tbody>\n<\/table>\n","protected":false},"excerpt":{"rendered":"<p>ENSEIGNEMENT G\u00c9N\u00c9RAL \u2013 2e DEGR\u00c9 Axes de Formation Pour les 5e&nbsp;: Les \u00e9l\u00e8ves doivent avoir un minimum de 28 heures et un maximum de 34 heures. Tout \u00e9l\u00e8ve doit avoir 1 option de base simple parmi&nbsp;: Des sciences \u00e0 6 heures. Des sciences sociales \u00e0 4 heures. Des math\u00e9matiques \u00e0 6 heures. Remarque: Si un [&hellip;]<\/p>\n","protected":false},"author":1,"featured_media":0,"parent":0,"menu_order":0,"comment_status":"closed","ping_status":"closed","template":"page-fullwidth.php","meta":{"ngg_post_thumbnail":0},"_links":{"self":[{"href":"http:\/\/www.collegelafraternite.com\/sainte-ursule\/wp-json\/wp\/v2\/pages\/121"}],"collection":[{"href":"http:\/\/www.collegelafraternite.com\/sainte-ursule\/wp-json\/wp\/v2\/pages"}],"about":[{"href":"http:\/\/www.collegelafraternite.com\/sainte-ursule\/wp-json\/wp\/v2\/types\/page"}],"author":[{"embeddable":true,"href":"http:\/\/www.collegelafraternite.com\/sainte-ursule\/wp-json\/wp\/v2\/users\/1"}],"replies":[{"embeddable":true,"href":"http:\/\/www.collegelafraternite.com\/sainte-ursule\/wp-json\/wp\/v2\/comments?post=121"}],"version-history":[{"count":1,"href":"http:\/\/www.collegelafraternite.com\/sainte-ursule\/wp-json\/wp\/v2\/pages\/121\/revisions"}],"predecessor-version":[{"id":867,"href":"http:\/\/www.collegelafraternite.com\/sainte-ursule\/wp-json\/wp\/v2\/pages\/121\/revisions\/867"}],"wp:attachment":[{"href":"http:\/\/www.collegelafraternite.com\/sainte-ursule\/wp-json\/wp\/v2\/media?parent=121"}],"curies":[{"name":"wp","href":"https:\/\/api.w.org\/{rel}","templated":true}]}}