{"id":115,"date":"2018-02-06T10:00:24","date_gmt":"2018-02-06T09:00:24","guid":{"rendered":"http:\/\/www.onmangecamp.be\/frat\/?page_id=115"},"modified":"2024-08-05T18:42:57","modified_gmt":"2024-08-05T16:42:57","slug":"deuxieme-degre","status":"publish","type":"page","link":"http:\/\/www.collegelafraternite.com\/sainte-ursule\/deuxieme-degre\/","title":{"rendered":"DEUXI\u00c8ME DEGR\u00c9 G\u00c9N\u00c9RAL"},"content":{"rendered":"<h1>ENSEIGNEMENT G\u00c9N\u00c9RAL \u2013 2<sup>e<\/sup> DEGR\u00c9<\/h1>\n<h2>Axes de Formation<\/h2>\n<p>&nbsp;<\/p>\n<p>Dans l\u2019Enseignement G\u00e9n\u00e9ral de Transition, le Coll\u00e8ge La Fraternit\u00e9 propose plusieurs options&nbsp;:<\/p>\n<ul>\n<li>Sciences<\/li>\n<li>Sciences sociales.<\/li>\n<\/ul>\n<p>&nbsp;<\/p>\n<h3>Langues modernes<\/h3>\n<p>Dans l\u2019enseignement secondaire, l\u2019accent est r\u00e9solument mis sur l\u2019apprentissage des langues modernes. C\u2019est la raison pour laquelle tous les \u00e9l\u00e8ves ont 4&nbsp;h de N\u00e9erlandais et 4&nbsp;h d\u2019Anglais au 2<sup>e<\/sup>&nbsp;degr\u00e9.<\/p>\n<p>&nbsp;<\/p>\n<h3>Sciences<\/h3>\n<p>Tu as le d\u00e9sir de d\u00e9couvrir et de comprendre le monde qui nous entoure\u2009? De t\u2019int\u00e9resser aux sciences et aux math\u00e9matiques\u2009?<\/p>\n<p>Tu as envie de d\u00e9velopper un esprit scientifique, de recherche, logique, d\u2019acqu\u00e9rir de la rigueur, une m\u00e9thode de travail, de nouvelles comp\u00e9tences, et d\u2019acc\u00e9der \u00e0 des \u00e9tudes sup\u00e9rieures en sciences\u2009?<\/p>\n<p>Tu as envie de comprendre l\u2019Homme, son corps et son environnement, d\u2019explorer de nouveaux aspects scientifiques, de travailler dans une ambiance de laboratoire, et de d\u00e9couvrir les myst\u00e8res et les beaut\u00e9s de la nature\u2009? Une volont\u00e9 d\u2019am\u00e9liorer la vie des autres, de prot\u00e9ger la plan\u00e8te, de r\u00e9fl\u00e9chir et de te poser des questions\u2009; de renforcer ta perception du monde et tes capacit\u00e9s de r\u00e9flexion\u2009?<\/p>\n<p>Ta curiosit\u00e9 te pousse \u00e0 t\u2019interroger et \u00e0 chercher des r\u00e9ponses sur les ph\u00e9nom\u00e8nes qui nous entourent\u2009?<\/p>\n<p>L\u2019objectif du cours de Sciences est de mettre un accent particulier sur l\u2019initiation \u00e0 une vraie d\u00e9marche scientifique, sur la d\u00e9couverte, l\u2019\u00e9tonnement et le questionnement. C\u2019est dans cet esprit que les professeurs proposeront des visites et des rencontres avec le monde scientifique pour donner un sens v\u00e9ritable au cours de sciences.<\/p>\n<p>En 3<sup>e<\/sup>&nbsp;et 4<sup>e<\/sup>, les \u00e9l\u00e8ves de l\u2019option auront un module de 5&nbsp;h.<\/p>\n<p>&nbsp;<\/p>\n<h3>Math\u00e9matiques<\/h3>\n<p>Au 2<sup>e<\/sup>&nbsp;degr\u00e9, les \u00e9l\u00e8ves suivront obligatoirement un cours de math\u00e9matique \u00e0 5&nbsp;h.<\/p>\n<p>&nbsp;<\/p>\n<h3>Sciences sociales<\/h3>\n<p>Si tu te questionnes sur le fonctionnement de notre soci\u00e9t\u00e9, si tu es curieux d\u2019apprendre et de comprendre ses m\u00e9canismes, si tu aimes faire des recherches en ligne et en biblioth\u00e8que, t\u2019informer, regarder les actualit\u00e9s, interviewer, donner ton opinion, partager, d\u00e9battre, te remettre en question, et d\u00e9velopper un esprit critique et ouvert, alors cette option est faite pour toi\u2009!<\/p>\n<p>Le cours de Sciences sociales est interdisciplinaire, ce qui signifie qu\u2019il int\u00e8gre diverses disciplines centr\u00e9es sur l\u2019\u00e9tude de l\u2019\u00eatre humain en soci\u00e9t\u00e9 ainsi que sur les interactions humaines qui fa\u00e7onnent la soci\u00e9t\u00e9. Les disciplines principales utilis\u00e9es pour analyser les ph\u00e9nom\u00e8nes sociaux sont la sociologie, l\u2019anthropologie, l\u2019\u00e9conomie, les sciences politiques, la psychologie sociale et les communications sociales.<\/p>\n<p>Cette option a pour objectif d\u2019initier et de sensibiliser le jeune aux ph\u00e9nom\u00e8nes sociaux afin de lui permettre de comprendre sa soci\u00e9t\u00e9 et d\u2019\u00eatre un citoyen critique responsable.<\/p>\n<p>Elle leur offre les outils n\u00e9cessaires pour analyser les comportements humains et les structures sociales. Le cours se donne \u00e0 raison de 4&nbsp;h par semaine, de la 3<sup>e<\/sup>&nbsp;\u00e0 la 6<sup>e<\/sup>.<\/p>\n<p>&nbsp;<\/p>\n<h2>Grille Horaire<\/h2>\n<table  class=\" table table-hover\" style=\"width: 701px;\">\n<tbody>\n<tr>\n<td style=\"width: 697px;\" colspan=\"2\">\n<p style=\"text-align: center;\">2<sup>e<\/sup> DEGR\u00c9 DE TRANSITION<\/p>\n<\/td>\n<\/tr>\n<tr>\n<td style=\"width: 697px;\" colspan=\"2\">\n<p style=\"text-align: center;\"><em><strong>Formation commune<\/strong><\/em><\/p>\n<\/td>\n<\/tr>\n<tr>\n<td style=\"width: 697px;\" colspan=\"2\">\u00b7&nbsp;&nbsp;&nbsp;&nbsp;&nbsp; Religion : 2h<\/p>\n<p>\u00b7&nbsp;&nbsp;&nbsp;&nbsp;&nbsp; \u00c9ducation physique&nbsp;: 2h<\/p>\n<p>\u00b7&nbsp;&nbsp;&nbsp;&nbsp;&nbsp; Fran\u00e7ais&nbsp;: 5h<\/p>\n<p>\u00b7&nbsp;&nbsp;&nbsp;&nbsp;&nbsp; Math\u00e9matiques&nbsp;: 5h<\/p>\n<p>\u00b7&nbsp;&nbsp;&nbsp;&nbsp;&nbsp; N\u00e9erlandais&nbsp;: 4h<\/p>\n<p>\u00b7&nbsp;&nbsp;&nbsp;&nbsp;&nbsp; Anglais : 4h<\/p>\n<p>\u00b7&nbsp;&nbsp;&nbsp;&nbsp;&nbsp; Histoire&nbsp;: 2h<\/p>\n<p>\u00b7&nbsp;&nbsp;&nbsp;&nbsp;&nbsp; G\u00e9ographie&nbsp;: 2h<\/td>\n<\/tr>\n<tr>\n<td style=\"width: 370px; text-align: center;\"><em><strong>Option sciences<\/strong><\/em><\/td>\n<td style=\"width: 327px; text-align: center;\"><em><strong>Option sciences sociales<\/strong><\/em><\/td>\n<\/tr>\n<tr>\n<td style=\"width: 370px;\">\u00b7&nbsp;&nbsp;&nbsp;&nbsp;&nbsp; Sciences&nbsp;: 6h<\/td>\n<td style=\"width: 327px;\">\u00b7&nbsp;&nbsp;&nbsp;&nbsp;&nbsp; Sciences : 3h<\/p>\n<p>\u00b7&nbsp; &nbsp; &nbsp;Sciences sociales : 4h<\/td>\n<\/tr>\n<tr>\n<td style=\"width: 370px; text-align: center;\">32h<\/td>\n<td style=\"width: 327px; text-align: center;\">33h<\/td>\n<\/tr>\n<\/tbody>\n<\/table>\n","protected":false},"excerpt":{"rendered":"<p>ENSEIGNEMENT G\u00c9N\u00c9RAL \u2013 2e DEGR\u00c9 Axes de Formation &nbsp; Dans l\u2019Enseignement G\u00e9n\u00e9ral de Transition, le Coll\u00e8ge La Fraternit\u00e9 propose plusieurs options&nbsp;: Sciences Sciences sociales. &nbsp; Langues modernes Dans l\u2019enseignement secondaire, l\u2019accent est r\u00e9solument mis sur l\u2019apprentissage des langues modernes. C\u2019est la raison pour laquelle tous les \u00e9l\u00e8ves ont 4&nbsp;h de N\u00e9erlandais et 4&nbsp;h d\u2019Anglais au [&hellip;]<\/p>\n","protected":false},"author":1,"featured_media":0,"parent":0,"menu_order":0,"comment_status":"closed","ping_status":"closed","template":"page-fullwidth.php","meta":{"ngg_post_thumbnail":0},"_links":{"self":[{"href":"http:\/\/www.collegelafraternite.com\/sainte-ursule\/wp-json\/wp\/v2\/pages\/115"}],"collection":[{"href":"http:\/\/www.collegelafraternite.com\/sainte-ursule\/wp-json\/wp\/v2\/pages"}],"about":[{"href":"http:\/\/www.collegelafraternite.com\/sainte-ursule\/wp-json\/wp\/v2\/types\/page"}],"author":[{"embeddable":true,"href":"http:\/\/www.collegelafraternite.com\/sainte-ursule\/wp-json\/wp\/v2\/users\/1"}],"replies":[{"embeddable":true,"href":"http:\/\/www.collegelafraternite.com\/sainte-ursule\/wp-json\/wp\/v2\/comments?post=115"}],"version-history":[{"count":4,"href":"http:\/\/www.collegelafraternite.com\/sainte-ursule\/wp-json\/wp\/v2\/pages\/115\/revisions"}],"predecessor-version":[{"id":2878,"href":"http:\/\/www.collegelafraternite.com\/sainte-ursule\/wp-json\/wp\/v2\/pages\/115\/revisions\/2878"}],"wp:attachment":[{"href":"http:\/\/www.collegelafraternite.com\/sainte-ursule\/wp-json\/wp\/v2\/media?parent=115"}],"curies":[{"name":"wp","href":"https:\/\/api.w.org\/{rel}","templated":true}]}}