{"id":112,"date":"2018-02-06T09:47:33","date_gmt":"2018-02-06T08:47:33","guid":{"rendered":"http:\/\/www.onmangecamp.be\/frat\/?page_id=112"},"modified":"2018-12-09T14:15:37","modified_gmt":"2018-12-09T13:15:37","slug":"premier-degre-commun-supplementaire-differencie","status":"publish","type":"page","link":"http:\/\/www.collegelafraternite.com\/sainte-ursule\/ecole\/enseignement\/premier-degre-commun-supplementaire-differencie\/","title":{"rendered":"Premier degr\u00e9: commun, suppl\u00e9mentaire, diff\u00e9renci\u00e9"},"content":{"rendered":"<h1>1<sup>er<\/sup> degr\u00e9<\/h1>\n<p>&nbsp;<\/p>\n<p>1<sup>re<\/sup> et 2<sup>e<\/sup> Communes&nbsp; &nbsp; &nbsp; &nbsp; &nbsp; &nbsp; &nbsp; &nbsp; &nbsp; &nbsp; &nbsp; &nbsp; &nbsp;\u2192&nbsp;<a href=\"http:\/\/www.collegelafraternite.com\/sainte-ursule\/92-2\/\">Axes de formation et grilles horaires<\/a><\/p>\n<p>&nbsp;<\/p>\n<p>2<sup>e<\/sup> Suppl\u00e9mentaire&nbsp; &nbsp; &nbsp; &nbsp; &nbsp; &nbsp; &nbsp; &nbsp; &nbsp; &nbsp; &nbsp; &nbsp; &nbsp;\u2192 <a href=\"http:\/\/www.collegelafraternite.com\/sainte-ursule\/102-2\/\">Axes de formation et grilles horaires<\/a><\/p>\n<p>&nbsp;<\/p>\n<p>1<sup>re<\/sup> et 2<sup>e<\/sup> Diff\u00e9renci\u00e9es&nbsp; &nbsp; &nbsp; &nbsp; &nbsp; &nbsp; &nbsp; &nbsp; &nbsp; &nbsp;\u2192 <a href=\"http:\/\/www.collegelafraternite.com\/sainte-ursule\/differencie\/\">Axes de formation et grilles horaires<\/a><\/p>\n<p>&nbsp;<\/p>\n","protected":false},"excerpt":{"rendered":"<p>1er degr\u00e9 &nbsp; 1re et 2e Communes&nbsp; &nbsp; &nbsp; &nbsp; &nbsp; &nbsp; &nbsp; &nbsp; &nbsp; &nbsp; &nbsp; &nbsp; &nbsp;\u2192&nbsp;Axes de formation et grilles horaires &nbsp; 2e Suppl\u00e9mentaire&nbsp; &nbsp; &nbsp; &nbsp; &nbsp; &nbsp; &nbsp; &nbsp; &nbsp; &nbsp; &nbsp; &nbsp; &nbsp;\u2192 Axes de formation et grilles horaires &nbsp; 1re et 2e Diff\u00e9renci\u00e9es&nbsp; &nbsp; &nbsp; &nbsp; &nbsp; &nbsp; [&hellip;]<\/p>\n","protected":false},"author":1,"featured_media":0,"parent":26,"menu_order":0,"comment_status":"closed","ping_status":"closed","template":"page-fullwidth.php","meta":{"ngg_post_thumbnail":0},"_links":{"self":[{"href":"http:\/\/www.collegelafraternite.com\/sainte-ursule\/wp-json\/wp\/v2\/pages\/112"}],"collection":[{"href":"http:\/\/www.collegelafraternite.com\/sainte-ursule\/wp-json\/wp\/v2\/pages"}],"about":[{"href":"http:\/\/www.collegelafraternite.com\/sainte-ursule\/wp-json\/wp\/v2\/types\/page"}],"author":[{"embeddable":true,"href":"http:\/\/www.collegelafraternite.com\/sainte-ursule\/wp-json\/wp\/v2\/users\/1"}],"replies":[{"embeddable":true,"href":"http:\/\/www.collegelafraternite.com\/sainte-ursule\/wp-json\/wp\/v2\/comments?post=112"}],"version-history":[{"count":1,"href":"http:\/\/www.collegelafraternite.com\/sainte-ursule\/wp-json\/wp\/v2\/pages\/112\/revisions"}],"predecessor-version":[{"id":859,"href":"http:\/\/www.collegelafraternite.com\/sainte-ursule\/wp-json\/wp\/v2\/pages\/112\/revisions\/859"}],"up":[{"embeddable":true,"href":"http:\/\/www.collegelafraternite.com\/sainte-ursule\/wp-json\/wp\/v2\/pages\/26"}],"wp:attachment":[{"href":"http:\/\/www.collegelafraternite.com\/sainte-ursule\/wp-json\/wp\/v2\/media?parent=112"}],"curies":[{"name":"wp","href":"https:\/\/api.w.org\/{rel}","templated":true}]}}