{"id":108,"date":"2018-02-06T09:45:23","date_gmt":"2018-02-06T08:45:23","guid":{"rendered":"http:\/\/www.onmangecamp.be\/frat\/?page_id=108"},"modified":"2024-08-05T19:20:55","modified_gmt":"2024-08-05T17:20:55","slug":"differencie","status":"publish","type":"page","link":"http:\/\/www.collegelafraternite.com\/sainte-ursule\/differencie\/","title":{"rendered":"DIFF\u00c9RENCI\u00c9"},"content":{"rendered":"<h1>1<sup>er<\/sup> DEGR\u00c9 DIFF\u00c9RENCI\u00c9<\/h1>\n<h2>Axes de Formation<\/h2>\n<p>L\u2019objectif de ces deux ann\u00e9es de transition dans le 1er degr\u00e9 diff\u00e9renci\u00e9 est:<\/p>\n<ul>\n<li>Rendre confiance aux \u00e9l\u00e8ves sortant de l\u2019enseignement fondamental avec certaines lacunes, en leur donnant un enseignement plus individualis\u00e9.<\/li>\n<li>Leur permettre de passer en 1\u00e8re C si leurs lacunes sont combl\u00e9es ou d\u2019aborder des \u00e9tudes professionnelles en ayant m\u00fbri leur choix.<\/li>\n<li>L\u2019acquisition progressive d\u2019un savoir-\u00eatre<\/li>\n<\/ul>\n<p>En d\u00e9veloppant chez l\u2019\u00e9l\u00e8ve le sens de l\u2019observation, de la r\u00e9flexion mais aussi de la cr\u00e9ativit\u00e9.<\/p>\n<p>&nbsp;<\/p>\n<h2>Grille Horaire<\/h2>\n<table  class=\" table table-hover\" style=\"width: 509px;\">\n<tbody>\n<tr>\n<td style=\"width: 491px;\" colspan=\"3\">\n<p style=\"text-align: center;\"><strong>1<sup>re <\/sup>et 2<sup>e<\/sup> D<\/strong><\/p>\n<\/td>\n<\/tr>\n<tr>\n<td style=\"width: 153px;\">Formation commune<\/td>\n<td style=\"width: 252px;\">\u00b7&nbsp;&nbsp;&nbsp;&nbsp;&nbsp; Religion&nbsp;<\/p>\n<p>\u00b7&nbsp;&nbsp;&nbsp;&nbsp;&nbsp; \u00c9ducation physique<\/p>\n<p>\u00b7&nbsp;&nbsp;&nbsp;&nbsp;&nbsp; Fran\u00e7ais<\/p>\n<p>\u00b7&nbsp;&nbsp;&nbsp;&nbsp;&nbsp; Math\u00e9matiques<\/p>\n<p>\u00b7&nbsp;&nbsp;&nbsp;&nbsp;&nbsp; N\u00e9erlandais<\/p>\n<p>\u00b7&nbsp;&nbsp;&nbsp;&nbsp;&nbsp; \u00c9tude du milieu<\/p>\n<p>\u00b7&nbsp;&nbsp;&nbsp;&nbsp;&nbsp; Sciences<\/p>\n<p>\u00b7&nbsp;&nbsp;&nbsp;&nbsp;&nbsp; \u00c9ducation artistique<\/p>\n<p>\u00b7&nbsp;&nbsp;&nbsp;&nbsp;&nbsp; Travaux sur ordinateur<\/td>\n<td style=\"width: 86px; text-align: center;\">2h&nbsp;<\/p>\n<p>3h<\/p>\n<p>9h<\/p>\n<p>7h<\/p>\n<p>3h<\/p>\n<p>2h<\/p>\n<p>2h<\/p>\n<p>2h<\/p>\n<p>2h<\/td>\n<\/tr>\n<tr>\n<td style=\"width: 491px;\" colspan=\"3\">\n<p style=\"text-align: center;\">32h<\/p>\n<\/td>\n<\/tr>\n<\/tbody>\n<\/table>\n","protected":false},"excerpt":{"rendered":"<p>1er DEGR\u00c9 DIFF\u00c9RENCI\u00c9 Axes de Formation L\u2019objectif de ces deux ann\u00e9es de transition dans le 1er degr\u00e9 diff\u00e9renci\u00e9 est: Rendre confiance aux \u00e9l\u00e8ves sortant de l\u2019enseignement fondamental avec certaines lacunes, en leur donnant un enseignement plus individualis\u00e9. Leur permettre de passer en 1\u00e8re C si leurs lacunes sont combl\u00e9es ou d\u2019aborder des \u00e9tudes professionnelles en [&hellip;]<\/p>\n","protected":false},"author":1,"featured_media":0,"parent":0,"menu_order":0,"comment_status":"closed","ping_status":"closed","template":"page-fullwidth.php","meta":{"ngg_post_thumbnail":0},"_links":{"self":[{"href":"http:\/\/www.collegelafraternite.com\/sainte-ursule\/wp-json\/wp\/v2\/pages\/108"}],"collection":[{"href":"http:\/\/www.collegelafraternite.com\/sainte-ursule\/wp-json\/wp\/v2\/pages"}],"about":[{"href":"http:\/\/www.collegelafraternite.com\/sainte-ursule\/wp-json\/wp\/v2\/types\/page"}],"author":[{"embeddable":true,"href":"http:\/\/www.collegelafraternite.com\/sainte-ursule\/wp-json\/wp\/v2\/users\/1"}],"replies":[{"embeddable":true,"href":"http:\/\/www.collegelafraternite.com\/sainte-ursule\/wp-json\/wp\/v2\/comments?post=108"}],"version-history":[{"count":2,"href":"http:\/\/www.collegelafraternite.com\/sainte-ursule\/wp-json\/wp\/v2\/pages\/108\/revisions"}],"predecessor-version":[{"id":2905,"href":"http:\/\/www.collegelafraternite.com\/sainte-ursule\/wp-json\/wp\/v2\/pages\/108\/revisions\/2905"}],"wp:attachment":[{"href":"http:\/\/www.collegelafraternite.com\/sainte-ursule\/wp-json\/wp\/v2\/media?parent=108"}],"curies":[{"name":"wp","href":"https:\/\/api.w.org\/{rel}","templated":true}]}}