{"id":102,"date":"2018-02-06T09:28:29","date_gmt":"2018-02-06T08:28:29","guid":{"rendered":"http:\/\/www.onmangecamp.be\/frat\/?page_id=102"},"modified":"2018-12-10T09:35:18","modified_gmt":"2018-12-10T08:35:18","slug":"102-2","status":"publish","type":"page","link":"http:\/\/www.collegelafraternite.com\/sainte-ursule\/102-2\/","title":{"rendered":"2S"},"content":{"rendered":"<h1>LA 2<sup>e<\/sup> S OU 2<sup>e<\/sup> SUPPL\u00c9MENTAIRE<\/h1>\n<h2>Axes de formation<\/h2>\n<ul>\n<li>\u00c0 la fin de la 2<sup>e<\/sup> C, le conseil de classe d\u00e9termine si un \u00e9l\u00e8ve est jug\u00e9 apte \u00e0 poursuivre dans la premi\u00e8re ann\u00e9e du deuxi\u00e8me degr\u00e9 g\u00e9n\u00e9ral de transition ou technique de qualification. L\u2019\u00e9l\u00e8ve qui n\u2019a pas atteint les socles de comp\u00e9tences se verra oblig\u00e9 de passer par une 3<sup>e <\/sup>ann\u00e9e dans le 1<sup>er<\/sup> degr\u00e9 avant de poursuivre sa scolarit\u00e9.<\/li>\n<li>Cette derni\u00e8re ann\u00e9e dans le degr\u00e9 a comme objectif de remettre les \u00e9l\u00e8ves \u00e0 un niveau leur permettant d\u2019acc\u00e9der \u00e0 une 1<sup>re<\/sup> ann\u00e9e du 2<sup>e<\/sup> degr\u00e9 de l\u2019enseignement g\u00e9n\u00e9ral de transition, technique ou professionnel de qualification avec un maximum de chances de r\u00e9ussite.<\/li>\n<\/ul>\n<h2>&nbsp;<\/h2>\n<h2>Grille Horaire<\/h2>\n<table  class=\" table table-hover\" style=\"width: 531px;\">\n<tbody>\n<tr>\n<td style=\"width: 517px;\" colspan=\"3\">\n<p style=\"text-align: center;\"><strong>2<sup>e<\/sup> S<\/strong><\/p>\n<\/td>\n<\/tr>\n<tr>\n<td style=\"width: 153px;\">Formation commune<\/td>\n<td style=\"width: 278px;\">\u00b7&nbsp;&nbsp;&nbsp;&nbsp;&nbsp; Religion<\/p>\n<p>\u00b7&nbsp;&nbsp;&nbsp;&nbsp;&nbsp; \u00c9ducation physique<\/p>\n<p>\u00b7&nbsp;&nbsp;&nbsp;&nbsp;&nbsp; Fran\u00e7ais<\/p>\n<p>\u00b7&nbsp;&nbsp;&nbsp;&nbsp;&nbsp; Math\u00e9matiques<\/p>\n<p>\u00b7&nbsp;&nbsp;&nbsp;&nbsp;&nbsp; N\u00e9erlandais<\/p>\n<p>\u00b7&nbsp;&nbsp;&nbsp;&nbsp;&nbsp; \u00c9tude du milieu<\/p>\n<p>\u00b7&nbsp;&nbsp;&nbsp;&nbsp;&nbsp; Sciences<\/p>\n<p>\u00b7&nbsp;&nbsp;&nbsp;&nbsp;&nbsp; Expression musicale<\/td>\n<td style=\"width: 86px; text-align: center;\">2h<\/p>\n<p>3h<\/p>\n<p>5h<\/p>\n<p>5h<\/p>\n<p>4h<\/p>\n<p>4h<\/p>\n<p>4h<\/p>\n<p>1h<\/td>\n<\/tr>\n<tr>\n<td style=\"width: 153px;\">Activit\u00e9s de soutien<\/td>\n<td style=\"width: 278px;\">\u00b7&nbsp;&nbsp;&nbsp;&nbsp;&nbsp; Activit\u00e9s sp\u00e9cifiques de soutien<\/p>\n<p>\u00b7&nbsp;&nbsp;&nbsp;&nbsp;&nbsp; M\u00e9thodologie de travail<\/td>\n<td style=\"width: 86px; text-align: center;\">2h<\/p>\n<p>1h<\/td>\n<\/tr>\n<tr>\n<td style=\"width: 517px;\" colspan=\"3\">\n<p style=\"text-align: center;\">31h<\/p>\n<\/td>\n<\/tr>\n<\/tbody>\n<\/table>\n","protected":false},"excerpt":{"rendered":"<p>LA 2e S OU 2e SUPPL\u00c9MENTAIRE Axes de formation \u00c0 la fin de la 2e C, le conseil de classe d\u00e9termine si un \u00e9l\u00e8ve est jug\u00e9 apte \u00e0 poursuivre dans la premi\u00e8re ann\u00e9e du deuxi\u00e8me degr\u00e9 g\u00e9n\u00e9ral de transition ou technique de qualification. L\u2019\u00e9l\u00e8ve qui n\u2019a pas atteint les socles de comp\u00e9tences se verra oblig\u00e9 [&hellip;]<\/p>\n","protected":false},"author":1,"featured_media":0,"parent":0,"menu_order":0,"comment_status":"closed","ping_status":"closed","template":"page-fullwidth.php","meta":{"ngg_post_thumbnail":0},"_links":{"self":[{"href":"http:\/\/www.collegelafraternite.com\/sainte-ursule\/wp-json\/wp\/v2\/pages\/102"}],"collection":[{"href":"http:\/\/www.collegelafraternite.com\/sainte-ursule\/wp-json\/wp\/v2\/pages"}],"about":[{"href":"http:\/\/www.collegelafraternite.com\/sainte-ursule\/wp-json\/wp\/v2\/types\/page"}],"author":[{"embeddable":true,"href":"http:\/\/www.collegelafraternite.com\/sainte-ursule\/wp-json\/wp\/v2\/users\/1"}],"replies":[{"embeddable":true,"href":"http:\/\/www.collegelafraternite.com\/sainte-ursule\/wp-json\/wp\/v2\/comments?post=102"}],"version-history":[{"count":1,"href":"http:\/\/www.collegelafraternite.com\/sainte-ursule\/wp-json\/wp\/v2\/pages\/102\/revisions"}],"predecessor-version":[{"id":907,"href":"http:\/\/www.collegelafraternite.com\/sainte-ursule\/wp-json\/wp\/v2\/pages\/102\/revisions\/907"}],"wp:attachment":[{"href":"http:\/\/www.collegelafraternite.com\/sainte-ursule\/wp-json\/wp\/v2\/media?parent=102"}],"curies":[{"name":"wp","href":"https:\/\/api.w.org\/{rel}","templated":true}]}}